{"id":37,"date":"2022-07-03T04:15:46","date_gmt":"2022-07-03T02:15:46","guid":{"rendered":"https:\/\/thebibleverses.org\/fr\/?page_id=37"},"modified":"2022-10-11T23:29:45","modified_gmt":"2022-10-11T21:29:45","slug":"joie","status":"publish","type":"page","link":"https:\/\/thebibleverses.org\/fr\/joie\/","title":{"rendered":"30 Versets Bibliques sur la Joie et le Bonheur"},"content":{"rendered":"<div class=\"wp-block-image\">\n<figure class=\"aligncenter size-large\"><img decoding=\"async\" width=\"1024\" height=\"631\" data-src=\"https:\/\/thebibleverses.org\/fr\/wp-content\/uploads\/2022\/07\/Versets-Bibliques-sur-la-Joie-1024x631.webp\" alt=\"Versets Bibliques sur la Joie\" class=\"wp-image-38 lazyload\" data-srcset=\"https:\/\/thebibleverses.org\/fr\/wp-content\/uploads\/2022\/07\/Versets-Bibliques-sur-la-Joie-1024x631.webp 1024w, https:\/\/thebibleverses.org\/fr\/wp-content\/uploads\/2022\/07\/Versets-Bibliques-sur-la-Joie-300x185.webp 300w, https:\/\/thebibleverses.org\/fr\/wp-content\/uploads\/2022\/07\/Versets-Bibliques-sur-la-Joie-768x474.webp 768w, https:\/\/thebibleverses.org\/fr\/wp-content\/uploads\/2022\/07\/Versets-Bibliques-sur-la-Joie-320x197.webp 320w, https:\/\/thebibleverses.org\/fr\/wp-content\/uploads\/2022\/07\/Versets-Bibliques-sur-la-Joie-450x278.webp 450w, https:\/\/thebibleverses.org\/fr\/wp-content\/uploads\/2022\/07\/Versets-Bibliques-sur-la-Joie-720x444.webp 720w, https:\/\/thebibleverses.org\/fr\/wp-content\/uploads\/2022\/07\/Versets-Bibliques-sur-la-Joie.webp 1200w\" data-sizes=\"(max-width: 1024px) 100vw, 1024px\" src=\"data:image\/svg+xml;base64,PHN2ZyB3aWR0aD0iMSIgaGVpZ2h0PSIxIiB4bWxucz0iaHR0cDovL3d3dy53My5vcmcvMjAwMC9zdmciPjwvc3ZnPg==\" style=\"--smush-placeholder-width: 1024px; --smush-placeholder-aspect-ratio: 1024\/631;\" \/><figcaption>Versets Bibliques sur la Joie et le Bonheur &#8211; La Bible du Semeur (BDS).<\/figcaption><\/figure><\/div>\n\n\n<h2 class=\"wp-block-heading\">Psaumes 4:8<\/h2>\n\n\n\n<p>Tu mets dans mon c\u0153ur de la joie, |plus qu\u2019ils n\u2019en ont quand leurs moissons abondent, |quand leur vin nouveau coule.<\/p>\n\n\n\n<h2 class=\"wp-block-heading\">Psaumes 5:12<\/h2>\n\n\n\n<p>Mais que tous ceux |qui trouvent un refuge en toi |soient \u00e0 jamais dans l\u2019all\u00e9gresse et poussent de grands cris de joie, |car ils sont sous ta protection\u202f; et que tous ceux qui t\u2019aiment se r\u00e9jouissent gr\u00e2ce \u00e0 toi.<\/p>\n\n\n\n<h2 class=\"wp-block-heading\">Psaumes 9:3<\/h2>\n\n\n\n<p>Par toi, j\u2019exulte d\u2019all\u00e9gresse, je te c\u00e9l\u00e8bre par des chants, |\u00f4 Dieu tr\u00e8s-haut.<\/p>\n\n\n\n<h2 class=\"wp-block-heading\">Psaumes 13:5<\/h2>\n\n\n\n<p>Pour moi, j\u2019ai confiance |en ta bont\u00e9. La joie remplit mon c\u0153ur |\u00e0 cause de ton grand salut. Je veux chanter en ton honneur, |\u00f4 Eternel, tu m\u2019as combl\u00e9 de tes bienfaits.<\/p>\n\n\n\n<h2 class=\"wp-block-heading\">Psaumes 16:11<\/h2>\n\n\n\n<p>Tu me feras conna\u00eetre |le chemin de la vie\u202f: pl\u00e9nitude de joie |en ta pr\u00e9sence, d\u00e9lices \u00e9ternelles |aupr\u00e8s de toi.<\/p>\n\n\n\n<h2 class=\"wp-block-heading\">Psaumes 14:7<\/h2>\n\n\n\n<p>Ah, que vienne du mont de Sion |le salut pour Isra\u00ebl\u202f! Quand l\u2019Eternel changera |le sort de son peuple, Jacob criera d\u2019all\u00e9gresse, |Isra\u00ebl, de joie.<\/p>\n\n\n\n<h2 class=\"wp-block-heading\">Psaumes 30:12<\/h2>\n\n\n\n<p>Tu as transform\u00e9 mes pleurs |en une danse de joie, et tu m\u2019as \u00f4t\u00e9 |mes habits de deuil |pour me rev\u00eatir |d\u2019un habit de f\u00eate,<\/p>\n\n\n\n<h2 class=\"wp-block-heading\">Psaumes 94:19<\/h2>\n\n\n\n<p>Lorsque des pens\u00e9es en foule |s\u2019agitaient en moi, tes consolations |m\u2019ont rendu la joie.<\/p>\n\n\n\n<h2 class=\"wp-block-heading\">Psaumes 119:111<\/h2>\n\n\n\n<p>Tes d\u00e9crets restent pour toujours |mon bien pr\u00e9cieux\u202f: et ils font la joie de mon c\u0153ur.<\/p>\n\n\n\n<h2 class=\"wp-block-heading\">Proverbes 12:25<\/h2>\n\n\n\n<p>Le souci au fond du c\u0153ur d\u00e9prime un homme, mais une parole d\u2019encouragement lui rend la joie.<\/p>\n\n\n\n<h2 class=\"wp-block-heading\">Proverbes 15:13<\/h2>\n\n\n\n<p>Un c\u0153ur joyeux rend le visage aimable, mais quand le c\u0153ur est triste, l\u2019esprit est abattu.<\/p>\n\n\n\n<h2 class=\"wp-block-heading\">Proverbes 15:15<\/h2>\n\n\n\n<p>Pour l\u2019afflig\u00e9, tous les jours sont mauvais, mais celui qui a le contentement dans son c\u0153ur est toujours en f\u00eate.<\/p>\n\n\n\n<h2 class=\"wp-block-heading\">Proverbes 17:22<\/h2>\n\n\n\n<p>Un c\u0153ur joyeux est un excellent rem\u00e8de, mais l\u2019esprit d\u00e9prim\u00e9 mine la sant\u00e9.<\/p>\n\n\n\n<h2 class=\"wp-block-heading\">\u00c9sa\u00efe 61:10<\/h2>\n\n\n\n<p>Je serai plein de joie, |l\u2019Eternel en sera la source. J\u2019exulterai |\u00e0 cause de mon Dieu, parce qu\u2019il m\u2019aura rev\u00eatu |des habits du salut et qu\u2019il m\u2019aura envelopp\u00e9 |du manteau de justice, tout comme le mari\u00e9 |se pare d\u2019un turban |tout comme un pr\u00eatre, et comme la mari\u00e9e |s\u2019orne de ses bijoux.<\/p>\n\n\n\n<h2 class=\"wp-block-heading\">J\u00e9r\u00e9mie 15:16<\/h2>\n\n\n\n<p>D\u00e8s que j\u2019ai trouv\u00e9 tes paroles, je les ai d\u00e9vor\u00e9es. Elles ont fait ma joie et mon bonheur, car je porte ton nom, \u00f4 Eternel, |Dieu des arm\u00e9es c\u00e9lestes\u202f!<\/p>\n\n\n\n<h2 class=\"wp-block-heading\">Habacuc 3:17-18<\/h2>\n\n\n\n<p>Car le figuier |ne bourgeonnera plus, et il n\u2019y aura plus |de raisins dans les vignes, le fruit de l\u2019olivier |trompera les espoirs, les champs ne produiront |plus de pain \u00e0 manger. Les moutons et les ch\u00e8vres |dispara\u00eetront de leurs enclos, et les bovins de leurs \u00e9tables. Mais moi, c\u2019est \u00e0 cause de l\u2019Eternel |que je veux me r\u00e9jouir, j\u2019exulterai de joie |\u00e0 cause du Dieu qui me sauve.<\/p>\n\n\n\n<h2 class=\"wp-block-heading\">Sophonie 3:14-15<\/h2>\n\n\n\n<p>Pousse des cris de joie, |\u00f4 communaut\u00e9 de Sion\u202f! Lance un cri de triomphe, |\u00f4 Isra\u00ebl\u202f! R\u00e9jouis-toi, |exulte de tout c\u0153ur, \u00f4 communaut\u00e9 de J\u00e9rusalem\u202f! L\u2019Eternel a lev\u00e9 |le verdict de condamnation |prononc\u00e9 contre vous, et il a refoul\u00e9 |vos ennemis. Le roi d\u2019Isra\u00ebl, l\u2019Eternel, |est au milieu de vous. Vous ne craindrez plus de malheur.<\/p>\n\n\n\n<h2 class=\"wp-block-heading\">Luc 10:20<\/h2>\n\n\n\n<p>Toutefois, ce qui doit vous r\u00e9jouir, ce n\u2019est pas de voir que les esprits mauvais vous sont soumis, mais de savoir que vos noms sont inscrits dans le ciel.<\/p>\n\n\n\n<h2 class=\"wp-block-heading\">Luc 15:10<\/h2>\n\n\n\n<p>De m\u00eame, je vous le d\u00e9clare, il y a de la joie parmi les anges de Dieu pour un seul p\u00e9cheur qui change.<\/p>\n\n\n\n<h2 class=\"wp-block-heading\">Jean 16:24<\/h2>\n\n\n\n<p>Jusqu\u2019\u00e0 pr\u00e9sent vous n\u2019avez rien demand\u00e9 en mon nom. Demandez, et vous recevrez, pour que votre joie soit compl\u00e8te.<\/p>\n\n\n\n<h2 class=\"wp-block-heading\">Actes 2:46<\/h2>\n\n\n\n<p>Tous les jours, d\u2019un commun accord, ils se retrouvaient dans la cour du Temple\u202f; ils rompaient le pain dans les maisons, et prenaient leurs repas dans la joie, avec simplicit\u00e9 de c\u0153ur.<\/p>\n\n\n\n<h2 class=\"wp-block-heading\">Romains 5:3-4<\/h2>\n\n\n\n<p>Mieux encore\u202f! Nous tirons fiert\u00e9 m\u00eame de nos d\u00e9tresses, car nous savons que la d\u00e9tresse produit la pers\u00e9v\u00e9rance, la pers\u00e9v\u00e9rance conduit \u00e0 une fid\u00e9lit\u00e9 \u00e9prouv\u00e9e, et la fid\u00e9lit\u00e9 \u00e9prouv\u00e9e nourrit l\u2019esp\u00e9rance.<\/p>\n\n\n\n<h2 class=\"wp-block-heading\">Romains 12:15<\/h2>\n\n\n\n<p>Partagez la joie de ceux qui sont dans la joie, les larmes de ceux qui pleurent.<\/p>\n\n\n\n<h2 class=\"wp-block-heading\">2 Corinthiens 9:7<\/h2>\n\n\n\n<p>Que chacun donne ce qu\u2019il aura d\u00e9cid\u00e9 en son c\u0153ur, sans regret ni contrainte, car Dieu aime celui qui donne avec joie.<\/p>\n\n\n\n<h2 class=\"wp-block-heading\">Galates 5:22-23<\/h2>\n\n\n\n<p>Mais le fruit de l\u2019Esprit c\u2019est l\u2019amour, la joie, la paix, la patience, l\u2019amabilit\u00e9, la bont\u00e9, la fid\u00e9lit\u00e9, la douceur, la ma\u00eetrise de soi. La Loi ne condamne certes pas de telles choses.<\/p>\n\n\n\n<h2 class=\"wp-block-heading\">Philippiens 4:4<\/h2>\n\n\n\n<p>R\u00e9jouissez-vous en tout temps de tout ce que le Seigneur est pour vous. Oui, je le r\u00e9p\u00e8te, soyez dans la joie.<\/p>\n\n\n\n<h2 class=\"wp-block-heading\">1 Thessaloniciens 5:16-18<\/h2>\n\n\n\n<p>Soyez toujours dans la joie. Priez sans cesse. Remerciez Dieu en toute circonstance\u202f: telle est pour vous la volont\u00e9 que Dieu a exprim\u00e9e en J\u00e9sus-Christ.<\/p>\n\n\n\n<h2 class=\"wp-block-heading\">Jacques 5:13<\/h2>\n\n\n\n<p>L\u2019un de vous passe-t-il par la souffrance\u202f? Qu\u2019il prie. Un autre est-il dans la joie\u202f? Qu\u2019il chante des cantiques.<\/p>\n\n\n\n<h2 class=\"wp-block-heading\">1 Pierre 4:12-13<\/h2>\n\n\n\n<p>Mes chers amis, ne soyez pas surpris d\u2019avoir \u00e9t\u00e9 plong\u00e9s dans la fournaise de l\u2019\u00e9preuve, comme s\u2019il vous arrivait quelque chose d\u2019anormal. Au contraire, r\u00e9jouissez-vous, car vous participez aux souffrances de Christ, afin d\u2019\u00eatre remplis de joie quand il para\u00eetra dans toute sa gloire.<\/p>\n\n\n\n<h2 class=\"wp-block-heading\">3 Jean 4<\/h2>\n\n\n\n<p>Je n\u2019ai pas de plus grande joie que d\u2019apprendre que mes enfants vivent selon la v\u00e9rit\u00e9.<\/p>\n\n\n\n<h2 class=\"wp-block-heading\">Lire Aussi:<\/h2>\n\n\n\n<ul class=\"wp-block-list\"><li><a href=\"https:\/\/thebibleverses.org\/fr\/\">Versets Bibliques par Sujets<\/a><\/li><li><a href=\"https:\/\/thebibleverses.org\/fr\/amour\/\">Versets Bibliques sur l\u2019Amour<\/a><\/li><li><a href=\"https:\/\/thebibleverses.org\/fr\/force\/\">Versets Bibliques sur la Force<\/a><\/li><li><a href=\"https:\/\/thebibleverses.org\/fr\/foi\/\">Versets Bibliques sur la Foi<\/a><\/li><li><a href=\"https:\/\/thebibleverses.org\/fr\/jeunes\/\">Versets Bibliques pour les Jeunes<\/a><\/li><li><a href=\"https:\/\/thebibleverses.org\/fr\/amitie\/\">Versets Bibliques sur l\u2019Amiti\u00e9<\/a><\/li><li><a href=\"https:\/\/thebibleverses.org\/fr\/guerison\/\">Versets Bibliques sur la Gu\u00e9rison<\/a><\/li><\/ul>\n","protected":false},"excerpt":{"rendered":"<p>Psaumes 4:8 Tu mets dans mon c\u0153ur de la joie, |plus qu\u2019ils n\u2019en ont quand leurs moissons abondent, |quand leur vin nouveau coule. Psaumes 5:12 Mais que tous ceux |qui trouvent un refuge en toi |soient \u00e0 jamais dans l\u2019all\u00e9gresse et poussent de grands cris de joie, |car ils sont sous ta protection\u202f; et que [&hellip;]<\/p>\n","protected":false},"author":1,"featured_media":38,"parent":0,"menu_order":0,"comment_status":"open","ping_status":"closed","template":"","meta":{"footnotes":""},"class_list":["post-37","page","type-page","status-publish","has-post-thumbnail","hentry","entry","fw-tab-6 fw-tabr-4"],"_links":{"self":[{"href":"https:\/\/thebibleverses.org\/fr\/wp-json\/wp\/v2\/pages\/37","targetHints":{"allow":["GET"]}}],"collection":[{"href":"https:\/\/thebibleverses.org\/fr\/wp-json\/wp\/v2\/pages"}],"about":[{"href":"https:\/\/thebibleverses.org\/fr\/wp-json\/wp\/v2\/types\/page"}],"author":[{"embeddable":true,"href":"https:\/\/thebibleverses.org\/fr\/wp-json\/wp\/v2\/users\/1"}],"replies":[{"embeddable":true,"href":"https:\/\/thebibleverses.org\/fr\/wp-json\/wp\/v2\/comments?post=37"}],"version-history":[{"count":0,"href":"https:\/\/thebibleverses.org\/fr\/wp-json\/wp\/v2\/pages\/37\/revisions"}],"wp:featuredmedia":[{"embeddable":true,"href":"https:\/\/thebibleverses.org\/fr\/wp-json\/wp\/v2\/media\/38"}],"wp:attachment":[{"href":"https:\/\/thebibleverses.org\/fr\/wp-json\/wp\/v2\/media?parent=37"}],"curies":[{"name":"wp","href":"https:\/\/api.w.org\/{rel}","templated":true}]}}