{"id":34,"date":"2022-07-03T04:00:19","date_gmt":"2022-07-03T02:00:19","guid":{"rendered":"https:\/\/thebibleverses.org\/fr\/?page_id=34"},"modified":"2022-10-11T23:03:08","modified_gmt":"2022-10-11T21:03:08","slug":"louange","status":"publish","type":"page","link":"https:\/\/thebibleverses.org\/fr\/louange\/","title":{"rendered":"40 Versets Bibliques sur la Louange"},"content":{"rendered":"<div class=\"wp-block-image\">\n<figure class=\"aligncenter size-large\"><img decoding=\"async\" width=\"1024\" height=\"631\" data-src=\"https:\/\/thebibleverses.org\/fr\/wp-content\/uploads\/2022\/07\/Versets-Bibliques-sur-la-Louange-1024x631.webp\" alt=\"Versets Bibliques sur la Louange\" class=\"wp-image-35 lazyload\" data-srcset=\"https:\/\/thebibleverses.org\/fr\/wp-content\/uploads\/2022\/07\/Versets-Bibliques-sur-la-Louange-1024x631.webp 1024w, https:\/\/thebibleverses.org\/fr\/wp-content\/uploads\/2022\/07\/Versets-Bibliques-sur-la-Louange-300x185.webp 300w, https:\/\/thebibleverses.org\/fr\/wp-content\/uploads\/2022\/07\/Versets-Bibliques-sur-la-Louange-768x474.webp 768w, https:\/\/thebibleverses.org\/fr\/wp-content\/uploads\/2022\/07\/Versets-Bibliques-sur-la-Louange-320x197.webp 320w, https:\/\/thebibleverses.org\/fr\/wp-content\/uploads\/2022\/07\/Versets-Bibliques-sur-la-Louange-450x278.webp 450w, https:\/\/thebibleverses.org\/fr\/wp-content\/uploads\/2022\/07\/Versets-Bibliques-sur-la-Louange-720x444.webp 720w, https:\/\/thebibleverses.org\/fr\/wp-content\/uploads\/2022\/07\/Versets-Bibliques-sur-la-Louange.webp 1200w\" data-sizes=\"(max-width: 1024px) 100vw, 1024px\" src=\"data:image\/svg+xml;base64,PHN2ZyB3aWR0aD0iMSIgaGVpZ2h0PSIxIiB4bWxucz0iaHR0cDovL3d3dy53My5vcmcvMjAwMC9zdmciPjwvc3ZnPg==\" style=\"--smush-placeholder-width: 1024px; --smush-placeholder-aspect-ratio: 1024\/631;\" \/><figcaption>Versets Bibliques sur la Louange &#8211; La Bible du Semeur (BDS).<\/figcaption><\/figure><\/div>\n\n\n<h2 class=\"wp-block-heading\">Gen\u00e8se 29:35<\/h2>\n\n\n\n<p>De nouveau, elle devint enceinte et eut un fils. Elle s\u2019\u00e9cria\u202f: Cette fois, je louerai l\u2019Eternel. C\u2019est pourquoi elle le nomma Juda (Il loue). Puis elle cessa d\u2019avoir des enfants.<\/p>\n\n\n\n<h2 class=\"wp-block-heading\">Exode 15:2<\/h2>\n\n\n\n<p>L\u2019Eternel est ma force, |il est le sujet de mes chants, il m\u2019a sauv\u00e9, il est mon Dieu, je le louerai et je l\u2019exalterai, |lui, le Dieu de mon p\u00e8re.<\/p>\n\n\n\n<h2 class=\"wp-block-heading\">Exode 15:11<\/h2>\n\n\n\n<p>Qui, parmi tous les dieux, |\u00f4 Eternel, |qui est semblable \u00e0 toi\u202f? Et qui est, comme toi, |par\u00e9 de saintet\u00e9, et redoutable, |et digne de louanges, op\u00e9rant des prodiges\u202f?<\/p>\n\n\n\n<h2 class=\"wp-block-heading\">Deut\u00e9ronome 3:24<\/h2>\n\n\n\n<p>Seigneur Eternel, lui dis-je, tu as commenc\u00e9 \u00e0 montrer \u00e0 ton serviteur ta grandeur et ta puissance\u202f; et quel dieu, dans le ciel et sur la terre, pourrait accomplir de telles \u0153uvres, et avec autant de puissance\u202f?<\/p>\n\n\n\n<h2 class=\"wp-block-heading\">Deut\u00e9ronome 6:5<\/h2>\n\n\n\n<p>Tu aimeras l\u2019Eternel ton Dieu de tout ton c\u0153ur, de toute ton \u00e2me et de toute ta force.<\/p>\n\n\n\n<h2 class=\"wp-block-heading\">1 Samuel 2:2<\/h2>\n\n\n\n<p>Nul ne l\u2019\u00e9gale. |L\u2019Eternel seul est saint, et, \u00e0 part lui, |il n\u2019y a pas de Dieu, pas de rocher |semblable \u00e0 notre Dieu.<\/p>\n\n\n\n<h2 class=\"wp-block-heading\">2 Samuel 7:22<\/h2>\n\n\n\n<p>Que tu es grand, Eternel Dieu\u202f! Il n\u2019y a personne comme toi, il n\u2019existe pas d\u2019autre Dieu que toi, c\u2019est vraiment comme tout ce que nous avons entendu dire.<\/p>\n\n\n\n<h2 class=\"wp-block-heading\">1 Chroniques 16:34<\/h2>\n\n\n\n<p>C\u00e9l\u00e9brez l\u2019Eternel |car il est bon, car son amour |dure \u00e0 toujours.<\/p>\n\n\n\n<h2 class=\"wp-block-heading\">1 Chroniques 29:11<\/h2>\n\n\n\n<p>A toi, Eternel, appartiennent |la grandeur, la puissance |et la magnificence, et la gloire et la majest\u00e9. Car tout ce qui est dans le ciel |et sur la terre |est \u00e0 toi, Eternel. C\u2019est \u00e0 toi qu\u2019appartient le r\u00e8gne, tu es le souverain |au-dessus de tout \u00eatre.<\/p>\n\n\n\n<h2 class=\"wp-block-heading\">Psaumes 9:12<\/h2>\n\n\n\n<p>C\u00e9l\u00e9brez par des chants |l\u2019Eternel, qui si\u00e8ge en Sion, et proclamez |parmi les peuples ses hauts faits.<\/p>\n\n\n\n<h2 class=\"wp-block-heading\">Psaumes 33:2<\/h2>\n\n\n\n<p>C\u00e9l\u00e9brez l\u2019Eternel, |avec la lyre et louez-le |en jouant du luth \u00e0 dix cordes\u202f!<\/p>\n\n\n\n<h2 class=\"wp-block-heading\">Psaumes 35:28<\/h2>\n\n\n\n<p>Oui, je proclamerai que tu es juste, je dirai ta louange tout le jour.<\/p>\n\n\n\n<h2 class=\"wp-block-heading\">Psaumes 40:4<\/h2>\n\n\n\n<p>Il a mis dans ma bouche |un cantique nouveau, et la louange |pour notre Dieu. Quand ils verront ce qu\u2019il a fait, |ils seront nombreux \u00e0 le craindre et \u00e0 mettre leur confiance en l\u2019Eternel.<\/p>\n\n\n\n<h2 class=\"wp-block-heading\">Psaumes 47:7<\/h2>\n\n\n\n<p>Chantez \u00e0 Dieu\u202f! Chantez\u202f! Chantez pour notre roi\u202f! Oui, chantez-le\u202f!<\/p>\n\n\n\n<h2 class=\"wp-block-heading\">Psaumes 51:16<\/h2>\n\n\n\n<p>O Dieu, toi le Dieu qui me lib\u00e8res, |viens me d\u00e9livrer |du poids de mon crime, alors, par mes chants, |je proclamerai |ta justice.<\/p>\n\n\n\n<h2 class=\"wp-block-heading\">Psaumes 67:4<\/h2>\n\n\n\n<p>Que les peuples te louent, |\u00f4 Dieu, que tous les peuples |t\u2019adressent leurs louanges\u202f!<\/p>\n\n\n\n<h2 class=\"wp-block-heading\">Psaumes 69:35<\/h2>\n\n\n\n<p>Que le ciel et la terre |entonnent ses louanges et que les mers l\u2019acclament |avec tout \u00eatre qui s\u2019y meut\u202f!<\/p>\n\n\n\n<h2 class=\"wp-block-heading\">Psaumes 113:1<\/h2>\n\n\n\n<p>Louez l\u2019Eternel\u202f! Louez l\u2019Eternel |vous ses serviteurs\u202f! Louez-le, lui, l\u2019Eternel\u202f!<\/p>\n\n\n\n<h2 class=\"wp-block-heading\">Psaumes 117:1<\/h2>\n\n\n\n<p>Louez l\u2019Eternel, |vous, gens de toutes nations\u202f! Chantez ses louanges, |\u00f4 vous, tous les peuples\u202f!<\/p>\n\n\n\n<h2 class=\"wp-block-heading\">Psaumes 148:2<\/h2>\n\n\n\n<p>Louez-le, vous tous ses anges\u202f! Louez-le, vous toutes ses arm\u00e9es\u202f!<\/p>\n\n\n\n<h2 class=\"wp-block-heading\">Psaumes 150:6<\/h2>\n\n\n\n<p>Que tout ce qui vit |loue donc l\u2019Eternel\u202f! Louez l\u2019Eternel\u202f!<\/p>\n\n\n\n<h2 class=\"wp-block-heading\">\u00c9sa\u00efe 12:5<\/h2>\n\n\n\n<p>Chantez pour l\u2019Eternel, car il a accompli |des \u0153uvres magnifiques\u202f; que, dans le monde entier, |on les connaisse\u202f!<\/p>\n\n\n\n<h2 class=\"wp-block-heading\">\u00c9sa\u00efe 25:1<\/h2>\n\n\n\n<p>O Eternel, tu es mon Dieu, je te glorifierai |et je louerai ton nom car tu as accompli |des projets merveilleux, con\u00e7us de longue date, |s\u00fbrs et fiables.<\/p>\n\n\n\n<h2 class=\"wp-block-heading\">\u00c9sa\u00efe 42:8<\/h2>\n\n\n\n<p>Moi, je suis l\u2019Eternel, |tel est mon nom. Et je ne donnerai |ma gloire \u00e0 aucun autre. Je ne livrerai pas |mon honneur aux idoles.<\/p>\n\n\n\n<h2 class=\"wp-block-heading\">\u00c9sa\u00efe 42:12<\/h2>\n\n\n\n<p>Et rendez gloire \u00e0 l\u2019Eternel\u202f! Que jusque dans les \u00eeles |et les r\u00e9gions c\u00f4ti\u00e8res, |on publie sa louange\u202f!<\/p>\n\n\n\n<h2 class=\"wp-block-heading\">\u00c9sa\u00efe 43:21<\/h2>\n\n\n\n<p>Je l\u2019ai form\u00e9 pour moi\u202f: il proclamera ma louange.<\/p>\n\n\n\n<h2 class=\"wp-block-heading\">J\u00e9r\u00e9mie 20:13<\/h2>\n\n\n\n<p>Chantez \u00e0 l\u2019Eternel\u202f! |Oui, louez l\u2019Eternel car il sauve le pauvre de la main des m\u00e9chants.<\/p>\n\n\n\n<h2 class=\"wp-block-heading\">Daniel 2:23<\/h2>\n\n\n\n<p>C\u2019est toi, Dieu de mes p\u00e8res, que je c\u00e9l\u00e8bre et que je loue, tu m\u2019as rempli |de sagesse et de force et tu m\u2019as fait conna\u00eetre |ce que nous t\u2019avons demand\u00e9, tu nous as r\u00e9v\u00e9l\u00e9 |ce que le roi demande.<\/p>\n\n\n\n<h2 class=\"wp-block-heading\">Daniel 4:34<\/h2>\n\n\n\n<p>Maintenant, moi, Nabuchodonosor, je loue, j\u2019exalte et je glorifie le Roi des cieux, car il agit en accord avec ses paroles et tout ce qu\u2019il fait est juste, il a le pouvoir d\u2019abaisser ceux qui vivent dans l\u2019orgueil.<\/p>\n\n\n\n<h2 class=\"wp-block-heading\">Habacuc 3:17-18<\/h2>\n\n\n\n<p>Car le figuier |ne bourgeonnera plus, et il n\u2019y aura plus |de raisins dans les vignes, le fruit de l\u2019olivier |trompera les espoirs, les champs ne produiront |plus de pain \u00e0 manger. Les moutons et les ch\u00e8vres |dispara\u00eetront de leurs enclos, et les bovins de leurs \u00e9tables. Mais moi, c\u2019est \u00e0 cause de l\u2019Eternel |que je veux me r\u00e9jouir, j\u2019exulterai de joie |\u00e0 cause du Dieu qui me sauve.<\/p>\n\n\n\n<h2 class=\"wp-block-heading\">Matthieu 21:9<\/h2>\n\n\n\n<p>Et toute la foule, de la t\u00eate \u00e0 la fin du cort\u00e8ge, criait\u202f: Hosanna au Fils de David\u202f! B\u00e9ni soit celui qui vient |au nom du Seigneur\u202f! Hosanna \u00e0 Dieu au plus haut des cieux\u202f!<\/p>\n\n\n\n<h2 class=\"wp-block-heading\">Luc 2:13-14<\/h2>\n\n\n\n<p>Et tout \u00e0 coup apparut, aux c\u00f4t\u00e9s de l\u2019ange, une multitude d\u2019anges de l\u2019arm\u00e9e c\u00e9leste qui chantaient les louanges de Dieu\u202f: Gloire \u00e0 Dieu au plus haut des cieux\u202f! Et paix sur la terre aux hommes qu\u2019il aime.<\/p>\n\n\n\n<h2 class=\"wp-block-heading\">Luc 2:20<\/h2>\n\n\n\n<p>Les bergers s\u2019en retourn\u00e8rent, glorifiant et louant Dieu au sujet de tout ce qu\u2019ils avaient vu et entendu\u202f: c\u2019\u00e9tait bien ce que l\u2019ange leur avait annonc\u00e9.<\/p>\n\n\n\n<h2 class=\"wp-block-heading\">Luc 19:37<\/h2>\n\n\n\n<p>Comme ils approchaient de J\u00e9rusalem, en descendant du mont des Oliviers, toute la multitude des disciples, dans un \u00e9lan de joie, se mit \u00e0 louer Dieu d\u2019une voix forte pour tous les miracles qu\u2019ils avaient vus.<\/p>\n\n\n\n<h2 class=\"wp-block-heading\">Actes 16:25-26<\/h2>\n\n\n\n<p>Vers le milieu de la nuit, Paul et Silas priaient et chantaient les louanges de Dieu. Les autres prisonniers les \u00e9coutaient. Tout \u00e0 coup, un violent tremblement de terre secoua la prison jusque dans ses fondations. Toutes les portes s\u2019ouvrirent \u00e0 l\u2019instant m\u00eame et les cha\u00eenes de tous les prisonniers se d\u00e9tach\u00e8rent.<\/p>\n\n\n\n<h2 class=\"wp-block-heading\">Colossiens 3:16<\/h2>\n\n\n\n<p>Que la Parole de Christ r\u00e9side au milieu de vous dans toute sa richesse\u202f: qu\u2019elle vous inspire une pleine sagesse, pour vous instruire et vous avertir les uns les autres ou pour chanter \u00e0 Dieu de tout votre c\u0153ur des psaumes, des hymnes et des cantiques inspir\u00e9s par l\u2019Esprit afin d\u2019exprimer votre reconnaissance \u00e0 Dieu.<\/p>\n\n\n\n<h2 class=\"wp-block-heading\">H\u00e9breux 13:15<\/h2>\n\n\n\n<p>Par J\u00e9sus, offrons donc en tout temps \u00e0 Dieu un sacrifice de louange qui consiste \u00e0 c\u00e9l\u00e9brer son nom.<\/p>\n\n\n\n<h2 class=\"wp-block-heading\">1 Pierre 2:9<\/h2>\n\n\n\n<p>Mais vous, vous \u00eates un peuple \u00e9lu, une communaut\u00e9 de rois-pr\u00eatres, une nation sainte, un peuple que Dieu a pris pour sien, pour que vous c\u00e9l\u00e9briez bien haut les \u0153uvres merveilleuses de celui qui vous a appel\u00e9s \u00e0 passer des t\u00e9n\u00e8bres \u00e0 son admirable lumi\u00e8re.<\/p>\n\n\n\n<h2 class=\"wp-block-heading\">Apocalypse 5:11-12<\/h2>\n\n\n\n<p>Puis je vis, et j\u2019entendis la voix d\u2019anges rassembl\u00e9s en grand nombre autour du tr\u00f4ne, des \u00eatres vivants et des repr\u00e9sentants du peuple de Dieu. Ils \u00e9taient des milliers de milliers et des millions de millions. Ils disaient d\u2019une voix forte\u202f: Il est digne, l\u2019Agneau qui fut \u00e9gorg\u00e9, de recevoir la puissance, la richesse, |la sagesse |et la force, l\u2019honneur et la gloire et la louange.<\/p>\n\n\n\n<h2 class=\"wp-block-heading\">Apocalypse 19:5<\/h2>\n\n\n\n<p>Et du tr\u00f4ne partit une voix. Louez notre Dieu, disait-elle, vous tous ses serviteurs et vous qui le craignez, petits et grands.<\/p>\n\n\n\n<h2 class=\"wp-block-heading\">Lire Aussi:<\/h2>\n\n\n\n<ul class=\"wp-block-list\"><li><a href=\"https:\/\/thebibleverses.org\/fr\/\">Versets Bibliques par Sujets<\/a><\/li><li><a href=\"https:\/\/thebibleverses.org\/fr\/amour\/\">Versets Bibliques sur l\u2019Amour<\/a><\/li><li><a href=\"https:\/\/thebibleverses.org\/fr\/force\/\">Versets Bibliques sur la Force<\/a><\/li><li><a href=\"https:\/\/thebibleverses.org\/fr\/foi\/\">Versets Bibliques sur la Foi<\/a><\/li><li><a href=\"https:\/\/thebibleverses.org\/fr\/jeunes\/\">Versets Bibliques pour les Jeunes<\/a><\/li><li><a href=\"https:\/\/thebibleverses.org\/fr\/amitie\/\">Versets Bibliques sur l\u2019Amiti\u00e9<\/a><\/li><li><a href=\"https:\/\/thebibleverses.org\/fr\/guerison\/\">Versets Bibliques sur la Gu\u00e9rison<\/a><\/li><\/ul>\n","protected":false},"excerpt":{"rendered":"<p>Gen\u00e8se 29:35 De nouveau, elle devint enceinte et eut un fils. Elle s\u2019\u00e9cria\u202f: Cette fois, je louerai l\u2019Eternel. C\u2019est pourquoi elle le nomma Juda (Il loue). Puis elle cessa d\u2019avoir des enfants. Exode 15:2 L\u2019Eternel est ma force, |il est le sujet de mes chants, il m\u2019a sauv\u00e9, il est mon Dieu, je le louerai [&hellip;]<\/p>\n","protected":false},"author":1,"featured_media":35,"parent":0,"menu_order":0,"comment_status":"open","ping_status":"closed","template":"","meta":{"footnotes":""},"class_list":["post-34","page","type-page","status-publish","has-post-thumbnail","hentry","entry","fw-tab-6 fw-tabr-4"],"_links":{"self":[{"href":"https:\/\/thebibleverses.org\/fr\/wp-json\/wp\/v2\/pages\/34","targetHints":{"allow":["GET"]}}],"collection":[{"href":"https:\/\/thebibleverses.org\/fr\/wp-json\/wp\/v2\/pages"}],"about":[{"href":"https:\/\/thebibleverses.org\/fr\/wp-json\/wp\/v2\/types\/page"}],"author":[{"embeddable":true,"href":"https:\/\/thebibleverses.org\/fr\/wp-json\/wp\/v2\/users\/1"}],"replies":[{"embeddable":true,"href":"https:\/\/thebibleverses.org\/fr\/wp-json\/wp\/v2\/comments?post=34"}],"version-history":[{"count":0,"href":"https:\/\/thebibleverses.org\/fr\/wp-json\/wp\/v2\/pages\/34\/revisions"}],"wp:featuredmedia":[{"embeddable":true,"href":"https:\/\/thebibleverses.org\/fr\/wp-json\/wp\/v2\/media\/35"}],"wp:attachment":[{"href":"https:\/\/thebibleverses.org\/fr\/wp-json\/wp\/v2\/media?parent=34"}],"curies":[{"name":"wp","href":"https:\/\/api.w.org\/{rel}","templated":true}]}}