{"id":31,"date":"2022-07-03T03:44:57","date_gmt":"2022-07-03T01:44:57","guid":{"rendered":"https:\/\/thebibleverses.org\/fr\/?page_id=31"},"modified":"2022-10-11T22:53:31","modified_gmt":"2022-10-11T20:53:31","slug":"gratitude","status":"publish","type":"page","link":"https:\/\/thebibleverses.org\/fr\/gratitude\/","title":{"rendered":"21 Versets Bibliques sur la Gratitude"},"content":{"rendered":"<div class=\"wp-block-image\">\n<figure class=\"aligncenter size-large\"><img decoding=\"async\" width=\"1024\" height=\"631\" data-src=\"https:\/\/thebibleverses.org\/fr\/wp-content\/uploads\/2022\/07\/Versets-Bibliques-sur-la-Gratitude-1024x631.webp\" alt=\"Versets Bibliques sur la Gratitude\" class=\"wp-image-32 lazyload\" data-srcset=\"https:\/\/thebibleverses.org\/fr\/wp-content\/uploads\/2022\/07\/Versets-Bibliques-sur-la-Gratitude-1024x631.webp 1024w, https:\/\/thebibleverses.org\/fr\/wp-content\/uploads\/2022\/07\/Versets-Bibliques-sur-la-Gratitude-300x185.webp 300w, https:\/\/thebibleverses.org\/fr\/wp-content\/uploads\/2022\/07\/Versets-Bibliques-sur-la-Gratitude-768x474.webp 768w, https:\/\/thebibleverses.org\/fr\/wp-content\/uploads\/2022\/07\/Versets-Bibliques-sur-la-Gratitude-320x197.webp 320w, https:\/\/thebibleverses.org\/fr\/wp-content\/uploads\/2022\/07\/Versets-Bibliques-sur-la-Gratitude-450x278.webp 450w, https:\/\/thebibleverses.org\/fr\/wp-content\/uploads\/2022\/07\/Versets-Bibliques-sur-la-Gratitude-720x444.webp 720w, https:\/\/thebibleverses.org\/fr\/wp-content\/uploads\/2022\/07\/Versets-Bibliques-sur-la-Gratitude.webp 1200w\" data-sizes=\"(max-width: 1024px) 100vw, 1024px\" src=\"data:image\/svg+xml;base64,PHN2ZyB3aWR0aD0iMSIgaGVpZ2h0PSIxIiB4bWxucz0iaHR0cDovL3d3dy53My5vcmcvMjAwMC9zdmciPjwvc3ZnPg==\" style=\"--smush-placeholder-width: 1024px; --smush-placeholder-aspect-ratio: 1024\/631;\" \/><figcaption>Versets Bibliques sur la Gratitude a Dieu &#8211; La Bible du Semeur (BDS).<\/figcaption><\/figure><\/div>\n\n\n<h2 class=\"wp-block-heading\">L\u00e9vitique 22:29<\/h2>\n\n\n\n<p>Quand vous offrirez un sacrifice de reconnaissance \u00e0 l\u2019Eternel, faites-le de mani\u00e8re \u00e0 \u00eatre agr\u00e9\u00e9s.<\/p>\n\n\n\n<h2 class=\"wp-block-heading\">1 Chroniques 16:34<\/h2>\n\n\n\n<p>C\u00e9l\u00e9brez l\u2019Eternel |car il est bon, car son amour |dure \u00e0 toujours.<\/p>\n\n\n\n<h2 class=\"wp-block-heading\">Esdras 3:11<\/h2>\n\n\n\n<p>Ils entonn\u00e8rent des hymnes de louange et des cantiques de remerciement pour c\u00e9l\u00e9brer l\u2019Eternel en chantant \u00e0 tour de r\u00f4le: Oui, il est bon, et son amour pour Isra\u00ebl dure \u00e0 toujours. Tout le peuple fit aussi retentir de grandes acclamations pour louer l\u2019Eternel, parce qu\u2019on posait les fondations de son temple.<\/p>\n\n\n\n<h2 class=\"wp-block-heading\">Psaumes 75:2<\/h2>\n\n\n\n<p>Nous te c\u00e9l\u00e9brons, \u00f4 Dieu, |nous te c\u00e9l\u00e9brons, et nous proclamons ce que tu es. Qu\u2019on raconte tes merveilles\u202f!<\/p>\n\n\n\n<h2 class=\"wp-block-heading\">Psaumes 100:4<\/h2>\n\n\n\n<p>Avancez par ses portes |avec reconnaissance\u202f! Entrez dans ses parvis |en chantant ses louanges\u202f! Rendez-lui votre hommage |b\u00e9nissez-le.<\/p>\n\n\n\n<h2 class=\"wp-block-heading\">Daniel 2:23<\/h2>\n\n\n\n<p>C\u2019est toi, Dieu de mes p\u00e8res, que je c\u00e9l\u00e8bre et que je loue, tu m\u2019as rempli |de sagesse et de force et tu m\u2019as fait conna\u00eetre |ce que nous t\u2019avons demand\u00e9, tu nous as r\u00e9v\u00e9l\u00e9 |ce que le roi demande.<\/p>\n\n\n\n<h2 class=\"wp-block-heading\">Daniel 6:11<\/h2>\n\n\n\n<p>Quand Daniel apprit que ce d\u00e9cret avait \u00e9t\u00e9 sign\u00e9, il entra dans sa maison\u202f; les fen\u00eatres de sa chambre haute \u00e9tant ouvertes en direction de J\u00e9rusalem, trois fois par jour, il se mettait \u00e0 genoux pour prier et louer son Dieu. Il continua \u00e0 le faire comme auparavant.<\/p>\n\n\n\n<h2 class=\"wp-block-heading\">Matthieu 15:36<\/h2>\n\n\n\n<p>Il prit ensuite les sept pains et les poissons et, apr\u00e8s avoir remerci\u00e9 Dieu, il les partagea et les donna aux disciples, qui les distribu\u00e8rent \u00e0 la foule.<\/p>\n\n\n\n<h2 class=\"wp-block-heading\">Matthieu 26:27<\/h2>\n\n\n\n<p>Ensuite il prit une coupe et, apr\u00e8s avoir remerci\u00e9 Dieu, il la leur donna en disant\u202f: Buvez-en tous.<\/p>\n\n\n\n<h2 class=\"wp-block-heading\">Luc 17:15-16<\/h2>\n\n\n\n<p>L\u2019un d\u2019eux, quand il se rendit compte qu\u2019il \u00e9tait gu\u00e9ri, revint sur ses pas en louant Dieu \u00e0 pleine voix. Il se prosterna aux pieds de J\u00e9sus, face contre terre, et le remercia. Or, c\u2019\u00e9tait un Samaritain.<\/p>\n\n\n\n<h2 class=\"wp-block-heading\">Jean 11:41<\/h2>\n\n\n\n<p>On \u00f4ta donc la pierre. Alors J\u00e9sus, tournant son regard vers le ciel, dit\u202f: P\u00e8re, tu as exauc\u00e9 ma pri\u00e8re et je t\u2019en remercie.<\/p>\n\n\n\n<h2 class=\"wp-block-heading\">Romains 1:8<\/h2>\n\n\n\n<p>Tout d\u2019abord, je remercie mon Dieu par J\u00e9sus-Christ au sujet de vous tous parce qu\u2019on parle de votre foi dans le monde entier.<\/p>\n\n\n\n<h2 class=\"wp-block-heading\">1 Corinthiens 15:57<\/h2>\n\n\n\n<p>Mais lou\u00e9 soit Dieu qui nous donne la victoire par notre Seigneur J\u00e9sus-Christ.<\/p>\n\n\n\n<h2 class=\"wp-block-heading\">Philippiens 4:6<\/h2>\n\n\n\n<p>Ne vous mettez en souci pour rien, mais, en toute chose, exposez vos demandes \u00e0 Dieu en lui adressant vos pri\u00e8res et vos supplications, tout en lui exprimant votre reconnaissance.<\/p>\n\n\n\n<h2 class=\"wp-block-heading\">Colossiens 2:7<\/h2>\n\n\n\n<p>Enracinez-vous en lui, construisez toute votre vie sur lui et attachez-vous de plus en plus fermement \u00e0 la foi conforme \u00e0 ce qu\u2019on vous a enseign\u00e9. Agissez ainsi en adressant \u00e0 Dieu de nombreuses pri\u00e8res de reconnaissance.<\/p>\n\n\n\n<h2 class=\"wp-block-heading\">Colossiens 3:15<\/h2>\n\n\n\n<p>Que la paix instaur\u00e9e par Christ gouverne vos d\u00e9cisions. Car c\u2019est \u00e0 cette paix que Dieu vous a appel\u00e9s pour former un seul corps. Soyez reconnaissants.<\/p>\n\n\n\n<h2 class=\"wp-block-heading\">Colossiens 3:17<\/h2>\n\n\n\n<p>Dans tout ce que vous pouvez dire ou faire, agissez au nom du Seigneur J\u00e9sus, en remerciant Dieu le P\u00e8re par lui.<\/p>\n\n\n\n<h2 class=\"wp-block-heading\">Colossiens 4:2<\/h2>\n\n\n\n<p>Pers\u00e9v\u00e9rez dans la pri\u00e8re. Soyez vigilants dans ce domaine et reconnaissants envers Dieu.<\/p>\n\n\n\n<h2 class=\"wp-block-heading\">1 Timoth\u00e9e 1:12<\/h2>\n\n\n\n<p>Je suis reconnaissant envers celui qui m\u2019a rendu capable de remplir cette t\u00e2che, J\u00e9sus-Christ, notre Seigneur. En effet, il m\u2019a accord\u00e9 sa confiance en me choisissant pour ce service.<\/p>\n\n\n\n<h2 class=\"wp-block-heading\">1 Thessaloniciens 5:18<\/h2>\n\n\n\n<p>Remerciez Dieu en toute circonstance\u202f: telle est pour vous la volont\u00e9 que Dieu a exprim\u00e9e en J\u00e9sus-Christ.<\/p>\n\n\n\n<h2 class=\"wp-block-heading\">Apocalypse 4:9<\/h2>\n\n\n\n<p>Et chaque fois que les \u00eatres vivants pr\u00e9sentent leur adoration, leur hommage et leur reconnaissance \u00e0 celui qui si\u00e8ge sur le tr\u00f4ne, \u00e0 celui qui vit \u00e9ternellement.<\/p>\n\n\n\n<h2 class=\"wp-block-heading\">Lire Aussi:<\/h2>\n\n\n\n<ul class=\"wp-block-list\"><li><a href=\"https:\/\/thebibleverses.org\/fr\/\">Versets Bibliques par Sujets<\/a><\/li><li><a href=\"https:\/\/thebibleverses.org\/fr\/amour\/\">Versets Bibliques sur l\u2019Amour<\/a><\/li><li><a href=\"https:\/\/thebibleverses.org\/fr\/force\/\">Versets Bibliques sur la Force<\/a><\/li><li><a href=\"https:\/\/thebibleverses.org\/fr\/foi\/\">Versets Bibliques sur la Foi<\/a><\/li><li><a href=\"https:\/\/thebibleverses.org\/fr\/jeunes\/\">Versets Bibliques pour les Jeunes<\/a><\/li><li><a href=\"https:\/\/thebibleverses.org\/fr\/amitie\/\">Versets Bibliques sur l\u2019Amiti\u00e9<\/a><\/li><li><a href=\"https:\/\/thebibleverses.org\/fr\/guerison\/\">Versets Bibliques sur la Gu\u00e9rison<\/a><\/li><\/ul>\n","protected":false},"excerpt":{"rendered":"<p>L\u00e9vitique 22:29 Quand vous offrirez un sacrifice de reconnaissance \u00e0 l\u2019Eternel, faites-le de mani\u00e8re \u00e0 \u00eatre agr\u00e9\u00e9s. 1 Chroniques 16:34 C\u00e9l\u00e9brez l\u2019Eternel |car il est bon, car son amour |dure \u00e0 toujours. Esdras 3:11 Ils entonn\u00e8rent des hymnes de louange et des cantiques de remerciement pour c\u00e9l\u00e9brer l\u2019Eternel en chantant \u00e0 tour de r\u00f4le: Oui, [&hellip;]<\/p>\n","protected":false},"author":1,"featured_media":32,"parent":0,"menu_order":0,"comment_status":"open","ping_status":"closed","template":"","meta":{"footnotes":""},"class_list":["post-31","page","type-page","status-publish","has-post-thumbnail","hentry","entry","fw-tab-6 fw-tabr-4"],"_links":{"self":[{"href":"https:\/\/thebibleverses.org\/fr\/wp-json\/wp\/v2\/pages\/31","targetHints":{"allow":["GET"]}}],"collection":[{"href":"https:\/\/thebibleverses.org\/fr\/wp-json\/wp\/v2\/pages"}],"about":[{"href":"https:\/\/thebibleverses.org\/fr\/wp-json\/wp\/v2\/types\/page"}],"author":[{"embeddable":true,"href":"https:\/\/thebibleverses.org\/fr\/wp-json\/wp\/v2\/users\/1"}],"replies":[{"embeddable":true,"href":"https:\/\/thebibleverses.org\/fr\/wp-json\/wp\/v2\/comments?post=31"}],"version-history":[{"count":0,"href":"https:\/\/thebibleverses.org\/fr\/wp-json\/wp\/v2\/pages\/31\/revisions"}],"wp:featuredmedia":[{"embeddable":true,"href":"https:\/\/thebibleverses.org\/fr\/wp-json\/wp\/v2\/media\/32"}],"wp:attachment":[{"href":"https:\/\/thebibleverses.org\/fr\/wp-json\/wp\/v2\/media?parent=31"}],"curies":[{"name":"wp","href":"https:\/\/api.w.org\/{rel}","templated":true}]}}