{"id":25,"date":"2022-07-03T03:31:43","date_gmt":"2022-07-03T01:31:43","guid":{"rendered":"https:\/\/thebibleverses.org\/fr\/?page_id=25"},"modified":"2022-10-11T19:25:31","modified_gmt":"2022-10-11T17:25:31","slug":"adoration","status":"publish","type":"page","link":"https:\/\/thebibleverses.org\/fr\/adoration\/","title":{"rendered":"30 Versets Biblique sur l&rsquo;Adoration"},"content":{"rendered":"<div class=\"wp-block-image\">\n<figure class=\"aligncenter size-large\"><img decoding=\"async\" width=\"1024\" height=\"631\" data-src=\"https:\/\/thebibleverses.org\/fr\/wp-content\/uploads\/2022\/07\/Versets-Bibliques-sur-lAdoration-1024x631.webp\" alt=\"Versets Bibliques sur l'Adoration\" class=\"wp-image-26 lazyload\" data-srcset=\"https:\/\/thebibleverses.org\/fr\/wp-content\/uploads\/2022\/07\/Versets-Bibliques-sur-lAdoration-1024x631.webp 1024w, https:\/\/thebibleverses.org\/fr\/wp-content\/uploads\/2022\/07\/Versets-Bibliques-sur-lAdoration-300x185.webp 300w, https:\/\/thebibleverses.org\/fr\/wp-content\/uploads\/2022\/07\/Versets-Bibliques-sur-lAdoration-768x474.webp 768w, https:\/\/thebibleverses.org\/fr\/wp-content\/uploads\/2022\/07\/Versets-Bibliques-sur-lAdoration-320x197.webp 320w, https:\/\/thebibleverses.org\/fr\/wp-content\/uploads\/2022\/07\/Versets-Bibliques-sur-lAdoration-450x278.webp 450w, https:\/\/thebibleverses.org\/fr\/wp-content\/uploads\/2022\/07\/Versets-Bibliques-sur-lAdoration-720x444.webp 720w, https:\/\/thebibleverses.org\/fr\/wp-content\/uploads\/2022\/07\/Versets-Bibliques-sur-lAdoration.webp 1200w\" data-sizes=\"(max-width: 1024px) 100vw, 1024px\" src=\"data:image\/svg+xml;base64,PHN2ZyB3aWR0aD0iMSIgaGVpZ2h0PSIxIiB4bWxucz0iaHR0cDovL3d3dy53My5vcmcvMjAwMC9zdmciPjwvc3ZnPg==\" style=\"--smush-placeholder-width: 1024px; --smush-placeholder-aspect-ratio: 1024\/631;\" \/><figcaption>Versets Bibliques sur l&rsquo;Adoration &#8211; La Bible du Semeur (BDS).<\/figcaption><\/figure><\/div>\n\n\n<h2 class=\"wp-block-heading\">Gen\u00e8se 22:5<\/h2>\n\n\n\n<p>Alors il dit \u00e0 ses serviteurs\u202f: Restez ici avec l\u2019\u00e2ne\u202f; le gar\u00e7on et moi, nous irons jusque l\u00e0-bas pour adorer Dieu, puis nous reviendrons vers vous.<\/p>\n\n\n\n<h2 class=\"wp-block-heading\">Exode 4:31<\/h2>\n\n\n\n<p>Le peuple fut convaincu. En apprenant que l\u2019Eternel intervenait en faveur des Isra\u00e9lites et qu\u2019il avait pris leur d\u00e9tresse en consid\u00e9ration, ils se prostern\u00e8rent et l\u2019ador\u00e8rent.<\/p>\n\n\n\n<h2 class=\"wp-block-heading\">Exode 33:10<\/h2>\n\n\n\n<p>Tout le peuple voyait la colonne de nu\u00e9e se tenir \u00e0 l\u2019entr\u00e9e de la tente et le peuple tout entier se levait et se prosternait, chacun \u00e0 l\u2019entr\u00e9e de sa tente.<\/p>\n\n\n\n<h2 class=\"wp-block-heading\">Deut\u00e9ronome 26:10<\/h2>\n\n\n\n<p>C\u2019est pourquoi, \u00f4 Eternel, j\u2019apporte maintenant les premiers produits de la terre que tu m\u2019as donn\u00e9e\u202f! \u00bb Apr\u00e8s cela, tu d\u00e9poseras la corbeille devant l\u2019Eternel ton Dieu, et tu te prosterneras devant lui pour l\u2019adorer.<\/p>\n\n\n\n<h2 class=\"wp-block-heading\">Juges 7:15<\/h2>\n\n\n\n<p>Lorsque G\u00e9d\u00e9on eut entendu le r\u00e9cit du r\u00eave et son interpr\u00e9tation, il se prosterna, puis il retourna au camp d\u2019Isra\u00ebl et cria\u202f: Tout le monde debout, car l\u2019Eternel vous donne la victoire sur l\u2019arm\u00e9e de Madian\u202f!<\/p>\n\n\n\n<h2 class=\"wp-block-heading\">1 Samuel 1:28<\/h2>\n\n\n\n<p>A mon tour, je veux le consacrer \u00e0 l\u2019Eternel\u202f: pour toute sa vie, il lui sera consacr\u00e9. L\u00e0-dessus, ils se prostern\u00e8rent l\u00e0 devant l\u2019Eternel.<\/p>\n\n\n\n<h2 class=\"wp-block-heading\">2 Rois 17:36<\/h2>\n\n\n\n<p>C\u2019est l\u2019Eternel, lui qui vous a fait sortir d\u2019Egypte par sa grande force et en d\u00e9ployant sa puissance, c\u2019est lui seul que vous craindrez\u202f; c\u2019est devant lui que vous vous prosternerez, c\u2019est \u00e0 lui que vous offrirez des sacrifices.<\/p>\n\n\n\n<h2 class=\"wp-block-heading\">1 Chroniques 16:29<\/h2>\n\n\n\n<p>C\u00e9l\u00e9brez l\u2019Eternel |et son nom glorieux\u202f! Apportez vos offrandes |et entrez devant lui et prosternez-vous devant l\u2019Eternel |dont la saintet\u00e9 brille avec \u00e9clat!<\/p>\n\n\n\n<h2 class=\"wp-block-heading\">N\u00e9h\u00e9mie 8:6<\/h2>\n\n\n\n<p>Esdras b\u00e9nit l\u2019Eternel, le grand Dieu, et tout le peuple s\u2019\u00e9cria\u202f: Amen\u202f! Amen\u202f! en levant les mains. Puis ils s\u2019inclin\u00e8rent jusqu\u2019\u00e0 terre et se prostern\u00e8rent devant l\u2019Eternel pour l\u2019adorer.<\/p>\n\n\n\n<h2 class=\"wp-block-heading\">Job 1:20<\/h2>\n\n\n\n<p>Alors Job se leva, il d\u00e9chira son manteau, se rasa la t\u00eate, puis se jeta par terre pour se prosterner.<\/p>\n\n\n\n<h2 class=\"wp-block-heading\">Psaumes 5:8<\/h2>\n\n\n\n<p>En vertu de ta gr\u00e2ce immense |je peux venir \u00e0 ta maison, et avec crainte |me prosterner pour t\u2019adorer |devant ton sanctuaire.<\/p>\n\n\n\n<h2 class=\"wp-block-heading\">Psaumes 22:27<\/h2>\n\n\n\n<p>Que les malheureux mangent, |et qu\u2019ils soient rassasi\u00e9s\u202f! Oui, qu\u2019ils louent l\u2019Eternel, |ceux qui vivent pour lui\u202f! Que votre vie dure toujours\u202f!<\/p>\n\n\n\n<h2 class=\"wp-block-heading\">Psaumes 29:2<\/h2>\n\n\n\n<p>Oui, c\u00e9l\u00e9brez l\u2019Eternel |en proclamant la gloire |dont il est digne, et prosternez-vous devant l\u2019Eternel |dont la saintet\u00e9 brille avec \u00e9clat\u202f!<\/p>\n\n\n\n<h2 class=\"wp-block-heading\">Psaumes 86:9<\/h2>\n\n\n\n<p>Tous les peuples que tu as faits viendront se prosterner |devant toi, \u00f4 Seigneur, et ils te rendront gloire.<\/p>\n\n\n\n<h2 class=\"wp-block-heading\">Psaumes 95:6<\/h2>\n\n\n\n<p>Venez et prosternons-nous, ployons les genoux |devant l\u2019Eternel |qui nous a cr\u00e9\u00e9s.<\/p>\n\n\n\n<h2 class=\"wp-block-heading\">Psaumes 96:9<\/h2>\n\n\n\n<p>Et prosternez-vous devant l\u2019Eternel |dont la saintet\u00e9 brille avec \u00e9clat\u202f! Vous, gens du monde entier, |tremblez devant sa face\u202f!<\/p>\n\n\n\n<h2 class=\"wp-block-heading\">Psaumes 99:5<\/h2>\n\n\n\n<p>Proclamez la grandeur |de l\u2019Eternel, lui notre Dieu, prosternez-vous devant son marchepied, car il est saint.<\/p>\n\n\n\n<h2 class=\"wp-block-heading\">Zacharie 14:17<\/h2>\n\n\n\n<p>Si l\u2019un des clans familiaux de la terre refuse de monter jusqu\u2019\u00e0 J\u00e9rusalem pour adorer le Roi, le Seigneur des arm\u00e9es c\u00e9lestes, il ne recevra pas de pluie.<\/p>\n\n\n\n<h2 class=\"wp-block-heading\">Matthieu 2:11<\/h2>\n\n\n\n<p>Ils entr\u00e8rent dans la maison, virent l\u2019enfant avec Marie, sa m\u00e8re et, tombant \u00e0 genoux, ils lui rendirent hommage. Puis ils ouvrirent leurs coffrets et lui offrirent en cadeau de l\u2019or, de l\u2019encens et de la myrrhe.<\/p>\n\n\n\n<h2 class=\"wp-block-heading\">Matthieu 4:10<\/h2>\n\n\n\n<p>Alors J\u00e9sus lui dit\u202f: Va-t\u2019en, Satan\u202f! Car il est \u00e9crit : Tu adoreras le Seigneur, ton Dieu, et c\u2019est \u00e0 lui seul que tu rendras un culte.<\/p>\n\n\n\n<h2 class=\"wp-block-heading\">Matthieu 14:33<\/h2>\n\n\n\n<p>Les hommes qui se trouvaient dans l\u2019embarcation se prostern\u00e8rent devant lui en disant\u202f: Tu es vraiment le Fils de Dieu.<\/p>\n\n\n\n<h2 class=\"wp-block-heading\">Matthieu 28:9<\/h2>\n\n\n\n<p>Et voici que, tout \u00e0 coup, J\u00e9sus vint \u00e0 leur rencontre et leur dit\u202f: Salut \u00e0 vous. Elles s\u2019approch\u00e8rent de lui, lui embrass\u00e8rent les pieds et l\u2019ador\u00e8rent.<\/p>\n\n\n\n<h2 class=\"wp-block-heading\">Luc 24:52<\/h2>\n\n\n\n<p>Quant \u00e0 eux, apr\u00e8s l\u2019avoir ador\u00e9, ils retourn\u00e8rent \u00e0 J\u00e9rusalem, le c\u0153ur rempli de joie.<\/p>\n\n\n\n<h2 class=\"wp-block-heading\">Jean 4:24<\/h2>\n\n\n\n<p>Dieu est Esprit et il faut que ceux qui l\u2019adorent l\u2019adorent par l\u2019Esprit et en v\u00e9rit\u00e9.<\/p>\n\n\n\n<h2 class=\"wp-block-heading\">H\u00e9breux 1:6<\/h2>\n\n\n\n<p>Mais lorsqu\u2019il introduit de nouveau le Premier-n\u00e9 dans le monde, il dit\u202f: Que tous les anges de Dieu |se prosternent devant lui.<\/p>\n\n\n\n<h2 class=\"wp-block-heading\">Apocalypse 4:10-11<\/h2>\n\n\n\n<p>les vingt-quatre repr\u00e9sentants du peuple de Dieu se prosternent devant celui qui si\u00e8ge sur le tr\u00f4ne et adorent celui qui vit \u00e9ternellement. Ils d\u00e9posent leurs couronnes devant le tr\u00f4ne, en disant\u202f: Tu es digne, notre Seigneur et notre Dieu, qu\u2019on te donne gloire, honneur et puissance, car tu as cr\u00e9\u00e9 tout ce qui existe, l\u2019univers entier doit son existence et sa cr\u00e9ation \u00e0 ta volont\u00e9.<\/p>\n\n\n\n<h2 class=\"wp-block-heading\">Apocalypse 5:8<\/h2>\n\n\n\n<p>Lorsqu\u2019il eut pris le livre, les quatre \u00eatres vivants et les vingt-quatre repr\u00e9sentants du peuple de Dieu se prostern\u00e8rent devant l\u2019Agneau. Ils avaient chacun une harpe et des coupes d\u2019or remplies d\u2019encens qui repr\u00e9sentent les pri\u00e8res des membres du peuple saint.<\/p>\n\n\n\n<h2 class=\"wp-block-heading\">Apocalypse 7:11-12<\/h2>\n\n\n\n<p>Et tous les anges se tenaient debout tout autour du tr\u00f4ne, des repr\u00e9sentants du peuple de Dieu et des quatre \u00eatres vivants. Ils se prostern\u00e8rent face contre terre devant le tr\u00f4ne et ils ador\u00e8rent Dieu en disant\u202f: Amen\u202f! A notre Dieu soient la louange, la gloire et la sagesse, la reconnaissance et l\u2019honneur, la puissance et la force pour toute \u00e9ternit\u00e9\u202f! Amen\u202f!<\/p>\n\n\n\n<h2 class=\"wp-block-heading\">Apocalypse 11:16<\/h2>\n\n\n\n<p>Et les vingt-quatre repr\u00e9sentants du peuple de Dieu qui si\u00e8gent devant Dieu sur leurs tr\u00f4nes se prostern\u00e8rent la face contre terre, et ador\u00e8rent Dieu.<\/p>\n\n\n\n<h2 class=\"wp-block-heading\">Apocalypse 14:6-7<\/h2>\n\n\n\n<p>Ensuite je vis un autre ange volant au z\u00e9nith. Il avait un Evangile \u00e9ternel \u00e0 annoncer \u00e0 tous les habitants de la terre, \u00e0 toute nation, toute tribu, toute langue et tout peuple. Il criait d\u2019une voix forte\u202f: Craignez Dieu et donnez-lui gloire, car l\u2019heure a sonn\u00e9 o\u00f9 il va rendre son jugement. Adorez donc celui qui a fait le ciel, la terre, la mer et les sources.<\/p>\n\n\n\n<h2 class=\"wp-block-heading\">Lire Aussi:<\/h2>\n\n\n\n<ul class=\"wp-block-list\"><li><a href=\"https:\/\/thebibleverses.org\/fr\/\">Versets Bibliques par Sujets<\/a><\/li><li><a href=\"https:\/\/thebibleverses.org\/fr\/amour\/\">Versets Bibliques sur l&rsquo;Amour<\/a><\/li><li><a href=\"https:\/\/thebibleverses.org\/fr\/force\/\">Versets Bibliques sur la Force<\/a><\/li><li><a href=\"https:\/\/thebibleverses.org\/fr\/foi\/\">Versets Bibliques sur la Foi<\/a><\/li><li><a href=\"https:\/\/thebibleverses.org\/fr\/jeunes\/\">Versets Bibliques pour les Jeunes<\/a><\/li><li><a href=\"https:\/\/thebibleverses.org\/fr\/amitie\/\">Versets Bibliques sur l&rsquo;Amiti\u00e9<\/a><\/li><li><a href=\"https:\/\/thebibleverses.org\/fr\/guerison\/\">Versets Bibliques sur la Gu\u00e9rison<\/a><\/li><\/ul>\n","protected":false},"excerpt":{"rendered":"<p>Gen\u00e8se 22:5 Alors il dit \u00e0 ses serviteurs\u202f: Restez ici avec l\u2019\u00e2ne\u202f; le gar\u00e7on et moi, nous irons jusque l\u00e0-bas pour adorer Dieu, puis nous reviendrons vers vous. Exode 4:31 Le peuple fut convaincu. En apprenant que l\u2019Eternel intervenait en faveur des Isra\u00e9lites et qu\u2019il avait pris leur d\u00e9tresse en consid\u00e9ration, ils se prostern\u00e8rent et [&hellip;]<\/p>\n","protected":false},"author":1,"featured_media":26,"parent":0,"menu_order":0,"comment_status":"open","ping_status":"closed","template":"","meta":{"footnotes":""},"class_list":["post-25","page","type-page","status-publish","has-post-thumbnail","hentry","entry","fw-tab-6 fw-tabr-4"],"_links":{"self":[{"href":"https:\/\/thebibleverses.org\/fr\/wp-json\/wp\/v2\/pages\/25","targetHints":{"allow":["GET"]}}],"collection":[{"href":"https:\/\/thebibleverses.org\/fr\/wp-json\/wp\/v2\/pages"}],"about":[{"href":"https:\/\/thebibleverses.org\/fr\/wp-json\/wp\/v2\/types\/page"}],"author":[{"embeddable":true,"href":"https:\/\/thebibleverses.org\/fr\/wp-json\/wp\/v2\/users\/1"}],"replies":[{"embeddable":true,"href":"https:\/\/thebibleverses.org\/fr\/wp-json\/wp\/v2\/comments?post=25"}],"version-history":[{"count":0,"href":"https:\/\/thebibleverses.org\/fr\/wp-json\/wp\/v2\/pages\/25\/revisions"}],"wp:featuredmedia":[{"embeddable":true,"href":"https:\/\/thebibleverses.org\/fr\/wp-json\/wp\/v2\/media\/26"}],"wp:attachment":[{"href":"https:\/\/thebibleverses.org\/fr\/wp-json\/wp\/v2\/media?parent=25"}],"curies":[{"name":"wp","href":"https:\/\/api.w.org\/{rel}","templated":true}]}}