{"id":223,"date":"2022-08-10T02:25:48","date_gmt":"2022-08-10T00:25:48","guid":{"rendered":"https:\/\/thebibleverses.org\/fr\/?page_id=223"},"modified":"2022-11-16T01:50:27","modified_gmt":"2022-11-16T00:50:27","slug":"hme","status":"publish","type":"page","link":"https:\/\/thebibleverses.org\/fr\/","title":{"rendered":""},"content":{"rendered":"\n<h1 class=\"has-text-align-center wp-block-heading\">Versets Bibliques par Sujet<\/h1>\n\n\n\n<div class=\"wp-block-columns is-layout-flex wp-container-core-columns-is-layout-9d6595d7 wp-block-columns-is-layout-flex\">\n<div class=\"wp-block-column is-layout-flow wp-block-column-is-layout-flow\">\n<p class=\"has-text-align-center\"><a href=\"https:\/\/thebibleverses.org\/fr\/adoration\/\" data-type=\"URL\" data-id=\"https:\/\/thebibleverses.org\/fr\/adoration\/\">Adoration<\/a><\/p>\n\n\n\n<p class=\"has-text-align-center\"><a href=\"https:\/\/thebibleverses.org\/fr\/amitie\/\">Amiti\u00e9<\/a><\/p>\n\n\n\n<p class=\"has-text-align-center\"><a href=\"https:\/\/thebibleverses.org\/fr\/amour\/\">Amour<\/a><\/p>\n\n\n\n<p class=\"has-text-align-center\"><a href=\"https:\/\/thebibleverses.org\/fr\/amour-de-dieu\/\">Amour de Dieu<\/a><\/p>\n\n\n\n<p class=\"has-text-align-center\"><a href=\"https:\/\/thebibleverses.org\/fr\/amour-de-jesus\/\">Amour de J\u00e9sus<\/a><\/p>\n\n\n\n<p class=\"has-text-align-center\"><a href=\"https:\/\/thebibleverses.org\/fr\/bapteme\/\">Bapt\u00eame<\/a><\/p>\n\n\n\n<p class=\"has-text-align-center\"><a href=\"https:\/\/thebibleverses.org\/fr\/benediction\/\">B\u00e9n\u00e9diction<\/a><\/p>\n\n\n\n<p class=\"has-text-align-center\"><a href=\"https:\/\/thebibleverses.org\/fr\/chercher-dieu\/\">Chercher Dieu<\/a><\/p>\n\n\n\n<p class=\"has-text-align-center\"><a href=\"https:\/\/thebibleverses.org\/fr\/colere\/\">Col\u00e8re<\/a><\/p>\n\n\n\n<p class=\"has-text-align-center\"><a href=\"https:\/\/thebibleverses.org\/fr\/confiance-en-dieu\/\">Confiance en Dieu<\/a><\/p>\n\n\n\n<p class=\"has-text-align-center\"><a href=\"https:\/\/thebibleverses.org\/fr\/consolation\/\">Consolation<\/a><\/p>\n\n\n\n<p class=\"has-text-align-center\"><a href=\"https:\/\/thebibleverses.org\/fr\/dimes\/\">D\u00eemes<\/a><\/p>\n\n\n\n<p class=\"has-text-align-center\"><a href=\"https:\/\/thebibleverses.org\/fr\/10-commandements\/\">Dix Commandement<\/a><\/p>\n\n\n\n<p class=\"has-text-align-center\"><a href=\"https:\/\/thebibleverses.org\/fr\/encouragement\/\">Encouragement<\/a><\/p>\n\n\n\n<p class=\"has-text-align-center\"><a href=\"https:\/\/thebibleverses.org\/fr\/esperance\/\">Esp\u00e9rance<\/a><\/p>\n\n\n\n<p class=\"has-text-align-center\"><a href=\"https:\/\/thebibleverses.org\/fr\/famille\/\">Famille<\/a><\/p>\n\n\n\n<p class=\"has-text-align-center\"><a href=\"https:\/\/thebibleverses.org\/fr\/fidelite-de-dieu\/\">Fid\u00e9lit\u00e9 de Dieu<\/a><\/p>\n\n\n\n<p class=\"has-text-align-center\"><a href=\"https:\/\/thebibleverses.org\/fr\/foi\/\">Foi<\/a><\/p>\n\n\n\n<p class=\"has-text-align-center\"><a href=\"https:\/\/thebibleverses.org\/fr\/force\/\">Force<\/a><\/p>\n\n\n\n<p class=\"has-text-align-center\"><a href=\"https:\/\/thebibleverses.org\/fr\/fruits\/\">Fruits<\/a><\/p>\n<\/div>\n\n\n\n<div class=\"wp-block-column is-layout-flow wp-block-column-is-layout-flow\">\n<p class=\"has-text-align-center\"><a href=\"https:\/\/thebibleverses.org\/fr\/grace\/\">Gr\u00e2ce de Dieu<\/a><\/p>\n\n\n\n<p class=\"has-text-align-center\"><a href=\"https:\/\/thebibleverses.org\/fr\/gratitude\/\">Gratitude<\/a><\/p>\n\n\n\n<p class=\"has-text-align-center\"><a href=\"https:\/\/thebibleverses.org\/fr\/guerison\/\">Gu\u00e9rison<\/a><\/p>\n\n\n\n<p class=\"has-text-align-center\"><a href=\"https:\/\/thebibleverses.org\/fr\/guerison-divine\/\">Gu\u00e9rison Divine<\/a><\/p>\n\n\n\n<p class=\"has-text-align-center\"><a href=\"https:\/\/thebibleverses.org\/fr\/humilite\/\">Humilit\u00e9<\/a><\/p>\n\n\n\n<p class=\"has-text-align-center\"><a href=\"https:\/\/thebibleverses.org\/fr\/inquietude\/\">Inqui\u00e9tude<\/a><\/p>\n\n\n\n<p class=\"has-text-align-center\"><a href=\"https:\/\/thebibleverses.org\/fr\/jeuner\/\">Je\u00fbner<\/a><\/p>\n\n\n\n<p class=\"has-text-align-center\"><a href=\"https:\/\/thebibleverses.org\/fr\/jeunes\/\">Jeunes<\/a><\/p>\n\n\n\n<p class=\"has-text-align-center\"><a href=\"https:\/\/thebibleverses.org\/fr\/joie\/\">Joie<\/a><\/p>\n\n\n\n<p class=\"has-text-align-center\"><a href=\"https:\/\/thebibleverses.org\/fr\/justification\/\">Justification<\/a><\/p>\n\n\n\n<p class=\"has-text-align-center\"><a href=\"https:\/\/thebibleverses.org\/fr\/louange\/\">Louange<\/a><\/p>\n\n\n\n<p class=\"has-text-align-center\"><a href=\"https:\/\/thebibleverses.org\/fr\/mariage\/\">Mariage<\/a><\/p>\n\n\n\n<p class=\"has-text-align-center\"><a href=\"https:\/\/thebibleverses.org\/fr\/misericorde\/\">Mis\u00e9ricorde<\/a><\/p>\n\n\n\n<p class=\"has-text-align-center\"><a href=\"https:\/\/thebibleverses.org\/fr\/motivation\/\">Motivation<\/a><\/p>\n\n\n\n<p class=\"has-text-align-center\"><a href=\"https:\/\/thebibleverses.org\/fr\/nourriture-spirituelle\/\">Nourriture Spirituelle<\/a><\/p>\n\n\n\n<p class=\"has-text-align-center\"><a href=\"https:\/\/thebibleverses.org\/fr\/obeissance\/\">Ob\u00e9issance<\/a><\/p>\n\n\n\n<p class=\"has-text-align-center\"><a href=\"https:\/\/thebibleverses.org\/fr\/offrande\/\">Offrande<\/a><\/p>\n\n\n\n<p class=\"has-text-align-center\"><a href=\"https:\/\/thebibleverses.org\/fr\/paix\/\">Paix<\/a><\/p>\n\n\n\n<p class=\"has-text-align-center\"><a href=\"https:\/\/thebibleverses.org\/fr\/pardon\/\">Pardon<\/a><\/p>\n\n\n\n<p class=\"has-text-align-center\"><a href=\"https:\/\/thebibleverses.org\/fr\/parole-de-dieu\/\">Parole de Dieu<\/a><\/p>\n<\/div>\n\n\n\n<div class=\"wp-block-column is-layout-flow wp-block-column-is-layout-flow\">\n<p class=\"has-text-align-center\"><a href=\"https:\/\/thebibleverses.org\/fr\/patience\/\">Patience<\/a><\/p>\n\n\n\n<p class=\"has-text-align-center\"><a href=\"https:\/\/thebibleverses.org\/fr\/perseverance\/\">Pers\u00e9v\u00e9rance<\/a><\/p>\n\n\n\n<p class=\"has-text-align-center\"><a href=\"https:\/\/thebibleverses.org\/fr\/peur\/\">Peur<\/a><\/p>\n\n\n\n<p class=\"has-text-align-center\"><a href=\"https:\/\/thebibleverses.org\/fr\/premices\/\">Pr\u00e9mices<\/a><\/p>\n\n\n\n<p class=\"has-text-align-center\"><a href=\"https:\/\/thebibleverses.org\/fr\/priere\/\">Pri\u00e8re<\/a><\/p>\n\n\n\n<p class=\"has-text-align-center\"><a href=\"https:\/\/thebibleverses.org\/fr\/prosperite\/\">Prosp\u00e9rit\u00e9<\/a><\/p>\n\n\n\n<p class=\"has-text-align-center\"><a href=\"https:\/\/thebibleverses.org\/fr\/protection-de-dieu\/\">Protection de Dieu<\/a><\/p>\n\n\n\n<p class=\"has-text-align-center\"><a href=\"https:\/\/thebibleverses.org\/fr\/repentance\/\">Repentance<\/a><\/p>\n\n\n\n<p class=\"has-text-align-center\"><a href=\"https:\/\/thebibleverses.org\/fr\/respect\/\">Respect<\/a><\/p>\n\n\n\n<p class=\"has-text-align-center\"><a href=\"https:\/\/thebibleverses.org\/fr\/responsabilite\/\">Responsabilit\u00e9<\/a><\/p>\n\n\n\n<p class=\"has-text-align-center\"><a href=\"https:\/\/thebibleverses.org\/fr\/restauration\/\">Restauration<\/a><\/p>\n\n\n\n<p class=\"has-text-align-center\"><a href=\"https:\/\/thebibleverses.org\/fr\/resurrection\/\">R\u00e9surrection<\/a><\/p>\n\n\n\n<p class=\"has-text-align-center\"><a href=\"https:\/\/thebibleverses.org\/fr\/sagesse\/\">Sagesse<\/a><\/p>\n\n\n\n<p class=\"has-text-align-center\"><a href=\"https:\/\/thebibleverses.org\/fr\/saintete\/\">Saintet\u00e9<\/a><\/p>\n\n\n\n<p class=\"has-text-align-center\"><a href=\"https:\/\/thebibleverses.org\/fr\/salut\/\">Salut<\/a><\/p>\n\n\n\n<p class=\"has-text-align-center\"><a href=\"https:\/\/thebibleverses.org\/fr\/service\/\">Service<\/a><\/p>\n\n\n\n<p class=\"has-text-align-center\"><a href=\"https:\/\/thebibleverses.org\/fr\/travail\/\">Travail<\/a><\/p>\n\n\n\n<p class=\"has-text-align-center\"><a href=\"https:\/\/thebibleverses.org\/fr\/unite\/\">Unit\u00e9<\/a><\/p>\n\n\n\n<p class=\"has-text-align-center\"><a href=\"https:\/\/thebibleverses.org\/fr\/vie-eternelle\/\">Vie \u00c9ternelle<\/a><\/p>\n\n\n\n<p class=\"has-text-align-center\"><a href=\"https:\/\/thebibleverses.org\/fr\/volonte-de-dieu\/\">Volont\u00e9 de Dieu<\/a><\/p>\n<\/div>\n<\/div>\n","protected":false},"excerpt":{"rendered":"<p>Versets Bibliques par Sujet Adoration Amiti\u00e9 Amour Amour de Dieu Amour de J\u00e9sus Bapt\u00eame B\u00e9n\u00e9diction Chercher Dieu Col\u00e8re Confiance en Dieu Consolation D\u00eemes Dix Commandement Encouragement Esp\u00e9rance Famille Fid\u00e9lit\u00e9 de Dieu Foi Force Fruits Gr\u00e2ce de Dieu Gratitude Gu\u00e9rison Gu\u00e9rison Divine Humilit\u00e9 Inqui\u00e9tude Je\u00fbner Jeunes Joie Justification Louange Mariage Mis\u00e9ricorde Motivation Nourriture Spirituelle Ob\u00e9issance Offrande [&hellip;]<\/p>\n","protected":false},"author":1,"featured_media":0,"parent":0,"menu_order":0,"comment_status":"open","ping_status":"closed","template":"","meta":{"footnotes":""},"class_list":["post-223","page","type-page","status-publish","hentry","entry","fw-tab-6 fw-tabr-4"],"_links":{"self":[{"href":"https:\/\/thebibleverses.org\/fr\/wp-json\/wp\/v2\/pages\/223","targetHints":{"allow":["GET"]}}],"collection":[{"href":"https:\/\/thebibleverses.org\/fr\/wp-json\/wp\/v2\/pages"}],"about":[{"href":"https:\/\/thebibleverses.org\/fr\/wp-json\/wp\/v2\/types\/page"}],"author":[{"embeddable":true,"href":"https:\/\/thebibleverses.org\/fr\/wp-json\/wp\/v2\/users\/1"}],"replies":[{"embeddable":true,"href":"https:\/\/thebibleverses.org\/fr\/wp-json\/wp\/v2\/comments?post=223"}],"version-history":[{"count":0,"href":"https:\/\/thebibleverses.org\/fr\/wp-json\/wp\/v2\/pages\/223\/revisions"}],"wp:attachment":[{"href":"https:\/\/thebibleverses.org\/fr\/wp-json\/wp\/v2\/media?parent=223"}],"curies":[{"name":"wp","href":"https:\/\/api.w.org\/{rel}","templated":true}]}}