{"id":220,"date":"2022-08-09T22:39:25","date_gmt":"2022-08-09T20:39:25","guid":{"rendered":"https:\/\/thebibleverses.org\/fr\/?page_id=220"},"modified":"2022-10-11T23:48:31","modified_gmt":"2022-10-11T21:48:31","slug":"vie-eternelle","status":"publish","type":"page","link":"https:\/\/thebibleverses.org\/fr\/vie-eternelle\/","title":{"rendered":"25 Versets Bibliques sur la Vie \u00c9ternelle"},"content":{"rendered":"<div class=\"wp-block-image\">\n<figure class=\"aligncenter size-large\"><img decoding=\"async\" width=\"1024\" height=\"631\" data-src=\"https:\/\/thebibleverses.org\/fr\/wp-content\/uploads\/2022\/08\/Versets-Bibliques-sur-la-Vie-Eternelle-1024x631.webp\" alt=\"Versets Bibliques sur la Vie \u00c9ternelle\" class=\"wp-image-221 lazyload\" data-srcset=\"https:\/\/thebibleverses.org\/fr\/wp-content\/uploads\/2022\/08\/Versets-Bibliques-sur-la-Vie-Eternelle-1024x631.webp 1024w, https:\/\/thebibleverses.org\/fr\/wp-content\/uploads\/2022\/08\/Versets-Bibliques-sur-la-Vie-Eternelle-300x185.webp 300w, https:\/\/thebibleverses.org\/fr\/wp-content\/uploads\/2022\/08\/Versets-Bibliques-sur-la-Vie-Eternelle-768x474.webp 768w, https:\/\/thebibleverses.org\/fr\/wp-content\/uploads\/2022\/08\/Versets-Bibliques-sur-la-Vie-Eternelle-320x197.webp 320w, https:\/\/thebibleverses.org\/fr\/wp-content\/uploads\/2022\/08\/Versets-Bibliques-sur-la-Vie-Eternelle-450x278.webp 450w, https:\/\/thebibleverses.org\/fr\/wp-content\/uploads\/2022\/08\/Versets-Bibliques-sur-la-Vie-Eternelle-720x444.webp 720w, https:\/\/thebibleverses.org\/fr\/wp-content\/uploads\/2022\/08\/Versets-Bibliques-sur-la-Vie-Eternelle.webp 1200w\" data-sizes=\"(max-width: 1024px) 100vw, 1024px\" src=\"data:image\/svg+xml;base64,PHN2ZyB3aWR0aD0iMSIgaGVpZ2h0PSIxIiB4bWxucz0iaHR0cDovL3d3dy53My5vcmcvMjAwMC9zdmciPjwvc3ZnPg==\" style=\"--smush-placeholder-width: 1024px; --smush-placeholder-aspect-ratio: 1024\/631;\" \/><figcaption>Versets Bibliques sur la Vie \u00c9ternelle &#8211; La Bible du Semeur (BDS)<\/figcaption><\/figure><\/div>\n\n\n<h2 class=\"wp-block-heading\">Matthieu 19:29<\/h2>\n\n\n\n<p>Tous ceux qui auront quitt\u00e9, \u00e0 cause de moi, leurs maisons, leurs fr\u00e8res ou leurs s\u0153urs, leur p\u00e8re ou leur m\u00e8re, leurs enfants ou leur terre, recevront cent fois plus et auront part \u00e0 la vie \u00e9ternelle.<\/p>\n\n\n\n<h2 class=\"wp-block-heading\">Jean 3:16<\/h2>\n\n\n\n<p>Oui, Dieu a tant aim\u00e9 le monde qu\u2019il a donn\u00e9 son Fils, son unique, pour que tous ceux qui placent leur confiance en lui \u00e9chappent \u00e0 la perdition et qu\u2019ils aient la vie \u00e9ternelle.<\/p>\n\n\n\n<h2 class=\"wp-block-heading\">Jean 3:36<\/h2>\n\n\n\n<p>Qui place sa confiance dans le Fils poss\u00e8de la vie \u00e9ternelle. Qui ne met pas sa confiance dans le Fils ne conna\u00eet pas la vie\u202f; il reste sous le coup de la col\u00e8re de Dieu.<\/p>\n\n\n\n<h2 class=\"wp-block-heading\">Jean 4:14<\/h2>\n\n\n\n<p>Mais celui qui boira de l\u2019eau que je lui donnerai n\u2019aura plus jamais soif. Bien plus\u202f: l\u2019eau que je lui donnerai deviendra en lui une source intarissable qui jaillira jusque dans la vie \u00e9ternelle.<\/p>\n\n\n\n<h2 class=\"wp-block-heading\">Jean 5:24<\/h2>\n\n\n\n<p>Oui, vraiment, je vous l\u2019assure\u202f: celui qui \u00e9coute ce que je dis et qui place sa confiance dans le P\u00e8re qui m\u2019a envoy\u00e9, poss\u00e8de, d\u00e8s \u00e0 pr\u00e9sent, la vie \u00e9ternelle et il ne sera pas condamn\u00e9\u202f; il est d\u00e9j\u00e0 pass\u00e9 de la mort \u00e0 la vie.<\/p>\n\n\n\n<h2 class=\"wp-block-heading\">Jean 5:39<\/h2>\n\n\n\n<p>Vous \u00e9tudiez avec soin les Ecritures, parce que vous \u00eates convaincus d\u2019en obtenir la vie \u00e9ternelle. Or, pr\u00e9cis\u00e9ment, ce sont elles qui t\u00e9moignent de moi.<\/p>\n\n\n\n<h2 class=\"wp-block-heading\">Jean 6:27<\/h2>\n\n\n\n<p>Travaillez, non pour la nourriture p\u00e9rissable, mais pour celle qui dure pour la vie \u00e9ternelle. Cette nourriture, c\u2019est le Fils de l\u2019homme qui vous la donnera, car Dieu le P\u00e8re lui en a accord\u00e9 le pouvoir en le marquant de son sceau.<\/p>\n\n\n\n<h2 class=\"wp-block-heading\">Jean 6:40<\/h2>\n\n\n\n<p>Oui, telle est la volont\u00e9 de mon P\u00e8re\u202f: que tous ceux qui tournent leurs regards vers le Fils et qui croient en lui, poss\u00e8dent la vie \u00e9ternelle, et moi, je les ressusciterai au dernier jour.<\/p>\n\n\n\n<h2 class=\"wp-block-heading\">Jean 6:47<\/h2>\n\n\n\n<p>Vraiment, je vous l\u2019assure\u202f: celui qui croit a la vie \u00e9ternelle.<\/p>\n\n\n\n<h2 class=\"wp-block-heading\">Jean 6:54<\/h2>\n\n\n\n<p>Celui qui se nourrit de ma chair et qui boit mon sang a la vie \u00e9ternelle, et moi je le ressusciterai au dernier jour.<\/p>\n\n\n\n<h2 class=\"wp-block-heading\">Jean 6:68<\/h2>\n\n\n\n<p>Mais Simon Pierre lui r\u00e9pondit\u202f: Seigneur, vers qui irions-nous\u202f? Tu as les paroles de la vie \u00e9ternelle.<\/p>\n\n\n\n<h2 class=\"wp-block-heading\">Jean 12:25<\/h2>\n\n\n\n<p>Celui qui s\u2019attache \u00e0 sa propre vie la perdra, mais celui qui fait peu de cas de sa vie en ce monde la gardera pour la vie \u00e9ternelle.<\/p>\n\n\n\n<h2 class=\"wp-block-heading\">Jean 17:3<\/h2>\n\n\n\n<p>Or, la vie \u00e9ternelle consiste \u00e0 te conna\u00eetre, toi le Dieu unique et v\u00e9ritable, et celui que tu as envoy\u00e9\u202f: J\u00e9sus-Christ.<\/p>\n\n\n\n<h2 class=\"wp-block-heading\">Romains 5:20-21<\/h2>\n\n\n\n<p>Quant \u00e0 la Loi, elle est intervenue pour que le p\u00e9ch\u00e9 prolif\u00e8re. Mais l\u00e0 o\u00f9 le p\u00e9ch\u00e9 a prolif\u00e9r\u00e9, la gr\u00e2ce a surabond\u00e9 pour que, comme le p\u00e9ch\u00e9 a r\u00e9gn\u00e9 par la mort, de m\u00eame la gr\u00e2ce r\u00e8gne par la justice que Dieu accorde et qui aboutit \u00e0 la vie \u00e9ternelle par J\u00e9sus-Christ notre Seigneur.<\/p>\n\n\n\n<h2 class=\"wp-block-heading\">Romains 6:22<\/h2>\n\n\n\n<p>Mais maintenant, affranchis du p\u00e9ch\u00e9 et devenus esclaves de Dieu, le fruit que vous portez, c\u2019est une vie sainte, et le r\u00e9sultat auquel vous aboutissez, c\u2019est la vie \u00e9ternelle.<\/p>\n\n\n\n<h2 class=\"wp-block-heading\">Romains 6:23<\/h2>\n\n\n\n<p>Car le salaire que verse le p\u00e9ch\u00e9, c\u2019est la mort, mais le don de la gr\u00e2ce que Dieu accorde, c\u2019est la vie \u00e9ternelle dans l\u2019union avec J\u00e9sus-Christ notre Seigneur.<\/p>\n\n\n\n<h2 class=\"wp-block-heading\">Galates 6:8<\/h2>\n\n\n\n<p>Celui qui s\u00e8me pour satisfaire ses propres d\u00e9sirs d\u2019homme livr\u00e9 \u00e0 lui-m\u00eame r\u00e9coltera ce que produit cet homme, c\u2019est-\u00e0-dire la corruption. Mais celui qui s\u00e8me pour l\u2019Esprit moissonnera ce que produit l\u2019Esprit\u202f: la vie \u00e9ternelle.<\/p>\n\n\n\n<h2 class=\"wp-block-heading\">Tite 3:7<\/h2>\n\n\n\n<p>Il l\u2019a fait pour que, d\u00e9clar\u00e9s justes par sa gr\u00e2ce, nous devenions h\u00e9ritiers, selon notre esp\u00e9rance de la vie \u00e9ternelle.<\/p>\n\n\n\n<h2 class=\"wp-block-heading\">1 Jean 1:2<\/h2>\n\n\n\n<p>Celui qui est la vie s\u2019est manifest\u00e9\u202f: nous l\u2019avons vu, nous en parlons en t\u00e9moins et nous vous annon\u00e7ons la vie \u00e9ternelle qui \u00e9tait aupr\u00e8s du P\u00e8re et qui s\u2019est manifest\u00e9e pour nous.\u2006\u2013<\/p>\n\n\n\n<h2 class=\"wp-block-heading\">1 Jean 2:25<\/h2>\n\n\n\n<p>Et voici la promesse qu\u2019il vous a faite\u202f: la vie \u00e9ternelle.<\/p>\n\n\n\n<h2 class=\"wp-block-heading\">1 Jean 3:15<\/h2>\n\n\n\n<p>Car si quelqu\u2019un d\u00e9teste son fr\u00e8re, c\u2019est un meurtrier, et vous savez qu\u2019aucun meurtrier ne poss\u00e8de en lui la vie \u00e9ternelle.<\/p>\n\n\n\n<h2 class=\"wp-block-heading\">1 Jean 5:11<\/h2>\n\n\n\n<p>Et qu\u2019affirme ce t\u00e9moignage\u202f? Il dit que Dieu nous a donn\u00e9 la vie \u00e9ternelle et que cette vie est en son Fils.<\/p>\n\n\n\n<h2 class=\"wp-block-heading\">1 Jean 5:13<\/h2>\n\n\n\n<p>Je vous ai \u00e9crit cela, pour que vous sachiez que vous avez la vie \u00e9ternelle, vous qui croyez au Fils de Dieu.<\/p>\n\n\n\n<h2 class=\"wp-block-heading\">1 Jean 5:20<\/h2>\n\n\n\n<p>Mais nous savons aussi que le Fils de Dieu est venu et qu\u2019il nous a donn\u00e9 l\u2019intelligence pour que nous connaissions le Dieu v\u00e9ritable. Ainsi, nous sommes unis au Dieu v\u00e9ritable, de par notre union \u00e0 son Fils J\u00e9sus-Christ. Ce Fils est lui-m\u00eame le Dieu v\u00e9ritable et la vie \u00e9ternelle.<\/p>\n\n\n\n<h2 class=\"wp-block-heading\">Jude 21<\/h2>\n\n\n\n<p>Maintenez-vous dans l\u2019amour de Dieu en attendant que notre Seigneur J\u00e9sus-Christ, dans sa compassion, vous accorde la vie \u00e9ternelle.<\/p>\n\n\n\n<h2 class=\"wp-block-heading\">Lire Aussi:<\/h2>\n\n\n\n<ul class=\"wp-block-list\"><li><a href=\"https:\/\/thebibleverses.org\/fr\/\">Versets Bibliques par Sujets<\/a><\/li><li><a href=\"https:\/\/thebibleverses.org\/fr\/amour\/\">Versets Bibliques sur l\u2019Amour<\/a><\/li><li><a href=\"https:\/\/thebibleverses.org\/fr\/force\/\">Versets Bibliques sur la Force<\/a><\/li><li><a href=\"https:\/\/thebibleverses.org\/fr\/foi\/\">Versets Bibliques sur la Foi<\/a><\/li><li><a href=\"https:\/\/thebibleverses.org\/fr\/jeunes\/\">Versets Bibliques pour les Jeunes<\/a><\/li><li><a href=\"https:\/\/thebibleverses.org\/fr\/amitie\/\">Versets Bibliques sur l\u2019Amiti\u00e9<\/a><\/li><li><a href=\"https:\/\/thebibleverses.org\/fr\/guerison\/\">Versets Bibliques sur la Gu\u00e9rison<\/a><\/li><\/ul>\n","protected":false},"excerpt":{"rendered":"<p>Matthieu 19:29 Tous ceux qui auront quitt\u00e9, \u00e0 cause de moi, leurs maisons, leurs fr\u00e8res ou leurs s\u0153urs, leur p\u00e8re ou leur m\u00e8re, leurs enfants ou leur terre, recevront cent fois plus et auront part \u00e0 la vie \u00e9ternelle. Jean 3:16 Oui, Dieu a tant aim\u00e9 le monde qu\u2019il a donn\u00e9 son Fils, son unique, [&hellip;]<\/p>\n","protected":false},"author":1,"featured_media":221,"parent":0,"menu_order":0,"comment_status":"open","ping_status":"closed","template":"","meta":{"footnotes":""},"class_list":["post-220","page","type-page","status-publish","has-post-thumbnail","hentry","entry","fw-tab-6 fw-tabr-4"],"_links":{"self":[{"href":"https:\/\/thebibleverses.org\/fr\/wp-json\/wp\/v2\/pages\/220","targetHints":{"allow":["GET"]}}],"collection":[{"href":"https:\/\/thebibleverses.org\/fr\/wp-json\/wp\/v2\/pages"}],"about":[{"href":"https:\/\/thebibleverses.org\/fr\/wp-json\/wp\/v2\/types\/page"}],"author":[{"embeddable":true,"href":"https:\/\/thebibleverses.org\/fr\/wp-json\/wp\/v2\/users\/1"}],"replies":[{"embeddable":true,"href":"https:\/\/thebibleverses.org\/fr\/wp-json\/wp\/v2\/comments?post=220"}],"version-history":[{"count":0,"href":"https:\/\/thebibleverses.org\/fr\/wp-json\/wp\/v2\/pages\/220\/revisions"}],"wp:featuredmedia":[{"embeddable":true,"href":"https:\/\/thebibleverses.org\/fr\/wp-json\/wp\/v2\/media\/221"}],"wp:attachment":[{"href":"https:\/\/thebibleverses.org\/fr\/wp-json\/wp\/v2\/media?parent=220"}],"curies":[{"name":"wp","href":"https:\/\/api.w.org\/{rel}","templated":true}]}}