{"id":217,"date":"2022-08-09T22:32:28","date_gmt":"2022-08-09T20:32:28","guid":{"rendered":"https:\/\/thebibleverses.org\/fr\/?page_id=217"},"modified":"2022-10-11T23:48:56","modified_gmt":"2022-10-11T21:48:56","slug":"volonte-de-dieu","status":"publish","type":"page","link":"https:\/\/thebibleverses.org\/fr\/volonte-de-dieu\/","title":{"rendered":"25 Versets Bibliques sur la Volont\u00e9 de Dieu"},"content":{"rendered":"<div class=\"wp-block-image\">\n<figure class=\"aligncenter size-large\"><img decoding=\"async\" width=\"1024\" height=\"631\" data-src=\"https:\/\/thebibleverses.org\/fr\/wp-content\/uploads\/2022\/08\/Versets-Bibliques-sur-la-Volonte-de-Dieu-1024x631.webp\" alt=\"Versets Bibliques sur la Volont\u00e9 de Dieu\" class=\"wp-image-218 lazyload\" data-srcset=\"https:\/\/thebibleverses.org\/fr\/wp-content\/uploads\/2022\/08\/Versets-Bibliques-sur-la-Volonte-de-Dieu-1024x631.webp 1024w, https:\/\/thebibleverses.org\/fr\/wp-content\/uploads\/2022\/08\/Versets-Bibliques-sur-la-Volonte-de-Dieu-300x185.webp 300w, https:\/\/thebibleverses.org\/fr\/wp-content\/uploads\/2022\/08\/Versets-Bibliques-sur-la-Volonte-de-Dieu-768x474.webp 768w, https:\/\/thebibleverses.org\/fr\/wp-content\/uploads\/2022\/08\/Versets-Bibliques-sur-la-Volonte-de-Dieu-320x197.webp 320w, https:\/\/thebibleverses.org\/fr\/wp-content\/uploads\/2022\/08\/Versets-Bibliques-sur-la-Volonte-de-Dieu-450x278.webp 450w, https:\/\/thebibleverses.org\/fr\/wp-content\/uploads\/2022\/08\/Versets-Bibliques-sur-la-Volonte-de-Dieu-720x444.webp 720w, https:\/\/thebibleverses.org\/fr\/wp-content\/uploads\/2022\/08\/Versets-Bibliques-sur-la-Volonte-de-Dieu.webp 1200w\" data-sizes=\"(max-width: 1024px) 100vw, 1024px\" src=\"data:image\/svg+xml;base64,PHN2ZyB3aWR0aD0iMSIgaGVpZ2h0PSIxIiB4bWxucz0iaHR0cDovL3d3dy53My5vcmcvMjAwMC9zdmciPjwvc3ZnPg==\" style=\"--smush-placeholder-width: 1024px; --smush-placeholder-aspect-ratio: 1024\/631;\" \/><figcaption>Versets Bibliques sur la Volont\u00e9 de Dieu &#8211; La Bible du Semeur (BDS)<\/figcaption><\/figure><\/div>\n\n\n<h2 class=\"wp-block-heading\">Gen\u00e8se 18:19<\/h2>\n\n\n\n<p>Car je l\u2019ai choisi pour qu\u2019il prescrive \u00e0 ses descendants et \u00e0 tous les siens apr\u00e8s lui de faire la volont\u00e9 de l\u2019Eternel, en faisant ce qui est juste et droit\u202f; ainsi j\u2019accomplirai les promesses que je lui ai faites.<\/p>\n\n\n\n<h2 class=\"wp-block-heading\">Psaumes 40:9<\/h2>\n\n\n\n<p>Je prends plaisir \u00e0 faire |ta volont\u00e9, mon Dieu, et ta Loi est grav\u00e9e |tout au fond de mon c\u0153ur.<\/p>\n\n\n\n<h2 class=\"wp-block-heading\">Psaumes 103:21<\/h2>\n\n\n\n<p>B\u00e9nissez l\u2019Eternel, |vous toutes ses arm\u00e9es c\u00e9lestes, vous qui, \u00e0 son service, |ex\u00e9cutez sa volont\u00e9.<\/p>\n\n\n\n<h2 class=\"wp-block-heading\">Matthieu 6:10<\/h2>\n\n\n\n<p>Que ton r\u00e8gne vienne, que ta volont\u00e9 soit faite, sur la terre comme au ciel.<\/p>\n\n\n\n<h2 class=\"wp-block-heading\">Matthieu 7:21<\/h2>\n\n\n\n<p>Pour entrer dans le royaume des cieux, il ne suffit pas de me dire\u202f: \u00ab Seigneur\u202f! Seigneur\u202f! \u00bb, il faut accomplir la volont\u00e9 de mon P\u00e8re c\u00e9leste.<\/p>\n\n\n\n<h2 class=\"wp-block-heading\">Matthieu 12:50<\/h2>\n\n\n\n<p>Car celui qui fait la volont\u00e9 de mon P\u00e8re c\u00e9leste, celui-l\u00e0 est pour moi un fr\u00e8re, une s\u0153ur, une m\u00e8re.<\/p>\n\n\n\n<h2 class=\"wp-block-heading\">Matthieu 18:14<\/h2>\n\n\n\n<p>Il en est de m\u00eame pour votre P\u00e8re c\u00e9leste\u202f: il ne veut pas qu\u2019un seul de ces petits se perde.<\/p>\n\n\n\n<h2 class=\"wp-block-heading\">Matthieu 26:42<\/h2>\n\n\n\n<p>Puis il s\u2019\u00e9loigna une deuxi\u00e8me fois, et se remit \u00e0 prier en disant\u202f: O mon P\u00e8re, s\u2019il n\u2019est pas possible que cette coupe me soit \u00e9pargn\u00e9e, s\u2019il faut que je la boive, alors, que ta volont\u00e9 soit faite.<\/p>\n\n\n\n<h2 class=\"wp-block-heading\">Marc 3:35<\/h2>\n\n\n\n<p>Car celui qui fait la volont\u00e9 de Dieu, celui-l\u00e0 est pour moi un fr\u00e8re, une s\u0153ur, ou une m\u00e8re.<\/p>\n\n\n\n<h2 class=\"wp-block-heading\">Jean 1:12-13<\/h2>\n\n\n\n<p>Certains pourtant l\u2019ont accueilli\u202f; ils ont cru en lui. A tous ceux-l\u00e0, il a accord\u00e9 le privil\u00e8ge de devenir enfants de Dieu. Ce n\u2019est pas par une naissance naturelle, ni sous l\u2019impulsion d\u2019un d\u00e9sir, ou encore par la volont\u00e9 d\u2019un homme, qu\u2019ils le sont devenus\u202f; mais c\u2019est de Dieu qu\u2019ils sont n\u00e9s.<\/p>\n\n\n\n<h2 class=\"wp-block-heading\">Jean 6:40<\/h2>\n\n\n\n<p>Oui, telle est la volont\u00e9 de mon P\u00e8re\u202f: que tous ceux qui tournent leurs regards vers le Fils et qui croient en lui, poss\u00e8dent la vie \u00e9ternelle, et moi, je les ressusciterai au dernier jour.<\/p>\n\n\n\n<h2 class=\"wp-block-heading\">Jean 7:17<\/h2>\n\n\n\n<p>Si quelqu\u2019un est d\u00e9cid\u00e9 \u00e0 faire la volont\u00e9 de Dieu, il reconna\u00eetra bien si mon enseignement vient de Dieu ou si je parle de ma propre initiative.<\/p>\n\n\n\n<h2 class=\"wp-block-heading\">Jean 9:31<\/h2>\n\n\n\n<p>Tout le monde sait que Dieu n\u2019exauce pas les p\u00e9cheurs\u202f; mais si quelqu\u2019un est attach\u00e9 \u00e0 Dieu et fait sa volont\u00e9, il l\u2019exauce.<\/p>\n\n\n\n<h2 class=\"wp-block-heading\">Romains 8:27<\/h2>\n\n\n\n<p>Et Dieu qui scrute les c\u0153urs sait ce vers quoi tend l\u2019Esprit, car c\u2019est en accord avec Dieu qu\u2019il interc\u00e8de pour les membres du peuple saint.<\/p>\n\n\n\n<h2 class=\"wp-block-heading\">Romains 12:2<\/h2>\n\n\n\n<p>Ne prenez pas comme mod\u00e8le le monde actuel, mais soyez transform\u00e9s par le renouvellement de votre intelligence, pour pouvoir discerner la volont\u00e9 de Dieu\u202f: ce qui est bon, ce qui lui pla\u00eet, ce qui est parfait.<\/p>\n\n\n\n<h2 class=\"wp-block-heading\">Galates 1:3-4<\/h2>\n\n\n\n<p>Que la gr\u00e2ce et la paix vous soient accord\u00e9es par Dieu notre P\u00e8re et par le Seigneur J\u00e9sus-Christ. Christ s\u2019est offert lui-m\u00eame en sacrifice pour expier nos p\u00e9ch\u00e9s, afin de nous d\u00e9livrer du monde pr\u00e9sent domin\u00e9 par le mal\u202f: il a ainsi accompli la volont\u00e9 de Dieu, notre P\u00e8re.<\/p>\n\n\n\n<h2 class=\"wp-block-heading\">\u00c9ph\u00e9siens 1:1<\/h2>\n\n\n\n<p>Paul, ap\u00f4tre de J\u00e9sus-Christ par la volont\u00e9 de Dieu, salue ceux qui [\u00e0 Eph\u00e8se] font partie du peuple saint, et croient en J\u00e9sus-Christ.<\/p>\n\n\n\n<h2 class=\"wp-block-heading\">\u00c9ph\u00e9siens 6:6<\/h2>\n\n\n\n<p>N\u2019accomplissez pas votre t\u00e2che seulement quand on vous surveille, comme s\u2019il s\u2019agissait de plaire \u00e0 des hommes, mais agissez comme des esclaves de Christ, qui accomplissent la volont\u00e9 de Dieu de tout leur c\u0153ur.<\/p>\n\n\n\n<h2 class=\"wp-block-heading\">1 Thessaloniciens 4:3<\/h2>\n\n\n\n<p>Ce que Dieu veut, c\u2019est que vous deveniez toujours plus saints\u202f: que vous vous absteniez de toute immoralit\u00e9.<\/p>\n\n\n\n<h2 class=\"wp-block-heading\">1 Thessaloniciens 5:18<\/h2>\n\n\n\n<p>Remerciez Dieu en toute circonstance\u202f: telle est pour vous la volont\u00e9 que Dieu a exprim\u00e9e en J\u00e9sus-Christ.<\/p>\n\n\n\n<h2 class=\"wp-block-heading\">1 Pierre 2:15<\/h2>\n\n\n\n<p>Car voici ce que Dieu veut\u202f: c\u2019est qu\u2019en pratiquant le bien, vous r\u00e9duisiez au silence toutes les calomnies port\u00e9es contre vous par les insens\u00e9s, dans leur ignorance.<\/p>\n\n\n\n<h2 class=\"wp-block-heading\">1 Pierre 3:17<\/h2>\n\n\n\n<p>Car il vaut mieux souffrir en faisant le bien, si telle est la volont\u00e9 de Dieu, qu\u2019en faisant le mal.<\/p>\n\n\n\n<h2 class=\"wp-block-heading\">1 Pierre 4:1-2<\/h2>\n\n\n\n<p>Ainsi donc, puisque Christ a souffert dans son corps, armez-vous aussi de la m\u00eame pens\u00e9e. En effet, celui qui a souffert dans son corps a rompu avec le p\u00e9ch\u00e9 afin de ne plus vivre, le temps qui lui reste \u00e0 passer dans son corps, selon les passions humaines, mais selon la volont\u00e9 de Dieu.<\/p>\n\n\n\n<h2 class=\"wp-block-heading\">1 Pierre 4:19<\/h2>\n\n\n\n<p>Ainsi donc, que ceux qui souffrent parce qu\u2019ils ob\u00e9issent \u00e0 la volont\u00e9 de Dieu s\u2019en remettent enti\u00e8rement au Cr\u00e9ateur, qui est fid\u00e8le, et qu\u2019ils continuent \u00e0 faire le bien.<\/p>\n\n\n\n<h2 class=\"wp-block-heading\">1 Jean 2:17<\/h2>\n\n\n\n<p>Or le monde passe avec tous ses attraits, mais celui qui accomplit la volont\u00e9 de Dieu demeure \u00e9ternellement.<\/p>\n\n\n\n<h2 class=\"wp-block-heading\">Lire Aussi:<\/h2>\n\n\n\n<ul class=\"wp-block-list\"><li><a href=\"https:\/\/thebibleverses.org\/fr\/\">Versets Bibliques par Sujets<\/a><\/li><li><a href=\"https:\/\/thebibleverses.org\/fr\/amour\/\">Versets Bibliques sur l\u2019Amour<\/a><\/li><li><a href=\"https:\/\/thebibleverses.org\/fr\/force\/\">Versets Bibliques sur la Force<\/a><\/li><li><a href=\"https:\/\/thebibleverses.org\/fr\/foi\/\">Versets Bibliques sur la Foi<\/a><\/li><li><a href=\"https:\/\/thebibleverses.org\/fr\/jeunes\/\">Versets Bibliques pour les Jeunes<\/a><\/li><li><a href=\"https:\/\/thebibleverses.org\/fr\/amitie\/\">Versets Bibliques sur l\u2019Amiti\u00e9<\/a><\/li><li><a href=\"https:\/\/thebibleverses.org\/fr\/guerison\/\">Versets Bibliques sur la Gu\u00e9rison<\/a><\/li><\/ul>\n","protected":false},"excerpt":{"rendered":"<p>Gen\u00e8se 18:19 Car je l\u2019ai choisi pour qu\u2019il prescrive \u00e0 ses descendants et \u00e0 tous les siens apr\u00e8s lui de faire la volont\u00e9 de l\u2019Eternel, en faisant ce qui est juste et droit\u202f; ainsi j\u2019accomplirai les promesses que je lui ai faites. Psaumes 40:9 Je prends plaisir \u00e0 faire |ta volont\u00e9, mon Dieu, et ta [&hellip;]<\/p>\n","protected":false},"author":1,"featured_media":218,"parent":0,"menu_order":0,"comment_status":"open","ping_status":"closed","template":"","meta":{"footnotes":""},"class_list":["post-217","page","type-page","status-publish","has-post-thumbnail","hentry","entry","fw-tab-6 fw-tabr-4"],"_links":{"self":[{"href":"https:\/\/thebibleverses.org\/fr\/wp-json\/wp\/v2\/pages\/217","targetHints":{"allow":["GET"]}}],"collection":[{"href":"https:\/\/thebibleverses.org\/fr\/wp-json\/wp\/v2\/pages"}],"about":[{"href":"https:\/\/thebibleverses.org\/fr\/wp-json\/wp\/v2\/types\/page"}],"author":[{"embeddable":true,"href":"https:\/\/thebibleverses.org\/fr\/wp-json\/wp\/v2\/users\/1"}],"replies":[{"embeddable":true,"href":"https:\/\/thebibleverses.org\/fr\/wp-json\/wp\/v2\/comments?post=217"}],"version-history":[{"count":0,"href":"https:\/\/thebibleverses.org\/fr\/wp-json\/wp\/v2\/pages\/217\/revisions"}],"wp:featuredmedia":[{"embeddable":true,"href":"https:\/\/thebibleverses.org\/fr\/wp-json\/wp\/v2\/media\/218"}],"wp:attachment":[{"href":"https:\/\/thebibleverses.org\/fr\/wp-json\/wp\/v2\/media?parent=217"}],"curies":[{"name":"wp","href":"https:\/\/api.w.org\/{rel}","templated":true}]}}