{"id":214,"date":"2022-08-09T22:18:30","date_gmt":"2022-08-09T20:18:30","guid":{"rendered":"https:\/\/thebibleverses.org\/fr\/?page_id=214"},"modified":"2022-10-11T23:47:57","modified_gmt":"2022-10-11T21:47:57","slug":"unite","status":"publish","type":"page","link":"https:\/\/thebibleverses.org\/fr\/unite\/","title":{"rendered":"20 Versets Bibliques sur l&rsquo;Unit\u00e9"},"content":{"rendered":"<div class=\"wp-block-image\">\n<figure class=\"aligncenter size-large\"><img decoding=\"async\" width=\"1024\" height=\"631\" data-src=\"https:\/\/thebibleverses.org\/fr\/wp-content\/uploads\/2022\/08\/Versets-Bibliques-sur-lUnite-1024x631.webp\" alt=\"Versets Bibliques sur l'Unit\u00e9\" class=\"wp-image-215 lazyload\" data-srcset=\"https:\/\/thebibleverses.org\/fr\/wp-content\/uploads\/2022\/08\/Versets-Bibliques-sur-lUnite-1024x631.webp 1024w, https:\/\/thebibleverses.org\/fr\/wp-content\/uploads\/2022\/08\/Versets-Bibliques-sur-lUnite-300x185.webp 300w, https:\/\/thebibleverses.org\/fr\/wp-content\/uploads\/2022\/08\/Versets-Bibliques-sur-lUnite-768x474.webp 768w, https:\/\/thebibleverses.org\/fr\/wp-content\/uploads\/2022\/08\/Versets-Bibliques-sur-lUnite-320x197.webp 320w, https:\/\/thebibleverses.org\/fr\/wp-content\/uploads\/2022\/08\/Versets-Bibliques-sur-lUnite-450x278.webp 450w, https:\/\/thebibleverses.org\/fr\/wp-content\/uploads\/2022\/08\/Versets-Bibliques-sur-lUnite-720x444.webp 720w, https:\/\/thebibleverses.org\/fr\/wp-content\/uploads\/2022\/08\/Versets-Bibliques-sur-lUnite.webp 1200w\" data-sizes=\"(max-width: 1024px) 100vw, 1024px\" src=\"data:image\/svg+xml;base64,PHN2ZyB3aWR0aD0iMSIgaGVpZ2h0PSIxIiB4bWxucz0iaHR0cDovL3d3dy53My5vcmcvMjAwMC9zdmciPjwvc3ZnPg==\" style=\"--smush-placeholder-width: 1024px; --smush-placeholder-aspect-ratio: 1024\/631;\" \/><figcaption>Versets Bibliques sur l&rsquo;Unit\u00e9 &#8211; La Bible du Semeur (BDS)<\/figcaption><\/figure><\/div>\n\n\n<h2 class=\"wp-block-heading\">Psaumes 133:1<\/h2>\n\n\n\n<p>Oh\u202f! Qu\u2019il est bon |et qu\u2019il est agr\u00e9able pour des fr\u00e8res de se trouver ensemble\u202f!<\/p>\n\n\n\n<h2 class=\"wp-block-heading\">Eccl\u00e9siaste 4:12<\/h2>\n\n\n\n<p>Un homme seul est facilement ma\u00eetris\u00e9 par un adversaire, mais \u00e0 deux ils pourront tenir t\u00eate \u00e0 celui-ci. Et une corde faite de trois cordelettes tress\u00e9es n\u2019est pas vite rompue.<\/p>\n\n\n\n<h2 class=\"wp-block-heading\">Matthieu 18:20<\/h2>\n\n\n\n<p>Car l\u00e0 o\u00f9 deux ou trois sont ensemble en mon nom, je suis pr\u00e9sent au milieu d\u2019eux.<\/p>\n\n\n\n<h2 class=\"wp-block-heading\">Matthieu 23:8<\/h2>\n\n\n\n<p>Mais vous, ne vous faites pas appeler \u00ab Ma\u00eetre \u00bb, car pour vous, il n\u2019y a qu\u2019un seul Ma\u00eetre, et vous \u00eates tous fr\u00e8res.<\/p>\n\n\n\n<h2 class=\"wp-block-heading\">Actes 1:14<\/h2>\n\n\n\n<p>Eux tous, d\u2019un commun accord, se retrouvaient souvent pour prier, avec quelques femmes, avec Marie la m\u00e8re de J\u00e9sus, et avec les fr\u00e8res de J\u00e9sus.<\/p>\n\n\n\n<h2 class=\"wp-block-heading\">Actes 2:1<\/h2>\n\n\n\n<p>Quand le jour de la Pentec\u00f4te arriva, ils \u00e9taient tous rassembl\u00e9s au m\u00eame endroit.<\/p>\n\n\n\n<h2 class=\"wp-block-heading\">Actes 2:46<\/h2>\n\n\n\n<p>Tous les jours, d\u2019un commun accord, ils se retrouvaient dans la cour du Temple\u202f; ils rompaient le pain dans les maisons, et prenaient leurs repas dans la joie, avec simplicit\u00e9 de c\u0153ur.<\/p>\n\n\n\n<h2 class=\"wp-block-heading\">Romains 12:4-5<\/h2>\n\n\n\n<p>Chacun de nous a, dans un seul corps, de nombreux organes\u202f; mais ces organes n\u2019ont pas la m\u00eame fonction. De m\u00eame, alors que nous sommes nombreux, nous formons ensemble un seul corps par notre union avec Christ, et nous sommes tous, et chacun pour sa part, membres les uns des autres.<\/p>\n\n\n\n<h2 class=\"wp-block-heading\">Romains 12:16<\/h2>\n\n\n\n<p>Ayez les uns pour les autres une \u00e9gale consid\u00e9ration. Ne visez pas \u00e0 ce qui est trop haut, mais laissez-vous attirer par ce qui est humble. Ne vous prenez pas pour des sages.<\/p>\n\n\n\n<h2 class=\"wp-block-heading\">Romains 15:5-6<\/h2>\n\n\n\n<p>Que Dieu, source de toute patience et de tout encouragement, vous donne de vivre en plein accord les uns avec les autres, conform\u00e9ment \u00e0 l\u2019enseignement de J\u00e9sus-Christ. Ainsi, d\u2019un commun accord et d\u2019une seule voix, vous c\u00e9l\u00e9brerez la gloire du Dieu et P\u00e8re de notre Seigneur J\u00e9sus-Christ.<\/p>\n\n\n\n<h2 class=\"wp-block-heading\">1 Corinthiens 10:17<\/h2>\n\n\n\n<p>Comme il n\u2019y a qu\u2019un seul pain, nous tous, malgr\u00e9 notre grand nombre, nous ne formons qu\u2019un seul corps, puisque nous partageons entre tous ce pain unique.<\/p>\n\n\n\n<h2 class=\"wp-block-heading\">1 Corinthiens 12:12-13<\/h2>\n\n\n\n<p>Le corps humain forme un tout, et pourtant il a beaucoup d\u2019organes. Et tous ces organes, dans leur multiplicit\u00e9, ne constituent qu\u2019un seul corps. Il en va de m\u00eame pour ceux qui sont unis \u00e0 Christ. En effet, nous avons tous \u00e9t\u00e9 baptis\u00e9s dans un seul et m\u00eame Esprit pour former un seul corps, que nous soyons Juifs ou non-Juifs, esclaves ou hommes libres. C\u2019est de ce seul et m\u00eame Esprit que nous avons tous re\u00e7u \u00e0 boire.<\/p>\n\n\n\n<h2 class=\"wp-block-heading\">\u00c9ph\u00e9siens 2:13-16<\/h2>\n\n\n\n<p>Mais maintenant, par votre union avec J\u00e9sus-Christ, vous qui, autrefois, \u00e9tiez loin, vous \u00eates devenus proches gr\u00e2ce au sacrifice de Christ. Car nous lui devons notre paix. Il a, en effet, instaur\u00e9 l\u2019unit\u00e9 entre les Juifs et les non-Juifs et abattu le mur qui les s\u00e9parait\u202f: en livrant son corps \u00e0 la mort, il a annul\u00e9 les effets de ce qui faisait d\u2019eux des ennemis, c\u2019est-\u00e0-dire de la Loi de Mo\u00efse, dans ses commandements et ses r\u00e8gles. Il voulait ainsi cr\u00e9er une seule et nouvelle humanit\u00e9 \u00e0 partir des Juifs et des non-Juifs qu\u2019il a unis \u00e0 lui-m\u00eame, en \u00e9tablissant la paix. Il voulait aussi les r\u00e9concilier les uns et les autres avec Dieu et les unir en un seul corps, en supprimant, par sa mort sur la croix, ce qui faisait d\u2019eux des ennemis.<\/p>\n\n\n\n<h2 class=\"wp-block-heading\">\u00c9ph\u00e9siens 4:3-4<\/h2>\n\n\n\n<p>Efforcez-vous de conserver l\u2019unit\u00e9 que donne l\u2019Esprit, dans la paix qui vous lie les uns aux autres. Il y a un seul corps et un seul Esprit\u202f; de m\u00eame, Dieu vous a fait venir \u00e0 lui en vous donnant une seule esp\u00e9rance\u202f: celle \u00e0 laquelle vous avez \u00e9t\u00e9 appel\u00e9s.<\/p>\n\n\n\n<h2 class=\"wp-block-heading\">\u00c9ph\u00e9siens 4:13<\/h2>\n\n\n\n<p>Ainsi nous parviendrons tous ensemble \u00e0 l\u2019unit\u00e9 dans la foi et dans la connaissance du Fils de Dieu, \u00e0 l\u2019\u00e9tat d\u2019adultes, \u00e0 un stade de maturit\u00e9 o\u00f9 se manifeste la pl\u00e9nitude qui nous vient de Christ.<\/p>\n\n\n\n<h2 class=\"wp-block-heading\">Philippiens 1:27<\/h2>\n\n\n\n<p>Quoi qu\u2019il en soit, menez une vie digne de l\u2019Evangile de Christ, en vrais citoyens de son royaume. Ainsi, que je vienne vous voir ou que je reste loin de vous, je pourrai apprendre que vous tenez bon, unis par un m\u00eame esprit, luttant ensemble d\u2019un m\u00eame c\u0153ur pour la foi fond\u00e9e sur l\u2019Evangile.<\/p>\n\n\n\n<h2 class=\"wp-block-heading\">Philippiens 2:1-2<\/h2>\n\n\n\n<p>N\u2019avez-vous pas trouv\u00e9 en Christ un r\u00e9confort, dans l\u2019amour un encouragement, par l\u2019Esprit une communion entre vous\u202f? N\u2019avez-vous pas de l\u2019affection et de la bont\u00e9 les uns pour les autres\u202f? Rendez donc ma joie compl\u00e8te\u202f: tendez \u00e0 vivre en accord les uns avec les autres. Et pour cela, ayez le m\u00eame amour, une m\u00eame pens\u00e9e, et tendez au m\u00eame but.<\/p>\n\n\n\n<h2 class=\"wp-block-heading\">1 Pierre 3:8<\/h2>\n\n\n\n<p>Enfin, visez tous le m\u00eame but, partagez vos peines, aimez-vous comme des fr\u00e8res et des s\u0153urs, soyez bons, soyez humbles.<\/p>\n\n\n\n<h2 class=\"wp-block-heading\">1 Jean 1:7<\/h2>\n\n\n\n<p>Mais si nous vivons dans la lumi\u00e8re, tout comme Dieu lui-m\u00eame est dans la lumi\u00e8re, alors nous sommes en communion les uns avec les autres et, parce que J\u00e9sus, son Fils, a vers\u00e9 son sang, nous sommes purifi\u00e9s de tout p\u00e9ch\u00e9.<\/p>\n\n\n\n<h2 class=\"wp-block-heading\">1 Jean 4:11<\/h2>\n\n\n\n<p>Mes chers amis, puisque Dieu nous a tant aim\u00e9s, nous devons, nous aussi, nous aimer les uns les autres.<\/p>\n\n\n\n<h2 class=\"wp-block-heading\">Lire Aussi:<\/h2>\n\n\n\n<ul class=\"wp-block-list\"><li><a href=\"https:\/\/thebibleverses.org\/fr\/\">Versets Bibliques par Sujets<\/a><\/li><li><a href=\"https:\/\/thebibleverses.org\/fr\/amour\/\">Versets Bibliques sur l\u2019Amour<\/a><\/li><li><a href=\"https:\/\/thebibleverses.org\/fr\/force\/\">Versets Bibliques sur la Force<\/a><\/li><li><a href=\"https:\/\/thebibleverses.org\/fr\/foi\/\">Versets Bibliques sur la Foi<\/a><\/li><li><a href=\"https:\/\/thebibleverses.org\/fr\/jeunes\/\">Versets Bibliques pour les Jeunes<\/a><\/li><li><a href=\"https:\/\/thebibleverses.org\/fr\/amitie\/\">Versets Bibliques sur l\u2019Amiti\u00e9<\/a><\/li><li><a href=\"https:\/\/thebibleverses.org\/fr\/guerison\/\">Versets Bibliques sur la Gu\u00e9rison<\/a><\/li><\/ul>\n","protected":false},"excerpt":{"rendered":"<p>Psaumes 133:1 Oh\u202f! Qu\u2019il est bon |et qu\u2019il est agr\u00e9able pour des fr\u00e8res de se trouver ensemble\u202f! Eccl\u00e9siaste 4:12 Un homme seul est facilement ma\u00eetris\u00e9 par un adversaire, mais \u00e0 deux ils pourront tenir t\u00eate \u00e0 celui-ci. Et une corde faite de trois cordelettes tress\u00e9es n\u2019est pas vite rompue. Matthieu 18:20 Car l\u00e0 o\u00f9 deux [&hellip;]<\/p>\n","protected":false},"author":1,"featured_media":215,"parent":0,"menu_order":0,"comment_status":"open","ping_status":"closed","template":"","meta":{"footnotes":""},"class_list":["post-214","page","type-page","status-publish","has-post-thumbnail","hentry","entry","fw-tab-6 fw-tabr-4"],"_links":{"self":[{"href":"https:\/\/thebibleverses.org\/fr\/wp-json\/wp\/v2\/pages\/214","targetHints":{"allow":["GET"]}}],"collection":[{"href":"https:\/\/thebibleverses.org\/fr\/wp-json\/wp\/v2\/pages"}],"about":[{"href":"https:\/\/thebibleverses.org\/fr\/wp-json\/wp\/v2\/types\/page"}],"author":[{"embeddable":true,"href":"https:\/\/thebibleverses.org\/fr\/wp-json\/wp\/v2\/users\/1"}],"replies":[{"embeddable":true,"href":"https:\/\/thebibleverses.org\/fr\/wp-json\/wp\/v2\/comments?post=214"}],"version-history":[{"count":0,"href":"https:\/\/thebibleverses.org\/fr\/wp-json\/wp\/v2\/pages\/214\/revisions"}],"wp:featuredmedia":[{"embeddable":true,"href":"https:\/\/thebibleverses.org\/fr\/wp-json\/wp\/v2\/media\/215"}],"wp:attachment":[{"href":"https:\/\/thebibleverses.org\/fr\/wp-json\/wp\/v2\/media?parent=214"}],"curies":[{"name":"wp","href":"https:\/\/api.w.org\/{rel}","templated":true}]}}