{"id":211,"date":"2022-08-09T22:11:12","date_gmt":"2022-08-09T20:11:12","guid":{"rendered":"https:\/\/thebibleverses.org\/fr\/?page_id=211"},"modified":"2022-10-11T23:47:49","modified_gmt":"2022-10-11T21:47:49","slug":"travail","status":"publish","type":"page","link":"https:\/\/thebibleverses.org\/fr\/travail\/","title":{"rendered":"15 Versets Bibliques sur le Travail"},"content":{"rendered":"<div class=\"wp-block-image\">\n<figure class=\"aligncenter size-large\"><img decoding=\"async\" width=\"1024\" height=\"631\" data-src=\"https:\/\/thebibleverses.org\/fr\/wp-content\/uploads\/2022\/08\/Versets-Bibliques-sur-le-Travail-1024x631.webp\" alt=\"Versets Bibliques sur le Travail\" class=\"wp-image-212 lazyload\" data-srcset=\"https:\/\/thebibleverses.org\/fr\/wp-content\/uploads\/2022\/08\/Versets-Bibliques-sur-le-Travail-1024x631.webp 1024w, https:\/\/thebibleverses.org\/fr\/wp-content\/uploads\/2022\/08\/Versets-Bibliques-sur-le-Travail-300x185.webp 300w, https:\/\/thebibleverses.org\/fr\/wp-content\/uploads\/2022\/08\/Versets-Bibliques-sur-le-Travail-768x474.webp 768w, https:\/\/thebibleverses.org\/fr\/wp-content\/uploads\/2022\/08\/Versets-Bibliques-sur-le-Travail-320x197.webp 320w, https:\/\/thebibleverses.org\/fr\/wp-content\/uploads\/2022\/08\/Versets-Bibliques-sur-le-Travail-450x278.webp 450w, https:\/\/thebibleverses.org\/fr\/wp-content\/uploads\/2022\/08\/Versets-Bibliques-sur-le-Travail-720x444.webp 720w, https:\/\/thebibleverses.org\/fr\/wp-content\/uploads\/2022\/08\/Versets-Bibliques-sur-le-Travail.webp 1200w\" data-sizes=\"(max-width: 1024px) 100vw, 1024px\" src=\"data:image\/svg+xml;base64,PHN2ZyB3aWR0aD0iMSIgaGVpZ2h0PSIxIiB4bWxucz0iaHR0cDovL3d3dy53My5vcmcvMjAwMC9zdmciPjwvc3ZnPg==\" style=\"--smush-placeholder-width: 1024px; --smush-placeholder-aspect-ratio: 1024\/631;\" \/><figcaption>Versets Bibliques sur le Travail &#8211; La Bible du Semeur (BDS)<\/figcaption><\/figure><\/div>\n\n\n<h2 class=\"wp-block-heading\">Gen\u00e8se 2:15<\/h2>\n\n\n\n<p>L\u2019Eternel Dieu prit l\u2019homme et l\u2019\u00e9tablit dans le jardin d\u2019Eden pour le cultiver et le garder.<\/p>\n\n\n\n<h2 class=\"wp-block-heading\">Psaumes 90:17<\/h2>\n\n\n\n<p>Que le Seigneur, |notre Dieu, nous accorde sa faveur\u202f! Fais prosp\u00e9rer pour nous |l\u2019ouvrage de nos mains\u202f! Oh oui\u202f! fais prosp\u00e9rer |l\u2019ouvrage de nos mains\u202f!<\/p>\n\n\n\n<h2 class=\"wp-block-heading\">Psaumes 128:1-2<\/h2>\n\n\n\n<p>Heureux es-tu, |toi qui crains l\u2019Eternel et qui suis les chemins |qu\u2019il a trac\u00e9s\u202f! Tu tireras profit |du travail de tes mains, tout ira bien pour toi |et tu seras heureux.<\/p>\n\n\n\n<h2 class=\"wp-block-heading\">Proverbes 10:4<\/h2>\n\n\n\n<p>La main nonchalante appauvrit, mais la main active enrichit.<\/p>\n\n\n\n<h2 class=\"wp-block-heading\">Proverbes 10:5<\/h2>\n\n\n\n<p>Celui qui amasse des provisions en \u00e9t\u00e9 est un fils intelligent, mais celui qui dort pendant la moisson est un fils qui fait honte.<\/p>\n\n\n\n<h2 class=\"wp-block-heading\">Proverbes 12:11<\/h2>\n\n\n\n<p>Qui travaille sa terre aura du pain en abondance, qui court apr\u00e8s des futilit\u00e9s est d\u00e9pourvu de sens.<\/p>\n\n\n\n<h2 class=\"wp-block-heading\">Proverbes 13:11<\/h2>\n\n\n\n<p>Une richesse acquise par des moyens douteux se dissipe\u202f; amass\u00e9e peu \u00e0 peu, elle se multiplie.<\/p>\n\n\n\n<h2 class=\"wp-block-heading\">Proverbes 14:23<\/h2>\n\n\n\n<p>A tout travail il y a du profit, mais le bavardage m\u00e8ne au d\u00e9nuement.<\/p>\n\n\n\n<h2 class=\"wp-block-heading\">Proverbes 20:13<\/h2>\n\n\n\n<p>N\u2019aime pas trop le sommeil, pour ne pas finir dans la pauvret\u00e9\u202f: garde tes yeux ouverts, et tu auras de quoi te rassasier.<\/p>\n\n\n\n<h2 class=\"wp-block-heading\">\u00c9ph\u00e9siens 4:28<\/h2>\n\n\n\n<p>Que le voleur cesse de d\u00e9rober\u202f; qu\u2019il se donne plut\u00f4t de la peine et travaille honn\u00eatement de ses mains pour qu\u2019il ait de quoi donner \u00e0 ceux qui sont dans le besoin.<\/p>\n\n\n\n<h2 class=\"wp-block-heading\">1 Thessaloniciens 4:11-12<\/h2>\n\n\n\n<p>En mettant votre point d\u2019honneur \u00e0 vivre dans la paix, \u00e0 vous occuper chacun de ses propres affaires, et \u00e0 gagner votre vie par votre propre travail, comme nous vous l\u2019avons d\u00e9j\u00e0 recommand\u00e9, afin de vous conduire d\u2019une mani\u00e8re respectable aux yeux de ceux qui sont en dehors de la famille de Dieu\u202f; ainsi vous ne d\u00e9pendrez de personne.<\/p>\n\n\n\n<h2 class=\"wp-block-heading\">2 Thessaloniciens 3:8<\/h2>\n\n\n\n<p>Nous n\u2019avons mang\u00e9 gratuitement le pain de personne. Mais, de nuit comme de jour, nous avons travaill\u00e9, dans la fatigue et la peine, pour n\u2019\u00eatre \u00e0 charge \u00e0 aucun d\u2019entre vous.<\/p>\n\n\n\n<h2 class=\"wp-block-heading\">2 Thessaloniciens 3:10<\/h2>\n\n\n\n<p>En effet, lorsque nous \u00e9tions chez vous, nous vous avons donn\u00e9 cette recommandation\u202f: \u00ab Que celui qui refuse de travailler renonce aussi \u00e0 manger \u00bb\u202f!<\/p>\n\n\n\n<h2 class=\"wp-block-heading\">2 Thessaloniciens 3:11-12<\/h2>\n\n\n\n<p>Or, nous apprenons que certains d\u2019entre vous m\u00e8nent une vie d\u00e9r\u00e9gl\u00e9e\u202f: ils ne travaillent pas et se m\u00ealent des affaires des autres. Nous invitons ces personnes-l\u00e0 \u00e0 suivre la recommandation suivante\u202f: au nom du Seigneur J\u00e9sus-Christ, travaillez dans la paix et gagnez vous-m\u00eames votre pain.<\/p>\n\n\n\n<h2 class=\"wp-block-heading\">1 Timoth\u00e9e 5:8<\/h2>\n\n\n\n<p>Si quelqu\u2019un ne prend pas soin des siens, en particulier des membres de sa famille, il a reni\u00e9 la foi et il est pire qu\u2019un incroyant.<\/p>\n\n\n\n<h2 class=\"wp-block-heading\">Lire Aussi:<\/h2>\n\n\n\n<ul class=\"wp-block-list\"><li><a href=\"https:\/\/thebibleverses.org\/fr\/\">Versets Bibliques par Sujets<\/a><\/li><li><a href=\"https:\/\/thebibleverses.org\/fr\/amour\/\">Versets Bibliques sur l\u2019Amour<\/a><\/li><li><a href=\"https:\/\/thebibleverses.org\/fr\/force\/\">Versets Bibliques sur la Force<\/a><\/li><li><a href=\"https:\/\/thebibleverses.org\/fr\/foi\/\">Versets Bibliques sur la Foi<\/a><\/li><li><a href=\"https:\/\/thebibleverses.org\/fr\/jeunes\/\">Versets Bibliques pour les Jeunes<\/a><\/li><li><a href=\"https:\/\/thebibleverses.org\/fr\/amitie\/\">Versets Bibliques sur l\u2019Amiti\u00e9<\/a><\/li><li><a href=\"https:\/\/thebibleverses.org\/fr\/guerison\/\">Versets Bibliques sur la Gu\u00e9rison<\/a><\/li><\/ul>\n","protected":false},"excerpt":{"rendered":"<p>Gen\u00e8se 2:15 L\u2019Eternel Dieu prit l\u2019homme et l\u2019\u00e9tablit dans le jardin d\u2019Eden pour le cultiver et le garder. Psaumes 90:17 Que le Seigneur, |notre Dieu, nous accorde sa faveur\u202f! Fais prosp\u00e9rer pour nous |l\u2019ouvrage de nos mains\u202f! Oh oui\u202f! fais prosp\u00e9rer |l\u2019ouvrage de nos mains\u202f! Psaumes 128:1-2 Heureux es-tu, |toi qui crains l\u2019Eternel et qui [&hellip;]<\/p>\n","protected":false},"author":1,"featured_media":212,"parent":0,"menu_order":0,"comment_status":"open","ping_status":"closed","template":"","meta":{"footnotes":""},"class_list":["post-211","page","type-page","status-publish","has-post-thumbnail","hentry","entry","fw-tab-6 fw-tabr-4"],"_links":{"self":[{"href":"https:\/\/thebibleverses.org\/fr\/wp-json\/wp\/v2\/pages\/211","targetHints":{"allow":["GET"]}}],"collection":[{"href":"https:\/\/thebibleverses.org\/fr\/wp-json\/wp\/v2\/pages"}],"about":[{"href":"https:\/\/thebibleverses.org\/fr\/wp-json\/wp\/v2\/types\/page"}],"author":[{"embeddable":true,"href":"https:\/\/thebibleverses.org\/fr\/wp-json\/wp\/v2\/users\/1"}],"replies":[{"embeddable":true,"href":"https:\/\/thebibleverses.org\/fr\/wp-json\/wp\/v2\/comments?post=211"}],"version-history":[{"count":0,"href":"https:\/\/thebibleverses.org\/fr\/wp-json\/wp\/v2\/pages\/211\/revisions"}],"wp:featuredmedia":[{"embeddable":true,"href":"https:\/\/thebibleverses.org\/fr\/wp-json\/wp\/v2\/media\/212"}],"wp:attachment":[{"href":"https:\/\/thebibleverses.org\/fr\/wp-json\/wp\/v2\/media?parent=211"}],"curies":[{"name":"wp","href":"https:\/\/api.w.org\/{rel}","templated":true}]}}