{"id":208,"date":"2022-08-09T22:05:37","date_gmt":"2022-08-09T20:05:37","guid":{"rendered":"https:\/\/thebibleverses.org\/fr\/?page_id=208"},"modified":"2022-10-11T23:47:23","modified_gmt":"2022-10-11T21:47:23","slug":"service","status":"publish","type":"page","link":"https:\/\/thebibleverses.org\/fr\/service\/","title":{"rendered":"20 Versets Bibliques sur le Service"},"content":{"rendered":"<div class=\"wp-block-image\">\n<figure class=\"aligncenter size-large\"><img decoding=\"async\" width=\"1024\" height=\"631\" data-src=\"https:\/\/thebibleverses.org\/fr\/wp-content\/uploads\/2022\/08\/Versets-Bibliques-sur-le-Service-1024x631.webp\" alt=\"Versets Bibliques sur le Service\" class=\"wp-image-209 lazyload\" data-srcset=\"https:\/\/thebibleverses.org\/fr\/wp-content\/uploads\/2022\/08\/Versets-Bibliques-sur-le-Service-1024x631.webp 1024w, https:\/\/thebibleverses.org\/fr\/wp-content\/uploads\/2022\/08\/Versets-Bibliques-sur-le-Service-300x185.webp 300w, https:\/\/thebibleverses.org\/fr\/wp-content\/uploads\/2022\/08\/Versets-Bibliques-sur-le-Service-768x474.webp 768w, https:\/\/thebibleverses.org\/fr\/wp-content\/uploads\/2022\/08\/Versets-Bibliques-sur-le-Service-320x197.webp 320w, https:\/\/thebibleverses.org\/fr\/wp-content\/uploads\/2022\/08\/Versets-Bibliques-sur-le-Service-450x278.webp 450w, https:\/\/thebibleverses.org\/fr\/wp-content\/uploads\/2022\/08\/Versets-Bibliques-sur-le-Service-720x444.webp 720w, https:\/\/thebibleverses.org\/fr\/wp-content\/uploads\/2022\/08\/Versets-Bibliques-sur-le-Service.webp 1200w\" data-sizes=\"(max-width: 1024px) 100vw, 1024px\" src=\"data:image\/svg+xml;base64,PHN2ZyB3aWR0aD0iMSIgaGVpZ2h0PSIxIiB4bWxucz0iaHR0cDovL3d3dy53My5vcmcvMjAwMC9zdmciPjwvc3ZnPg==\" style=\"--smush-placeholder-width: 1024px; --smush-placeholder-aspect-ratio: 1024\/631;\" \/><figcaption>Versets Bibliques sur le Service &#8211; La Bible du Semeur (BDS)<\/figcaption><\/figure><\/div>\n\n\n<h2 class=\"wp-block-heading\">Exode 23:25<\/h2>\n\n\n\n<p>Vous rendrez votre culte \u00e0 l\u2019Eternel votre Dieu. Alors je vous b\u00e9nirai en vous donnant une nourriture excellente et de l\u2019eau en abondance, et je vous pr\u00e9serverai des maladies.<\/p>\n\n\n\n<h2 class=\"wp-block-heading\">Deut\u00e9ronome 10:12<\/h2>\n\n\n\n<p>Et maintenant, Isra\u00ebl, qu\u2019attend de toi l\u2019Eternel ton Dieu\u202f? Simplement que tu le craignes en suivant toutes les voies qu\u2019il t\u2019a prescrites, en l\u2019aimant et en le servant de tout ton c\u0153ur et de tout ton \u00eatre.<\/p>\n\n\n\n<h2 class=\"wp-block-heading\">Deut\u00e9ronome 13:4<\/h2>\n\n\n\n<p>Vous n\u2019\u00e9couterez pas les paroles de ce proph\u00e8te ou de ce visionnaire, car l\u2019Eternel votre Dieu se servira de lui pour vous mettre \u00e0 l\u2019\u00e9preuve, afin de voir si vous l\u2019aimez r\u00e9ellement de tout votre c\u0153ur et de tout votre \u00eatre.<\/p>\n\n\n\n<h2 class=\"wp-block-heading\">Josu\u00e9 24:15<\/h2>\n\n\n\n<p>S\u2019il vous d\u00e9pla\u00eet de servir l\u2019Eternel, alors choisissez aujourd\u2019hui \u00e0 quels dieux vous voulez rendre un culte\u202f: ceux que vos anc\u00eatres adoraient de l\u2019autre c\u00f4t\u00e9 de l\u2019Euphrate ou ceux des Amor\u00e9ens dont vous habitez le pays\u202f; quant \u00e0 moi et \u00e0 ma famille, nous adorerons l\u2019Eternel.<\/p>\n\n\n\n<h2 class=\"wp-block-heading\">1 Chroniques 28:9<\/h2>\n\n\n\n<p>Quant \u00e0 toi, Salomon mon fils, apprends \u00e0 bien conna\u00eetre le Dieu de ton p\u00e8re et adore-le d\u2019un c\u0153ur sans partage et d\u2019un esprit bien dispos\u00e9, car l\u2019Eternel regarde jusqu\u2019au fond des c\u0153urs et il discerne toutes les intentions. Si tu t\u2019attaches \u00e0 lui, il interviendra en ta faveur, mais si tu te d\u00e9tournes de lui, il te rejettera pour toujours.<\/p>\n\n\n\n<h2 class=\"wp-block-heading\">Psaumes 2:11<\/h2>\n\n\n\n<p>Servez l\u2019Eternel |avec crainte\u202f! Et, tout en tremblant, |exultez de joie\u202f!<\/p>\n\n\n\n<h2 class=\"wp-block-heading\">Psaumes 100:2<\/h2>\n\n\n\n<p>Servez l\u2019Eternel avec joie\u202f! Entrez en sa pr\u00e9sence |avec des chants joyeux\u202f!<\/p>\n\n\n\n<h2 class=\"wp-block-heading\">Matthieu 6:24<\/h2>\n\n\n\n<p>Nul ne peut \u00eatre en m\u00eame temps au service de deux ma\u00eetres, car ou bien il d\u00e9testera l\u2019un et aimera l\u2019autre, ou bien il sera d\u00e9vou\u00e9 au premier et m\u00e9prisera le second. Vous ne pouvez pas servir en m\u00eame temps Dieu et l\u2019Argent.<\/p>\n\n\n\n<h2 class=\"wp-block-heading\">Matthieu 20:28<\/h2>\n\n\n\n<p>Car, de m\u00eame, le Fils de l\u2019homme n\u2019est pas venu pour se faire servir, mais pour servir et donner sa vie en ran\u00e7on pour beaucoup.<\/p>\n\n\n\n<h2 class=\"wp-block-heading\">Matthieu 25:21<\/h2>\n\n\n\n<p>Tr\u00e8s bien, lui dit son ma\u00eetre, tu es un bon serviteur, en qui l\u2019on peut avoir confiance. Tu t\u2019es montr\u00e9 fid\u00e8le en peu de choses. C\u2019est pourquoi je t\u2019en confierai de plus importantes. Viens partager la joie de ton ma\u00eetre\u202f! \u00bb<\/p>\n\n\n\n<h2 class=\"wp-block-heading\">Marc 9:35<\/h2>\n\n\n\n<p>J\u00e9sus s\u2019assit, appela les Douze et leur dit\u202f: Si quelqu\u2019un d\u00e9sire \u00eatre le premier, qu\u2019il se fasse le dernier de tous, et le serviteur de tous.<\/p>\n\n\n\n<h2 class=\"wp-block-heading\">Marc 10:44<\/h2>\n\n\n\n<p>Et si quelqu\u2019un veut \u00eatre le premier parmi vous, qu\u2019il soit l\u2019esclave de tous.<\/p>\n\n\n\n<h2 class=\"wp-block-heading\">Marc 10:45<\/h2>\n\n\n\n<p>Car le Fils de l\u2019homme n\u2019est pas venu pour se faire servir, mais pour servir et donner sa vie en ran\u00e7on pour beaucoup.<\/p>\n\n\n\n<h2 class=\"wp-block-heading\">Jean 12:26<\/h2>\n\n\n\n<p>Si quelqu\u2019un veut \u00eatre \u00e0 mon service, qu\u2019il me suive. L\u00e0 o\u00f9 je serai, mon serviteur y sera aussi. Si quelqu\u2019un est \u00e0 mon service, le P\u00e8re lui fera honneur.<\/p>\n\n\n\n<h2 class=\"wp-block-heading\">Jean 13:14<\/h2>\n\n\n\n<p>Si donc moi, le Seigneur et le Ma\u00eetre, je vous ai lav\u00e9 les pieds, vous devez, vous aussi, vous laver les pieds les uns aux autres.<\/p>\n\n\n\n<h2 class=\"wp-block-heading\">Romains 12:11<\/h2>\n\n\n\n<p>l\u2019ardeur\u202f: ne soyez pas nonchalants\u202f; l\u2019Esprit\u202f: soyez bouillants\u202f; le Seigneur\u202f: soyez de bons serviteurs.<\/p>\n\n\n\n<h2 class=\"wp-block-heading\">Galates 5:13<\/h2>\n\n\n\n<p>Oui, mes fr\u00e8res et s\u0153urs, vous avez \u00e9t\u00e9 appel\u00e9s \u00e0 la libert\u00e9. Seulement, ne faites pas de cette libert\u00e9 un pr\u00e9texte pour vivre comme des hommes livr\u00e9s \u00e0 eux-m\u00eames. Au contraire, par amour, mettez-vous au service les uns des autres.<\/p>\n\n\n\n<h2 class=\"wp-block-heading\">\u00c9ph\u00e9siens 6:6-7<\/h2>\n\n\n\n<p>N\u2019accomplissez pas votre t\u00e2che seulement quand on vous surveille, comme s\u2019il s\u2019agissait de plaire \u00e0 des hommes, mais agissez comme des esclaves de Christ, qui accomplissent la volont\u00e9 de Dieu de tout leur c\u0153ur. Accomplissez votre service de bon gr\u00e9, comme pour le Seigneur et non pour des hommes.<\/p>\n\n\n\n<h2 class=\"wp-block-heading\">Colossiens 3:24<\/h2>\n\n\n\n<p>Car vous savez que vous recevrez du Seigneur, comme r\u00e9compense, l\u2019h\u00e9ritage qu\u2019il r\u00e9serve au peuple de Dieu. Le Ma\u00eetre que vous servez, c\u2019est Christ.<\/p>\n\n\n\n<h2 class=\"wp-block-heading\">H\u00e9breux 12:28<\/h2>\n\n\n\n<p>Le royaume que nous recevons est in\u00e9branlable\u202f: soyons donc reconnaissants et servons Dieu d\u2019une mani\u00e8re qui lui soit agr\u00e9able, avec crainte et profond respect.<\/p>\n\n\n\n<h2 class=\"wp-block-heading\">Lire Aussi:<\/h2>\n\n\n\n<ul class=\"wp-block-list\"><li><a href=\"https:\/\/thebibleverses.org\/fr\/\">Versets Bibliques par Sujets<\/a><\/li><li><a href=\"https:\/\/thebibleverses.org\/fr\/amour\/\">Versets Bibliques sur l\u2019Amour<\/a><\/li><li><a href=\"https:\/\/thebibleverses.org\/fr\/force\/\">Versets Bibliques sur la Force<\/a><\/li><li><a href=\"https:\/\/thebibleverses.org\/fr\/foi\/\">Versets Bibliques sur la Foi<\/a><\/li><li><a href=\"https:\/\/thebibleverses.org\/fr\/jeunes\/\">Versets Bibliques pour les Jeunes<\/a><\/li><li><a href=\"https:\/\/thebibleverses.org\/fr\/amitie\/\">Versets Bibliques sur l\u2019Amiti\u00e9<\/a><\/li><li><a href=\"https:\/\/thebibleverses.org\/fr\/guerison\/\">Versets Bibliques sur la Gu\u00e9rison<\/a><\/li><\/ul>\n","protected":false},"excerpt":{"rendered":"<p>Exode 23:25 Vous rendrez votre culte \u00e0 l\u2019Eternel votre Dieu. Alors je vous b\u00e9nirai en vous donnant une nourriture excellente et de l\u2019eau en abondance, et je vous pr\u00e9serverai des maladies. Deut\u00e9ronome 10:12 Et maintenant, Isra\u00ebl, qu\u2019attend de toi l\u2019Eternel ton Dieu\u202f? Simplement que tu le craignes en suivant toutes les voies qu\u2019il t\u2019a prescrites, [&hellip;]<\/p>\n","protected":false},"author":1,"featured_media":209,"parent":0,"menu_order":0,"comment_status":"open","ping_status":"closed","template":"","meta":{"footnotes":""},"class_list":["post-208","page","type-page","status-publish","has-post-thumbnail","hentry","entry","fw-tab-6 fw-tabr-4"],"_links":{"self":[{"href":"https:\/\/thebibleverses.org\/fr\/wp-json\/wp\/v2\/pages\/208","targetHints":{"allow":["GET"]}}],"collection":[{"href":"https:\/\/thebibleverses.org\/fr\/wp-json\/wp\/v2\/pages"}],"about":[{"href":"https:\/\/thebibleverses.org\/fr\/wp-json\/wp\/v2\/types\/page"}],"author":[{"embeddable":true,"href":"https:\/\/thebibleverses.org\/fr\/wp-json\/wp\/v2\/users\/1"}],"replies":[{"embeddable":true,"href":"https:\/\/thebibleverses.org\/fr\/wp-json\/wp\/v2\/comments?post=208"}],"version-history":[{"count":0,"href":"https:\/\/thebibleverses.org\/fr\/wp-json\/wp\/v2\/pages\/208\/revisions"}],"wp:featuredmedia":[{"embeddable":true,"href":"https:\/\/thebibleverses.org\/fr\/wp-json\/wp\/v2\/media\/209"}],"wp:attachment":[{"href":"https:\/\/thebibleverses.org\/fr\/wp-json\/wp\/v2\/media?parent=208"}],"curies":[{"name":"wp","href":"https:\/\/api.w.org\/{rel}","templated":true}]}}