{"id":205,"date":"2022-08-09T21:53:54","date_gmt":"2022-08-09T19:53:54","guid":{"rendered":"https:\/\/thebibleverses.org\/fr\/?page_id=205"},"modified":"2022-10-11T23:46:48","modified_gmt":"2022-10-11T21:46:48","slug":"saintete","status":"publish","type":"page","link":"https:\/\/thebibleverses.org\/fr\/saintete\/","title":{"rendered":"25 Versets Bibliques sur la Saintet\u00e9"},"content":{"rendered":"<div class=\"wp-block-image\">\n<figure class=\"aligncenter size-large\"><img decoding=\"async\" width=\"1024\" height=\"631\" data-src=\"https:\/\/thebibleverses.org\/fr\/wp-content\/uploads\/2022\/08\/Versets-Bibliques-sur-la-Saintete-1024x631.webp\" alt=\"Versets Bibliques sur la Saintet\u00e9\" class=\"wp-image-206 lazyload\" data-srcset=\"https:\/\/thebibleverses.org\/fr\/wp-content\/uploads\/2022\/08\/Versets-Bibliques-sur-la-Saintete-1024x631.webp 1024w, https:\/\/thebibleverses.org\/fr\/wp-content\/uploads\/2022\/08\/Versets-Bibliques-sur-la-Saintete-300x185.webp 300w, https:\/\/thebibleverses.org\/fr\/wp-content\/uploads\/2022\/08\/Versets-Bibliques-sur-la-Saintete-768x474.webp 768w, https:\/\/thebibleverses.org\/fr\/wp-content\/uploads\/2022\/08\/Versets-Bibliques-sur-la-Saintete-320x197.webp 320w, https:\/\/thebibleverses.org\/fr\/wp-content\/uploads\/2022\/08\/Versets-Bibliques-sur-la-Saintete-450x278.webp 450w, https:\/\/thebibleverses.org\/fr\/wp-content\/uploads\/2022\/08\/Versets-Bibliques-sur-la-Saintete-720x444.webp 720w, https:\/\/thebibleverses.org\/fr\/wp-content\/uploads\/2022\/08\/Versets-Bibliques-sur-la-Saintete.webp 1200w\" data-sizes=\"(max-width: 1024px) 100vw, 1024px\" src=\"data:image\/svg+xml;base64,PHN2ZyB3aWR0aD0iMSIgaGVpZ2h0PSIxIiB4bWxucz0iaHR0cDovL3d3dy53My5vcmcvMjAwMC9zdmciPjwvc3ZnPg==\" style=\"--smush-placeholder-width: 1024px; --smush-placeholder-aspect-ratio: 1024\/631;\" \/><figcaption>Versets Bibliques sur la Saintet\u00e9 &#8211; La Bible du Semeur (BDS)<\/figcaption><\/figure><\/div>\n\n\n<h2 class=\"wp-block-heading\">Gen\u00e8se 17:1<\/h2>\n\n\n\n<p>Quand Abram eut quatre-vingt-dix-neuf ans, l\u2019Eternel lui apparut et lui dit\u202f: Je suis le Dieu tout-puissant. M\u00e8ne ta vie sous mon regard et comporte-toi de mani\u00e8re int\u00e8gre.<\/p>\n\n\n\n<h2 class=\"wp-block-heading\">L\u00e9vitique 11:44<\/h2>\n\n\n\n<p>Car je suis l\u2019Eternel votre Dieu. Comportez-vous en gens saints et soyez saints, car je suis saint, et ne vous rendez pas impurs par l\u2019une de ces b\u00eates qui se meuvent \u00e0 ras de terre.<\/p>\n\n\n\n<h2 class=\"wp-block-heading\">1 Samuel 2:2<\/h2>\n\n\n\n<p>Nul ne l\u2019\u00e9gale. |L\u2019Eternel seul est saint, et, \u00e0 part lui, |il n\u2019y a pas de Dieu, pas de rocher |semblable \u00e0 notre Dieu.<\/p>\n\n\n\n<h2 class=\"wp-block-heading\">Psaumes 51:12<\/h2>\n\n\n\n<p>O Dieu, cr\u00e9e en moi |un c\u0153ur pur\u202f! Renouvelle en moi |un esprit bien dispos\u00e9\u202f!<\/p>\n\n\n\n<h2 class=\"wp-block-heading\">Psaumes 119:9<\/h2>\n\n\n\n<p>Comment, quand on est jeune, |avoir une vie pure\u202f? C\u2019est en se conformant \u00e0 ta parole.<\/p>\n\n\n\n<h2 class=\"wp-block-heading\">\u00c9sa\u00efe 1:16<\/h2>\n\n\n\n<p>Lavez-vous donc, |purifiez-vous, \u00e9cartez de ma vue |vos mauvaises actions et cessez de faire le mal.<\/p>\n\n\n\n<h2 class=\"wp-block-heading\">\u00c9sa\u00efe 35:8<\/h2>\n\n\n\n<p>A travers le pays |passera un chemin fray\u00e9, |une route que l\u2019on appellera |la route sainte. Aucun impur n\u2019y passera, car c\u2019est lui, l\u2019Eternel, |qui marchera sur cette route. Les insens\u00e9s ne viendront pas |s\u2019y \u00e9garer.<\/p>\n\n\n\n<h2 class=\"wp-block-heading\">\u00c9sa\u00efe 57:15<\/h2>\n\n\n\n<p>Car voici ce que dit |le Dieu tr\u00e8s \u00e9lev\u00e9 qui demeure \u00e9ternellement, et qui est saint\u202f: J\u2019habite dans un lieu |qui est tr\u00e8s haut et saint, mais je demeure aussi |avec l\u2019homme accabl\u00e9, \u00e0 l\u2019esprit abattu, pour ranimer la vie |de qui a l\u2019esprit abattu et vivifier le c\u0153ur |des hommes accabl\u00e9s.<\/p>\n\n\n\n<h2 class=\"wp-block-heading\">Matthieu 5:8<\/h2>\n\n\n\n<p>Heureux ceux dont le c\u0153ur est pur, car ils verront Dieu.<\/p>\n\n\n\n<h2 class=\"wp-block-heading\">Matthieu 5:48<\/h2>\n\n\n\n<p>Votre P\u00e8re c\u00e9leste est parfait. Soyez donc parfaits comme lui.<\/p>\n\n\n\n<h2 class=\"wp-block-heading\">Jean 17:17<\/h2>\n\n\n\n<p>Consacre-les par la v\u00e9rit\u00e9. Ta Parole est la v\u00e9rit\u00e9.<\/p>\n\n\n\n<h2 class=\"wp-block-heading\">Jean 17:19<\/h2>\n\n\n\n<p>Et je me consacre moi-m\u00eame \u00e0 toi pour eux, pour qu\u2019ils soient, \u00e0 leur tour, consacr\u00e9s \u00e0 toi par la v\u00e9rit\u00e9.<\/p>\n\n\n\n<h2 class=\"wp-block-heading\">Romains 6:19<\/h2>\n\n\n\n<p>Je parle ici d\u2019une mani\u00e8re tr\u00e8s humaine, \u00e0 cause de votre faiblesse naturelle.\u2006\u2013 De m\u00eame que vous avez offert autrefois les membres et organes de votre corps en esclaves pour agir d\u2019une mani\u00e8re immorale et qui ne respecte pas la Loi de Dieu, offrez-les maintenant en esclaves \u00e0 la justice pour devenir saints dans votre \u00eatre et votre conduite.<\/p>\n\n\n\n<h2 class=\"wp-block-heading\">Romains 6:22<\/h2>\n\n\n\n<p>Mais maintenant, affranchis du p\u00e9ch\u00e9 et devenus esclaves de Dieu, le fruit que vous portez, c\u2019est une vie sainte, et le r\u00e9sultat auquel vous aboutissez, c\u2019est la vie \u00e9ternelle.<\/p>\n\n\n\n<h2 class=\"wp-block-heading\">Romains 12:1<\/h2>\n\n\n\n<p>Je vous recommande donc, fr\u00e8res et s\u0153urs, \u00e0 cause de cette immense bont\u00e9 de Dieu, \u00e0 lui offrir votre corps comme un sacrifice vivant, saint et qui plaise \u00e0 Dieu. Ce sera l\u00e0 de votre part un culte raisonnable.<\/p>\n\n\n\n<h2 class=\"wp-block-heading\">1 Corinthiens 6:20<\/h2>\n\n\n\n<p>Car vous avez \u00e9t\u00e9 rachet\u00e9s \u00e0 grand prix. Honorez donc Dieu dans votre corps.<\/p>\n\n\n\n<h2 class=\"wp-block-heading\">2 Corinthiens 6:17-18<\/h2>\n\n\n\n<p>C\u2019est pourquoi\u202f: |Sortez du milieu d\u2019eux, S\u00e9parez-vous d\u2019eux, dit le Seigneur. N\u2019ayez pas de contact avec ce qui est impur, alors je vous accueillerai. Je serai pour vous un P\u00e8re, et vous serez pour moi des fils et des filles, dit le Seigneur, le Tout-Puissant.<\/p>\n\n\n\n<h2 class=\"wp-block-heading\">2 Corinthiens 7:1<\/h2>\n\n\n\n<p>Mes amis, puisque nous poss\u00e9dons ce qui nous a \u00e9t\u00e9 promis en ces termes, purifions-nous de tout ce qui corrompt le corps et l\u2019esprit, pour mener ainsi une vie pleinement sainte, dans la crainte de Dieu.<\/p>\n\n\n\n<h2 class=\"wp-block-heading\">\u00c9ph\u00e9siens 5:3<\/h2>\n\n\n\n<p>Quant \u00e0 l\u2019immoralit\u00e9 et aux pratiques d\u00e9gradantes sous toutes leurs formes, et \u00e0 la soif de poss\u00e9der, qu\u2019il n\u2019en soit pas m\u00eame question entre vous\u202f: ce ne sont pas des sujets de conversation qui conviennent aux membres du peuple saint.<\/p>\n\n\n\n<h2 class=\"wp-block-heading\">1 Thessaloniciens 4:7<\/h2>\n\n\n\n<p>Car Dieu ne nous a pas appel\u00e9s \u00e0 nous adonner \u00e0 des pratiques d\u00e9gradantes mais \u00e0 vivre d\u2019une mani\u00e8re sainte.<\/p>\n\n\n\n<h2 class=\"wp-block-heading\">H\u00e9breux 12:14<\/h2>\n\n\n\n<p>Faites tous vos efforts pour \u00eatre en paix avec tout le monde et cultivez la saintet\u00e9 sans laquelle nul ne verra le Seigneur.<\/p>\n\n\n\n<h2 class=\"wp-block-heading\">1 Pierre 1:15-16<\/h2>\n\n\n\n<p>Au contraire, tout comme celui qui vous a appel\u00e9s est saint, soyez saints dans tout votre comportement. Car voici ce que Dieu dit dans l\u2019Ecriture\u202f: Soyez saints, car je suis saint.<\/p>\n\n\n\n<h2 class=\"wp-block-heading\">1 Pierre 2:9<\/h2>\n\n\n\n<p>Mais vous, vous \u00eates un peuple \u00e9lu, une communaut\u00e9 de rois-pr\u00eatres, une nation sainte, un peuple que Dieu a pris pour sien, pour que vous c\u00e9l\u00e9briez bien haut les \u0153uvres merveilleuses de celui qui vous a appel\u00e9s \u00e0 passer des t\u00e9n\u00e8bres \u00e0 son admirable lumi\u00e8re.<\/p>\n\n\n\n<h2 class=\"wp-block-heading\">1 Jean 3:3<\/h2>\n\n\n\n<p>Tous ceux qui fondent sur Christ une telle esp\u00e9rance se rendent eux-m\u00eames purs, tout comme Christ est pur.<\/p>\n\n\n\n<h2 class=\"wp-block-heading\">Apocalypse 22:11<\/h2>\n\n\n\n<p>Que celui qui commet le mal continue \u00e0 mal agir. Que celui qui est impur continue \u00e0 s\u2019adonner \u00e0 l\u2019impuret\u00e9\u202f; mais que celui qui est juste continue \u00e0 faire ce qui est juste, et que celui qui est saint continue \u00e0 se purifier.<\/p>\n\n\n\n<h2 class=\"wp-block-heading\">Lire Aussi:<\/h2>\n\n\n\n<ul class=\"wp-block-list\"><li><a href=\"https:\/\/thebibleverses.org\/fr\/\">Versets Bibliques par Sujets<\/a><\/li><li><a href=\"https:\/\/thebibleverses.org\/fr\/amour\/\">Versets Bibliques sur l\u2019Amour<\/a><\/li><li><a href=\"https:\/\/thebibleverses.org\/fr\/force\/\">Versets Bibliques sur la Force<\/a><\/li><li><a href=\"https:\/\/thebibleverses.org\/fr\/foi\/\">Versets Bibliques sur la Foi<\/a><\/li><li><a href=\"https:\/\/thebibleverses.org\/fr\/jeunes\/\">Versets Bibliques pour les Jeunes<\/a><\/li><li><a href=\"https:\/\/thebibleverses.org\/fr\/amitie\/\">Versets Bibliques sur l\u2019Amiti\u00e9<\/a><\/li><li><a href=\"https:\/\/thebibleverses.org\/fr\/guerison\/\">Versets Bibliques sur la Gu\u00e9rison<\/a><\/li><\/ul>\n","protected":false},"excerpt":{"rendered":"<p>Gen\u00e8se 17:1 Quand Abram eut quatre-vingt-dix-neuf ans, l\u2019Eternel lui apparut et lui dit\u202f: Je suis le Dieu tout-puissant. M\u00e8ne ta vie sous mon regard et comporte-toi de mani\u00e8re int\u00e8gre. L\u00e9vitique 11:44 Car je suis l\u2019Eternel votre Dieu. Comportez-vous en gens saints et soyez saints, car je suis saint, et ne vous rendez pas impurs par [&hellip;]<\/p>\n","protected":false},"author":1,"featured_media":206,"parent":0,"menu_order":0,"comment_status":"open","ping_status":"closed","template":"","meta":{"footnotes":""},"class_list":["post-205","page","type-page","status-publish","has-post-thumbnail","hentry","entry","fw-tab-6 fw-tabr-4"],"_links":{"self":[{"href":"https:\/\/thebibleverses.org\/fr\/wp-json\/wp\/v2\/pages\/205","targetHints":{"allow":["GET"]}}],"collection":[{"href":"https:\/\/thebibleverses.org\/fr\/wp-json\/wp\/v2\/pages"}],"about":[{"href":"https:\/\/thebibleverses.org\/fr\/wp-json\/wp\/v2\/types\/page"}],"author":[{"embeddable":true,"href":"https:\/\/thebibleverses.org\/fr\/wp-json\/wp\/v2\/users\/1"}],"replies":[{"embeddable":true,"href":"https:\/\/thebibleverses.org\/fr\/wp-json\/wp\/v2\/comments?post=205"}],"version-history":[{"count":0,"href":"https:\/\/thebibleverses.org\/fr\/wp-json\/wp\/v2\/pages\/205\/revisions"}],"wp:featuredmedia":[{"embeddable":true,"href":"https:\/\/thebibleverses.org\/fr\/wp-json\/wp\/v2\/media\/206"}],"wp:attachment":[{"href":"https:\/\/thebibleverses.org\/fr\/wp-json\/wp\/v2\/media?parent=205"}],"curies":[{"name":"wp","href":"https:\/\/api.w.org\/{rel}","templated":true}]}}