{"id":202,"date":"2022-08-09T21:45:28","date_gmt":"2022-08-09T19:45:28","guid":{"rendered":"https:\/\/thebibleverses.org\/fr\/?page_id=202"},"modified":"2022-10-11T23:06:44","modified_gmt":"2022-10-11T21:06:44","slug":"guerison-divine","status":"publish","type":"page","link":"https:\/\/thebibleverses.org\/fr\/guerison-divine\/","title":{"rendered":"20 Versets Bibliques sur la Gu\u00e9rison Divine"},"content":{"rendered":"<div class=\"wp-block-image\">\n<figure class=\"aligncenter size-large\"><img decoding=\"async\" width=\"1024\" height=\"631\" data-src=\"https:\/\/thebibleverses.org\/fr\/wp-content\/uploads\/2022\/08\/Versets-Bibliques-sur-la-Guerison-Divine-1024x631.webp\" alt=\"Versets Bibliques sur la Gu\u00e9rison Divine\" class=\"wp-image-203 lazyload\" data-srcset=\"https:\/\/thebibleverses.org\/fr\/wp-content\/uploads\/2022\/08\/Versets-Bibliques-sur-la-Guerison-Divine-1024x631.webp 1024w, https:\/\/thebibleverses.org\/fr\/wp-content\/uploads\/2022\/08\/Versets-Bibliques-sur-la-Guerison-Divine-300x185.webp 300w, https:\/\/thebibleverses.org\/fr\/wp-content\/uploads\/2022\/08\/Versets-Bibliques-sur-la-Guerison-Divine-768x474.webp 768w, https:\/\/thebibleverses.org\/fr\/wp-content\/uploads\/2022\/08\/Versets-Bibliques-sur-la-Guerison-Divine-320x197.webp 320w, https:\/\/thebibleverses.org\/fr\/wp-content\/uploads\/2022\/08\/Versets-Bibliques-sur-la-Guerison-Divine-450x278.webp 450w, https:\/\/thebibleverses.org\/fr\/wp-content\/uploads\/2022\/08\/Versets-Bibliques-sur-la-Guerison-Divine-720x444.webp 720w, https:\/\/thebibleverses.org\/fr\/wp-content\/uploads\/2022\/08\/Versets-Bibliques-sur-la-Guerison-Divine.webp 1200w\" data-sizes=\"(max-width: 1024px) 100vw, 1024px\" src=\"data:image\/svg+xml;base64,PHN2ZyB3aWR0aD0iMSIgaGVpZ2h0PSIxIiB4bWxucz0iaHR0cDovL3d3dy53My5vcmcvMjAwMC9zdmciPjwvc3ZnPg==\" style=\"--smush-placeholder-width: 1024px; --smush-placeholder-aspect-ratio: 1024\/631;\" \/><figcaption>Versets Bibliques sur la Gu\u00e9rison Divine &#8211; La Bible du Semeur (BDS)<\/figcaption><\/figure><\/div>\n\n\n<h2 class=\"wp-block-heading\">Matthieu 4:23<\/h2>\n\n\n\n<p>J\u00e9sus parcourait toute la Galil\u00e9e, il enseignait dans les synagogues, proclamait la bonne nouvelle du royaume des cieux et gu\u00e9rissait les gens de toutes maladies et de toutes infirmit\u00e9s.<\/p>\n\n\n\n<h2 class=\"wp-block-heading\">Matthieu 8:2-3<\/h2>\n\n\n\n<p>Et voici qu\u2019un l\u00e9preux s\u2019approcha et se prosterna devant lui en disant\u202f: Seigneur, si tu le veux, tu peux me rendre pur. J\u00e9sus tendit la main et le toucha en disant\u202f: Je le veux, sois pur. Aussit\u00f4t, il fut purifi\u00e9 de sa l\u00e8pre.<\/p>\n\n\n\n<h2 class=\"wp-block-heading\">Matthieu 8:16-17<\/h2>\n\n\n\n<p>Le soir venu, on lui amena beaucoup de gens qui \u00e9taient sous l\u2019emprise de d\u00e9mons\u202f: par sa parole, il chassa ces esprits mauvais. Il gu\u00e9rit aussi tous les malades. Ainsi s\u2019accomplissait cette parole du proph\u00e8te Esa\u00efe\u202f: Il s\u2019est charg\u00e9 de nos infirmit\u00e9s et il a port\u00e9 nos maladies.<\/p>\n\n\n\n<h2 class=\"wp-block-heading\">Matthieu 9:35<\/h2>\n\n\n\n<p>J\u00e9sus parcourait toutes les villes et tous les villages pour enseigner dans leurs synagogues. Il proclamait la Bonne Nouvelle du royaume de Dieu et gu\u00e9rissait toute maladie et toute infirmit\u00e9.<\/p>\n\n\n\n<h2 class=\"wp-block-heading\">Matthieu 12:13<\/h2>\n\n\n\n<p>Alors il dit \u00e0 l\u2019homme\u202f: Etends la main\u202f! Il la tendit et elle redevint saine, comme l\u2019autre.<\/p>\n\n\n\n<h2 class=\"wp-block-heading\">Matthieu 12:22<\/h2>\n\n\n\n<p>On lui amena encore un homme qui \u00e9tait sous l\u2019emprise d\u2019un d\u00e9mon qui le rendait aveugle et muet. J\u00e9sus le gu\u00e9rit, et l\u2019homme put de nouveau parler et voir.<\/p>\n\n\n\n<h2 class=\"wp-block-heading\">Matthieu 14:35-36<\/h2>\n\n\n\n<p>Quand les habitants du lieu eurent reconnu J\u00e9sus, ils firent pr\u00e9venir tout le voisinage, et on lui amena tous les malades. 36 Ils le suppliaient de leur permettre simplement de toucher la frange de son v\u00eatement. Et tous ceux qui la touchaient \u00e9taient gu\u00e9ris.<\/p>\n\n\n\n<h2 class=\"wp-block-heading\">Matthieu 15:30<\/h2>\n\n\n\n<p>Des foules nombreuses vinrent aupr\u00e8s de lui et, avec elles, des paralys\u00e9s, des aveugles, des sourds-muets, des estropi\u00e9s et beaucoup d\u2019autres malades. On les amena aux pieds de J\u00e9sus, et il les gu\u00e9rit.<\/p>\n\n\n\n<h2 class=\"wp-block-heading\">Matthieu 17:18<\/h2>\n\n\n\n<p>J\u00e9sus commanda avec s\u00e9v\u00e9rit\u00e9 au d\u00e9mon de sortir et, imm\u00e9diatement, celui-ci sortit de l\u2019enfant, qui fut gu\u00e9ri \u00e0 l\u2019heure m\u00eame.<\/p>\n\n\n\n<h2 class=\"wp-block-heading\">Matthieu 19:2<\/h2>\n\n\n\n<p>De grandes foules le suivaient et il gu\u00e9rit l\u00e0 les malades.<\/p>\n\n\n\n<h2 class=\"wp-block-heading\">Matthieu 21:14<\/h2>\n\n\n\n<p>Des aveugles et des paralys\u00e9s s\u2019approch\u00e8rent de lui dans la cour du Temple et il les gu\u00e9rit.<\/p>\n\n\n\n<h2 class=\"wp-block-heading\">Marc 1:30-31<\/h2>\n\n\n\n<p>La belle-m\u00e8re de Simon \u00e9tait couch\u00e9e, avec une forte fi\u00e8vre. Aussit\u00f4t, ils lui parl\u00e8rent d\u2019elle. Il s\u2019approcha, lui prit la main, la fit lever. La fi\u00e8vre la quitta, et elle se mit \u00e0 les servir.<\/p>\n\n\n\n<h2 class=\"wp-block-heading\">Marc 10:51-52<\/h2>\n\n\n\n<p>J\u00e9sus lui dit\u202f: Que veux-tu que je fasse pour toi\u202f? \u2013\u202fMa\u00eetre, lui r\u00e9pondit l\u2019aveugle, fais que je puisse voir\u202f! \u2013\u202fVa, lui dit J\u00e9sus. Parce que tu as cru en moi, tu es gu\u00e9ri. Aussit\u00f4t, il recouvra la vue et suivit J\u00e9sus sur le chemin.<\/p>\n\n\n\n<h2 class=\"wp-block-heading\">Luc 7:21<\/h2>\n\n\n\n<p>Or, au moment o\u00f9 ils arrivaient, J\u00e9sus gu\u00e9rit plusieurs personnes de diverses maladies et infirmit\u00e9s. Il d\u00e9livra des gens qui \u00e9taient sous l\u2019emprise d\u2019esprits mauvais et rendit la vue \u00e0 plusieurs aveugles.<\/p>\n\n\n\n<h2 class=\"wp-block-heading\">Luc 13:11-13<\/h2>\n\n\n\n<p>Il s\u2019y trouvait une femme qui, depuis dix-huit ans, \u00e9tait sous l\u2019emprise d\u2019un esprit qui la rendait infirme\u202f: elle \u00e9tait vo\u00fbt\u00e9e et n\u2019arrivait absolument pas \u00e0 se redresser. Lorsque J\u00e9sus la vit, il l\u2019appela et lui dit\u202f: Femme, tu es d\u00e9livr\u00e9e de ton infirmit\u00e9\u202f! Il posa ses mains sur elle et, imm\u00e9diatement, elle se redressa et se mit \u00e0 louer Dieu.<\/p>\n\n\n\n<h2 class=\"wp-block-heading\">Luc 17:12-14<\/h2>\n\n\n\n<p>A l\u2019entr\u00e9e d\u2019un village, dix l\u00e9preux vinrent \u00e0 sa rencontre\u202f; ils s\u2019arr\u00eat\u00e8rent \u00e0 distance et se mirent \u00e0 le supplier \u00e0 haute voix\u202f: J\u00e9sus, Ma\u00eetre, aie piti\u00e9 de nous\u202f! J\u00e9sus les vit et leur dit\u202f: Allez vous montrer aux pr\u00eatres\u202f! Pendant qu\u2019ils y allaient, ils furent gu\u00e9ris.<\/p>\n\n\n\n<h2 class=\"wp-block-heading\">Luc 22:49-51<\/h2>\n\n\n\n<p>En voyant ce qui allait se passer, les compagnons de J\u00e9sus lui demand\u00e8rent\u202f: Ma\u00eetre, devons-nous frapper avec nos \u00e9p\u00e9es\u202f? Et, imm\u00e9diatement, l\u2019un d\u2019eux frappa le serviteur du grand-pr\u00eatre et lui emporta l\u2019oreille droite. Mais J\u00e9sus les retint en disant\u202f: Laissez faire, m\u00eame ceci\u202f! Puis il toucha l\u2019oreille du bless\u00e9 et le gu\u00e9rit.<\/p>\n\n\n\n<h2 class=\"wp-block-heading\">Jean 4:49-51<\/h2>\n\n\n\n<p>Mais le fonctionnaire insistait\u202f: Seigneur, viens vite avant que mon petit gar\u00e7on meure. \u2013\u202fVa, lui dit J\u00e9sus, rentre chez toi, ton fils vit. Cet homme crut J\u00e9sus sur parole et il repartit chez lui. Sur le chemin du retour, plusieurs de ses serviteurs vinrent \u00e0 sa rencontre et lui annonc\u00e8rent\u202f: Ton fils vit\u202f!<\/p>\n\n\n\n<h2 class=\"wp-block-heading\">Jean 5:8-9<\/h2>\n\n\n\n<p>Eh bien, lui dit J\u00e9sus, l\u00e8ve-toi, prends ta natte et marche\u202f! A l\u2019instant m\u00eame l\u2019homme fut gu\u00e9ri. Il prit sa natte et se mit \u00e0 marcher. Mais cela se passait un jour de sabbat.<\/p>\n\n\n\n<h2 class=\"wp-block-heading\">Jean 9:6-7<\/h2>\n\n\n\n<p>Apr\u00e8s avoir dit cela, J\u00e9sus cracha par terre et, avec sa salive, il fit un peu de boue qu\u2019il appliqua sur les yeux de l\u2019aveugle. Puis il lui dit\u202f: Va te laver au r\u00e9servoir de Silo\u00e9 (le mot \u00ab Silo\u00e9 \u00bb veut dire\u202f: \u00ab envoy\u00e9 \u00bb). L\u2019aveugle alla se laver et, \u00e0 son retour, il voyait.<\/p>\n\n\n\n<h2 class=\"wp-block-heading\">Lire Aussi:<\/h2>\n\n\n\n<ul class=\"wp-block-list\"><li><a href=\"https:\/\/thebibleverses.org\/fr\/\">Versets Bibliques par Sujets<\/a><\/li><li><a href=\"https:\/\/thebibleverses.org\/fr\/amour\/\">Versets Bibliques sur l\u2019Amour<\/a><\/li><li><a href=\"https:\/\/thebibleverses.org\/fr\/force\/\">Versets Bibliques sur la Force<\/a><\/li><li><a href=\"https:\/\/thebibleverses.org\/fr\/foi\/\">Versets Bibliques sur la Foi<\/a><\/li><li><a href=\"https:\/\/thebibleverses.org\/fr\/jeunes\/\">Versets Bibliques pour les Jeunes<\/a><\/li><li><a href=\"https:\/\/thebibleverses.org\/fr\/amitie\/\">Versets Bibliques sur l\u2019Amiti\u00e9<\/a><\/li><li><a href=\"https:\/\/thebibleverses.org\/fr\/guerison\/\">Versets Bibliques sur la Gu\u00e9rison<\/a><\/li><\/ul>\n","protected":false},"excerpt":{"rendered":"<p>Matthieu 4:23 J\u00e9sus parcourait toute la Galil\u00e9e, il enseignait dans les synagogues, proclamait la bonne nouvelle du royaume des cieux et gu\u00e9rissait les gens de toutes maladies et de toutes infirmit\u00e9s. Matthieu 8:2-3 Et voici qu\u2019un l\u00e9preux s\u2019approcha et se prosterna devant lui en disant\u202f: Seigneur, si tu le veux, tu peux me rendre pur. [&hellip;]<\/p>\n","protected":false},"author":1,"featured_media":203,"parent":0,"menu_order":0,"comment_status":"open","ping_status":"closed","template":"","meta":{"footnotes":""},"class_list":["post-202","page","type-page","status-publish","has-post-thumbnail","hentry","entry","fw-tab-6 fw-tabr-4"],"_links":{"self":[{"href":"https:\/\/thebibleverses.org\/fr\/wp-json\/wp\/v2\/pages\/202","targetHints":{"allow":["GET"]}}],"collection":[{"href":"https:\/\/thebibleverses.org\/fr\/wp-json\/wp\/v2\/pages"}],"about":[{"href":"https:\/\/thebibleverses.org\/fr\/wp-json\/wp\/v2\/types\/page"}],"author":[{"embeddable":true,"href":"https:\/\/thebibleverses.org\/fr\/wp-json\/wp\/v2\/users\/1"}],"replies":[{"embeddable":true,"href":"https:\/\/thebibleverses.org\/fr\/wp-json\/wp\/v2\/comments?post=202"}],"version-history":[{"count":0,"href":"https:\/\/thebibleverses.org\/fr\/wp-json\/wp\/v2\/pages\/202\/revisions"}],"wp:featuredmedia":[{"embeddable":true,"href":"https:\/\/thebibleverses.org\/fr\/wp-json\/wp\/v2\/media\/203"}],"wp:attachment":[{"href":"https:\/\/thebibleverses.org\/fr\/wp-json\/wp\/v2\/media?parent=202"}],"curies":[{"name":"wp","href":"https:\/\/api.w.org\/{rel}","templated":true}]}}