{"id":199,"date":"2022-08-09T21:39:27","date_gmt":"2022-08-09T19:39:27","guid":{"rendered":"https:\/\/thebibleverses.org\/fr\/?page_id=199"},"modified":"2022-10-11T23:57:06","modified_gmt":"2022-10-11T21:57:06","slug":"guerison","status":"publish","type":"page","link":"https:\/\/thebibleverses.org\/fr\/guerison\/","title":{"rendered":"17 Versets Bibliques sur la Gu\u00e9rison"},"content":{"rendered":"<div class=\"wp-block-image\">\n<figure class=\"aligncenter size-large\"><img decoding=\"async\" width=\"1024\" height=\"631\" data-src=\"https:\/\/thebibleverses.org\/fr\/wp-content\/uploads\/2022\/08\/Versets-Bibliques-sur-la-Guerison-1024x631.webp\" alt=\"Versets Bibliques sur la Gu\u00e9rison\" class=\"wp-image-200 lazyload\" data-srcset=\"https:\/\/thebibleverses.org\/fr\/wp-content\/uploads\/2022\/08\/Versets-Bibliques-sur-la-Guerison-1024x631.webp 1024w, https:\/\/thebibleverses.org\/fr\/wp-content\/uploads\/2022\/08\/Versets-Bibliques-sur-la-Guerison-300x185.webp 300w, https:\/\/thebibleverses.org\/fr\/wp-content\/uploads\/2022\/08\/Versets-Bibliques-sur-la-Guerison-768x474.webp 768w, https:\/\/thebibleverses.org\/fr\/wp-content\/uploads\/2022\/08\/Versets-Bibliques-sur-la-Guerison-320x197.webp 320w, https:\/\/thebibleverses.org\/fr\/wp-content\/uploads\/2022\/08\/Versets-Bibliques-sur-la-Guerison-450x278.webp 450w, https:\/\/thebibleverses.org\/fr\/wp-content\/uploads\/2022\/08\/Versets-Bibliques-sur-la-Guerison-720x444.webp 720w, https:\/\/thebibleverses.org\/fr\/wp-content\/uploads\/2022\/08\/Versets-Bibliques-sur-la-Guerison.webp 1200w\" data-sizes=\"(max-width: 1024px) 100vw, 1024px\" src=\"data:image\/svg+xml;base64,PHN2ZyB3aWR0aD0iMSIgaGVpZ2h0PSIxIiB4bWxucz0iaHR0cDovL3d3dy53My5vcmcvMjAwMC9zdmciPjwvc3ZnPg==\" style=\"--smush-placeholder-width: 1024px; --smush-placeholder-aspect-ratio: 1024\/631;\" \/><figcaption>Versets Bibliques sur la Gu\u00e9rison &#8211; La Bible du Semeur (BDS)<\/figcaption><\/figure><\/div>\n\n\n<h2 class=\"wp-block-heading\">Exode 15:26<\/h2>\n\n\n\n<p>Il leur dit\u202f: Si vous \u00e9coutez attentivement l\u2019Eternel votre Dieu, et si vous faites ce qui est droit \u00e0 ses yeux, si vous \u00eates attentifs \u00e0 ses commandements et si vous ob\u00e9issez \u00e0 toutes ses lois, je ne vous infligerai aucune des maladies dont j\u2019ai frapp\u00e9 les Egyptiens\u202f; car je suis l\u2019Eternel qui vous apporte la gu\u00e9rison.<\/p>\n\n\n\n<h2 class=\"wp-block-heading\">Exode 23:25<\/h2>\n\n\n\n<p>Vous rendrez votre culte \u00e0 l\u2019Eternel votre Dieu. Alors je vous b\u00e9nirai en vous donnant une nourriture excellente et de l\u2019eau en abondance, et je vous pr\u00e9serverai des maladies.<\/p>\n\n\n\n<h2 class=\"wp-block-heading\">Deut\u00e9ronome 7:15<\/h2>\n\n\n\n<p>L\u2019Eternel vous pr\u00e9servera de toute maladie\u202f; il ne vous infligera aucune de ces terribles \u00e9pid\u00e9mies qui ont frapp\u00e9 l\u2019Egypte comme vous le savez. Il les enverra \u00e0 tous ceux qui vous ha\u00efssent.<\/p>\n\n\n\n<h2 class=\"wp-block-heading\">2 Rois 20:5<\/h2>\n\n\n\n<p>Retourne aupr\u00e8s d\u2019Ez\u00e9chias, le chef de mon peuple, et dis-lui\u202f: \u00ab Voici ce que d\u00e9clare l\u2019Eternel, le Dieu de David ton anc\u00eatre\u202f: J\u2019ai entendu ta pri\u00e8re et j\u2019ai vu tes larmes. Je vais te gu\u00e9rir. Apr\u00e8s-demain, tu pourras te rendre au temple de l\u2019Eternel.<\/p>\n\n\n\n<h2 class=\"wp-block-heading\">Psaumes 41:4-5<\/h2>\n\n\n\n<p>L\u2019Eternel le soutient |sur son lit de souffrance, et quand il est malade |il lui refait sa couche. J\u2019ai dit\u202f: \u00ab O Eternel, |aie compassion de moi, et veuille me gu\u00e9rir\u202f! |J\u2019ai p\u00e9ch\u00e9 contre toi. \u00bb<\/p>\n\n\n\n<h2 class=\"wp-block-heading\">Psaumes 147:3<\/h2>\n\n\n\n<p>Ceux qui sont abattus, |il les gu\u00e9rit. Il panse leurs blessures\u202f!<\/p>\n\n\n\n<h2 class=\"wp-block-heading\">\u00c9sa\u00efe 53:5<\/h2>\n\n\n\n<p>Mais c\u2019est pour nos p\u00e9ch\u00e9s |qu\u2019il a \u00e9t\u00e9 perc\u00e9, c\u2019est pour nos fautes |qu\u2019il a \u00e9t\u00e9 bris\u00e9. Le ch\u00e2timent |qui nous donne la paix |est retomb\u00e9 sur lui et c\u2019est par ses blessures |que nous sommes gu\u00e9ris.<\/p>\n\n\n\n<h2 class=\"wp-block-heading\">Psaumes 103:3-4<\/h2>\n\n\n\n<p>Car c\u2019est lui qui pardonne |tous tes p\u00e9ch\u00e9s, c\u2019est lui qui te gu\u00e9rit |de toute maladie, qui t\u2019arrache \u00e0 la tombe. C\u2019est lui qui te couronne |d\u2019amour, de compassion<\/p>\n\n\n\n<h2 class=\"wp-block-heading\">\u00c9sa\u00efe 57:18<\/h2>\n\n\n\n<p>J\u2019ai bien vu sa conduite, mais je le gu\u00e9rirai et je le conduirai, je lui accorderai |une pleine consolation, \u00e0 lui, et aux siens afflig\u00e9s.<\/p>\n\n\n\n<h2 class=\"wp-block-heading\">J\u00e9r\u00e9mie 30:17<\/h2>\n\n\n\n<p>Car je ferai venir ta gu\u00e9rison, je soignerai tes plaies, l\u2019Eternel le d\u00e9clare, toi qu\u2019on appelle \u00ab Rejet\u00e9e \u00bb, \u00ab Sion dont nul ne se soucie \u00bb.<\/p>\n\n\n\n<h2 class=\"wp-block-heading\">J\u00e9r\u00e9mie 33:6<\/h2>\n\n\n\n<p>Mais je ferai venir sa gu\u00e9rison et je lui rendrai la sant\u00e9, oui, je les gu\u00e9rirai. Je leur accorderai un bien-\u00eatre v\u00e9ritable dans toute sa richesse.<\/p>\n\n\n\n<h2 class=\"wp-block-heading\">Psaumes 30:3<\/h2>\n\n\n\n<p>Eternel, mon Dieu, je t\u2019ai appel\u00e9 |\u00e0 mon aide, |et tu m\u2019as gu\u00e9ri\u202f:<\/p>\n\n\n\n<h2 class=\"wp-block-heading\">Os\u00e9e 6:1<\/h2>\n\n\n\n<p>Venez, et retournons \u00e0 l\u2019Eternel, car il a d\u00e9chir\u00e9, |mais il nous gu\u00e9rira. Il a frapp\u00e9, |mais il pansera nos blessures.<\/p>\n\n\n\n<h2 class=\"wp-block-heading\">Matthieu 8:7<\/h2>\n\n\n\n<p>Je vais chez toi, lui r\u00e9pondit J\u00e9sus, et je le gu\u00e9rirai.<\/p>\n\n\n\n<h2 class=\"wp-block-heading\">Jacques 5:14-15<\/h2>\n\n\n\n<p>L\u2019un de vous est-il malade\u202f? Qu\u2019il appelle les responsables de l\u2019Eglise, qui prieront pour lui, apr\u00e8s lui avoir fait une onction d\u2019huile au nom du Seigneur. La pri\u00e8re faite avec foi obtiendra la gu\u00e9rison du malade et le Seigneur le rel\u00e8vera. S\u2019il a commis quelque p\u00e9ch\u00e9, il lui sera pardonn\u00e9.<\/p>\n\n\n\n<h2 class=\"wp-block-heading\">1 Pierre 2:24<\/h2>\n\n\n\n<p>Il a pris nos p\u00e9ch\u00e9s sur lui et les a port\u00e9s dans son corps, sur la croix, afin qu\u2019\u00e9tant morts pour le p\u00e9ch\u00e9, nous menions une vie juste. Oui, c\u2019est par ses blessures que vous avez \u00e9t\u00e9 gu\u00e9ris.<\/p>\n\n\n\n<h2 class=\"wp-block-heading\">3 Jean 2<\/h2>\n\n\n\n<p>Cher ami, je souhaite que tu prosp\u00e8res \u00e0 tous \u00e9gards et que tu sois en aussi bonne sant\u00e9 physique que tu l\u2019es spirituellement.<\/p>\n\n\n\n<h2 class=\"wp-block-heading\">Lire Aussi:<\/h2>\n\n\n\n<ul class=\"wp-block-list\"><li><a href=\"https:\/\/thebibleverses.org\/fr\/\">Versets Bibliques par Sujets<\/a><\/li><li><a href=\"https:\/\/thebibleverses.org\/fr\/amour\/\">Versets Bibliques sur l\u2019Amour<\/a><\/li><li><a href=\"https:\/\/thebibleverses.org\/fr\/force\/\">Versets Bibliques sur la Force<\/a><\/li><li><a href=\"https:\/\/thebibleverses.org\/fr\/foi\/\">Versets Bibliques sur la Foi<\/a><\/li><li><a href=\"https:\/\/thebibleverses.org\/fr\/jeunes\/\">Versets Bibliques pour les Jeunes<\/a><\/li><li><a href=\"https:\/\/thebibleverses.org\/fr\/amitie\/\">Versets Bibliques sur l\u2019Amiti\u00e9<\/a><\/li><li><a href=\"https:\/\/thebibleverses.org\/fr\/encouragement\/\">Versets Bibliques d\u2019Encouragement<\/a><\/li><\/ul>\n","protected":false},"excerpt":{"rendered":"<p>Exode 15:26 Il leur dit\u202f: Si vous \u00e9coutez attentivement l\u2019Eternel votre Dieu, et si vous faites ce qui est droit \u00e0 ses yeux, si vous \u00eates attentifs \u00e0 ses commandements et si vous ob\u00e9issez \u00e0 toutes ses lois, je ne vous infligerai aucune des maladies dont j\u2019ai frapp\u00e9 les Egyptiens\u202f; car je suis l\u2019Eternel qui [&hellip;]<\/p>\n","protected":false},"author":1,"featured_media":200,"parent":0,"menu_order":0,"comment_status":"open","ping_status":"closed","template":"","meta":{"footnotes":""},"class_list":["post-199","page","type-page","status-publish","has-post-thumbnail","hentry","entry","fw-tab-6 fw-tabr-4"],"_links":{"self":[{"href":"https:\/\/thebibleverses.org\/fr\/wp-json\/wp\/v2\/pages\/199","targetHints":{"allow":["GET"]}}],"collection":[{"href":"https:\/\/thebibleverses.org\/fr\/wp-json\/wp\/v2\/pages"}],"about":[{"href":"https:\/\/thebibleverses.org\/fr\/wp-json\/wp\/v2\/types\/page"}],"author":[{"embeddable":true,"href":"https:\/\/thebibleverses.org\/fr\/wp-json\/wp\/v2\/users\/1"}],"replies":[{"embeddable":true,"href":"https:\/\/thebibleverses.org\/fr\/wp-json\/wp\/v2\/comments?post=199"}],"version-history":[{"count":0,"href":"https:\/\/thebibleverses.org\/fr\/wp-json\/wp\/v2\/pages\/199\/revisions"}],"wp:featuredmedia":[{"embeddable":true,"href":"https:\/\/thebibleverses.org\/fr\/wp-json\/wp\/v2\/media\/200"}],"wp:attachment":[{"href":"https:\/\/thebibleverses.org\/fr\/wp-json\/wp\/v2\/media?parent=199"}],"curies":[{"name":"wp","href":"https:\/\/api.w.org\/{rel}","templated":true}]}}