{"id":196,"date":"2022-08-09T21:28:49","date_gmt":"2022-08-09T19:28:49","guid":{"rendered":"https:\/\/thebibleverses.org\/fr\/?page_id=196"},"modified":"2022-10-11T23:47:14","modified_gmt":"2022-10-11T21:47:14","slug":"salut","status":"publish","type":"page","link":"https:\/\/thebibleverses.org\/fr\/salut\/","title":{"rendered":"30 Versets Bibliques sur le Salut"},"content":{"rendered":"<div class=\"wp-block-image\">\n<figure class=\"aligncenter size-large\"><img decoding=\"async\" width=\"1024\" height=\"631\" data-src=\"https:\/\/thebibleverses.org\/fr\/wp-content\/uploads\/2022\/08\/Versets-Bibliques-sur-le-Salut-1024x631.webp\" alt=\"Versets Bibliques sur le Salut\" class=\"wp-image-197 lazyload\" data-srcset=\"https:\/\/thebibleverses.org\/fr\/wp-content\/uploads\/2022\/08\/Versets-Bibliques-sur-le-Salut-1024x631.webp 1024w, https:\/\/thebibleverses.org\/fr\/wp-content\/uploads\/2022\/08\/Versets-Bibliques-sur-le-Salut-300x185.webp 300w, https:\/\/thebibleverses.org\/fr\/wp-content\/uploads\/2022\/08\/Versets-Bibliques-sur-le-Salut-768x474.webp 768w, https:\/\/thebibleverses.org\/fr\/wp-content\/uploads\/2022\/08\/Versets-Bibliques-sur-le-Salut-320x197.webp 320w, https:\/\/thebibleverses.org\/fr\/wp-content\/uploads\/2022\/08\/Versets-Bibliques-sur-le-Salut-450x278.webp 450w, https:\/\/thebibleverses.org\/fr\/wp-content\/uploads\/2022\/08\/Versets-Bibliques-sur-le-Salut-720x444.webp 720w, https:\/\/thebibleverses.org\/fr\/wp-content\/uploads\/2022\/08\/Versets-Bibliques-sur-le-Salut.webp 1200w\" data-sizes=\"(max-width: 1024px) 100vw, 1024px\" src=\"data:image\/svg+xml;base64,PHN2ZyB3aWR0aD0iMSIgaGVpZ2h0PSIxIiB4bWxucz0iaHR0cDovL3d3dy53My5vcmcvMjAwMC9zdmciPjwvc3ZnPg==\" style=\"--smush-placeholder-width: 1024px; --smush-placeholder-aspect-ratio: 1024\/631;\" \/><figcaption>Versets Bibliques sur le Salut &#8211; La Bible du Semeur (BDS)<\/figcaption><\/figure><\/div>\n\n\n<h2 class=\"wp-block-heading\">Matthieu 1:21<\/h2>\n\n\n\n<p>Elle donnera naissance \u00e0 un fils, tu l\u2019appelleras J\u00e9sus. C\u2019est lui, en effet, qui sauvera son peuple de ses p\u00e9ch\u00e9s.<\/p>\n\n\n\n<h2 class=\"wp-block-heading\">Matthieu 7:13-14<\/h2>\n\n\n\n<p>Entrez par la porte \u00e9troite\u202f; en effet, large est la porte et spacieuse la route qui m\u00e8nent \u00e0 la perdition. Nombreux sont ceux qui s\u2019y engagent. Mais \u00e9troite est la porte et resserr\u00e9 le sentier qui m\u00e8nent \u00e0 la vie\u202f! Qu\u2019ils sont peu nombreux ceux qui les trouvent\u202f!<\/p>\n\n\n\n<h2 class=\"wp-block-heading\">Matthieu 10:22<\/h2>\n\n\n\n<p>Tout le monde vous ha\u00efra \u00e0 cause de moi. Mais celui qui tiendra bon jusqu\u2019au bout sera sauv\u00e9.<\/p>\n\n\n\n<h2 class=\"wp-block-heading\">Marc 16:16<\/h2>\n\n\n\n<p>Celui qui croira et sera baptis\u00e9 sera sauv\u00e9, mais celui qui ne croira pas sera condamn\u00e9.<\/p>\n\n\n\n<h2 class=\"wp-block-heading\">Luc 1:68-69<\/h2>\n\n\n\n<p>Lou\u00e9 soit le Seigneur, |Dieu d\u2019Isra\u00ebl, car il est venu prendre soin de son peuple |et il l\u2019a d\u00e9livr\u00e9. Pour nous, il a fait na\u00eetre |parmi les descendants |du roi David, son serviteur, un Lib\u00e9rateur plein de force.<\/p>\n\n\n\n<h2 class=\"wp-block-heading\">Luc 2:10-12<\/h2>\n\n\n\n<p>Mais l\u2019ange leur dit\u202f: N\u2019ayez pas peur\u202f: je vous annonce une nouvelle qui sera pour tout le peuple le sujet d\u2019une tr\u00e8s grande joie. Un Sauveur vous est n\u00e9 aujourd\u2019hui dans la ville de David\u202f; c\u2019est lui le Messie, le Seigneur. Et voici \u00e0 quoi vous le reconna\u00eetrez\u202f: vous trouverez un nouveau-n\u00e9 dans ses langes et couch\u00e9 dans une mangeoire.<\/p>\n\n\n\n<h2 class=\"wp-block-heading\">Luc 19:10<\/h2>\n\n\n\n<p>Car le Fils de l\u2019homme est venu chercher et sauver ce qui \u00e9tait perdu.<\/p>\n\n\n\n<h2 class=\"wp-block-heading\">Jean 3:17<\/h2>\n\n\n\n<p>En effet, Dieu n\u2019a pas envoy\u00e9 son Fils dans le monde pour condamner le monde, mais pour que celui-ci soit sauv\u00e9 par lui.<\/p>\n\n\n\n<h2 class=\"wp-block-heading\">Jean 10:9<\/h2>\n\n\n\n<p>C\u2019est moi qui suis la porte. Celui qui entre par moi sera sauv\u00e9\u202f: il pourra aller et venir librement, il trouvera de quoi se nourrir.<\/p>\n\n\n\n<h2 class=\"wp-block-heading\">Jean 14:6<\/h2>\n\n\n\n<p>Je suis, moi, le chemin, r\u00e9pondit J\u00e9sus, la v\u00e9rit\u00e9 et la vie. Personne ne va au P\u00e8re sans passer par moi.<\/p>\n\n\n\n<h2 class=\"wp-block-heading\">Actes 2:21<\/h2>\n\n\n\n<p>Alors seront sauv\u00e9s |tous ceux qui invoqueront le Seigneur.<\/p>\n\n\n\n<h2 class=\"wp-block-heading\">Actes 4:12<\/h2>\n\n\n\n<p>C\u2019est en lui seul que se trouve le salut. Dans le monde entier, Dieu n\u2019a jamais donn\u00e9 le nom d\u2019aucun autre homme par lequel nous devions \u00eatre sauv\u00e9s.<\/p>\n\n\n\n<h2 class=\"wp-block-heading\">Actes 16:31<\/h2>\n\n\n\n<p>Crois au Seigneur J\u00e9sus, lui r\u00e9pondirent-ils, et tu seras sauv\u00e9\u202f; il en est de m\u00eame pour toi et pour les tiens.<\/p>\n\n\n\n<h2 class=\"wp-block-heading\">Actes 13:47<\/h2>\n\n\n\n<p>Car le Seigneur a bien d\u00e9fini notre mission lorsqu\u2019il a dit\u202f: Je t\u2019ai \u00e9tabli pour que tu sois |la lumi\u00e8re des autres peuples, et pour que tu portes le salut |jusqu\u2019aux extr\u00e9mit\u00e9s de la terre.<\/p>\n\n\n\n<h2 class=\"wp-block-heading\">Romains 1:16<\/h2>\n\n\n\n<p>Car je n\u2019ai pas honte de l\u2019Evangile\u202f: c\u2019est la puissance de Dieu par laquelle il sauve tous ceux qui croient, les Juifs en premier lieu et aussi les non-Juifs.<\/p>\n\n\n\n<h2 class=\"wp-block-heading\">Romains 5:7-8<\/h2>\n\n\n\n<p>A peine accepterait-on de mourir pour un juste\u202f; peut-\u00eatre quelqu\u2019un irait-il jusqu\u2019\u00e0 mourir pour le bien. Mais voici comment Dieu nous montre l\u2019amour qu\u2019il a pour nous\u202f: alors que nous \u00e9tions encore des p\u00e9cheurs, Christ est mort pour nous.<\/p>\n\n\n\n<h2 class=\"wp-block-heading\">Romains 5:10<\/h2>\n\n\n\n<p>Alors que nous \u00e9tions ses ennemis, Dieu nous a r\u00e9concili\u00e9s avec lui par la mort de son Fils\u202f; \u00e0 plus forte raison, maintenant que nous sommes r\u00e9concili\u00e9s, serons-nous sauv\u00e9s par sa vie.<\/p>\n\n\n\n<h2 class=\"wp-block-heading\">Romains 10:9-10<\/h2>\n\n\n\n<p>En effet, si de ta bouche, tu d\u00e9clares que J\u00e9sus est Seigneur et si dans ton c\u0153ur, tu crois que Dieu l\u2019a ressuscit\u00e9, tu seras sauv\u00e9, car celui qui croit dans son c\u0153ur, Dieu le d\u00e9clare juste\u202f; celui qui affirme de sa bouche, Dieu le sauve.<\/p>\n\n\n\n<h2 class=\"wp-block-heading\">Romains 10:13<\/h2>\n\n\n\n<p>Tous ceux qui invoqueront le Seigneur seront sauv\u00e9s.<\/p>\n\n\n\n<h2 class=\"wp-block-heading\">1 Corinthiens 1:18<\/h2>\n\n\n\n<p>En effet, la pr\u00e9dication de la mort de Christ sur une croix est une folie aux yeux de ceux qui se perdent. Mais pour nous qui sommes sauv\u00e9s, elle est la puissance m\u00eame de Dieu.<\/p>\n\n\n\n<h2 class=\"wp-block-heading\">\u00c9ph\u00e9siens 2:8-9<\/h2>\n\n\n\n<p>Car c\u2019est par gr\u00e2ce que vous \u00eates sauv\u00e9s, par le moyen de la foi. Cela ne vient pas de vous, c\u2019est un don de Dieu\u202f; ce n\u2019est pas le fruit d\u2019\u0153uvres que vous auriez accomplies. Personne n\u2019a donc de raison de se vanter.<\/p>\n\n\n\n<h2 class=\"wp-block-heading\">2 Timoth\u00e9e 1:8-9<\/h2>\n\n\n\n<p>N\u2019aie donc pas honte de rendre t\u00e9moignage au sujet de notre Seigneur. N\u2019aie pas non plus honte de moi qui suis ici en prison pour sa cause. Au contraire, souffre avec moi pour l\u2019Evangile selon la force que Dieu donne. C\u2019est lui qui nous a sauv\u00e9s et nous a appel\u00e9s \u00e0 mener une vie sainte. Et s\u2019il l\u2019a fait, ce n\u2019est pas \u00e0 cause de ce que nous avons fait, mais bien parce qu\u2019il en avait librement d\u00e9cid\u00e9 ainsi, \u00e0 cause de sa gr\u00e2ce. Cette gr\u00e2ce, il nous l\u2019a donn\u00e9e de toute \u00e9ternit\u00e9 en J\u00e9sus-Christ.<\/p>\n\n\n\n<h2 class=\"wp-block-heading\">Tite 2:11-12<\/h2>\n\n\n\n<p>En effet, la gr\u00e2ce de Dieu s\u2019est r\u00e9v\u00e9l\u00e9e comme une source de salut pour tous les hommes. Elle nous \u00e9duque et nous am\u00e8ne \u00e0 nous d\u00e9tourner de tout m\u00e9pris de Dieu et \u00e0 rejeter les passions des gens de ce monde. Ainsi nous pourrons mener, dans le temps pr\u00e9sent, une vie \u00e9quilibr\u00e9e, juste et empreinte de pi\u00e9t\u00e9,<\/p>\n\n\n\n<h2 class=\"wp-block-heading\">Tite 3:5<\/h2>\n\n\n\n<p>S\u2019il l\u2019a fait, ce n\u2019est pas parce que nous avons accompli des actes conformes \u00e0 ce qui est juste. Non. Il nous a sauv\u00e9s parce qu\u2019il a eu compassion de nous, en nous faisant passer par le bain purificateur de la nouvelle naissance, c\u2019est-\u00e0-dire en nous renouvelant par le Saint-Esprit.<\/p>\n\n\n\n<h2 class=\"wp-block-heading\">H\u00e9breux 7:25<\/h2>\n\n\n\n<p>Voil\u00e0 pourquoi il est en mesure de sauver parfaitement ceux qui s\u2019approchent de Dieu par lui, puisqu\u2019il est toujours vivant pour interc\u00e9der en leur faveur aupr\u00e8s de Dieu.<\/p>\n\n\n\n<h2 class=\"wp-block-heading\">H\u00e9breux 9:28<\/h2>\n\n\n\n<p>De m\u00eame, Christ s\u2019est offert une seule fois en sacrifice pour porter les p\u00e9ch\u00e9s de beaucoup d\u2019hommes. Et il viendra une seconde fois, non plus pour \u00f4ter les p\u00e9ch\u00e9s, mais pour sauver ceux qui attendent de lui leur salut.<\/p>\n\n\n\n<h2 class=\"wp-block-heading\">1 Pierre 1:8-9<\/h2>\n\n\n\n<p>J\u00e9sus, vous ne l\u2019avez pas vu, et pourtant vous l\u2019aimez\u202f; mais en pla\u00e7ant votre confiance en lui sans le voir encore, vous \u00eates remplis d\u2019une joie glorieuse et inexprimable, 9 car vous obtenez en retour votre salut qui est le but de votre foi.<\/p>\n\n\n\n<h2 class=\"wp-block-heading\">1 Jean 4:14<\/h2>\n\n\n\n<p>Nous l\u2019avons vu de nos yeux et nous en parlons en t\u00e9moins\u202f: le P\u00e8re a envoy\u00e9 son Fils pour \u00eatre le Sauveur du monde.<\/p>\n\n\n\n<h2 class=\"wp-block-heading\">Apocalypse 7:10<\/h2>\n\n\n\n<p>Ils proclamaient d\u2019une voix forte\u202f: Le salut appartient \u00e0 notre Dieu qui si\u00e8ge sur le tr\u00f4ne, et \u00e0 l\u2019Agneau.<\/p>\n\n\n\n<h2 class=\"wp-block-heading\">Apocalypse 19:1<\/h2>\n\n\n\n<p>Apr\u00e8s cela, j\u2019entendis dans le ciel comme la voix puissante d\u2019une foule immense qui disait\u202f: All\u00e9luia\u202f! Lou\u00e9 soit Dieu\u202f! Car \u00e0 lui appartiennent le salut et la gloire et la puissance.<\/p>\n\n\n\n<h2 class=\"wp-block-heading\">Lire Aussi:<\/h2>\n\n\n\n<ul class=\"wp-block-list\"><li><a href=\"https:\/\/thebibleverses.org\/fr\/\">Versets Bibliques par Sujets<\/a><\/li><li><a href=\"https:\/\/thebibleverses.org\/fr\/amour\/\">Versets Bibliques sur l\u2019Amour<\/a><\/li><li><a href=\"https:\/\/thebibleverses.org\/fr\/force\/\">Versets Bibliques sur la Force<\/a><\/li><li><a href=\"https:\/\/thebibleverses.org\/fr\/foi\/\">Versets Bibliques sur la Foi<\/a><\/li><li><a href=\"https:\/\/thebibleverses.org\/fr\/jeunes\/\">Versets Bibliques pour les Jeunes<\/a><\/li><li><a href=\"https:\/\/thebibleverses.org\/fr\/amitie\/\">Versets Bibliques sur l\u2019Amiti\u00e9<\/a><\/li><li><a href=\"https:\/\/thebibleverses.org\/fr\/guerison\/\">Versets Bibliques sur la Gu\u00e9rison<\/a><\/li><\/ul>\n","protected":false},"excerpt":{"rendered":"<p>Matthieu 1:21 Elle donnera naissance \u00e0 un fils, tu l\u2019appelleras J\u00e9sus. C\u2019est lui, en effet, qui sauvera son peuple de ses p\u00e9ch\u00e9s. Matthieu 7:13-14 Entrez par la porte \u00e9troite\u202f; en effet, large est la porte et spacieuse la route qui m\u00e8nent \u00e0 la perdition. Nombreux sont ceux qui s\u2019y engagent. Mais \u00e9troite est la porte [&hellip;]<\/p>\n","protected":false},"author":1,"featured_media":197,"parent":0,"menu_order":0,"comment_status":"open","ping_status":"closed","template":"","meta":{"footnotes":""},"class_list":["post-196","page","type-page","status-publish","has-post-thumbnail","hentry","entry","fw-tab-6 fw-tabr-4"],"_links":{"self":[{"href":"https:\/\/thebibleverses.org\/fr\/wp-json\/wp\/v2\/pages\/196","targetHints":{"allow":["GET"]}}],"collection":[{"href":"https:\/\/thebibleverses.org\/fr\/wp-json\/wp\/v2\/pages"}],"about":[{"href":"https:\/\/thebibleverses.org\/fr\/wp-json\/wp\/v2\/types\/page"}],"author":[{"embeddable":true,"href":"https:\/\/thebibleverses.org\/fr\/wp-json\/wp\/v2\/users\/1"}],"replies":[{"embeddable":true,"href":"https:\/\/thebibleverses.org\/fr\/wp-json\/wp\/v2\/comments?post=196"}],"version-history":[{"count":0,"href":"https:\/\/thebibleverses.org\/fr\/wp-json\/wp\/v2\/pages\/196\/revisions"}],"wp:featuredmedia":[{"embeddable":true,"href":"https:\/\/thebibleverses.org\/fr\/wp-json\/wp\/v2\/media\/197"}],"wp:attachment":[{"href":"https:\/\/thebibleverses.org\/fr\/wp-json\/wp\/v2\/media?parent=196"}],"curies":[{"name":"wp","href":"https:\/\/api.w.org\/{rel}","templated":true}]}}