{"id":193,"date":"2022-08-09T19:58:46","date_gmt":"2022-08-09T17:58:46","guid":{"rendered":"https:\/\/thebibleverses.org\/fr\/?page_id=193"},"modified":"2022-10-11T23:46:44","modified_gmt":"2022-10-11T21:46:44","slug":"sagesse","status":"publish","type":"page","link":"https:\/\/thebibleverses.org\/fr\/sagesse\/","title":{"rendered":"30 Versets Bibliques sur la Sagesse"},"content":{"rendered":"<div class=\"wp-block-image\">\n<figure class=\"aligncenter size-large\"><img decoding=\"async\" width=\"1024\" height=\"631\" data-src=\"https:\/\/thebibleverses.org\/fr\/wp-content\/uploads\/2022\/08\/Versets-Bibliques-sur-la-Sagesse-1024x631.webp\" alt=\"Versets Bibliques sur la Sagesse\" class=\"wp-image-194 lazyload\" data-srcset=\"https:\/\/thebibleverses.org\/fr\/wp-content\/uploads\/2022\/08\/Versets-Bibliques-sur-la-Sagesse-1024x631.webp 1024w, https:\/\/thebibleverses.org\/fr\/wp-content\/uploads\/2022\/08\/Versets-Bibliques-sur-la-Sagesse-300x185.webp 300w, https:\/\/thebibleverses.org\/fr\/wp-content\/uploads\/2022\/08\/Versets-Bibliques-sur-la-Sagesse-768x474.webp 768w, https:\/\/thebibleverses.org\/fr\/wp-content\/uploads\/2022\/08\/Versets-Bibliques-sur-la-Sagesse-320x197.webp 320w, https:\/\/thebibleverses.org\/fr\/wp-content\/uploads\/2022\/08\/Versets-Bibliques-sur-la-Sagesse-450x278.webp 450w, https:\/\/thebibleverses.org\/fr\/wp-content\/uploads\/2022\/08\/Versets-Bibliques-sur-la-Sagesse-720x444.webp 720w, https:\/\/thebibleverses.org\/fr\/wp-content\/uploads\/2022\/08\/Versets-Bibliques-sur-la-Sagesse.webp 1200w\" data-sizes=\"(max-width: 1024px) 100vw, 1024px\" src=\"data:image\/svg+xml;base64,PHN2ZyB3aWR0aD0iMSIgaGVpZ2h0PSIxIiB4bWxucz0iaHR0cDovL3d3dy53My5vcmcvMjAwMC9zdmciPjwvc3ZnPg==\" style=\"--smush-placeholder-width: 1024px; --smush-placeholder-aspect-ratio: 1024\/631;\" \/><figcaption>Versets Bibliques sur la Sagesse &#8211; La Bible du Semeur (BDS)<\/figcaption><\/figure><\/div>\n\n\n<h2 class=\"wp-block-heading\">Job 12:13<\/h2>\n\n\n\n<p>C\u2019est aupr\u00e8s de lui que se trouvent |la sagesse et la force. C\u2019est \u00e0 lui qu\u2019appartiennent |conseil, intelligence.<\/p>\n\n\n\n<h2 class=\"wp-block-heading\">Job 28:28<\/h2>\n\n\n\n<p>Puis il a dit \u00e0 l\u2019homme\u202f: \u00ab La crainte du Seigneur, |voil\u00e0 la vraie sagesse\u202f! Se d\u00e9tourner du mal, |voil\u00e0 l\u2019intelligence\u202f! \u00bb<\/p>\n\n\n\n<h2 class=\"wp-block-heading\">Psaumes 104:24<\/h2>\n\n\n\n<p>Combien tes \u0153uvres sont nombreuses, |\u00f4 Eternel, tu as tout fait avec sagesse, la terre est pleine |de tout ce que tu as r\u00e9alis\u00e9\u202f;<\/p>\n\n\n\n<h2 class=\"wp-block-heading\">Psaumes 111:10<\/h2>\n\n\n\n<p>La sagesse commence |par la crainte de l\u2019Eternel. Qui observe ses lois |a une saine intelligence. Sa louange subsiste |jusqu\u2019en l\u2019\u00e9ternit\u00e9.<\/p>\n\n\n\n<h2 class=\"wp-block-heading\">Proverbes 1:7<\/h2>\n\n\n\n<p>C\u2019est par la crainte de l\u2019Eternel que commence la connaissance, m\u00e9priser la sagesse et l\u2019\u00e9ducation, c\u2019est \u00eatre un insens\u00e9.<\/p>\n\n\n\n<h2 class=\"wp-block-heading\">Proverbes 2:6<\/h2>\n\n\n\n<p>Car l\u2019Eternel donne la sagesse, et ce sont ses paroles qui procurent la connaissance et l\u2019intelligence.<\/p>\n\n\n\n<h2 class=\"wp-block-heading\">Proverbes 3:13<\/h2>\n\n\n\n<p>Heureux l\u2019homme qui a trouv\u00e9 la sagesse\u202f! Heureux celui qui acquiert l\u2019intelligence\u202f!<\/p>\n\n\n\n<h2 class=\"wp-block-heading\">Proverbes 3:19<\/h2>\n\n\n\n<p>C\u2019est avec la sagesse que l\u2019Eternel a fond\u00e9 la terre, et avec l\u2019intelligence qu\u2019il a dispos\u00e9 le ciel.<\/p>\n\n\n\n<h2 class=\"wp-block-heading\">Proverbes 4:5<\/h2>\n\n\n\n<p>Acquiers la sagesse et l\u2019intelligence, n\u2019oublie pas, ne d\u00e9vie pas de ce que je t\u2019ai appris.<\/p>\n\n\n\n<h2 class=\"wp-block-heading\">Proverbes 4:7<\/h2>\n\n\n\n<p>Voici le d\u00e9but de la sagesse\u202f: acquiers la sagesse, recherche l\u2019intelligence au prix de tout ce que tu poss\u00e8des.<\/p>\n\n\n\n<h2 class=\"wp-block-heading\">Proverbes 8:11<\/h2>\n\n\n\n<p>Car la sagesse est pr\u00e9f\u00e9rable |aux perles pr\u00e9cieuses, et les biens les plus d\u00e9sirables |ne sauraient l\u2019\u00e9galer.<\/p>\n\n\n\n<h2 class=\"wp-block-heading\">Proverbes 9:10<\/h2>\n\n\n\n<p>La sagesse commence |par la crainte de l\u2019Eternel, et la science des saints, |c\u2019est le discernement.<\/p>\n\n\n\n<h2 class=\"wp-block-heading\">Proverbes 11:2<\/h2>\n\n\n\n<p>Le m\u00e9pris suit de pr\u00e8s l\u2019orgueil, mais la sagesse se tient aupr\u00e8s des humbles.<\/p>\n\n\n\n<h2 class=\"wp-block-heading\">Eccl\u00e9siaste 2:13<\/h2>\n\n\n\n<p>J\u2019ai constat\u00e9 que la sagesse est plus avantageuse que la d\u00e9raison, tout comme la lumi\u00e8re est plus avantageuse que les t\u00e9n\u00e8bres.<\/p>\n\n\n\n<h2 class=\"wp-block-heading\">Eccl\u00e9siaste 7:19<\/h2>\n\n\n\n<p>La sagesse rend un homme plus fort qu\u2019une ville d\u00e9fendue par dix capitaines.<\/p>\n\n\n\n<h2 class=\"wp-block-heading\">\u00c9sa\u00efe 11:2<\/h2>\n\n\n\n<p>L\u2019Esprit de l\u2019Eternel |reposera sur lui, et cet Esprit lui donnera |le discernement, la sagesse, le conseil et la force\u202f; il lui fera conna\u00eetre |et craindre l\u2019Eternel.<\/p>\n\n\n\n<h2 class=\"wp-block-heading\">Daniel 2:20<\/h2>\n\n\n\n<p>Il dit\u202f: B\u00e9ni soit Dieu d\u00e8s maintenant et \u00e0 toujours, car \u00e0 lui appartiennent |la sagesse et la force.<\/p>\n\n\n\n<h2 class=\"wp-block-heading\">Daniel 2:21<\/h2>\n\n\n\n<p>Il fait changer les temps |et modifie les circonstances, il renverse les rois et \u00e9tablit les rois, il donne la sagesse aux sages et, \u00e0 ceux qui savent comprendre, |il accorde la connaissance.<\/p>\n\n\n\n<h2 class=\"wp-block-heading\">Matthieu 13:54<\/h2>\n\n\n\n<p>Il retourna dans la ville o\u00f9 il avait v\u00e9cu. Il enseignait ses concitoyens dans leur synagogue. Son enseignement les impressionnait, si bien qu\u2019ils disaient\u202f: D\u2019o\u00f9 tient-il cette sagesse et le pouvoir d\u2019accomplir ces miracles\u202f?<\/p>\n\n\n\n<h2 class=\"wp-block-heading\">Luc 2:40<\/h2>\n\n\n\n<p>Le petit enfant grandissait et se d\u00e9veloppait. Il \u00e9tait plein de sagesse, et la gr\u00e2ce de Dieu reposait sur lui.<\/p>\n\n\n\n<h2 class=\"wp-block-heading\">Luc 21:15<\/h2>\n\n\n\n<p>C\u2019est moi, en effet, qui vous donnerai des paroles qu\u2019aucun de vos adversaires ne pourra r\u00e9futer, et une sagesse \u00e0 laquelle personne ne pourra r\u00e9sister.<\/p>\n\n\n\n<h2 class=\"wp-block-heading\">Romains 11:33<\/h2>\n\n\n\n<p>Combien grandes sont les richesses de Dieu, combien profondes sa sagesse et sa science\u202f! Nul ne peut sonder ses jugements. Nul ne peut d\u00e9couvrir ses plans.<\/p>\n\n\n\n<h2 class=\"wp-block-heading\">Romains 16:27<\/h2>\n\n\n\n<p>A ce Dieu qui seul poss\u00e8de la sagesse soit la gloire, de si\u00e8cle en si\u00e8cle, par J\u00e9sus-Christ. Amen.<\/p>\n\n\n\n<h2 class=\"wp-block-heading\">1 Corinthiens 1:24<\/h2>\n\n\n\n<p>Mais pour tous ceux que Dieu appelle, qu\u2019ils soient juifs ou grecs, Christ est puissance de Dieu et sagesse de Dieu.<\/p>\n\n\n\n<h2 class=\"wp-block-heading\">1 Corinthiens 1:25<\/h2>\n\n\n\n<p>Car la folie de Dieu est plus sage que la sagesse des hommes, et la faiblesse de Dieu est plus forte que la force des hommes.<\/p>\n\n\n\n<h2 class=\"wp-block-heading\">1 Corinthiens 2:6-7<\/h2>\n\n\n\n<p>Cependant nous aussi, nous annon\u00e7ons une sagesse aux croyants adultes dans la foi, une sagesse qui n\u2019est pas de ce monde, ni celle des grands de ce monde qui sont destin\u00e9s \u00e0 dispara\u00eetre. Non, nous exposons la sagesse de Dieu, secr\u00e8te et cach\u00e9e, que Dieu avait pr\u00e9par\u00e9e avant le commencement du monde en vue de notre gloire.<\/p>\n\n\n\n<h2 class=\"wp-block-heading\">1 Corinthiens 12:8<\/h2>\n\n\n\n<p>L\u2019Esprit donne \u00e0 l\u2019un une parole de sagesse\u202f; \u00e0 un autre, le m\u00eame Esprit donne une parole de connaissance.<\/p>\n\n\n\n<h2 class=\"wp-block-heading\">Colossiens 2:3<\/h2>\n\n\n\n<p>En lui se trouvent cach\u00e9s tous les tr\u00e9sors de la sagesse et de la connaissance.<\/p>\n\n\n\n<h2 class=\"wp-block-heading\">Jacques 1:5<\/h2>\n\n\n\n<p>Si l\u2019un de vous manque de sagesse, qu\u2019il la demande \u00e0 Dieu qui la lui donnera, car il donne \u00e0 tous g\u00e9n\u00e9reusement et sans faire de reproche.<\/p>\n\n\n\n<h2 class=\"wp-block-heading\">Jacques 3:17<\/h2>\n\n\n\n<p>Au contraire, la sagesse qui vient d\u2019en haut est en premier lieu pure\u202f; de plus, elle aime la paix, elle est mod\u00e9r\u00e9e et conciliante, pleine de compassion\u202f; elle produit beaucoup de bons fruits, elle est sans parti pris et sans hypocrisie.<\/p>\n\n\n\n<h2 class=\"wp-block-heading\">Lire Aussi:<\/h2>\n\n\n\n<ul class=\"wp-block-list\"><li><a href=\"https:\/\/thebibleverses.org\/fr\/\">Versets Bibliques par Sujets<\/a><\/li><li><a href=\"https:\/\/thebibleverses.org\/fr\/amour\/\">Versets Bibliques sur l\u2019Amour<\/a><\/li><li><a href=\"https:\/\/thebibleverses.org\/fr\/force\/\">Versets Bibliques sur la Force<\/a><\/li><li><a href=\"https:\/\/thebibleverses.org\/fr\/foi\/\">Versets Bibliques sur la Foi<\/a><\/li><li><a href=\"https:\/\/thebibleverses.org\/fr\/jeunes\/\">Versets Bibliques pour les Jeunes<\/a><\/li><li><a href=\"https:\/\/thebibleverses.org\/fr\/amitie\/\">Versets Bibliques sur l\u2019Amiti\u00e9<\/a><\/li><li><a href=\"https:\/\/thebibleverses.org\/fr\/guerison\/\">Versets Bibliques sur la Gu\u00e9rison<\/a><\/li><\/ul>\n","protected":false},"excerpt":{"rendered":"<p>Job 12:13 C\u2019est aupr\u00e8s de lui que se trouvent |la sagesse et la force. C\u2019est \u00e0 lui qu\u2019appartiennent |conseil, intelligence. Job 28:28 Puis il a dit \u00e0 l\u2019homme\u202f: \u00ab La crainte du Seigneur, |voil\u00e0 la vraie sagesse\u202f! Se d\u00e9tourner du mal, |voil\u00e0 l\u2019intelligence\u202f! \u00bb Psaumes 104:24 Combien tes \u0153uvres sont nombreuses, |\u00f4 Eternel, tu as [&hellip;]<\/p>\n","protected":false},"author":1,"featured_media":194,"parent":0,"menu_order":0,"comment_status":"open","ping_status":"closed","template":"","meta":{"footnotes":""},"class_list":["post-193","page","type-page","status-publish","has-post-thumbnail","hentry","entry","fw-tab-6 fw-tabr-4"],"_links":{"self":[{"href":"https:\/\/thebibleverses.org\/fr\/wp-json\/wp\/v2\/pages\/193","targetHints":{"allow":["GET"]}}],"collection":[{"href":"https:\/\/thebibleverses.org\/fr\/wp-json\/wp\/v2\/pages"}],"about":[{"href":"https:\/\/thebibleverses.org\/fr\/wp-json\/wp\/v2\/types\/page"}],"author":[{"embeddable":true,"href":"https:\/\/thebibleverses.org\/fr\/wp-json\/wp\/v2\/users\/1"}],"replies":[{"embeddable":true,"href":"https:\/\/thebibleverses.org\/fr\/wp-json\/wp\/v2\/comments?post=193"}],"version-history":[{"count":0,"href":"https:\/\/thebibleverses.org\/fr\/wp-json\/wp\/v2\/pages\/193\/revisions"}],"wp:featuredmedia":[{"embeddable":true,"href":"https:\/\/thebibleverses.org\/fr\/wp-json\/wp\/v2\/media\/194"}],"wp:attachment":[{"href":"https:\/\/thebibleverses.org\/fr\/wp-json\/wp\/v2\/media?parent=193"}],"curies":[{"name":"wp","href":"https:\/\/api.w.org\/{rel}","templated":true}]}}