{"id":190,"date":"2022-08-09T19:45:38","date_gmt":"2022-08-09T17:45:38","guid":{"rendered":"https:\/\/thebibleverses.org\/fr\/?page_id=190"},"modified":"2022-10-11T23:46:35","modified_gmt":"2022-10-11T21:46:35","slug":"resurrection","status":"publish","type":"page","link":"https:\/\/thebibleverses.org\/fr\/resurrection\/","title":{"rendered":"42 Versets Bibliques sur la R\u00e9surrection"},"content":{"rendered":"<div class=\"wp-block-image\">\n<figure class=\"aligncenter size-large\"><img decoding=\"async\" width=\"1024\" height=\"631\" data-src=\"https:\/\/thebibleverses.org\/fr\/wp-content\/uploads\/2022\/08\/Versets-Bibliques-sur-la-Resurrection-1024x631.webp\" alt=\"Versets Bibliques sur la R\u00e9surrection\" class=\"wp-image-191 lazyload\" data-srcset=\"https:\/\/thebibleverses.org\/fr\/wp-content\/uploads\/2022\/08\/Versets-Bibliques-sur-la-Resurrection-1024x631.webp 1024w, https:\/\/thebibleverses.org\/fr\/wp-content\/uploads\/2022\/08\/Versets-Bibliques-sur-la-Resurrection-300x185.webp 300w, https:\/\/thebibleverses.org\/fr\/wp-content\/uploads\/2022\/08\/Versets-Bibliques-sur-la-Resurrection-768x474.webp 768w, https:\/\/thebibleverses.org\/fr\/wp-content\/uploads\/2022\/08\/Versets-Bibliques-sur-la-Resurrection-320x197.webp 320w, https:\/\/thebibleverses.org\/fr\/wp-content\/uploads\/2022\/08\/Versets-Bibliques-sur-la-Resurrection-450x278.webp 450w, https:\/\/thebibleverses.org\/fr\/wp-content\/uploads\/2022\/08\/Versets-Bibliques-sur-la-Resurrection-720x444.webp 720w, https:\/\/thebibleverses.org\/fr\/wp-content\/uploads\/2022\/08\/Versets-Bibliques-sur-la-Resurrection.webp 1200w\" data-sizes=\"(max-width: 1024px) 100vw, 1024px\" src=\"data:image\/svg+xml;base64,PHN2ZyB3aWR0aD0iMSIgaGVpZ2h0PSIxIiB4bWxucz0iaHR0cDovL3d3dy53My5vcmcvMjAwMC9zdmciPjwvc3ZnPg==\" style=\"--smush-placeholder-width: 1024px; --smush-placeholder-aspect-ratio: 1024\/631;\" \/><figcaption>Versets Bibliques sur la R\u00e9surrection &#8211; La Bible du Semeur (BDS)<\/figcaption><\/figure><\/div>\n\n\n<h2 class=\"wp-block-heading\">1 Rois 17:22<\/h2>\n\n\n\n<p>L\u2019Eternel exau\u00e7a la pri\u00e8re d\u2019Elie\u202f: le souffle de l\u2019enfant revint en lui et il reprit vie.<\/p>\n\n\n\n<h2 class=\"wp-block-heading\">2 Rois 4:35<\/h2>\n\n\n\n<p>Le proph\u00e8te se releva, marcha de long en large dans la chambre, puis s\u2019\u00e9tendit de nouveau sur l\u2019enfant. Soudain le petit gar\u00e7on \u00e9ternua sept fois et rouvrit les yeux.<\/p>\n\n\n\n<h2 class=\"wp-block-heading\">2 Rois 13:21<\/h2>\n\n\n\n<p>On \u00e9tait en train d\u2019enterrer un mort quand, tout \u00e0 coup, on vit venir une de ces bandes. Alors on jeta le corps en h\u00e2te dans la tombe d\u2019Elis\u00e9e. Au contact des ossements du proph\u00e8te, le mort reprit vie et se dressa sur ses pieds.<\/p>\n\n\n\n<h2 class=\"wp-block-heading\">Psaumes 16:10<\/h2>\n\n\n\n<p>Tu ne m\u2019abandonneras pas |dans le s\u00e9jour des morts, tu ne laisseras pas |un homme qui t\u2019est attach\u00e9 |descendre dans la tombe.<\/p>\n\n\n\n<h2 class=\"wp-block-heading\">Psaumes 17:15<\/h2>\n\n\n\n<p>Pour ma part, |lorsqu\u2019il m\u2019aura \u00e9t\u00e9 fait justice, |je contemplerai ta face et, \u00e0 mon r\u00e9veil, |je pourrai me rassasier |de la vue de ton image.<\/p>\n\n\n\n<h2 class=\"wp-block-heading\">Psaumes 49:16<\/h2>\n\n\n\n<p>Mais Dieu me d\u00e9livrera |du s\u00e9jour des morts, car il me prendra.<\/p>\n\n\n\n<h2 class=\"wp-block-heading\">Psaumes 71:20<\/h2>\n\n\n\n<p>Tu nous as fait |passer par des d\u00e9tresses |et des malheurs sans nombre. Tu nous feras revivre et, du fond des ab\u00eemes, |tu me retireras.<\/p>\n\n\n\n<h2 class=\"wp-block-heading\">\u00c9sa\u00efe 26:19<\/h2>\n\n\n\n<p>Mais tes morts revivront, les cadavres de ceux qui m\u2019appartiennent |reviendront \u00e0 la vie. Oui, vous qui demeurez dans la poussi\u00e8re, r\u00e9veillez-vous, |poussez des cris de joie, car ta ros\u00e9e |est une ros\u00e9e de lumi\u00e8re, et la terre rendra les tr\u00e9pass\u00e9s.<\/p>\n\n\n\n<h2 class=\"wp-block-heading\">Daniel 12:2<\/h2>\n\n\n\n<p>Les nombreux humains qui dorment dans la poussi\u00e8re de la terre se r\u00e9veilleront, les uns pour la vie \u00e9ternelle, les autres pour la honte et l\u2019horreur \u00e9ternelles.<\/p>\n\n\n\n<h2 class=\"wp-block-heading\">Os\u00e9e 13:14<\/h2>\n\n\n\n<p>Devrais-je donc les affranchir |du pouvoir du s\u00e9pulcre\u202f? Et, de la mort, |devrais-je les sauver\u202f? O mort, o\u00f9 est ta force\u202f? S\u00e9pulcre, o\u00f9 est |ton pouvoir destructeur\u202f? Je ne peux plus les avoir en piti\u00e9.<\/p>\n\n\n\n<h2 class=\"wp-block-heading\">Matthieu 16:21<\/h2>\n\n\n\n<p>A partir de ce moment, J\u00e9sus commen\u00e7a \u00e0 exposer \u00e0 ses disciples qu\u2019il devait se rendre \u00e0 J\u00e9rusalem, y subir de cruelles souffrances de la part des responsables du peuple, des chefs des pr\u00eatres et des sp\u00e9cialistes de la Loi, \u00eatre mis \u00e0 mort et ressusciter le troisi\u00e8me jour.<\/p>\n\n\n\n<h2 class=\"wp-block-heading\">Matthieu 17:22-23<\/h2>\n\n\n\n<p>Un jour qu\u2019ils parcouraient ensemble la Galil\u00e9e, J\u00e9sus leur dit\u202f: Le Fils de l\u2019homme va \u00eatre livr\u00e9 aux mains des hommes\u202f; ils le feront mourir mais, le troisi\u00e8me jour, il ressuscitera. Les disciples furent extr\u00eamement afflig\u00e9s par ces paroles.<\/p>\n\n\n\n<h2 class=\"wp-block-heading\">Matthieu 22:31-32<\/h2>\n\n\n\n<p>Quant \u00e0 la r\u00e9surrection des morts, n\u2019avez-vous donc jamais lu ce que Dieu vous a d\u00e9clar\u00e9\u202f: Je suis le Dieu d\u2019Abraham, le Dieu d\u2019Isaac, le Dieu de Jacob\u202f? Dieu n\u2019est pas le Dieu des morts, mais le Dieu des vivants.<\/p>\n\n\n\n<h2 class=\"wp-block-heading\">Matthieu 26:32<\/h2>\n\n\n\n<p>N\u00e9anmoins, quand je serai ressuscit\u00e9, je vous pr\u00e9c\u00e9derai en Galil\u00e9e.<\/p>\n\n\n\n<h2 class=\"wp-block-heading\">Matthieu 27:52<\/h2>\n\n\n\n<p>Des tombes s\u2019ouvrirent et les corps de beaucoup d\u2019hommes fid\u00e8les \u00e0 Dieu qui \u00e9taient morts ressuscit\u00e8rent.<\/p>\n\n\n\n<h2 class=\"wp-block-heading\">Matthieu 28:5-6<\/h2>\n\n\n\n<p>Mais l\u2019ange, s\u2019adressant aux femmes, leur dit\u202f: Vous autres, n\u2019ayez pas peur\u202f; je sais que vous cherchez J\u00e9sus, qui a \u00e9t\u00e9 crucifi\u00e9. Il n\u2019est plus ici, car il est ressuscit\u00e9 comme il l\u2019avait dit. Venez voir l\u2019endroit o\u00f9 il \u00e9tait couch\u00e9.<\/p>\n\n\n\n<h2 class=\"wp-block-heading\">Marc 5:41-42<\/h2>\n\n\n\n<p>Il lui prit la main en disant\u202f: Talitha koumi, ce qui signifie\u202f: Jeune fille, l\u00e8ve-toi, je te l\u2019ordonne. Aussit\u00f4t, la jeune fille se mit debout et marcha. Elle avait environ douze ans. Tous furent frapp\u00e9s de stupeur.<\/p>\n\n\n\n<h2 class=\"wp-block-heading\">Marc 16:9<\/h2>\n\n\n\n<p>J\u00e9sus, \u00e9tant ressuscit\u00e9 le dimanche matin, apparut d\u2019abord \u00e0 Marie de Magdala dont il avait chass\u00e9 sept d\u00e9mons.<\/p>\n\n\n\n<h2 class=\"wp-block-heading\">Luc 7:14-15<\/h2>\n\n\n\n<p>Puis il s\u2019approcha de la civi\u00e8re et posa sa main sur elle. Les porteurs s\u2019arr\u00eat\u00e8rent. \u2013\u202fJeune homme, dit-il, je te l\u2019ordonne, l\u00e8ve-toi\u202f! Le mort se redressa, s\u2019assit et se mit \u00e0 parler. J\u00e9sus le rendit \u00e0 sa m\u00e8re.<\/p>\n\n\n\n<h2 class=\"wp-block-heading\">Jean 5:25<\/h2>\n\n\n\n<p>Oui, vraiment, je vous l\u2019assure\u202f: l\u2019heure vient, et elle est d\u00e9j\u00e0 l\u00e0, o\u00f9 les morts entendront la voix du Fils de Dieu, et tous ceux qui l\u2019auront entendue vivront.<\/p>\n\n\n\n<h2 class=\"wp-block-heading\">Jean 5:28<\/h2>\n\n\n\n<p>Ne vous en \u00e9tonnez pas\u202f: l\u2019heure vient o\u00f9 tous ceux qui sont dans la tombe entendront la voix du Fils de l\u2019homme.<\/p>\n\n\n\n<h2 class=\"wp-block-heading\">Jean 5:29<\/h2>\n\n\n\n<p>Alors, ils en sortiront\u202f: ceux qui auront fait le bien ressusciteront pour la vie, ceux qui auront fait le mal ressusciteront pour \u00eatre condamn\u00e9s.<\/p>\n\n\n\n<h2 class=\"wp-block-heading\">Jean 6:40<\/h2>\n\n\n\n<p>Oui, telle est la volont\u00e9 de mon P\u00e8re\u202f: que tous ceux qui tournent leurs regards vers le Fils et qui croient en lui, poss\u00e8dent la vie \u00e9ternelle, et moi, je les ressusciterai au dernier jour.<\/p>\n\n\n\n<h2 class=\"wp-block-heading\">Jean 11:25<\/h2>\n\n\n\n<p>Moi, je suis la r\u00e9surrection et la vie, lui dit J\u00e9sus. Celui qui place toute sa confiance en moi vivra, m\u00eame s\u2019il meurt.<\/p>\n\n\n\n<h2 class=\"wp-block-heading\">Jean 11:43-44<\/h2>\n\n\n\n<p>Cela dit, il cria d\u2019une voix forte\u202f: Lazare, sors de l\u00e0\u202f! Et voici que le mort sortit du tombeau\u202f: il avait les pieds et les mains entour\u00e9s de bandes de lin, le visage recouvert d\u2019un linge. J\u00e9sus dit \u00e0 ceux qui \u00e9taient l\u00e0\u202f: D\u00e9liez-le de ces bandes et laissez-le aller\u202f!<\/p>\n\n\n\n<h2 class=\"wp-block-heading\">Actes 2:23-24<\/h2>\n\n\n\n<p>A \u00e9t\u00e9 livr\u00e9 entre vos mains conform\u00e9ment \u00e0 la d\u00e9cision que Dieu avait prise et au projet qu\u2019il avait \u00e9tabli d\u2019avance. Et vous, vous l\u2019avez tu\u00e9 en le faisant crucifier par des hommes qui ne connaissent pas Dieu. Mais Dieu a bris\u00e9 les liens de la mort\u202f: il l\u2019a ressuscit\u00e9, car il \u00e9tait impossible que la mort le retienne captif.<\/p>\n\n\n\n<h2 class=\"wp-block-heading\">Actes 3:14-15<\/h2>\n\n\n\n<p>Oui, vous avez reni\u00e9 celui qui est saint et juste. A sa place, vous avez demand\u00e9 comme faveur la lib\u00e9ration d\u2019un meurtrier. Ainsi vous avez fait mourir l\u2019auteur de la vie. Mais Dieu l\u2019a ressuscit\u00e9\u202f: nous en sommes t\u00e9moins.<\/p>\n\n\n\n<h2 class=\"wp-block-heading\">Actes 9:40<\/h2>\n\n\n\n<p>Pierre fit sortir tout le monde, se mit \u00e0 genoux et pria. Puis, se tournant vers le corps, il dit\u202f: Tabitha, l\u00e8ve-toi\u202f! Elle ouvrit les yeux, aper\u00e7ut Pierre et s\u2019assit.<\/p>\n\n\n\n<h2 class=\"wp-block-heading\">Actes 10:39-41<\/h2>\n\n\n\n<p>Nous sommes les t\u00e9moins de tout ce qu\u2019il a fait, dans le pays des Juifs et \u00e0 J\u00e9rusalem, o\u00f9 ils l\u2019ont mis \u00e0 mort en le clouant \u00e0 la croix. Mais Dieu l\u2019a ramen\u00e9 \u00e0 la vie le troisi\u00e8me jour et lui a donn\u00e9 de se montrer vivant, non \u00e0 tout le peuple, mais aux t\u00e9moins que Dieu avait lui-m\u00eame choisis d\u2019avance, c\u2019est-\u00e0-dire \u00e0 nous. Et nous avons mang\u00e9 et bu avec lui apr\u00e8s sa r\u00e9surrection.<\/p>\n\n\n\n<h2 class=\"wp-block-heading\">Actes 24:15<\/h2>\n\n\n\n<p>J\u2019ai cette esp\u00e9rance en Dieu \u2013\u2006et cette esp\u00e9rance est aussi la leur\u2006\u2013 que les morts, justes et injustes, ressusciteront.<\/p>\n\n\n\n<h2 class=\"wp-block-heading\">Actes 26:22-23<\/h2>\n\n\n\n<p>Mais j\u2019ai \u00e9t\u00e9 prot\u00e9g\u00e9 par Dieu jusqu\u2019\u00e0 ce jour et je suis donc encore l\u00e0 pour apporter mon t\u00e9moignage aux gens d\u2019humble condition comme aux personnages importants. Et ce que je d\u00e9clare, ce n\u2019est rien d\u2019autre que les \u00e9v\u00e9nements dont les proph\u00e8tes et Mo\u00efse ont annonc\u00e9 l\u2019accomplissement\u202f: c\u2019est-\u00e0-dire que le Messie souffrirait, et qu\u2019il serait le premier \u00e0 ressusciter pour annoncer la lumi\u00e8re du salut, non seulement au peuple juif, mais aussi aux non-Juifs.<\/p>\n\n\n\n<h2 class=\"wp-block-heading\">Romains 1:4<\/h2>\n\n\n\n<p>Et qui a \u00e9t\u00e9 institu\u00e9 Fils de Dieu avec puissance lorsque le Saint-Esprit l\u2019a ressuscit\u00e9, J\u00e9sus-Christ, notre Seigneur.<\/p>\n\n\n\n<h2 class=\"wp-block-heading\">Romains 4:25<\/h2>\n\n\n\n<p>il a \u00e9t\u00e9 livr\u00e9 pour nos fautes, et il est ressuscit\u00e9 pour que nous soyons d\u00e9clar\u00e9s justes.<\/p>\n\n\n\n<h2 class=\"wp-block-heading\">Romains 10:9<\/h2>\n\n\n\n<p>En effet, si de ta bouche, tu d\u00e9clares que J\u00e9sus est Seigneur et si dans ton c\u0153ur, tu crois que Dieu l\u2019a ressuscit\u00e9, tu seras sauv\u00e9.<\/p>\n\n\n\n<h2 class=\"wp-block-heading\">1 Corinthiens 15:4<\/h2>\n\n\n\n<p>il a \u00e9t\u00e9 mis au tombeau, il est ressuscit\u00e9 le troisi\u00e8me jour, comme l\u2019avaient annonc\u00e9 les Ecritures.<\/p>\n\n\n\n<h2 class=\"wp-block-heading\">1 Corinthiens 15:22<\/h2>\n\n\n\n<p>En effet, de m\u00eame que tous les hommes meurent du fait de leur union avec Adam, tous seront ramen\u00e9s \u00e0 la vie du fait de leur union avec Christ.<\/p>\n\n\n\n<h2 class=\"wp-block-heading\">2 Corinthiens 4:14<\/h2>\n\n\n\n<p>Nous savons en effet que Dieu, qui a ressuscit\u00e9 le Seigneur J\u00e9sus, nous ressuscitera aussi avec J\u00e9sus, et nous fera para\u00eetre, avec vous, en sa pr\u00e9sence.<\/p>\n\n\n\n<h2 class=\"wp-block-heading\">1 Thessaloniciens 4:14<\/h2>\n\n\n\n<p>En effet, puisque nous croyons que J\u00e9sus est mort et ressuscit\u00e9, nous croyons aussi que Dieu ram\u00e8nera par J\u00e9sus et avec lui ceux qui sont morts.<\/p>\n\n\n\n<h2 class=\"wp-block-heading\">1 Thessaloniciens 4:16<\/h2>\n\n\n\n<p>En effet, au signal donn\u00e9, sit\u00f4t que la voix de l\u2019archange et le son de la trompette divine retentiront, le Seigneur lui-m\u00eame descendra du ciel, et ceux qui sont morts unis \u00e0 Christ ressusciteront en premier lieu.<\/p>\n\n\n\n<h2 class=\"wp-block-heading\">1 Pierre 1:3<\/h2>\n\n\n\n<p>B\u00e9ni soit Dieu, le P\u00e8re de notre Seigneur J\u00e9sus-Christ. Dans sa grande compassion, il nous a fait na\u00eetre \u00e0 une vie nouvelle, pour nous donner une esp\u00e9rance vivante par la r\u00e9surrection de J\u00e9sus-Christ.<\/p>\n\n\n\n<h2 class=\"wp-block-heading\">1 Jean 3:2<\/h2>\n\n\n\n<p>Mes chers amis, d\u00e8s \u00e0 pr\u00e9sent nous sommes enfants de Dieu et ce que nous serons un jour n\u2019a pas encore \u00e9t\u00e9 rendu manifeste. Nous savons que lorsque Christ para\u00eetra, nous serons semblables \u00e0 lui, car nous le verrons tel qu\u2019il est.<\/p>\n\n\n\n<h2 class=\"wp-block-heading\">Apocalypse 20:13<\/h2>\n\n\n\n<p>La mer avait rendu ses naufrag\u00e9s, la mort et le royaume des morts avaient rendu ceux qu\u2019ils d\u00e9tenaient. Et tous furent jug\u00e9s, chacun conform\u00e9ment \u00e0 ses actes.<\/p>\n\n\n\n<h2 class=\"wp-block-heading\">Lire Aussi:<\/h2>\n\n\n\n<ul class=\"wp-block-list\"><li><a href=\"https:\/\/thebibleverses.org\/fr\/\">Versets Bibliques par Sujets<\/a><\/li><li><a href=\"https:\/\/thebibleverses.org\/fr\/amour\/\">Versets Bibliques sur l\u2019Amour<\/a><\/li><li><a href=\"https:\/\/thebibleverses.org\/fr\/force\/\">Versets Bibliques sur la Force<\/a><\/li><li><a href=\"https:\/\/thebibleverses.org\/fr\/foi\/\">Versets Bibliques sur la Foi<\/a><\/li><li><a href=\"https:\/\/thebibleverses.org\/fr\/jeunes\/\">Versets Bibliques pour les Jeunes<\/a><\/li><li><a href=\"https:\/\/thebibleverses.org\/fr\/amitie\/\">Versets Bibliques sur l\u2019Amiti\u00e9<\/a><\/li><li><a href=\"https:\/\/thebibleverses.org\/fr\/guerison\/\">Versets Bibliques sur la Gu\u00e9rison<\/a><\/li><\/ul>\n","protected":false},"excerpt":{"rendered":"<p>1 Rois 17:22 L\u2019Eternel exau\u00e7a la pri\u00e8re d\u2019Elie\u202f: le souffle de l\u2019enfant revint en lui et il reprit vie. 2 Rois 4:35 Le proph\u00e8te se releva, marcha de long en large dans la chambre, puis s\u2019\u00e9tendit de nouveau sur l\u2019enfant. Soudain le petit gar\u00e7on \u00e9ternua sept fois et rouvrit les yeux. 2 Rois 13:21 On [&hellip;]<\/p>\n","protected":false},"author":1,"featured_media":191,"parent":0,"menu_order":0,"comment_status":"open","ping_status":"closed","template":"","meta":{"footnotes":""},"class_list":["post-190","page","type-page","status-publish","has-post-thumbnail","hentry","entry","fw-tab-6 fw-tabr-4"],"_links":{"self":[{"href":"https:\/\/thebibleverses.org\/fr\/wp-json\/wp\/v2\/pages\/190","targetHints":{"allow":["GET"]}}],"collection":[{"href":"https:\/\/thebibleverses.org\/fr\/wp-json\/wp\/v2\/pages"}],"about":[{"href":"https:\/\/thebibleverses.org\/fr\/wp-json\/wp\/v2\/types\/page"}],"author":[{"embeddable":true,"href":"https:\/\/thebibleverses.org\/fr\/wp-json\/wp\/v2\/users\/1"}],"replies":[{"embeddable":true,"href":"https:\/\/thebibleverses.org\/fr\/wp-json\/wp\/v2\/comments?post=190"}],"version-history":[{"count":0,"href":"https:\/\/thebibleverses.org\/fr\/wp-json\/wp\/v2\/pages\/190\/revisions"}],"wp:featuredmedia":[{"embeddable":true,"href":"https:\/\/thebibleverses.org\/fr\/wp-json\/wp\/v2\/media\/191"}],"wp:attachment":[{"href":"https:\/\/thebibleverses.org\/fr\/wp-json\/wp\/v2\/media?parent=190"}],"curies":[{"name":"wp","href":"https:\/\/api.w.org\/{rel}","templated":true}]}}