{"id":187,"date":"2022-08-09T19:36:15","date_gmt":"2022-08-09T17:36:15","guid":{"rendered":"https:\/\/thebibleverses.org\/fr\/?page_id=187"},"modified":"2022-10-11T23:46:09","modified_gmt":"2022-10-11T21:46:09","slug":"restauration","status":"publish","type":"page","link":"https:\/\/thebibleverses.org\/fr\/restauration\/","title":{"rendered":"20 Versets Bibliques sur la Restauration"},"content":{"rendered":"<div class=\"wp-block-image\">\n<figure class=\"aligncenter size-large\"><img decoding=\"async\" width=\"1024\" height=\"631\" data-src=\"https:\/\/thebibleverses.org\/fr\/wp-content\/uploads\/2022\/08\/Versets-Bibliques-sur-la-Restauration-1024x631.webp\" alt=\"Versets Bibliques sur la Restauration\" class=\"wp-image-188 lazyload\" data-srcset=\"https:\/\/thebibleverses.org\/fr\/wp-content\/uploads\/2022\/08\/Versets-Bibliques-sur-la-Restauration-1024x631.webp 1024w, https:\/\/thebibleverses.org\/fr\/wp-content\/uploads\/2022\/08\/Versets-Bibliques-sur-la-Restauration-300x185.webp 300w, https:\/\/thebibleverses.org\/fr\/wp-content\/uploads\/2022\/08\/Versets-Bibliques-sur-la-Restauration-768x474.webp 768w, https:\/\/thebibleverses.org\/fr\/wp-content\/uploads\/2022\/08\/Versets-Bibliques-sur-la-Restauration-320x197.webp 320w, https:\/\/thebibleverses.org\/fr\/wp-content\/uploads\/2022\/08\/Versets-Bibliques-sur-la-Restauration-450x278.webp 450w, https:\/\/thebibleverses.org\/fr\/wp-content\/uploads\/2022\/08\/Versets-Bibliques-sur-la-Restauration-720x444.webp 720w, https:\/\/thebibleverses.org\/fr\/wp-content\/uploads\/2022\/08\/Versets-Bibliques-sur-la-Restauration.webp 1200w\" data-sizes=\"(max-width: 1024px) 100vw, 1024px\" src=\"data:image\/svg+xml;base64,PHN2ZyB3aWR0aD0iMSIgaGVpZ2h0PSIxIiB4bWxucz0iaHR0cDovL3d3dy53My5vcmcvMjAwMC9zdmciPjwvc3ZnPg==\" style=\"--smush-placeholder-width: 1024px; --smush-placeholder-aspect-ratio: 1024\/631;\" \/><figcaption>Versets Bibliques sur la Restauration &#8211; La Bible du Semeur (BDS)<\/figcaption><\/figure><\/div>\n\n\n<h2 class=\"wp-block-heading\">Job 33:26<\/h2>\n\n\n\n<p>Il peut invoquer Dieu, |qui lui rend sa faveur, il se pr\u00e9sente \u00e0 lui |avec des cris de joie. Car Dieu le reconna\u00eet |\u00e0 nouveau comme juste.<\/p>\n\n\n\n<h2 class=\"wp-block-heading\">Psaumes 51:12<\/h2>\n\n\n\n<p>O Dieu, cr\u00e9e en moi |un c\u0153ur pur\u202f! Renouvelle en moi |un esprit bien dispos\u00e9\u202f!<\/p>\n\n\n\n<h2 class=\"wp-block-heading\">Psaumes 80:4<\/h2>\n\n\n\n<p>O Dieu, r\u00e9tablis-nous, montre-toi favorable, |et nous serons sauv\u00e9s\u202f!<\/p>\n\n\n\n<h2 class=\"wp-block-heading\">Psaumes 85:5<\/h2>\n\n\n\n<p>Oh, r\u00e9tablis-nous, |Dieu, notre Sauveur\u202f! Mets un terme |\u00e0 ta col\u00e8re envers nous\u202f!<\/p>\n\n\n\n<h2 class=\"wp-block-heading\">\u00c9sa\u00efe 1:26<\/h2>\n\n\n\n<p>Je te redonnerai des dirigeants |comme ceux d\u2019autrefois, des conseillers |comme au commencement. Apr\u00e8s cela, |tu seras appel\u00e9e la Ville-de-Justice et la Cit\u00e9 fid\u00e8le.<\/p>\n\n\n\n<h2 class=\"wp-block-heading\">\u00c9sa\u00efe 57:18<\/h2>\n\n\n\n<p>J\u2019ai bien vu sa conduite, mais je le gu\u00e9rirai et je le conduirai, je lui accorderai |une pleine consolation, \u00e0 lui, et aux siens afflig\u00e9s.<\/p>\n\n\n\n<h2 class=\"wp-block-heading\">\u00c9sa\u00efe 58:12<\/h2>\n\n\n\n<p>Les tiens reb\u00e2tiront |les ruines d\u2019autrefois et tu rel\u00e8veras |les fondements pos\u00e9s |dans les si\u00e8cles pass\u00e9s. Tu seras appel\u00e9\u202f: |\u00ab R\u00e9parateur des br\u00e8ches \u00bb, \u00ab le restaurateur des chemins \u00bb |qui rend le pays habitable.<\/p>\n\n\n\n<h2 class=\"wp-block-heading\">J\u00e9r\u00e9mie 3:22<\/h2>\n\n\n\n<p>Revenez donc, |enfants rebelles, et je vous gu\u00e9rirai |de vos \u00e9garements.<\/p>\n\n\n\n<h2 class=\"wp-block-heading\">J\u00e9r\u00e9mie 15:19<\/h2>\n\n\n\n<p>Voici la r\u00e9ponse de l\u2019Eternel\u202f: Si tu reviens \u00e0 moi, |je te r\u00e9tablirai. Tu pourras te tenir \u00e0 mon service. Si ce qui est pr\u00e9cieux, |tu le s\u00e9pares |de ce qui est indigne, tu seras mon porte-parole. Ils reviendront \u00e0 toi, mais ce n\u2019est pas \u00e0 toi |de revenir vers eux.<\/p>\n\n\n\n<h2 class=\"wp-block-heading\">J\u00e9r\u00e9mie 27:22<\/h2>\n\n\n\n<p>Ils seront emport\u00e9s \u00e0 Babylone et ils y resteront jusqu\u2019au jour o\u00f9 je m\u2019occuperai d\u2019eux, pour les faire rapporter et replacer en ce lieu\u2006\u2013\u2006l\u2019Eternel le d\u00e9clare.<\/p>\n\n\n\n<h2 class=\"wp-block-heading\">J\u00e9r\u00e9mie 30:17<\/h2>\n\n\n\n<p>Car je ferai venir ta gu\u00e9rison, je soignerai tes plaies, l\u2019Eternel le d\u00e9clare, toi qu\u2019on appelle \u00ab Rejet\u00e9e \u00bb, \u00ab Sion dont nul ne se soucie \u00bb.<\/p>\n\n\n\n<h2 class=\"wp-block-heading\">Os\u00e9e 14:4<\/h2>\n\n\n\n<p>Ce n\u2019est pas l\u2019Assyrie, |qui pourra nous sauver, nous ne monterons pas |sur des chevaux de guerre et nous ne dirons plus |\u00e0 l\u2019\u0153uvre de nos mains\u202f: |\u201cToi, tu es notre Dieu\u201d, car c\u2019est toi qui as compassion |de l\u2019orphelin. \u00bb<\/p>\n\n\n\n<h2 class=\"wp-block-heading\">Nahum 2:2<\/h2>\n\n\n\n<p>Celui qui va te disperser |s\u2019avance contre toi, Ninive. Garde ta forteresse, surveille tes chemins, et rassemble ton \u00e9nergie, affermis bien tes forces.<\/p>\n\n\n\n<h2 class=\"wp-block-heading\">Mich\u00e9e 7:19<\/h2>\n\n\n\n<p>Oui, de nouveau |tu auras compassion de nous, tu pi\u00e9tineras nos p\u00e9ch\u00e9s, et au fond de la mer, |tu jetteras toutes nos fautes.<\/p>\n\n\n\n<h2 class=\"wp-block-heading\">Mich\u00e9e 4:6-7<\/h2>\n\n\n\n<p>En ce jour-l\u00e0, l\u2019Eternel le d\u00e9clare, je rassemblerai les brebis, |celles qui boitent et celles qui sont exil\u00e9es et que j\u2019ai maltrait\u00e9es. Je ferai de celles qui boitent |un reste qui subsistera\u202f; de celles qui sont exil\u00e9es |je ferai un peuple puissant. L\u2019Eternel r\u00e9gnera sur eux, |sur le mont Sion, |d\u00e8s maintenant et \u00e0 jamais.<\/p>\n\n\n\n<h2 class=\"wp-block-heading\">Sophonie 3:19<\/h2>\n\n\n\n<p>En ce temps-l\u00e0, j\u2019interviendrai contre tous ceux |qui t\u2019auront opprim\u00e9e, je sauverai |les brebis \u00e9clop\u00e9es, et je rassemblerai |celles qu\u2019on a chass\u00e9es, et je rendrai mon peuple |glorieux et renomm\u00e9 partout dans tout pays |o\u00f9 vous aurez connu la honte.<\/p>\n\n\n\n<h2 class=\"wp-block-heading\">Zacharie 1:17<\/h2>\n\n\n\n<p>Proclame encore ce message\u202f: Voici ce que d\u00e9clare le Seigneur des arm\u00e9es c\u00e9lestes\u202f: Mes villes d\u00e9borderont de nouveau de prosp\u00e9rit\u00e9, l\u2019Eternel consolera de nouveau Sion et choisira de nouveau J\u00e9rusalem.<\/p>\n\n\n\n<h2 class=\"wp-block-heading\">Zacharie 8:3<\/h2>\n\n\n\n<p>Voici ce que dit l\u2019Eternel\u202f: Je reviens \u00e0 Sion et j\u2019habiterai au milieu de J\u00e9rusalem. J\u00e9rusalem sera appel\u00e9e la Ville fid\u00e8le et la montagne du Seigneur des arm\u00e9es c\u00e9lestes, la Montagne sainte.<\/p>\n\n\n\n<h2 class=\"wp-block-heading\">Zacharie 9:12<\/h2>\n\n\n\n<p>Revenez \u00e0 la place forte, pleins d\u2019esp\u00e9rance, |vous les captifs, car aujourd\u2019hui encore, |je le d\u00e9clare\u202f: Je vous rendrai au double.<\/p>\n\n\n\n<h2 class=\"wp-block-heading\">Galates 6:1<\/h2>\n\n\n\n<p>Fr\u00e8res et s\u0153urs, si quelqu\u2019un s\u2019est laiss\u00e9 surprendre par quelque faute, vous qui vivez selon l\u2019Esprit, ramenez-le dans le droit chemin avec un esprit de douceur. Et toi qui interviens, fais attention de ne pas te laisser toi-m\u00eame tenter.<\/p>\n\n\n\n<h2 class=\"wp-block-heading\">Lire Aussi:<\/h2>\n\n\n\n<ul class=\"wp-block-list\"><li><a href=\"https:\/\/thebibleverses.org\/fr\/\">Versets Bibliques par Sujets<\/a><\/li><li><a href=\"https:\/\/thebibleverses.org\/fr\/amour\/\">Versets Bibliques sur l\u2019Amour<\/a><\/li><li><a href=\"https:\/\/thebibleverses.org\/fr\/force\/\">Versets Bibliques sur la Force<\/a><\/li><li><a href=\"https:\/\/thebibleverses.org\/fr\/foi\/\">Versets Bibliques sur la Foi<\/a><\/li><li><a href=\"https:\/\/thebibleverses.org\/fr\/jeunes\/\">Versets Bibliques pour les Jeunes<\/a><\/li><li><a href=\"https:\/\/thebibleverses.org\/fr\/amitie\/\">Versets Bibliques sur l\u2019Amiti\u00e9<\/a><\/li><li><a href=\"https:\/\/thebibleverses.org\/fr\/guerison\/\">Versets Bibliques sur la Gu\u00e9rison<\/a><\/li><\/ul>\n","protected":false},"excerpt":{"rendered":"<p>Job 33:26 Il peut invoquer Dieu, |qui lui rend sa faveur, il se pr\u00e9sente \u00e0 lui |avec des cris de joie. Car Dieu le reconna\u00eet |\u00e0 nouveau comme juste. Psaumes 51:12 O Dieu, cr\u00e9e en moi |un c\u0153ur pur\u202f! Renouvelle en moi |un esprit bien dispos\u00e9\u202f! Psaumes 80:4 O Dieu, r\u00e9tablis-nous, montre-toi favorable, |et nous [&hellip;]<\/p>\n","protected":false},"author":1,"featured_media":188,"parent":0,"menu_order":0,"comment_status":"open","ping_status":"closed","template":"","meta":{"footnotes":""},"class_list":["post-187","page","type-page","status-publish","has-post-thumbnail","hentry","entry","fw-tab-6 fw-tabr-4"],"_links":{"self":[{"href":"https:\/\/thebibleverses.org\/fr\/wp-json\/wp\/v2\/pages\/187","targetHints":{"allow":["GET"]}}],"collection":[{"href":"https:\/\/thebibleverses.org\/fr\/wp-json\/wp\/v2\/pages"}],"about":[{"href":"https:\/\/thebibleverses.org\/fr\/wp-json\/wp\/v2\/types\/page"}],"author":[{"embeddable":true,"href":"https:\/\/thebibleverses.org\/fr\/wp-json\/wp\/v2\/users\/1"}],"replies":[{"embeddable":true,"href":"https:\/\/thebibleverses.org\/fr\/wp-json\/wp\/v2\/comments?post=187"}],"version-history":[{"count":0,"href":"https:\/\/thebibleverses.org\/fr\/wp-json\/wp\/v2\/pages\/187\/revisions"}],"wp:featuredmedia":[{"embeddable":true,"href":"https:\/\/thebibleverses.org\/fr\/wp-json\/wp\/v2\/media\/188"}],"wp:attachment":[{"href":"https:\/\/thebibleverses.org\/fr\/wp-json\/wp\/v2\/media?parent=187"}],"curies":[{"name":"wp","href":"https:\/\/api.w.org\/{rel}","templated":true}]}}