{"id":184,"date":"2022-08-09T19:21:42","date_gmt":"2022-08-09T17:21:42","guid":{"rendered":"https:\/\/thebibleverses.org\/fr\/?page_id=184"},"modified":"2022-10-11T23:45:44","modified_gmt":"2022-10-11T21:45:44","slug":"responsabilite","status":"publish","type":"page","link":"https:\/\/thebibleverses.org\/fr\/responsabilite\/","title":{"rendered":"15 Versets Bibliques sur la Responsabilit\u00e9"},"content":{"rendered":"<div class=\"wp-block-image\">\n<figure class=\"aligncenter size-large\"><img decoding=\"async\" width=\"1024\" height=\"631\" data-src=\"https:\/\/thebibleverses.org\/fr\/wp-content\/uploads\/2022\/08\/Versets-Bibliques-sur-la-Responsabilite-1024x631.webp\" alt=\"Versets Bibliques sur la Responsabilit\u00e9\" class=\"wp-image-185 lazyload\" data-srcset=\"https:\/\/thebibleverses.org\/fr\/wp-content\/uploads\/2022\/08\/Versets-Bibliques-sur-la-Responsabilite-1024x631.webp 1024w, https:\/\/thebibleverses.org\/fr\/wp-content\/uploads\/2022\/08\/Versets-Bibliques-sur-la-Responsabilite-300x185.webp 300w, https:\/\/thebibleverses.org\/fr\/wp-content\/uploads\/2022\/08\/Versets-Bibliques-sur-la-Responsabilite-768x474.webp 768w, https:\/\/thebibleverses.org\/fr\/wp-content\/uploads\/2022\/08\/Versets-Bibliques-sur-la-Responsabilite-320x197.webp 320w, https:\/\/thebibleverses.org\/fr\/wp-content\/uploads\/2022\/08\/Versets-Bibliques-sur-la-Responsabilite-450x278.webp 450w, https:\/\/thebibleverses.org\/fr\/wp-content\/uploads\/2022\/08\/Versets-Bibliques-sur-la-Responsabilite-720x444.webp 720w, https:\/\/thebibleverses.org\/fr\/wp-content\/uploads\/2022\/08\/Versets-Bibliques-sur-la-Responsabilite.webp 1200w\" data-sizes=\"(max-width: 1024px) 100vw, 1024px\" src=\"data:image\/svg+xml;base64,PHN2ZyB3aWR0aD0iMSIgaGVpZ2h0PSIxIiB4bWxucz0iaHR0cDovL3d3dy53My5vcmcvMjAwMC9zdmciPjwvc3ZnPg==\" style=\"--smush-placeholder-width: 1024px; --smush-placeholder-aspect-ratio: 1024\/631;\" \/><figcaption>Versets Bibliques sur la Responsabilit\u00e9 &#8211; La Bible du Semeur (BDS)<\/figcaption><\/figure><\/div>\n\n\n<h2 class=\"wp-block-heading\">L\u00e9vitique 5:17<\/h2>\n\n\n\n<p>Si quelqu\u2019un p\u00e8che en faisant sans le savoir l\u2019une des choses que l\u2019Eternel a interdites dans ses commandements, il sera tenu pour coupable et portera la responsabilit\u00e9 de sa faute.<\/p>\n\n\n\n<h2 class=\"wp-block-heading\">Deut\u00e9ronome 24:16<\/h2>\n\n\n\n<p>Les parents ne seront pas mis \u00e0 mort pour les crimes commis par leurs enfants, ni les enfants pour ceux de leurs parents\u202f: si quelqu\u2019un doit \u00eatre mis \u00e0 mort, ce sera pour son propre p\u00e9ch\u00e9.<\/p>\n\n\n\n<h2 class=\"wp-block-heading\">Job 19:4<\/h2>\n\n\n\n<p>M\u00eame s\u2019il \u00e9tait vrai |que j\u2019aie fait fausse route, apr\u00e8s tout, c\u2019est moi seul |que mon erreur concerne.<\/p>\n\n\n\n<h2 class=\"wp-block-heading\">Proverbes 9:12<\/h2>\n\n\n\n<p>Si tu es sage, |c\u2019est toi qui en profiteras, mais si tu es moqueur, |tu en supporteras |toi seul les cons\u00e9quences. \u00bb<\/p>\n\n\n\n<h2 class=\"wp-block-heading\">J\u00e9r\u00e9mie 31:29-30<\/h2>\n\n\n\n<p>En ce temps-l\u00e0, on ne dira plus ce proverbe\u202f: \u00ab Les p\u00e8res ont mang\u00e9 des raisins verts mais ce sont les dents des enfants qui en sont agac\u00e9es. \u00bb Mais chacun p\u00e9rira pour son propre p\u00e9ch\u00e9. C\u2019est celui qui mangera des raisins verts qui en aura les dents agac\u00e9es.<\/p>\n\n\n\n<h2 class=\"wp-block-heading\">\u00c9z\u00e9chiel 18:20<\/h2>\n\n\n\n<p>C\u2019est la personne qui p\u00e8che qui mourra et le fils ne sera pas tenu pour responsable de la faute de son p\u00e8re, ni le p\u00e8re tenu pour responsable de la faute de son fils. A celui qui est juste, sa droiture sera port\u00e9e \u00e0 son compte, et l\u2019on portera au compte du m\u00e9chant sa m\u00e9chancet\u00e9.<\/p>\n\n\n\n<h2 class=\"wp-block-heading\">\u00c9z\u00e9chiel 33:6<\/h2>\n\n\n\n<p>Mais si la sentinelle voit venir l\u2019ennemi et ne sonne pas du cor, de sorte que le peuple ne soit pas averti, si alors l\u2019ennemi survient et tue un membre du peuple, cette personne p\u00e9rira bien par suite de ses propres fautes, mais je demanderai compte de sa mort \u00e0 la sentinelle.<\/p>\n\n\n\n<h2 class=\"wp-block-heading\">Matthieu 12:36-37<\/h2>\n\n\n\n<p>Or, je vous le d\u00e9clare, au jour du jugement les hommes rendront compte de toute parole sans fondement qu\u2019ils auront prononc\u00e9e. En effet, c\u2019est en fonction de tes propres paroles que tu seras d\u00e9clar\u00e9 juste, ou que tu seras condamn\u00e9.<\/p>\n\n\n\n<h2 class=\"wp-block-heading\">Romains 14:12<\/h2>\n\n\n\n<p>Ainsi chacun de nous rendra compte \u00e0 Dieu pour lui-m\u00eame.<\/p>\n\n\n\n<h2 class=\"wp-block-heading\">2 Corinthiens 5:10<\/h2>\n\n\n\n<p>Car nous aurons tous \u00e0 compara\u00eetre devant le tribunal de Christ, et chacun recevra ce qui lui revient selon les actes, bons ou mauvais, qu\u2019il aura accomplis par son corps.<\/p>\n\n\n\n<h2 class=\"wp-block-heading\">Galates 6:4-5<\/h2>\n\n\n\n<p>Que chacun examine ce qu\u2019il accomplit lui-m\u00eame. S\u2019il y d\u00e9couvre quelque aspect louable, alors il pourra en \u00e9prouver de la fiert\u00e9 par rapport \u00e0 lui-m\u00eame et non pas par comparaison avec les autres, car chacun aura \u00e0 r\u00e9pondre pour lui-m\u00eame de ses propres actions.<\/p>\n\n\n\n<h2 class=\"wp-block-heading\">1 Timoth\u00e9e 5:8<\/h2>\n\n\n\n<p>Si quelqu\u2019un ne prend pas soin des siens, en particulier des membres de sa famille, il a reni\u00e9 la foi et il est pire qu\u2019un incroyant.<\/p>\n\n\n\n<h2 class=\"wp-block-heading\">H\u00e9breux 13:17<\/h2>\n\n\n\n<p>Ob\u00e9issez \u00e0 vos conducteurs et soumettez-vous \u00e0 eux, car ils veillent sur vous en sachant qu\u2019ils devront un jour rendre compte \u00e0 Dieu de leur service. Qu\u2019ils puissent ainsi s\u2019acquitter de leur t\u00e2che avec joie et non pas en g\u00e9missant, ce qui ne vous serait d\u2019aucun avantage.<\/p>\n\n\n\n<h2 class=\"wp-block-heading\">Jacques 3:1<\/h2>\n\n\n\n<p>Mes amis, ne soyez pas nombreux \u00e0 enseigner\u202f; vous le savez\u202f: nous qui enseignons, nous serons jug\u00e9s plus s\u00e9v\u00e8rement.<\/p>\n\n\n\n<h2 class=\"wp-block-heading\">1 Pierre 4:4-5<\/h2>\n\n\n\n<p>Maintenant ils trouvent \u00e9trange que vous ne vous pr\u00e9cipitiez plus avec eux dans la m\u00eame vie de d\u00e9bauche, et ils se r\u00e9pandent en calomnies sur vous. Ils en rendront compte \u00e0 celui qui est pr\u00eat \u00e0 juger les vivants et les morts.<\/p>\n\n\n\n<h2 class=\"wp-block-heading\">Lire Aussi:<\/h2>\n\n\n\n<ul class=\"wp-block-list\"><li><a href=\"https:\/\/thebibleverses.org\/fr\/\">Versets Bibliques par Sujets<\/a><\/li><li><a href=\"https:\/\/thebibleverses.org\/fr\/amour\/\">Versets Bibliques sur l\u2019Amour<\/a><\/li><li><a href=\"https:\/\/thebibleverses.org\/fr\/force\/\">Versets Bibliques sur la Force<\/a><\/li><li><a href=\"https:\/\/thebibleverses.org\/fr\/foi\/\">Versets Bibliques sur la Foi<\/a><\/li><li><a href=\"https:\/\/thebibleverses.org\/fr\/jeunes\/\">Versets Bibliques pour les Jeunes<\/a><\/li><li><a href=\"https:\/\/thebibleverses.org\/fr\/amitie\/\">Versets Bibliques sur l\u2019Amiti\u00e9<\/a><\/li><li><a href=\"https:\/\/thebibleverses.org\/fr\/guerison\/\">Versets Bibliques sur la Gu\u00e9rison<\/a><\/li><\/ul>\n","protected":false},"excerpt":{"rendered":"<p>L\u00e9vitique 5:17 Si quelqu\u2019un p\u00e8che en faisant sans le savoir l\u2019une des choses que l\u2019Eternel a interdites dans ses commandements, il sera tenu pour coupable et portera la responsabilit\u00e9 de sa faute. Deut\u00e9ronome 24:16 Les parents ne seront pas mis \u00e0 mort pour les crimes commis par leurs enfants, ni les enfants pour ceux de [&hellip;]<\/p>\n","protected":false},"author":1,"featured_media":185,"parent":0,"menu_order":0,"comment_status":"open","ping_status":"closed","template":"","meta":{"footnotes":""},"class_list":["post-184","page","type-page","status-publish","has-post-thumbnail","hentry","entry","fw-tab-6 fw-tabr-4"],"_links":{"self":[{"href":"https:\/\/thebibleverses.org\/fr\/wp-json\/wp\/v2\/pages\/184","targetHints":{"allow":["GET"]}}],"collection":[{"href":"https:\/\/thebibleverses.org\/fr\/wp-json\/wp\/v2\/pages"}],"about":[{"href":"https:\/\/thebibleverses.org\/fr\/wp-json\/wp\/v2\/types\/page"}],"author":[{"embeddable":true,"href":"https:\/\/thebibleverses.org\/fr\/wp-json\/wp\/v2\/users\/1"}],"replies":[{"embeddable":true,"href":"https:\/\/thebibleverses.org\/fr\/wp-json\/wp\/v2\/comments?post=184"}],"version-history":[{"count":0,"href":"https:\/\/thebibleverses.org\/fr\/wp-json\/wp\/v2\/pages\/184\/revisions"}],"wp:featuredmedia":[{"embeddable":true,"href":"https:\/\/thebibleverses.org\/fr\/wp-json\/wp\/v2\/media\/185"}],"wp:attachment":[{"href":"https:\/\/thebibleverses.org\/fr\/wp-json\/wp\/v2\/media?parent=184"}],"curies":[{"name":"wp","href":"https:\/\/api.w.org\/{rel}","templated":true}]}}