{"id":181,"date":"2022-08-09T19:13:43","date_gmt":"2022-08-09T17:13:43","guid":{"rendered":"https:\/\/thebibleverses.org\/fr\/?page_id=181"},"modified":"2022-10-11T23:45:04","modified_gmt":"2022-10-11T21:45:04","slug":"respect","status":"publish","type":"page","link":"https:\/\/thebibleverses.org\/fr\/respect\/","title":{"rendered":"20 Versets Bibliques sur le Respect"},"content":{"rendered":"<div class=\"wp-block-image\">\n<figure class=\"aligncenter size-large\"><img decoding=\"async\" width=\"1024\" height=\"631\" data-src=\"https:\/\/thebibleverses.org\/fr\/wp-content\/uploads\/2022\/08\/Versets-Bibliques-sur-le-Respect-1024x631.webp\" alt=\"Versets Bibliques sur le Respect\" class=\"wp-image-182 lazyload\" data-srcset=\"https:\/\/thebibleverses.org\/fr\/wp-content\/uploads\/2022\/08\/Versets-Bibliques-sur-le-Respect-1024x631.webp 1024w, https:\/\/thebibleverses.org\/fr\/wp-content\/uploads\/2022\/08\/Versets-Bibliques-sur-le-Respect-300x185.webp 300w, https:\/\/thebibleverses.org\/fr\/wp-content\/uploads\/2022\/08\/Versets-Bibliques-sur-le-Respect-768x474.webp 768w, https:\/\/thebibleverses.org\/fr\/wp-content\/uploads\/2022\/08\/Versets-Bibliques-sur-le-Respect-320x197.webp 320w, https:\/\/thebibleverses.org\/fr\/wp-content\/uploads\/2022\/08\/Versets-Bibliques-sur-le-Respect-450x278.webp 450w, https:\/\/thebibleverses.org\/fr\/wp-content\/uploads\/2022\/08\/Versets-Bibliques-sur-le-Respect-720x444.webp 720w, https:\/\/thebibleverses.org\/fr\/wp-content\/uploads\/2022\/08\/Versets-Bibliques-sur-le-Respect.webp 1200w\" data-sizes=\"(max-width: 1024px) 100vw, 1024px\" src=\"data:image\/svg+xml;base64,PHN2ZyB3aWR0aD0iMSIgaGVpZ2h0PSIxIiB4bWxucz0iaHR0cDovL3d3dy53My5vcmcvMjAwMC9zdmciPjwvc3ZnPg==\" style=\"--smush-placeholder-width: 1024px; --smush-placeholder-aspect-ratio: 1024\/631;\" \/><figcaption>Versets Bibliques sur le Respect &#8211; La Bible du Semeur (BDS)<\/figcaption><\/figure><\/div>\n\n\n<h2 class=\"wp-block-heading\">Exode 20:12<\/h2>\n\n\n\n<p>Honore ton p\u00e8re et ta m\u00e8re afin de jouir d\u2019une longue vie dans le pays que l\u2019Eternel ton Dieu te donne.<\/p>\n\n\n\n<h2 class=\"wp-block-heading\">Exode 22:27<\/h2>\n\n\n\n<p>Tu n\u2019insulteras pas Dieu et tu ne maudiras pas celui qui gouverne ton peuple.<\/p>\n\n\n\n<h2 class=\"wp-block-heading\">L\u00e9vitique 19:3<\/h2>\n\n\n\n<p>Que chacun de vous respecte l\u2019autorit\u00e9 de sa m\u00e8re et de son p\u00e8re, et observe les jours de repos que j\u2019ai prescrits. Je suis l\u2019Eternel, votre Dieu.<\/p>\n\n\n\n<h2 class=\"wp-block-heading\">L\u00e9vitique 19:32<\/h2>\n\n\n\n<p>Tu te l\u00e8veras devant les cheveux blancs, tu honoreras la personne du vieillard, et tu craindras ton Dieu. Je suis l\u2019Eternel.<\/p>\n\n\n\n<h2 class=\"wp-block-heading\">Deut\u00e9ronome 27:16<\/h2>\n\n\n\n<p>Maudit soit celui qui traite son p\u00e8re ou sa m\u00e8re avec m\u00e9pris. Et tout le peuple r\u00e9pondra\u202f: Amen\u202f!<\/p>\n\n\n\n<h2 class=\"wp-block-heading\">1 Rois 2:19<\/h2>\n\n\n\n<p>Elle se rendit aupr\u00e8s du roi Salomon pour lui parler en faveur d\u2019Adoniya. Le roi se leva pour aller \u00e0 la rencontre de sa m\u00e8re, il se prosterna devant elle, puis il s\u2019assit sur son tr\u00f4ne. Il fit placer un si\u00e8ge pour sa m\u00e8re \u00e0 sa droite.<\/p>\n\n\n\n<h2 class=\"wp-block-heading\">Proverbes 1:8<\/h2>\n\n\n\n<p>Mon fils, sois attentif \u00e0 l\u2019\u00e9ducation que tu re\u00e7ois de ton p\u00e8re et ne n\u00e9glige pas l\u2019instruction de ta m\u00e8re,<\/p>\n\n\n\n<h2 class=\"wp-block-heading\">Proverbes 6:20<\/h2>\n\n\n\n<p>Mon fils, reste attach\u00e9 aux pr\u00e9ceptes de ton p\u00e8re, et ne rejette pas l\u2019enseignement de ta m\u00e8re\u202f!<\/p>\n\n\n\n<h2 class=\"wp-block-heading\">Proverbes 20:20<\/h2>\n\n\n\n<p>Si quelqu\u2019un maudit son p\u00e8re ou sa m\u00e8re, sa vie s\u2019\u00e9teindra en pleines t\u00e9n\u00e8bres.<\/p>\n\n\n\n<h2 class=\"wp-block-heading\">Proverbes 23:22<\/h2>\n\n\n\n<p>Ecoute ton p\u00e8re, qui t\u2019a donn\u00e9 la vie, et ne m\u00e9prise pas ta m\u00e8re devenue \u00e2g\u00e9e.<\/p>\n\n\n\n<h2 class=\"wp-block-heading\">Eccl\u00e9siaste 10:20<\/h2>\n\n\n\n<p>Ne maudis pas le roi, m\u00eame en pens\u00e9e, et ne maudis pas un riche, m\u00eame dans ta chambre \u00e0 coucher, car un oiseau emporterait tes paroles, la gent ail\u00e9e colporterait tes propos.<\/p>\n\n\n\n<h2 class=\"wp-block-heading\">J\u00e9r\u00e9mie 35:8<\/h2>\n\n\n\n<p>Nous avons donc ob\u00e9i \u00e0 tous les ordres de Yonadab, fils de R\u00e9kab, notre anc\u00eatre, de sorte que nous ne buvons jamais de vin, nous, nos femmes, nos fils et nos filles.<\/p>\n\n\n\n<h2 class=\"wp-block-heading\">Matthieu 15:4<\/h2>\n\n\n\n<p>En effet, Dieu a dit\u202f: Honore ton p\u00e8re et ta m\u00e8re et Que celui qui maudit son p\u00e8re ou sa m\u00e8re soit puni de mort.<\/p>\n\n\n\n<h2 class=\"wp-block-heading\">Actes 23:5<\/h2>\n\n\n\n<p>Fr\u00e8res, reprit Paul, j\u2019ignorais que c\u2019\u00e9tait le grand-pr\u00eatre, car je sais bien qu\u2019il est \u00e9crit\u202f: Tu n\u2019insulteras pas le chef de ton peuple.<\/p>\n\n\n\n<h2 class=\"wp-block-heading\">Romains 13:1<\/h2>\n\n\n\n<p>Que tout homme se soumette aux autorit\u00e9s sup\u00e9rieures, car il n\u2019y a pas d\u2019autorit\u00e9 qui ne vienne de Dieu, et celles qui existent ont \u00e9t\u00e9 institu\u00e9es par Dieu.<\/p>\n\n\n\n<h2 class=\"wp-block-heading\">\u00c9ph\u00e9siens 6:1<\/h2>\n\n\n\n<p>Vous, enfants, ob\u00e9issez \u00e0 vos parents \u00e0 cause du Seigneur, car c\u2019est l\u00e0 ce qui est juste.<\/p>\n\n\n\n<h2 class=\"wp-block-heading\">\u00c9ph\u00e9siens 6:2<\/h2>\n\n\n\n<p>Honore ton p\u00e8re et ta m\u00e8re\u202f: c\u2019est le premier commandement auquel une promesse est rattach\u00e9e.<\/p>\n\n\n\n<h2 class=\"wp-block-heading\">Colossiens 3:20<\/h2>\n\n\n\n<p>Enfants, ob\u00e9issez \u00e0 vos parents en toutes choses, c\u2019est ainsi que vous ferez plaisir au Seigneur.<\/p>\n\n\n\n<h2 class=\"wp-block-heading\">1 Timoth\u00e9e 5:1-2<\/h2>\n\n\n\n<p>Ne rudoie pas un homme \u00e2g\u00e9, mais encourage-le comme s\u2019il \u00e9tait ton p\u00e8re. Traite de la m\u00eame mani\u00e8re les jeunes gens comme des fr\u00e8res, les femmes \u00e2g\u00e9es comme des m\u00e8res, les plus jeunes comme des s\u0153urs, en toute puret\u00e9.<\/p>\n\n\n\n<h2 class=\"wp-block-heading\">1 Pierre 2:17<\/h2>\n\n\n\n<p>T\u00e9moignez \u00e0 tout homme le respect auquel il a droit, aimez vos fr\u00e8res et s\u0153urs en la foi, \u00ab craignez Dieu, respectez le roi \u00bb\u202f!<\/p>\n\n\n\n<h2 class=\"wp-block-heading\">Lire Aussi:<\/h2>\n\n\n\n<ul class=\"wp-block-list\"><li><a href=\"https:\/\/thebibleverses.org\/fr\/\">Versets Bibliques par Sujets<\/a><\/li><li><a href=\"https:\/\/thebibleverses.org\/fr\/amour\/\">Versets Bibliques sur l\u2019Amour<\/a><\/li><li><a href=\"https:\/\/thebibleverses.org\/fr\/force\/\">Versets Bibliques sur la Force<\/a><\/li><li><a href=\"https:\/\/thebibleverses.org\/fr\/foi\/\">Versets Bibliques sur la Foi<\/a><\/li><li><a href=\"https:\/\/thebibleverses.org\/fr\/jeunes\/\">Versets Bibliques pour les Jeunes<\/a><\/li><li><a href=\"https:\/\/thebibleverses.org\/fr\/amitie\/\">Versets Bibliques sur l\u2019Amiti\u00e9<\/a><\/li><li><a href=\"https:\/\/thebibleverses.org\/fr\/guerison\/\">Versets Bibliques sur la Gu\u00e9rison<\/a><\/li><\/ul>\n","protected":false},"excerpt":{"rendered":"<p>Exode 20:12 Honore ton p\u00e8re et ta m\u00e8re afin de jouir d\u2019une longue vie dans le pays que l\u2019Eternel ton Dieu te donne. Exode 22:27 Tu n\u2019insulteras pas Dieu et tu ne maudiras pas celui qui gouverne ton peuple. L\u00e9vitique 19:3 Que chacun de vous respecte l\u2019autorit\u00e9 de sa m\u00e8re et de son p\u00e8re, et [&hellip;]<\/p>\n","protected":false},"author":1,"featured_media":182,"parent":0,"menu_order":0,"comment_status":"open","ping_status":"closed","template":"","meta":{"footnotes":""},"class_list":["post-181","page","type-page","status-publish","has-post-thumbnail","hentry","entry","fw-tab-6 fw-tabr-4"],"_links":{"self":[{"href":"https:\/\/thebibleverses.org\/fr\/wp-json\/wp\/v2\/pages\/181","targetHints":{"allow":["GET"]}}],"collection":[{"href":"https:\/\/thebibleverses.org\/fr\/wp-json\/wp\/v2\/pages"}],"about":[{"href":"https:\/\/thebibleverses.org\/fr\/wp-json\/wp\/v2\/types\/page"}],"author":[{"embeddable":true,"href":"https:\/\/thebibleverses.org\/fr\/wp-json\/wp\/v2\/users\/1"}],"replies":[{"embeddable":true,"href":"https:\/\/thebibleverses.org\/fr\/wp-json\/wp\/v2\/comments?post=181"}],"version-history":[{"count":0,"href":"https:\/\/thebibleverses.org\/fr\/wp-json\/wp\/v2\/pages\/181\/revisions"}],"wp:featuredmedia":[{"embeddable":true,"href":"https:\/\/thebibleverses.org\/fr\/wp-json\/wp\/v2\/media\/182"}],"wp:attachment":[{"href":"https:\/\/thebibleverses.org\/fr\/wp-json\/wp\/v2\/media?parent=181"}],"curies":[{"name":"wp","href":"https:\/\/api.w.org\/{rel}","templated":true}]}}