{"id":178,"date":"2022-08-09T19:04:24","date_gmt":"2022-08-09T17:04:24","guid":{"rendered":"https:\/\/thebibleverses.org\/fr\/?page_id=178"},"modified":"2022-10-11T23:44:08","modified_gmt":"2022-10-11T21:44:08","slug":"protection-de-dieu","status":"publish","type":"page","link":"https:\/\/thebibleverses.org\/fr\/protection-de-dieu\/","title":{"rendered":"30 Versets Bibliques sur la Protection de Dieu"},"content":{"rendered":"<div class=\"wp-block-image\">\n<figure class=\"aligncenter size-large\"><img decoding=\"async\" width=\"1024\" height=\"631\" data-src=\"https:\/\/thebibleverses.org\/fr\/wp-content\/uploads\/2022\/08\/Versets-Bibliques-sur-la-Protection-de-Dieu-1024x631.webp\" alt=\"Versets Bibliques sur la Protection de Dieu\" class=\"wp-image-179 lazyload\" data-srcset=\"https:\/\/thebibleverses.org\/fr\/wp-content\/uploads\/2022\/08\/Versets-Bibliques-sur-la-Protection-de-Dieu-1024x631.webp 1024w, https:\/\/thebibleverses.org\/fr\/wp-content\/uploads\/2022\/08\/Versets-Bibliques-sur-la-Protection-de-Dieu-300x185.webp 300w, https:\/\/thebibleverses.org\/fr\/wp-content\/uploads\/2022\/08\/Versets-Bibliques-sur-la-Protection-de-Dieu-768x474.webp 768w, https:\/\/thebibleverses.org\/fr\/wp-content\/uploads\/2022\/08\/Versets-Bibliques-sur-la-Protection-de-Dieu-320x197.webp 320w, https:\/\/thebibleverses.org\/fr\/wp-content\/uploads\/2022\/08\/Versets-Bibliques-sur-la-Protection-de-Dieu-450x278.webp 450w, https:\/\/thebibleverses.org\/fr\/wp-content\/uploads\/2022\/08\/Versets-Bibliques-sur-la-Protection-de-Dieu-720x444.webp 720w, https:\/\/thebibleverses.org\/fr\/wp-content\/uploads\/2022\/08\/Versets-Bibliques-sur-la-Protection-de-Dieu.webp 1200w\" data-sizes=\"(max-width: 1024px) 100vw, 1024px\" src=\"data:image\/svg+xml;base64,PHN2ZyB3aWR0aD0iMSIgaGVpZ2h0PSIxIiB4bWxucz0iaHR0cDovL3d3dy53My5vcmcvMjAwMC9zdmciPjwvc3ZnPg==\" style=\"--smush-placeholder-width: 1024px; --smush-placeholder-aspect-ratio: 1024\/631;\" \/><figcaption>Versets Bibliques sur la Protection de Dieu &#8211; La Bible du Semeur (BDS)<\/figcaption><\/figure><\/div>\n\n\n<h2 class=\"wp-block-heading\">Gen\u00e8se 28:15<\/h2>\n\n\n\n<p>Et voici\u202f: je suis moi-m\u00eame avec toi, je te garderai partout o\u00f9 tu iras\u202f; et je te ferai revenir vers cette r\u00e9gion\u202f; je ne t\u2019abandonnerai pas mais j\u2019accomplirai ce que je t\u2019ai promis.<\/p>\n\n\n\n<h2 class=\"wp-block-heading\">Exode 14:14<\/h2>\n\n\n\n<p>L\u2019Eternel combattra pour vous, et vous, tenez-vous tranquilles.<\/p>\n\n\n\n<h2 class=\"wp-block-heading\">Deut\u00e9ronome 1:30<\/h2>\n\n\n\n<p>L\u2019Eternel votre Dieu, qui marche \u00e0 votre t\u00eate, combattra lui-m\u00eame pour vous, tout comme il l\u2019a fait pour vous en Egypte \u2013\u2006vous l\u2019avez bien vu\u2006\u2013<\/p>\n\n\n\n<h2 class=\"wp-block-heading\">Deut\u00e9ronome 3:22<\/h2>\n\n\n\n<p>Vous n\u2019en aurez pas peur, car l\u2019Eternel, votre Dieu, combat lui-m\u00eame pour vous.<\/p>\n\n\n\n<h2 class=\"wp-block-heading\">Deut\u00e9ronome 33:29<\/h2>\n\n\n\n<p>Que tu es heureux, Isra\u00ebl, |car qui est comme toi un peuple secouru |par l\u2019Eternel lui-m\u00eame\u202f? Il est le bouclier |qui vient \u00e0 ton secours, il est aussi le glaive |qui te m\u00e8ne au triomphe\u202f! Tes ennemis te flatteront, mais toi, tu marcheras |sur les hauteurs de leur pays.<\/p>\n\n\n\n<h2 class=\"wp-block-heading\">Psaumes 3:4<\/h2>\n\n\n\n<p>Pourtant, \u00f4 Eternel, |tu es pour moi un bouclier |qui me prot\u00e8ge. O toi ma gloire, |tu me feras marcher encore |la t\u00eate haute.<\/p>\n\n\n\n<h2 class=\"wp-block-heading\">Psaumes 7:11<\/h2>\n\n\n\n<p>Dieu est mon bouclier. Il sauve qui a le c\u0153ur droit.<\/p>\n\n\n\n<h2 class=\"wp-block-heading\">Psaumes 16:1<\/h2>\n\n\n\n<p>O Dieu, prot\u00e8ge-moi, |car je me r\u00e9fugie en toi.<\/p>\n\n\n\n<h2 class=\"wp-block-heading\">Psaumes 17:8<\/h2>\n\n\n\n<p>Garde-moi |comme la prunelle |de tes yeux\u202f! Cache-moi |bien \u00e0 l\u2019abri sous tes ailes.<\/p>\n\n\n\n<h2 class=\"wp-block-heading\">Psaumes 18:3<\/h2>\n\n\n\n<p>L\u2019Eternel est ma forteresse, |mon rocher, mon lib\u00e9rateur. Il est mon Dieu, le roc solide |o\u00f9 je me r\u00e9fugie. Il est mon Sauveur tout-puissant, |mon rempart et mon bouclier.<\/p>\n\n\n\n<h2 class=\"wp-block-heading\">Psaumes 27:1<\/h2>\n\n\n\n<p>Oui, l\u2019Eternel est ma lumi\u00e8re |et mon Sauveur\u202f: de qui aurais-je crainte\u202f? L\u2019Eternel est ma forteresse\u202f: |il prot\u00e8ge ma vie\u202f; de qui aurais-je peur\u202f?<\/p>\n\n\n\n<h2 class=\"wp-block-heading\">Psaumes 31:4<\/h2>\n\n\n\n<p>Oui, tu es pour moi un rocher, |et une forteresse\u202f: \u00e0 cause de ce que tu es, |toi, tu me guideras |et tu me conduiras.<\/p>\n\n\n\n<h2 class=\"wp-block-heading\">Psaumes 32:7<\/h2>\n\n\n\n<p>Tu es un abri pour moi, |tu me gardes du danger. Autour de moi retentissent |les chants de la d\u00e9livrance.<\/p>\n\n\n\n<h2 class=\"wp-block-heading\">Psaumes 46:2<\/h2>\n\n\n\n<p>Dieu est pour nous un rempart, |il est un refuge, un secours toujours offert |lorsque survient la d\u00e9tresse.<\/p>\n\n\n\n<h2 class=\"wp-block-heading\">Psaumes 46:12<\/h2>\n\n\n\n<p>Avec nous est l\u2019Eternel |des arm\u00e9es c\u00e9lestes. Nous avons pour citadelle |le Dieu de Jacob.<\/p>\n\n\n\n<h2 class=\"wp-block-heading\">Psaumes 61:4<\/h2>\n\n\n\n<p>Car tu es pour moi un refuge, une tour forte |face \u00e0 mes ennemis\u202f!<\/p>\n\n\n\n<h2 class=\"wp-block-heading\">Psaumes 62:7<\/h2>\n\n\n\n<p>Pour s\u00fbr, lui seul est mon rocher, |et mon Sauveur, ma forteresse, |je ne serai pas \u00e9branl\u00e9.<\/p>\n\n\n\n<h2 class=\"wp-block-heading\">Psaumes 71:3<\/h2>\n\n\n\n<p>Sois le rocher |o\u00f9 je trouve un refuge, o\u00f9 je peux acc\u00e9der |\u00e0 tout moment, o\u00f9 tu as r\u00e9solu |de me sauver\u202f! Car tu es mon rocher, |ma forteresse.<\/p>\n\n\n\n<h2 class=\"wp-block-heading\">Psaumes 91:4<\/h2>\n\n\n\n<p>Il te couvre sous son plumage, tu es en s\u00e9curit\u00e9 sous son aile, sa fid\u00e9lit\u00e9 te prot\u00e8ge |comme un grand bouclier.<\/p>\n\n\n\n<h2 class=\"wp-block-heading\">Psaumes 91:7<\/h2>\n\n\n\n<p>Que mille tombent \u00e0 c\u00f4t\u00e9 de toi, et dix mille \u00e0 ta droite, toi, tu ne seras pas atteint.<\/p>\n\n\n\n<h2 class=\"wp-block-heading\">Psaumes 94:22<\/h2>\n\n\n\n<p>Mais l\u2019Eternel est pour moi |une forteresse, oui, mon Dieu est le rocher |o\u00f9 je trouve abri.<\/p>\n\n\n\n<h2 class=\"wp-block-heading\">Psaumes 119:114<\/h2>\n\n\n\n<p>Tu es mon refuge et mon bouclier, je fais confiance \u00e0 ta parole.<\/p>\n\n\n\n<h2 class=\"wp-block-heading\">Psaumes 121:3<\/h2>\n\n\n\n<p>Il te gardera des faux pas, celui qui te prot\u00e8ge |ne sommeillera pas.<\/p>\n\n\n\n<h2 class=\"wp-block-heading\">Psaumes 121:5<\/h2>\n\n\n\n<p>L\u2019Eternel est ton protecteur, l\u2019Eternel est \u00e0 ton c\u00f4t\u00e9 |comme une ombre qui te prot\u00e8ge.<\/p>\n\n\n\n<h2 class=\"wp-block-heading\">Psaumes 121:7<\/h2>\n\n\n\n<p>L\u2019Eternel te gardera de tout mal\u202f: il gardera ta vie.<\/p>\n\n\n\n<h2 class=\"wp-block-heading\">Proverbes 18:10<\/h2>\n\n\n\n<p>L\u2019Eternel est comme un donjon bien fortifi\u00e9\u202f: le juste y accourt et il y est en s\u00e9curit\u00e9.<\/p>\n\n\n\n<h2 class=\"wp-block-heading\">Proverbes 30:5<\/h2>\n\n\n\n<p>Chaque parole de Dieu est enti\u00e8rement fiable. Il d\u00e9fend comme un bouclier ceux qui se confient en lui.<\/p>\n\n\n\n<h2 class=\"wp-block-heading\">Romains 8:38-39<\/h2>\n\n\n\n<p>Oui, j\u2019en ai l\u2019absolue certitude\u202f: ni la mort ni la vie, ni les anges ni les dominations, ni le pr\u00e9sent ni l\u2019avenir, ni les puissances, ni ce qui est en haut ni ce qui est en bas, ni aucune autre cr\u00e9ature, rien ne pourra nous arracher \u00e0 l\u2019amour que Dieu nous a t\u00e9moign\u00e9 en J\u00e9sus-Christ notre Seigneur.<\/p>\n\n\n\n<h2 class=\"wp-block-heading\">2 Thessaloniciens 3:3<\/h2>\n\n\n\n<p>Mais le Seigneur, lui, est fid\u00e8le\u202f: il vous rendra forts et vous gardera du diable.<\/p>\n\n\n\n<h2 class=\"wp-block-heading\">2 Timoth\u00e9e 4:18<\/h2>\n\n\n\n<p>Le Seigneur continuera \u00e0 me d\u00e9livrer de toute entreprise mauvaise et me sauvera pour son royaume c\u00e9leste. A lui soit la gloire pour l\u2019\u00e9ternit\u00e9. Amen.<\/p>\n\n\n\n<h2 class=\"wp-block-heading\">Lire Aussi:<\/h2>\n\n\n\n<ul class=\"wp-block-list\"><li><a href=\"https:\/\/thebibleverses.org\/fr\/\">Versets Bibliques par Sujets<\/a><\/li><li><a href=\"https:\/\/thebibleverses.org\/fr\/amour\/\">Versets Bibliques sur l\u2019Amour<\/a><\/li><li><a href=\"https:\/\/thebibleverses.org\/fr\/force\/\">Versets Bibliques sur la Force<\/a><\/li><li><a href=\"https:\/\/thebibleverses.org\/fr\/foi\/\">Versets Bibliques sur la Foi<\/a><\/li><li><a href=\"https:\/\/thebibleverses.org\/fr\/jeunes\/\">Versets Bibliques pour les Jeunes<\/a><\/li><li><a href=\"https:\/\/thebibleverses.org\/fr\/amitie\/\">Versets Bibliques sur l\u2019Amiti\u00e9<\/a><\/li><li><a href=\"https:\/\/thebibleverses.org\/fr\/guerison\/\">Versets Bibliques sur la Gu\u00e9rison<\/a><\/li><\/ul>\n","protected":false},"excerpt":{"rendered":"<p>Gen\u00e8se 28:15 Et voici\u202f: je suis moi-m\u00eame avec toi, je te garderai partout o\u00f9 tu iras\u202f; et je te ferai revenir vers cette r\u00e9gion\u202f; je ne t\u2019abandonnerai pas mais j\u2019accomplirai ce que je t\u2019ai promis. Exode 14:14 L\u2019Eternel combattra pour vous, et vous, tenez-vous tranquilles. Deut\u00e9ronome 1:30 L\u2019Eternel votre Dieu, qui marche \u00e0 votre t\u00eate, [&hellip;]<\/p>\n","protected":false},"author":1,"featured_media":179,"parent":0,"menu_order":0,"comment_status":"open","ping_status":"closed","template":"","meta":{"footnotes":""},"class_list":["post-178","page","type-page","status-publish","has-post-thumbnail","hentry","entry","fw-tab-6 fw-tabr-4"],"_links":{"self":[{"href":"https:\/\/thebibleverses.org\/fr\/wp-json\/wp\/v2\/pages\/178","targetHints":{"allow":["GET"]}}],"collection":[{"href":"https:\/\/thebibleverses.org\/fr\/wp-json\/wp\/v2\/pages"}],"about":[{"href":"https:\/\/thebibleverses.org\/fr\/wp-json\/wp\/v2\/types\/page"}],"author":[{"embeddable":true,"href":"https:\/\/thebibleverses.org\/fr\/wp-json\/wp\/v2\/users\/1"}],"replies":[{"embeddable":true,"href":"https:\/\/thebibleverses.org\/fr\/wp-json\/wp\/v2\/comments?post=178"}],"version-history":[{"count":0,"href":"https:\/\/thebibleverses.org\/fr\/wp-json\/wp\/v2\/pages\/178\/revisions"}],"wp:featuredmedia":[{"embeddable":true,"href":"https:\/\/thebibleverses.org\/fr\/wp-json\/wp\/v2\/media\/179"}],"wp:attachment":[{"href":"https:\/\/thebibleverses.org\/fr\/wp-json\/wp\/v2\/media?parent=178"}],"curies":[{"name":"wp","href":"https:\/\/api.w.org\/{rel}","templated":true}]}}