{"id":175,"date":"2022-08-09T18:50:31","date_gmt":"2022-08-09T16:50:31","guid":{"rendered":"https:\/\/thebibleverses.org\/fr\/?page_id=175"},"modified":"2022-10-11T23:43:37","modified_gmt":"2022-10-11T21:43:37","slug":"prosperite","status":"publish","type":"page","link":"https:\/\/thebibleverses.org\/fr\/prosperite\/","title":{"rendered":"25 Versets Bibliques sur la Prosp\u00e9rit\u00e9"},"content":{"rendered":"<div class=\"wp-block-image\">\n<figure class=\"aligncenter size-large\"><img decoding=\"async\" width=\"1024\" height=\"631\" data-src=\"https:\/\/thebibleverses.org\/fr\/wp-content\/uploads\/2022\/08\/Versets-Bibliques-sur-la-Prosperite-1024x631.webp\" alt=\"Versets Bibliques sur la Prosp\u00e9rit\u00e9\" class=\"wp-image-176 lazyload\" data-srcset=\"https:\/\/thebibleverses.org\/fr\/wp-content\/uploads\/2022\/08\/Versets-Bibliques-sur-la-Prosperite-1024x631.webp 1024w, https:\/\/thebibleverses.org\/fr\/wp-content\/uploads\/2022\/08\/Versets-Bibliques-sur-la-Prosperite-300x185.webp 300w, https:\/\/thebibleverses.org\/fr\/wp-content\/uploads\/2022\/08\/Versets-Bibliques-sur-la-Prosperite-768x474.webp 768w, https:\/\/thebibleverses.org\/fr\/wp-content\/uploads\/2022\/08\/Versets-Bibliques-sur-la-Prosperite-320x197.webp 320w, https:\/\/thebibleverses.org\/fr\/wp-content\/uploads\/2022\/08\/Versets-Bibliques-sur-la-Prosperite-450x278.webp 450w, https:\/\/thebibleverses.org\/fr\/wp-content\/uploads\/2022\/08\/Versets-Bibliques-sur-la-Prosperite-720x444.webp 720w, https:\/\/thebibleverses.org\/fr\/wp-content\/uploads\/2022\/08\/Versets-Bibliques-sur-la-Prosperite.webp 1200w\" data-sizes=\"(max-width: 1024px) 100vw, 1024px\" src=\"data:image\/svg+xml;base64,PHN2ZyB3aWR0aD0iMSIgaGVpZ2h0PSIxIiB4bWxucz0iaHR0cDovL3d3dy53My5vcmcvMjAwMC9zdmciPjwvc3ZnPg==\" style=\"--smush-placeholder-width: 1024px; --smush-placeholder-aspect-ratio: 1024\/631;\" \/><figcaption>Versets Bibliques sur la Prosp\u00e9rit\u00e9 &#8211; La Bible du Semeur (BDS)<\/figcaption><\/figure><\/div>\n\n\n<h2 class=\"wp-block-heading\">Gen\u00e8se 39:2-3<\/h2>\n\n\n\n<p>L\u2019Eternel fut avec Joseph, de sorte qu\u2019il r\u00e9ussissait ce qu\u2019il entreprenait. Il demeurait dans la maison de son ma\u00eetre \u00e9gyptien. Celui-ci remarqua que l\u2019Eternel \u00e9tait avec Joseph et faisait prosp\u00e9rer tout ce qu\u2019il entreprenait.<\/p>\n\n\n\n<h2 class=\"wp-block-heading\">Exode 1:21<\/h2>\n\n\n\n<p>Comme les sages-femmes avaient agi par crainte de Dieu, Dieu fit prosp\u00e9rer leurs familles.<\/p>\n\n\n\n<h2 class=\"wp-block-heading\">Deut\u00e9ronome 6:10-12<\/h2>\n\n\n\n<p>Lorsque l\u2019Eternel ton Dieu t\u2019aura fait entrer dans le pays qu\u2019il a promis par serment \u00e0 tes anc\u00eatres Abraham, Isaac et Jacob de te donner, tu y trouveras de grandes et belles cit\u00e9s que tu n\u2019as pas b\u00e2ties, des maisons remplies de toutes sortes de biens que tu n\u2019as pas amass\u00e9s, des citernes taill\u00e9es dans le roc que tu n\u2019as pas creus\u00e9es, des vignes et des oliviers que tu n\u2019as pas plant\u00e9s. Lorsque tu mangeras et que tu seras rassasi\u00e9, garde-toi bien d\u2019oublier l\u2019Eternel qui t\u2019a fait sortir d\u2019Egypte, du pays o\u00f9 tu \u00e9tais esclave.<\/p>\n\n\n\n<h2 class=\"wp-block-heading\">Deut\u00e9ronome 32:15<\/h2>\n\n\n\n<p>Mais bient\u00f4t Yeshouroun, |apr\u00e8s s\u2019\u00eatre engraiss\u00e9, |s\u2019est mis \u00e0 regimber. Devenu gros et gras, |bien charg\u00e9 d\u2019embonpoint, il a abandonn\u00e9 |le Dieu qui l\u2019a cr\u00e9\u00e9, et il a m\u00e9pris\u00e9 |le Roc qui l\u2019a sauv\u00e9.<\/p>\n\n\n\n<h2 class=\"wp-block-heading\">Deut\u00e9ronome 29:9<\/h2>\n\n\n\n<p>Vous vous pr\u00e9sentez aujourd\u2019hui devant l\u2019Eternel votre Dieu, vous tous, chefs de tribus, responsables, officiers et tous les hommes d\u2019Isra\u00ebl.<\/p>\n\n\n\n<h2 class=\"wp-block-heading\">Deut\u00e9ronome 30:9<\/h2>\n\n\n\n<p>L\u2019Eternel votre Dieu vous comblera de bonheur en faisant r\u00e9ussir tout ce que vous entreprendrez\u202f; il vous donnera de nombreux enfants, il multipliera votre b\u00e9tail et vous accordera d\u2019abondantes r\u00e9coltes. Car l\u2019Eternel prendra de nouveau plaisir \u00e0 votre bonheur comme il prenait plaisir \u00e0 celui de vos anc\u00eatres,<\/p>\n\n\n\n<h2 class=\"wp-block-heading\">Josu\u00e9 1:7<\/h2>\n\n\n\n<p>Simplement, prends courage et tiens bon pour veiller \u00e0 ob\u00e9ir \u00e0 toute la Loi que mon serviteur Mo\u00efse t\u2019a prescrite, sans t\u2019en \u00e9carter ni d\u2019un c\u00f4t\u00e9 ni de l\u2019autre. Alors tu r\u00e9ussiras dans tout ce que tu entreprendras.<\/p>\n\n\n\n<h2 class=\"wp-block-heading\">Josu\u00e9 1:8<\/h2>\n\n\n\n<p>Aie soin de r\u00e9p\u00e9ter sans cesse les paroles de ce livre de la Loi, m\u00e9dite-les jour et nuit afin d\u2019y ob\u00e9ir et d\u2019appliquer tout ce qui y est \u00e9crit, car alors tu auras du succ\u00e8s dans tes entreprises, alors tu r\u00e9ussiras.<\/p>\n\n\n\n<h2 class=\"wp-block-heading\">1 Chroniques 22:13<\/h2>\n\n\n\n<p>Oui, tu r\u00e9ussiras, si tu veilles \u00e0 ob\u00e9ir aux ordonnances et aux lois que l\u2019Eternel a prescrites \u00e0 Mo\u00efse pour Isra\u00ebl. Prends courage et tiens bon, ne crains rien et ne te laisse pas effrayer\u202f!<\/p>\n\n\n\n<h2 class=\"wp-block-heading\">2 Chroniques 26:5<\/h2>\n\n\n\n<p>Il s\u2019attacha \u00e0 Dieu tant que v\u00e9cut Zacharie qui lui enseignait la crainte de Dieu. Aussi longtemps qu\u2019il resta attach\u00e9 \u00e0 l\u2019Eternel, Dieu lui accorda la r\u00e9ussite.<\/p>\n\n\n\n<h2 class=\"wp-block-heading\">2 Chroniques 20:20<\/h2>\n\n\n\n<p>Le lendemain matin, ils se lev\u00e8rent t\u00f4t, et les hommes se mirent en route pour le d\u00e9sert de Teqoa. Au moment du d\u00e9part, Josaphat leur adressa la parole\u202f: Ecoutez-moi, hommes de Juda et habitants de J\u00e9rusalem\u202f! Faites confiance \u00e0 l\u2019Eternel votre Dieu, et vous serez invuln\u00e9rables\u202f! Faites confiance \u00e0 ses proph\u00e8tes, et vous aurez la victoire\u202f!<\/p>\n\n\n\n<h2 class=\"wp-block-heading\">2 Chroniques 31:20-21<\/h2>\n\n\n\n<p>C\u2019est ainsi qu\u2019Ez\u00e9chias agit dans tout le pays de Juda. Il fit ce qui est bien, juste et fid\u00e8le devant l\u2019Eternel son Dieu. Pour tout ce qu\u2019il entreprit, qu\u2019il s\u2019agisse du service du temple de Dieu ou de l\u2019ob\u00e9issance \u00e0 la Loi et aux commandements, il chercha \u00e0 plaire \u00e0 son Dieu de tout son c\u0153ur, et tout lui r\u00e9ussit.<\/p>\n\n\n\n<h2 class=\"wp-block-heading\">N\u00e9h\u00e9mie 2:20<\/h2>\n\n\n\n<p>Mais je leur r\u00e9pondis\u202f: Le Dieu du ciel fera r\u00e9ussir notre entreprise. Nous, ses serviteurs, nous nous mettrons \u00e0 l\u2019\u0153uvre et nous reconstruirons la ville. Quant \u00e0 vous, vous n\u2019avez aucune propri\u00e9t\u00e9 ni aucun droit dans J\u00e9rusalem, et personne ne s\u2019y souviendra de vous avec consid\u00e9ration\u202f!<\/p>\n\n\n\n<h2 class=\"wp-block-heading\">Psaumes 1:1-3<\/h2>\n\n\n\n<p>Heureux l\u2019homme |qui ne marche pas |selon les conseils |des m\u00e9chants, qui ne va pas se tenir |sur le chemin des p\u00e9cheurs, qui ne s\u2019assied pas |en la compagnie |de ces gens qui se moquent de Dieu. Toute sa joie il la met |dans la Loi de l\u2019Eternel qu\u2019il m\u00e9dite jour et nuit. Il prosp\u00e8re comme un arbre |implant\u00e9 pr\u00e8s d\u2019un cours d\u2019eau\u202f; il donne toujours son fruit |lorsqu\u2019en revient la saison. Son feuillage est toujours vert\u202f; tout ce qu\u2019il fait r\u00e9ussit.<\/p>\n\n\n\n<h2 class=\"wp-block-heading\">Psaumes 122:6<\/h2>\n\n\n\n<p>Priez pour la paix |de J\u00e9rusalem\u202f: oui, que ceux qui t\u2019aiment, |\u00f4 J\u00e9rusalem, |vivent en s\u00e9curit\u00e9\u202f!<\/p>\n\n\n\n<h2 class=\"wp-block-heading\">Proverbes 1:32<\/h2>\n\n\n\n<p>Car la pr\u00e9somption des gens inexp\u00e9riment\u00e9s causera leur mort, et l\u2019assurance des insens\u00e9s les perdra.<\/p>\n\n\n\n<h2 class=\"wp-block-heading\">Proverbes 11:25<\/h2>\n\n\n\n<p>Qui r\u00e9pand la b\u00e9n\u00e9diction conna\u00eetra l\u2019abondance\u202f; qui donne \u00e0 boire aux autres sera lui-m\u00eame d\u00e9salt\u00e9r\u00e9.<\/p>\n\n\n\n<h2 class=\"wp-block-heading\">Proverbes 13:4<\/h2>\n\n\n\n<p>Le paresseux \u00e9prouve des d\u00e9sirs mais n\u2019arrive \u00e0 rien, alors que les aspirations des gens actifs seront combl\u00e9es.<\/p>\n\n\n\n<h2 class=\"wp-block-heading\">Proverbes 13:21<\/h2>\n\n\n\n<p>Le malheur poursuit les p\u00e9cheurs, mais le bonheur r\u00e9compense les justes.<\/p>\n\n\n\n<h2 class=\"wp-block-heading\">Proverbes 28:13<\/h2>\n\n\n\n<p>Qui cache ses fautes ne prosp\u00e9rera pas, qui les avoue et les d\u00e9laisse obtient mis\u00e9ricorde.<\/p>\n\n\n\n<h2 class=\"wp-block-heading\">Proverbes 28:25<\/h2>\n\n\n\n<p>L\u2019homme insatiable suscite des querelles,<br>mais celui qui se confie en l\u2019Eternel conna\u00eetra l\u2019abondance.<\/p>\n\n\n\n<h2 class=\"wp-block-heading\">Proverbes 30:8-9<\/h2>\n\n\n\n<p>Garde-moi de la fausset\u00e9 et du mensonge, ne me donne ni pauvret\u00e9 ni richesse\u202f; accorde-moi seulement la nourriture n\u00e9cessaire, car dans l\u2019abondance, je pourrais te renier et dire\u202f: \u00ab Qui est l\u2019Eternel\u202f? \u00bb Ou bien, press\u00e9 par la mis\u00e8re, je pourrais me mettre \u00e0 voler et d\u00e9shonorer ainsi mon Dieu.<\/p>\n\n\n\n<h2 class=\"wp-block-heading\">\u00c9sa\u00efe 54:17<\/h2>\n\n\n\n<p>Toute arme fabriqu\u00e9e |pour te faire du mal n\u2019atteindra pas son but, et tu pourras confondre tous tes accusateurs |en jugement, car tel est l\u2019apanage |des serviteurs de l\u2019Eternel et c\u2019est ainsi |que je leur fais justice, l\u2019Eternel le d\u00e9clare.<\/p>\n\n\n\n<h2 class=\"wp-block-heading\">J\u00e9r\u00e9mie 46:27<\/h2>\n\n\n\n<p>Et toi, Jacob mon serviteur, sois donc sans crainte, non, n\u2019aie pas peur, |\u00f4 Isra\u00ebl\u202f! Car moi, je vais te d\u00e9livrer, |de la terre lointaine, toi et tes descendants, |du pays de l\u2019exil. Oui, Jacob reviendra, |il jouira de la tranquillit\u00e9, |et d\u2019une vie paisible\u202f; personne ne l\u2019inqui\u00e9tera.<\/p>\n\n\n\n<h2 class=\"wp-block-heading\">3 Jean 2<\/h2>\n\n\n\n<p>Cher ami, je souhaite que tu prosp\u00e8res \u00e0 tous \u00e9gards et que tu sois en aussi bonne sant\u00e9 physique que tu l\u2019es spirituellement.<\/p>\n\n\n\n<h2 class=\"wp-block-heading\">Lire Aussi:<\/h2>\n\n\n\n<ul class=\"wp-block-list\"><li><a href=\"https:\/\/thebibleverses.org\/fr\/\">Versets Bibliques par Sujets<\/a><\/li><li><a href=\"https:\/\/thebibleverses.org\/fr\/amour\/\">Versets Bibliques sur l\u2019Amour<\/a><\/li><li><a href=\"https:\/\/thebibleverses.org\/fr\/force\/\">Versets Bibliques sur la Force<\/a><\/li><li><a href=\"https:\/\/thebibleverses.org\/fr\/foi\/\">Versets Bibliques sur la Foi<\/a><\/li><li><a href=\"https:\/\/thebibleverses.org\/fr\/jeunes\/\">Versets Bibliques pour les Jeunes<\/a><\/li><li><a href=\"https:\/\/thebibleverses.org\/fr\/amitie\/\">Versets Bibliques sur l\u2019Amiti\u00e9<\/a><\/li><li><a href=\"https:\/\/thebibleverses.org\/fr\/guerison\/\">Versets Bibliques sur la Gu\u00e9rison<\/a><\/li><\/ul>\n","protected":false},"excerpt":{"rendered":"<p>Gen\u00e8se 39:2-3 L\u2019Eternel fut avec Joseph, de sorte qu\u2019il r\u00e9ussissait ce qu\u2019il entreprenait. Il demeurait dans la maison de son ma\u00eetre \u00e9gyptien. Celui-ci remarqua que l\u2019Eternel \u00e9tait avec Joseph et faisait prosp\u00e9rer tout ce qu\u2019il entreprenait. Exode 1:21 Comme les sages-femmes avaient agi par crainte de Dieu, Dieu fit prosp\u00e9rer leurs familles. Deut\u00e9ronome 6:10-12 Lorsque [&hellip;]<\/p>\n","protected":false},"author":1,"featured_media":176,"parent":0,"menu_order":0,"comment_status":"open","ping_status":"closed","template":"","meta":{"footnotes":""},"class_list":["post-175","page","type-page","status-publish","has-post-thumbnail","hentry","entry","fw-tab-6 fw-tabr-4"],"_links":{"self":[{"href":"https:\/\/thebibleverses.org\/fr\/wp-json\/wp\/v2\/pages\/175","targetHints":{"allow":["GET"]}}],"collection":[{"href":"https:\/\/thebibleverses.org\/fr\/wp-json\/wp\/v2\/pages"}],"about":[{"href":"https:\/\/thebibleverses.org\/fr\/wp-json\/wp\/v2\/types\/page"}],"author":[{"embeddable":true,"href":"https:\/\/thebibleverses.org\/fr\/wp-json\/wp\/v2\/users\/1"}],"replies":[{"embeddable":true,"href":"https:\/\/thebibleverses.org\/fr\/wp-json\/wp\/v2\/comments?post=175"}],"version-history":[{"count":0,"href":"https:\/\/thebibleverses.org\/fr\/wp-json\/wp\/v2\/pages\/175\/revisions"}],"wp:featuredmedia":[{"embeddable":true,"href":"https:\/\/thebibleverses.org\/fr\/wp-json\/wp\/v2\/media\/176"}],"wp:attachment":[{"href":"https:\/\/thebibleverses.org\/fr\/wp-json\/wp\/v2\/media?parent=175"}],"curies":[{"name":"wp","href":"https:\/\/api.w.org\/{rel}","templated":true}]}}