{"id":172,"date":"2022-08-09T18:22:58","date_gmt":"2022-08-09T16:22:58","guid":{"rendered":"https:\/\/thebibleverses.org\/fr\/?page_id=172"},"modified":"2022-10-11T23:43:01","modified_gmt":"2022-10-11T21:43:01","slug":"premices","status":"publish","type":"page","link":"https:\/\/thebibleverses.org\/fr\/premices\/","title":{"rendered":"10 Versets Bibliques sur Pr\u00e9mices"},"content":{"rendered":"<div class=\"wp-block-image\">\n<figure class=\"aligncenter size-large\"><img decoding=\"async\" width=\"1024\" height=\"631\" data-src=\"https:\/\/thebibleverses.org\/fr\/wp-content\/uploads\/2022\/08\/Versets-Bibliques-sur-Premices-1024x631.webp\" alt=\"Versets Bibliques sur Pr\u00e9mices\" class=\"wp-image-173 lazyload\" data-srcset=\"https:\/\/thebibleverses.org\/fr\/wp-content\/uploads\/2022\/08\/Versets-Bibliques-sur-Premices-1024x631.webp 1024w, https:\/\/thebibleverses.org\/fr\/wp-content\/uploads\/2022\/08\/Versets-Bibliques-sur-Premices-300x185.webp 300w, https:\/\/thebibleverses.org\/fr\/wp-content\/uploads\/2022\/08\/Versets-Bibliques-sur-Premices-768x474.webp 768w, https:\/\/thebibleverses.org\/fr\/wp-content\/uploads\/2022\/08\/Versets-Bibliques-sur-Premices-320x197.webp 320w, https:\/\/thebibleverses.org\/fr\/wp-content\/uploads\/2022\/08\/Versets-Bibliques-sur-Premices-450x278.webp 450w, https:\/\/thebibleverses.org\/fr\/wp-content\/uploads\/2022\/08\/Versets-Bibliques-sur-Premices-720x444.webp 720w, https:\/\/thebibleverses.org\/fr\/wp-content\/uploads\/2022\/08\/Versets-Bibliques-sur-Premices.webp 1200w\" data-sizes=\"(max-width: 1024px) 100vw, 1024px\" src=\"data:image\/svg+xml;base64,PHN2ZyB3aWR0aD0iMSIgaGVpZ2h0PSIxIiB4bWxucz0iaHR0cDovL3d3dy53My5vcmcvMjAwMC9zdmciPjwvc3ZnPg==\" style=\"--smush-placeholder-width: 1024px; --smush-placeholder-aspect-ratio: 1024\/631;\" \/><figcaption>Versets Bibliques sur Pr\u00e9mices &#8211; La Bible du Semeur (BDS)<\/figcaption><\/figure><\/div>\n\n\n<h2 class=\"wp-block-heading\">Gen\u00e8se 4:4<\/h2>\n\n\n\n<p>Abel, lui aussi, fit une offrande\u202f: il pr\u00e9senta les premiers-n\u00e9s de son troupeau et en offrit les meilleurs morceaux. L\u2019Eternel pr\u00eata attention \u00e0 Abel et \u00e0 son offrande.<\/p>\n\n\n\n<h2 class=\"wp-block-heading\">Exode 13:2<\/h2>\n\n\n\n<p>Consacre-moi tout premier-n\u00e9 qui na\u00eetra parmi les Isra\u00e9lites\u202f; qu\u2019il s\u2019agisse d\u2019un gar\u00e7on ou d\u2019un animal, il m\u2019appartient.<\/p>\n\n\n\n<h2 class=\"wp-block-heading\">Exode 22:29<\/h2>\n\n\n\n<p>Tu m\u2019offriras \u00e9galement le premier-n\u00e9 de tes bovins, de tes moutons et de tes ch\u00e8vres\u202f; ils resteront sept jours avec leur m\u00e8re, et le huiti\u00e8me jour tu me les offriras.<\/p>\n\n\n\n<h2 class=\"wp-block-heading\">Exode 23:19<\/h2>\n\n\n\n<p>Tu apporteras au sanctuaire de l\u2019Eternel ton Dieu les tout premiers produits de tes r\u00e9coltes.<\/p>\n\n\n\n<h2 class=\"wp-block-heading\">Nombres 3:13<\/h2>\n\n\n\n<p>Tout premier-n\u00e9 m\u2019appartient en effet, depuis le jour o\u00f9 j\u2019ai fait mourir tous les premiers-n\u00e9s des Egyptiens et o\u00f9 je me suis consacr\u00e9 tout premier-n\u00e9 en Isra\u00ebl, tant ceux des hommes que ceux des animaux. Ils sont \u00e0 moi. Je suis l\u2019Eternel.<\/p>\n\n\n\n<h2 class=\"wp-block-heading\">Deut\u00e9ronome 18:3-5<\/h2>\n\n\n\n<p>Voici ce qui revient de droit aux pr\u00eatres de la part du peuple\u202f: tous ceux qui offriront en sacrifice un b\u0153uf ou un mouton leur remettront l\u2019\u00e9paule, les joues et l\u2019estomac. Vous leur donnerez \u00e9galement les premiers produits du sol en bl\u00e9, vin nouveau et huile ainsi que la premi\u00e8re laine que vous tondrez sur vos moutons\u202f; car, parmi vos tribus, l\u2019Eternel votre Dieu a choisi L\u00e9vi et ses descendants pour qu\u2019ils se tiennent pour toujours au service du sanctuaire en son nom.<\/p>\n\n\n\n<h2 class=\"wp-block-heading\">N\u00e9h\u00e9mie 10:35<\/h2>\n\n\n\n<p>Nous avons aussi tir\u00e9 au sort quelles familles de pr\u00eatres, de l\u00e9vites et de gens du peuple devaient apporter chaque ann\u00e9e \u00e0 date fixe au temple de notre Dieu, le bois destin\u00e9 \u00e0 br\u00fbler sur l\u2019autel de l\u2019Eternel, notre Dieu, comme cela est \u00e9crit dans la Loi.<\/p>\n\n\n\n<h2 class=\"wp-block-heading\">Proverbes 3:9-10<\/h2>\n\n\n\n<p>Honore l\u2019Eternel en lui donnant une part de tes biens et en lui offrant les pr\u00e9mices de tous tes revenus. Alors tes greniers regorgeront de nourriture et tes cuves d\u00e9borderont de vin.<\/p>\n\n\n\n<h2 class=\"wp-block-heading\">1 Corinthiens 15:20<\/h2>\n\n\n\n<p>Mais, en r\u00e9alit\u00e9, Christ est bien revenu \u00e0 la vie et, comme les premiers fruits de la moisson, il annonce la r\u00e9surrection des morts.<\/p>\n\n\n\n<h2 class=\"wp-block-heading\">Jacques 1:18<\/h2>\n\n\n\n<p>Par un acte de sa libre volont\u00e9, il nous a engendr\u00e9s par la parole de v\u00e9rit\u00e9 pour que nous soyons comme les premiers fruits de sa nouvelle cr\u00e9ation.<\/p>\n\n\n\n<h2 class=\"wp-block-heading\">Lire Aussi:<\/h2>\n\n\n\n<ul class=\"wp-block-list\"><li><a href=\"https:\/\/thebibleverses.org\/fr\/\">Versets Bibliques par Sujets<\/a><\/li><li><a href=\"https:\/\/thebibleverses.org\/fr\/amour\/\">Versets Bibliques sur l\u2019Amour<\/a><\/li><li><a href=\"https:\/\/thebibleverses.org\/fr\/force\/\">Versets Bibliques sur la Force<\/a><\/li><li><a href=\"https:\/\/thebibleverses.org\/fr\/foi\/\">Versets Bibliques sur la Foi<\/a><\/li><li><a href=\"https:\/\/thebibleverses.org\/fr\/jeunes\/\">Versets Bibliques pour les Jeunes<\/a><\/li><li><a href=\"https:\/\/thebibleverses.org\/fr\/amitie\/\">Versets Bibliques sur l\u2019Amiti\u00e9<\/a><\/li><li><a href=\"https:\/\/thebibleverses.org\/fr\/guerison\/\">Versets Bibliques sur la Gu\u00e9rison<\/a><\/li><\/ul>\n","protected":false},"excerpt":{"rendered":"<p>Gen\u00e8se 4:4 Abel, lui aussi, fit une offrande\u202f: il pr\u00e9senta les premiers-n\u00e9s de son troupeau et en offrit les meilleurs morceaux. L\u2019Eternel pr\u00eata attention \u00e0 Abel et \u00e0 son offrande. Exode 13:2 Consacre-moi tout premier-n\u00e9 qui na\u00eetra parmi les Isra\u00e9lites\u202f; qu\u2019il s\u2019agisse d\u2019un gar\u00e7on ou d\u2019un animal, il m\u2019appartient. Exode 22:29 Tu m\u2019offriras \u00e9galement le [&hellip;]<\/p>\n","protected":false},"author":1,"featured_media":173,"parent":0,"menu_order":0,"comment_status":"open","ping_status":"closed","template":"","meta":{"footnotes":""},"class_list":["post-172","page","type-page","status-publish","has-post-thumbnail","hentry","entry","fw-tab-6 fw-tabr-4"],"_links":{"self":[{"href":"https:\/\/thebibleverses.org\/fr\/wp-json\/wp\/v2\/pages\/172","targetHints":{"allow":["GET"]}}],"collection":[{"href":"https:\/\/thebibleverses.org\/fr\/wp-json\/wp\/v2\/pages"}],"about":[{"href":"https:\/\/thebibleverses.org\/fr\/wp-json\/wp\/v2\/types\/page"}],"author":[{"embeddable":true,"href":"https:\/\/thebibleverses.org\/fr\/wp-json\/wp\/v2\/users\/1"}],"replies":[{"embeddable":true,"href":"https:\/\/thebibleverses.org\/fr\/wp-json\/wp\/v2\/comments?post=172"}],"version-history":[{"count":0,"href":"https:\/\/thebibleverses.org\/fr\/wp-json\/wp\/v2\/pages\/172\/revisions"}],"wp:featuredmedia":[{"embeddable":true,"href":"https:\/\/thebibleverses.org\/fr\/wp-json\/wp\/v2\/media\/173"}],"wp:attachment":[{"href":"https:\/\/thebibleverses.org\/fr\/wp-json\/wp\/v2\/media?parent=172"}],"curies":[{"name":"wp","href":"https:\/\/api.w.org\/{rel}","templated":true}]}}