{"id":169,"date":"2022-08-09T18:12:05","date_gmt":"2022-08-09T16:12:05","guid":{"rendered":"https:\/\/thebibleverses.org\/fr\/?page_id=169"},"modified":"2022-10-11T23:00:20","modified_gmt":"2022-10-11T21:00:20","slug":"inquietude","status":"publish","type":"page","link":"https:\/\/thebibleverses.org\/fr\/inquietude\/","title":{"rendered":"25 Versets Bibliques sur l&rsquo;inqui\u00e9tude"},"content":{"rendered":"<div class=\"wp-block-image\">\n<figure class=\"aligncenter size-large\"><img decoding=\"async\" width=\"1024\" height=\"631\" data-src=\"https:\/\/thebibleverses.org\/fr\/wp-content\/uploads\/2022\/08\/Versets-Bibliques-sur-lInquietude-1024x631.webp\" alt=\"Versets Bibliques sur l'Inqui\u00e9tude\" class=\"wp-image-170 lazyload\" data-srcset=\"https:\/\/thebibleverses.org\/fr\/wp-content\/uploads\/2022\/08\/Versets-Bibliques-sur-lInquietude-1024x631.webp 1024w, https:\/\/thebibleverses.org\/fr\/wp-content\/uploads\/2022\/08\/Versets-Bibliques-sur-lInquietude-300x185.webp 300w, https:\/\/thebibleverses.org\/fr\/wp-content\/uploads\/2022\/08\/Versets-Bibliques-sur-lInquietude-768x474.webp 768w, https:\/\/thebibleverses.org\/fr\/wp-content\/uploads\/2022\/08\/Versets-Bibliques-sur-lInquietude-320x197.webp 320w, https:\/\/thebibleverses.org\/fr\/wp-content\/uploads\/2022\/08\/Versets-Bibliques-sur-lInquietude-450x278.webp 450w, https:\/\/thebibleverses.org\/fr\/wp-content\/uploads\/2022\/08\/Versets-Bibliques-sur-lInquietude-720x444.webp 720w, https:\/\/thebibleverses.org\/fr\/wp-content\/uploads\/2022\/08\/Versets-Bibliques-sur-lInquietude.webp 1200w\" data-sizes=\"(max-width: 1024px) 100vw, 1024px\" src=\"data:image\/svg+xml;base64,PHN2ZyB3aWR0aD0iMSIgaGVpZ2h0PSIxIiB4bWxucz0iaHR0cDovL3d3dy53My5vcmcvMjAwMC9zdmciPjwvc3ZnPg==\" style=\"--smush-placeholder-width: 1024px; --smush-placeholder-aspect-ratio: 1024\/631;\" \/><figcaption>Versets Bibliques sur l&rsquo;Inqui\u00e9tude &#8211; La Bible du Semeur (BDS)<\/figcaption><\/figure><\/div>\n\n\n<h2 class=\"wp-block-heading\">1 Samuel 30:6<\/h2>\n\n\n\n<p>David \u00e9tait dans une situation tr\u00e8s angoissante parce que ses compagnons \u00e9taient pleins d\u2019amertume en pensant chacun \u00e0 ses fils et \u00e0 ses filles, et ils parlaient de le lapider. Mais David puisa de nouvelles forces en se confiant en l\u2019Eternel son Dieu.<\/p>\n\n\n\n<h2 class=\"wp-block-heading\">Psaumes 37:5<\/h2>\n\n\n\n<p>C\u2019est \u00e0 l\u2019Eternel |qu\u2019il te faut remettre |ta vie tout enti\u00e8re. Aie confiance en lui |et il agira.<\/p>\n\n\n\n<h2 class=\"wp-block-heading\">Psaumes 55:23<\/h2>\n\n\n\n<p>Rejette ton fardeau |sur l\u2019Eternel\u202f: |il prendra soin de toi, il ne laissera pas le juste |s\u2019\u00e9crouler pour toujours.<\/p>\n\n\n\n<h2 class=\"wp-block-heading\">Psaumes 56:4<\/h2>\n\n\n\n<p>Le jour o\u00f9 j\u2019ai peur, je mets ma confiance en toi.<\/p>\n\n\n\n<h2 class=\"wp-block-heading\">Proverbes 12:25<\/h2>\n\n\n\n<p>Le souci au fond du c\u0153ur d\u00e9prime un homme, mais une parole d\u2019encouragement lui rend la joie.<\/p>\n\n\n\n<h2 class=\"wp-block-heading\">Proverbes 16:3<\/h2>\n\n\n\n<p>Recommande tes \u0153uvres \u00e0 l\u2019Eternel, et tes projets se r\u00e9aliseront.<\/p>\n\n\n\n<h2 class=\"wp-block-heading\">\u00c9sa\u00efe 35:4<\/h2>\n\n\n\n<p>A ceux qui sont troubl\u00e9s dites-leur\u202f: Soyez forts, |n\u2019ayez aucune crainte, votre Dieu va venir pour la r\u00e9tribution, Dieu va r\u00e9gler ses comptes. Il va venir lui-m\u00eame |pour vous sauver.<\/p>\n\n\n\n<h2 class=\"wp-block-heading\">\u00c9sa\u00efe 40:31<\/h2>\n\n\n\n<p>Mais ceux qui comptent |sur l\u2019Eternel |renouvellent leur force\u202f: ils prennent leur envol |comme de jeunes aigles\u202f; sans se lasser, ils courent, ils marchent en avant, |et ne s\u2019\u00e9puisent pas.<\/p>\n\n\n\n<h2 class=\"wp-block-heading\">\u00c9sa\u00efe 41:10<\/h2>\n\n\n\n<p>Ne sois pas effray\u00e9, car je suis avec toi\u202f; ne sois pas angoiss\u00e9, car moi je suis ton Dieu. Je t\u2019affermis, je viens \u00e0 ton secours, pour s\u00fbr, je te soutiens |de mon bras droit |qui fait justice.<\/p>\n\n\n\n<h2 class=\"wp-block-heading\">Matthieu 6:34<\/h2>\n\n\n\n<p>Ne vous inqui\u00e9tez pas pour le lendemain\u202f; le lendemain se souciera de lui-m\u00eame. A chaque jour suffit sa peine.<\/p>\n\n\n\n<h2 class=\"wp-block-heading\">Matthieu 10:19<\/h2>\n\n\n\n<p>Lorsqu\u2019on vous livrera aux autorit\u00e9s, ne vous inqui\u00e9tez ni du contenu ni de la forme de ce que vous direz, car cela vous sera donn\u00e9 au moment m\u00eame.<\/p>\n\n\n\n<h2 class=\"wp-block-heading\">Matthieu 11:28<\/h2>\n\n\n\n<p>Venez \u00e0 moi, vous tous qui \u00eates accabl\u00e9s sous le poids d\u2019un lourd fardeau, et je vous donnerai du repos.<\/p>\n\n\n\n<h2 class=\"wp-block-heading\">Matthieu 11:29<\/h2>\n\n\n\n<p>Prenez mon joug sur vous et mettez-vous \u00e0 mon \u00e9cole, car je suis doux et humble de c\u0153ur, et vous trouverez le repos pour vous-m\u00eames.<\/p>\n\n\n\n<h2 class=\"wp-block-heading\">Matthieu 13:22<\/h2>\n\n\n\n<p>Un autre encore a re\u00e7u la semence \u00ab parmi les ronces \u00bb. C\u2019est celui qui \u00e9coute la Parole, mais en qui elle ne porte pas de fruit parce qu\u2019elle est \u00e9touff\u00e9e par les soucis de ce monde et par l\u2019attrait trompeur des richesses.<\/p>\n\n\n\n<h2 class=\"wp-block-heading\">Luc 10:41-42<\/h2>\n\n\n\n<p>Mais le Seigneur lui r\u00e9pondit\u202f: Marthe, Marthe, tu t\u2019inqui\u00e8tes et tu t\u2019agites pour beaucoup de choses\u202f; il n\u2019y en a qu\u2019une seule qui soit vraiment n\u00e9cessaire. Marie a choisi la meilleure part, et personne ne la lui enl\u00e8vera.<\/p>\n\n\n\n<h2 class=\"wp-block-heading\">Luc 12:22<\/h2>\n\n\n\n<p>J\u00e9sus ajouta, en s\u2019adressant \u00e0 ses disciples\u202f: C\u2019est pourquoi je vous dis\u202f: ne vous inqui\u00e9tez pas en vous demandant\u202f: Qu\u2019allons-nous manger\u202f? Avec quoi allons-nous nous habiller\u202f?<\/p>\n\n\n\n<h2 class=\"wp-block-heading\">Luc 12:29-30<\/h2>\n\n\n\n<p>Ne vous faites donc pas de soucis au sujet du manger et du boire, et ne vous tourmentez pas pour cela. Toutes ces choses, les pa\u00efens de ce monde s\u2019en pr\u00e9occupent sans cesse. Mais votre P\u00e8re sait que vous en avez besoin.<\/p>\n\n\n\n<h2 class=\"wp-block-heading\">Jean 14:1<\/h2>\n\n\n\n<p>J\u00e9sus dit\u202f: Que votre c\u0153ur ne se trouble pas. Ayez foi en Dieu, ayez aussi foi en moi.<\/p>\n\n\n\n<h2 class=\"wp-block-heading\">Jean 14:27<\/h2>\n\n\n\n<p>Je pars, mais je vous laisse la paix, c\u2019est ma paix que je vous donne. Je ne vous la donne pas comme le monde la donne. C\u2019est pourquoi, ne soyez pas troubl\u00e9s et n\u2019ayez aucune crainte en votre c\u0153ur.<\/p>\n\n\n\n<h2 class=\"wp-block-heading\">Jean 16:33<\/h2>\n\n\n\n<p>Il fallait que je vous dise aussi cela pour que vous trouviez la paix en moi. Dans le monde, vous aurez \u00e0 souffrir bien des afflictions. Mais courage\u202f! Moi, j\u2019ai vaincu le monde.<\/p>\n\n\n\n<h2 class=\"wp-block-heading\">2 Corinthiens 12:9-10<\/h2>\n\n\n\n<p>Mais il m\u2019a r\u00e9pondu\u202f: \u00ab Ma gr\u00e2ce te suffit, c\u2019est dans la faiblesse que ma puissance se manifeste pleinement. \u00bb C\u2019est pourquoi je me vanterai plut\u00f4t de mes faiblesses, afin que la puissance de Christ repose sur moi. Je trouve ainsi ma joie dans la faiblesse, les insultes, la d\u00e9tresse, les pers\u00e9cutions et les angoisses que j\u2019endure pour Christ. Car c\u2019est lorsque je suis faible que je suis r\u00e9ellement fort.<\/p>\n\n\n\n<h2 class=\"wp-block-heading\">Philippiens 4:6-7<\/h2>\n\n\n\n<p>Ne vous mettez en souci pour rien, mais, en toute chose, exposez vos demandes \u00e0 Dieu en lui adressant vos pri\u00e8res et vos supplications, tout en lui exprimant votre reconnaissance. Alors la paix de Dieu, qui surpasse tout ce qu\u2019on peut concevoir, gardera votre c\u0153ur et votre pens\u00e9e sous la protection de J\u00e9sus-Christ.<\/p>\n\n\n\n<h2 class=\"wp-block-heading\">H\u00e9breux 13:6<\/h2>\n\n\n\n<p>Aussi pouvons-nous dire avec assurance\u202f: Le Seigneur vient \u00e0 mon secours, |je n\u2019aurai pas de crainte, que me feraient les hommes ?<\/p>\n\n\n\n<h2 class=\"wp-block-heading\">1 Pierre 5:7<\/h2>\n\n\n\n<p>Et d\u00e9chargez-vous sur lui de tous vos soucis, car il prend soin de vous.<\/p>\n\n\n\n<h2 class=\"wp-block-heading\">Jacques 1:2-4<\/h2>\n\n\n\n<p>Mes fr\u00e8res et s\u0153urs, quand vous passez par toutes sortes d\u2019\u00e9preuves, consid\u00e9rez-vous comme heureux. Car vous le savez\u202f: la mise \u00e0 l\u2019\u00e9preuve de votre foi produit l\u2019endurance. Mais il faut que votre endurance aille jusqu\u2019au bout de ce qu\u2019elle peut faire pour que vous parveniez \u00e0 l\u2019\u00e9tat d\u2019adultes et soyez pleins de force, des hommes auxquels il ne manque rien.<\/p>\n\n\n\n<h2 class=\"wp-block-heading\">Lire Aussi:<\/h2>\n\n\n\n<ul class=\"wp-block-list\"><li><a href=\"https:\/\/thebibleverses.org\/fr\/\">Versets Bibliques par Sujets<\/a><\/li><li><a href=\"https:\/\/thebibleverses.org\/fr\/amour\/\">Versets Bibliques sur l\u2019Amour<\/a><\/li><li><a href=\"https:\/\/thebibleverses.org\/fr\/force\/\">Versets Bibliques sur la Force<\/a><\/li><li><a href=\"https:\/\/thebibleverses.org\/fr\/foi\/\">Versets Bibliques sur la Foi<\/a><\/li><li><a href=\"https:\/\/thebibleverses.org\/fr\/jeunes\/\">Versets Bibliques pour les Jeunes<\/a><\/li><li><a href=\"https:\/\/thebibleverses.org\/fr\/amitie\/\">Versets Bibliques sur l\u2019Amiti\u00e9<\/a><\/li><li><a href=\"https:\/\/thebibleverses.org\/fr\/guerison\/\">Versets Bibliques sur la Gu\u00e9rison<\/a><\/li><\/ul>\n","protected":false},"excerpt":{"rendered":"<p>1 Samuel 30:6 David \u00e9tait dans une situation tr\u00e8s angoissante parce que ses compagnons \u00e9taient pleins d\u2019amertume en pensant chacun \u00e0 ses fils et \u00e0 ses filles, et ils parlaient de le lapider. Mais David puisa de nouvelles forces en se confiant en l\u2019Eternel son Dieu. Psaumes 37:5 C\u2019est \u00e0 l\u2019Eternel |qu\u2019il te faut remettre [&hellip;]<\/p>\n","protected":false},"author":1,"featured_media":170,"parent":0,"menu_order":0,"comment_status":"open","ping_status":"closed","template":"","meta":{"footnotes":""},"class_list":["post-169","page","type-page","status-publish","has-post-thumbnail","hentry","entry","fw-tab-6 fw-tabr-4"],"_links":{"self":[{"href":"https:\/\/thebibleverses.org\/fr\/wp-json\/wp\/v2\/pages\/169","targetHints":{"allow":["GET"]}}],"collection":[{"href":"https:\/\/thebibleverses.org\/fr\/wp-json\/wp\/v2\/pages"}],"about":[{"href":"https:\/\/thebibleverses.org\/fr\/wp-json\/wp\/v2\/types\/page"}],"author":[{"embeddable":true,"href":"https:\/\/thebibleverses.org\/fr\/wp-json\/wp\/v2\/users\/1"}],"replies":[{"embeddable":true,"href":"https:\/\/thebibleverses.org\/fr\/wp-json\/wp\/v2\/comments?post=169"}],"version-history":[{"count":0,"href":"https:\/\/thebibleverses.org\/fr\/wp-json\/wp\/v2\/pages\/169\/revisions"}],"wp:featuredmedia":[{"embeddable":true,"href":"https:\/\/thebibleverses.org\/fr\/wp-json\/wp\/v2\/media\/170"}],"wp:attachment":[{"href":"https:\/\/thebibleverses.org\/fr\/wp-json\/wp\/v2\/media?parent=169"}],"curies":[{"name":"wp","href":"https:\/\/api.w.org\/{rel}","templated":true}]}}