{"id":166,"date":"2022-08-09T18:03:08","date_gmt":"2022-08-09T16:03:08","guid":{"rendered":"https:\/\/thebibleverses.org\/fr\/?page_id=166"},"modified":"2022-10-11T23:42:13","modified_gmt":"2022-10-11T21:42:13","slug":"perseverance","status":"publish","type":"page","link":"https:\/\/thebibleverses.org\/fr\/perseverance\/","title":{"rendered":"23 Versets Bibliques sur la Pers\u00e9v\u00e9rance"},"content":{"rendered":"<div class=\"wp-block-image\">\n<figure class=\"aligncenter size-large\"><img decoding=\"async\" width=\"1024\" height=\"631\" data-src=\"https:\/\/thebibleverses.org\/fr\/wp-content\/uploads\/2022\/08\/Versets-Bibliques-sur-la-Perseverance-1024x631.webp\" alt=\"Versets Bibliques sur la Pers\u00e9v\u00e9rance\" class=\"wp-image-167 lazyload\" data-srcset=\"https:\/\/thebibleverses.org\/fr\/wp-content\/uploads\/2022\/08\/Versets-Bibliques-sur-la-Perseverance-1024x631.webp 1024w, https:\/\/thebibleverses.org\/fr\/wp-content\/uploads\/2022\/08\/Versets-Bibliques-sur-la-Perseverance-300x185.webp 300w, https:\/\/thebibleverses.org\/fr\/wp-content\/uploads\/2022\/08\/Versets-Bibliques-sur-la-Perseverance-768x474.webp 768w, https:\/\/thebibleverses.org\/fr\/wp-content\/uploads\/2022\/08\/Versets-Bibliques-sur-la-Perseverance-320x197.webp 320w, https:\/\/thebibleverses.org\/fr\/wp-content\/uploads\/2022\/08\/Versets-Bibliques-sur-la-Perseverance-450x278.webp 450w, https:\/\/thebibleverses.org\/fr\/wp-content\/uploads\/2022\/08\/Versets-Bibliques-sur-la-Perseverance-720x444.webp 720w, https:\/\/thebibleverses.org\/fr\/wp-content\/uploads\/2022\/08\/Versets-Bibliques-sur-la-Perseverance.webp 1200w\" data-sizes=\"(max-width: 1024px) 100vw, 1024px\" src=\"data:image\/svg+xml;base64,PHN2ZyB3aWR0aD0iMSIgaGVpZ2h0PSIxIiB4bWxucz0iaHR0cDovL3d3dy53My5vcmcvMjAwMC9zdmciPjwvc3ZnPg==\" style=\"--smush-placeholder-width: 1024px; --smush-placeholder-aspect-ratio: 1024\/631;\" \/><figcaption>Versets Bibliques sur la Pers\u00e9v\u00e9rance &#8211; La Bible du Semeur (BDS)<\/figcaption><\/figure><\/div>\n\n\n<h2 class=\"wp-block-heading\">Deut\u00e9ronome 5:32<\/h2>\n\n\n\n<p>Ayez donc soin de faire ce que l\u2019Eternel votre Dieu vous a command\u00e9, sans vous en d\u00e9tourner ni \u00e0 droite ni \u00e0 gauche.<\/p>\n\n\n\n<h2 class=\"wp-block-heading\">Josu\u00e9 1:7<\/h2>\n\n\n\n<p>Simplement, prends courage et tiens bon pour veiller \u00e0 ob\u00e9ir \u00e0 toute la Loi que mon serviteur Mo\u00efse t\u2019a prescrite, sans t\u2019en \u00e9carter ni d\u2019un c\u00f4t\u00e9 ni de l\u2019autre. Alors tu r\u00e9ussiras dans tout ce que tu entreprendras.<\/p>\n\n\n\n<h2 class=\"wp-block-heading\">Proverbes 4:27<\/h2>\n\n\n\n<p>Ne t\u2019en \u00e9carte ni \u00e0 droite ni \u00e0 gauche, d\u00e9tourne ton pied du mal.<\/p>\n\n\n\n<h2 class=\"wp-block-heading\">Proverbes 23:17<\/h2>\n\n\n\n<p>N\u2019envie pas le sort de ceux qui font le mal mais en tout temps, crains l\u2019Eternel.<\/p>\n\n\n\n<h2 class=\"wp-block-heading\">\u00c9sa\u00efe 26:3<\/h2>\n\n\n\n<p>A celui qui est ferme |dans ses dispositions, tu assures une paix parfaite, parce qu\u2019il se confie en toi.<\/p>\n\n\n\n<h2 class=\"wp-block-heading\">Matthieu 10:22<\/h2>\n\n\n\n<p>Tout le monde vous ha\u00efra \u00e0 cause de moi. Mais celui qui tiendra bon jusqu\u2019au bout sera sauv\u00e9.<\/p>\n\n\n\n<h2 class=\"wp-block-heading\">Matthieu 26:41<\/h2>\n\n\n\n<p>Veillez et priez, pour ne pas c\u00e9der \u00e0 la tentation[a]. L\u2019esprit de l\u2019homme est plein de bonne volont\u00e9, mais la nature humaine est bien faible.<\/p>\n\n\n\n<h2 class=\"wp-block-heading\">Luc 8:15<\/h2>\n\n\n\n<p>Enfin, \u00ab la semence tomb\u00e9e dans la bonne terre \u00bb, ce sont ceux qui, ayant \u00e9cout\u00e9 la Parole, la retiennent dans un c\u0153ur honn\u00eate et bien dispos\u00e9. Ils pers\u00e9v\u00e8rent et ainsi portent du fruit.<\/p>\n\n\n\n<h2 class=\"wp-block-heading\">Luc 9:62<\/h2>\n\n\n\n<p>J\u00e9sus lui r\u00e9pondit\u202f: Celui qui regarde derri\u00e8re lui au moment o\u00f9 il se met \u00e0 labourer avec sa charrue n\u2019est pas pr\u00eat pour le royaume de Dieu.<\/p>\n\n\n\n<h2 class=\"wp-block-heading\">Luc 21:19<\/h2>\n\n\n\n<p>En tenant bon, vous parviendrez au salut.<\/p>\n\n\n\n<h2 class=\"wp-block-heading\">Jean 15:9<\/h2>\n\n\n\n<p>Comme le P\u00e8re m\u2019a toujours aim\u00e9, moi aussi je vous ai aim\u00e9s\u202f; maintenez-vous donc dans mon amour.<\/p>\n\n\n\n<h2 class=\"wp-block-heading\">Actes 1:14<\/h2>\n\n\n\n<p>Eux tous, d\u2019un commun accord, se retrouvaient souvent pour prier, avec quelques femmes, avec Marie la m\u00e8re de J\u00e9sus, et avec les fr\u00e8res de J\u00e9sus.<\/p>\n\n\n\n<h2 class=\"wp-block-heading\">Romains 2:6-7<\/h2>\n\n\n\n<p>Ce jour-l\u00e0, il donnera \u00e0 chacun ce que lui auront valu ses actes. Ceux qui, en pratiquant le bien avec pers\u00e9v\u00e9rance, cherchent la gloire \u00e0 venir, l\u2019honneur et l\u2019immortalit\u00e9, recevront de lui la vie \u00e9ternelle.<\/p>\n\n\n\n<h2 class=\"wp-block-heading\">Galates 6:9<\/h2>\n\n\n\n<p>Faisons le bien sans nous laisser gagner par le d\u00e9couragement. Car si nous ne rel\u00e2chons pas nos efforts, nous r\u00e9colterons au bon moment.<\/p>\n\n\n\n<h2 class=\"wp-block-heading\">\u00c9ph\u00e9siens 6:18<\/h2>\n\n\n\n<p>En toutes circonstances, faites toutes sortes de pri\u00e8res et de requ\u00eates sous la conduite de l\u2019Esprit. Faites-le avec vigilance et constance, et interc\u00e9dez pour tous les membres du peuple saint.<\/p>\n\n\n\n<h2 class=\"wp-block-heading\">Colossiens 4:2<\/h2>\n\n\n\n<p>Pers\u00e9v\u00e9rez dans la pri\u00e8re. Soyez vigilants dans ce domaine et reconnaissants envers Dieu.<\/p>\n\n\n\n<h2 class=\"wp-block-heading\">1 Thessaloniciens 5:17<\/h2>\n\n\n\n<p>Priez sans cesse.<\/p>\n\n\n\n<h2 class=\"wp-block-heading\">2 Thessaloniciens 3:13<\/h2>\n\n\n\n<p>Et vous, fr\u00e8res et s\u0153urs, ne vous lassez pas de faire ce qui est bien.<\/p>\n\n\n\n<h2 class=\"wp-block-heading\">2 Timoth\u00e9e 2:12<\/h2>\n\n\n\n<p>Et si nous pers\u00e9v\u00e9rons, avec lui nous r\u00e9gnerons. Mais si nous le renions, lui aussi nous reniera.<\/p>\n\n\n\n<h2 class=\"wp-block-heading\">H\u00e9breux 12:1<\/h2>\n\n\n\n<p>C\u2019est pourquoi, nous aussi qui sommes entour\u00e9s d\u2019une si grande nu\u00e9e de t\u00e9moins, d\u00e9barrassons-nous de tout fardeau, et du p\u00e9ch\u00e9 qui nous cerne si facilement de tous c\u00f4t\u00e9s, et courons avec endurance l\u2019\u00e9preuve qui nous est propos\u00e9e.<\/p>\n\n\n\n<h2 class=\"wp-block-heading\">Jacques 1:12<\/h2>\n\n\n\n<p>Heureux l\u2019homme qui tient ferme face \u00e0 la tentation, car apr\u00e8s avoir fait ses preuves, il recevra la couronne du vainqueur\u202f: la vie que Dieu a promise \u00e0 ceux qui l\u2019aiment.<\/p>\n\n\n\n<h2 class=\"wp-block-heading\">2 Jean 1:9<\/h2>\n\n\n\n<p>Celui qui ne reste pas attach\u00e9 \u00e0 l\u2019enseignement qui concerne Christ, mais veut le d\u00e9passer, n\u2019a pas de communion avec Dieu. Celui qui se tient \u00e0 cet enseignement est uni au P\u00e8re comme au Fils.<\/p>\n\n\n\n<h2 class=\"wp-block-heading\">Apocalypse 3:11<\/h2>\n\n\n\n<p>Je viens bient\u00f4t, tiens ferme ce que tu as pour que personne ne te ravisse ta couronne.<\/p>\n\n\n\n<h2 class=\"wp-block-heading\">Lire Aussi:<\/h2>\n\n\n\n<ul class=\"wp-block-list\"><li><a href=\"https:\/\/thebibleverses.org\/fr\/\">Versets Bibliques par Sujets<\/a><\/li><li><a href=\"https:\/\/thebibleverses.org\/fr\/amour\/\">Versets Bibliques sur l\u2019Amour<\/a><\/li><li><a href=\"https:\/\/thebibleverses.org\/fr\/force\/\">Versets Bibliques sur la Force<\/a><\/li><li><a href=\"https:\/\/thebibleverses.org\/fr\/foi\/\">Versets Bibliques sur la Foi<\/a><\/li><li><a href=\"https:\/\/thebibleverses.org\/fr\/jeunes\/\">Versets Bibliques pour les Jeunes<\/a><\/li><li><a href=\"https:\/\/thebibleverses.org\/fr\/amitie\/\">Versets Bibliques sur l\u2019Amiti\u00e9<\/a><\/li><li><a href=\"https:\/\/thebibleverses.org\/fr\/guerison\/\">Versets Bibliques sur la Gu\u00e9rison<\/a><\/li><\/ul>\n","protected":false},"excerpt":{"rendered":"<p>Deut\u00e9ronome 5:32 Ayez donc soin de faire ce que l\u2019Eternel votre Dieu vous a command\u00e9, sans vous en d\u00e9tourner ni \u00e0 droite ni \u00e0 gauche. Josu\u00e9 1:7 Simplement, prends courage et tiens bon pour veiller \u00e0 ob\u00e9ir \u00e0 toute la Loi que mon serviteur Mo\u00efse t\u2019a prescrite, sans t\u2019en \u00e9carter ni d\u2019un c\u00f4t\u00e9 ni de [&hellip;]<\/p>\n","protected":false},"author":1,"featured_media":167,"parent":0,"menu_order":0,"comment_status":"open","ping_status":"closed","template":"","meta":{"footnotes":""},"class_list":["post-166","page","type-page","status-publish","has-post-thumbnail","hentry","entry","fw-tab-6 fw-tabr-4"],"_links":{"self":[{"href":"https:\/\/thebibleverses.org\/fr\/wp-json\/wp\/v2\/pages\/166","targetHints":{"allow":["GET"]}}],"collection":[{"href":"https:\/\/thebibleverses.org\/fr\/wp-json\/wp\/v2\/pages"}],"about":[{"href":"https:\/\/thebibleverses.org\/fr\/wp-json\/wp\/v2\/types\/page"}],"author":[{"embeddable":true,"href":"https:\/\/thebibleverses.org\/fr\/wp-json\/wp\/v2\/users\/1"}],"replies":[{"embeddable":true,"href":"https:\/\/thebibleverses.org\/fr\/wp-json\/wp\/v2\/comments?post=166"}],"version-history":[{"count":0,"href":"https:\/\/thebibleverses.org\/fr\/wp-json\/wp\/v2\/pages\/166\/revisions"}],"wp:featuredmedia":[{"embeddable":true,"href":"https:\/\/thebibleverses.org\/fr\/wp-json\/wp\/v2\/media\/167"}],"wp:attachment":[{"href":"https:\/\/thebibleverses.org\/fr\/wp-json\/wp\/v2\/media?parent=166"}],"curies":[{"name":"wp","href":"https:\/\/api.w.org\/{rel}","templated":true}]}}