{"id":162,"date":"2022-07-13T02:15:09","date_gmt":"2022-07-13T00:15:09","guid":{"rendered":"https:\/\/thebibleverses.org\/fr\/?page_id=162"},"modified":"2022-10-11T23:04:44","modified_gmt":"2022-10-11T21:04:44","slug":"pardon","status":"publish","type":"page","link":"https:\/\/thebibleverses.org\/fr\/pardon\/","title":{"rendered":"33 Versets Bibliques sur le Pardon"},"content":{"rendered":"<div class=\"wp-block-image\">\n<figure class=\"aligncenter size-large is-resized\"><img decoding=\"async\" data-src=\"https:\/\/thebibleverses.org\/fr\/wp-content\/uploads\/2022\/07\/Versets-Bibliques-sur-le-Pardon-1024x631.webp\" alt=\"Versets Bibliques sur le Pardon\" class=\"wp-image-163 lazyload\" width=\"792\" height=\"488\" data-srcset=\"https:\/\/thebibleverses.org\/fr\/wp-content\/uploads\/2022\/07\/Versets-Bibliques-sur-le-Pardon-1024x631.webp 1024w, https:\/\/thebibleverses.org\/fr\/wp-content\/uploads\/2022\/07\/Versets-Bibliques-sur-le-Pardon-300x185.webp 300w, https:\/\/thebibleverses.org\/fr\/wp-content\/uploads\/2022\/07\/Versets-Bibliques-sur-le-Pardon-768x474.webp 768w, https:\/\/thebibleverses.org\/fr\/wp-content\/uploads\/2022\/07\/Versets-Bibliques-sur-le-Pardon-320x197.webp 320w, https:\/\/thebibleverses.org\/fr\/wp-content\/uploads\/2022\/07\/Versets-Bibliques-sur-le-Pardon-450x278.webp 450w, https:\/\/thebibleverses.org\/fr\/wp-content\/uploads\/2022\/07\/Versets-Bibliques-sur-le-Pardon-720x444.webp 720w, https:\/\/thebibleverses.org\/fr\/wp-content\/uploads\/2022\/07\/Versets-Bibliques-sur-le-Pardon.webp 1200w\" data-sizes=\"(max-width: 792px) 100vw, 792px\" src=\"data:image\/svg+xml;base64,PHN2ZyB3aWR0aD0iMSIgaGVpZ2h0PSIxIiB4bWxucz0iaHR0cDovL3d3dy53My5vcmcvMjAwMC9zdmciPjwvc3ZnPg==\" style=\"--smush-placeholder-width: 792px; --smush-placeholder-aspect-ratio: 792\/488;\" \/><figcaption>Versets Bibliques sur le Pardon &#8211; La Bible du Semeur (BDS).<\/figcaption><\/figure><\/div>\n\n\n<h2 class=\"wp-block-heading\">Matthieu 6:14-15<\/h2>\n\n\n\n<p>En effet, si vous pardonnez aux autres leurs fautes, votre P\u00e8re c\u00e9leste vous pardonnera aussi. Mais si vous ne pardonnez pas aux autres, votre P\u00e8re ne vous pardonnera pas non plus vos fautes.<\/p>\n\n\n\n<h2 class=\"wp-block-heading\">Matthieu 9:6<\/h2>\n\n\n\n<p>Eh bien, vous saurez que le Fils de l\u2019homme a, sur la terre, le pouvoir de pardonner les p\u00e9ch\u00e9s. Alors il dit au paralys\u00e9\u202f: Je te l\u2019ordonne\u202f: l\u00e8ve-toi, prends ton brancard, et rentre chez toi\u202f!<\/p>\n\n\n\n<h2 class=\"wp-block-heading\">Matthieu 12:31<\/h2>\n\n\n\n<p>C\u2019est pourquoi je vous avertis\u202f: tout p\u00e9ch\u00e9, tout blasph\u00e8me sera pardonn\u00e9 aux hommes mais pas le blasph\u00e8me contre le Saint-Esprit.<\/p>\n\n\n\n<h2 class=\"wp-block-heading\">Matthieu 12:32<\/h2>\n\n\n\n<p>Si quelqu\u2019un dit une parole contre le Fils de l\u2019homme, il lui sera pardonn\u00e9\u202f; mais si quelqu\u2019un parle contre le Saint-Esprit, il ne recevra pas le pardon, ni dans la vie pr\u00e9sente ni dans le monde \u00e0 venir.<\/p>\n\n\n\n<h2 class=\"wp-block-heading\">Matthieu 18:21-22<\/h2>\n\n\n\n<p>Alors Pierre s\u2019approcha de J\u00e9sus et lui demanda\u202f: Seigneur, si mon fr\u00e8re se rend coupable \u00e0 mon \u00e9gard, combien de fois devrai-je lui pardonner\u202f? Irai-je jusqu\u2019\u00e0 sept fois\u202f? Non, lui r\u00e9pondit J\u00e9sus, je ne te dis pas d\u2019aller jusqu\u2019\u00e0 sept fois, mais jusqu\u2019\u00e0 soixante-dix fois sept fois.<\/p>\n\n\n\n<h2 class=\"wp-block-heading\">Proverbes 17:9<\/h2>\n\n\n\n<p>Qui veut se faire aimer, pardonne les torts qu\u2019il a subis\u202f: les rappeler divise les amis.<\/p>\n\n\n\n<h2 class=\"wp-block-heading\">Marc 11:25-26<\/h2>\n\n\n\n<p>Quand vous priez, si vous avez quoi que ce soit contre quelqu\u2019un, pardonnez-lui, pour que votre P\u00e8re c\u00e9leste vous pardonne, lui aussi, vos fautes. Mais si vous ne pardonnez pas, votre P\u00e8re qui est dans les cieux ne vous pardonnera pas non plus vos fautes.<\/p>\n\n\n\n<h2 class=\"wp-block-heading\">Luc 6:37<\/h2>\n\n\n\n<p>Ne vous posez pas en juges d\u2019autrui, et vous ne serez pas vous-m\u00eames jug\u00e9s. Gardez-vous de condamner les autres, et, \u00e0 votre tour, vous ne serez pas condamn\u00e9s. Pardonnez, et vous serez vous-m\u00eames pardonn\u00e9s.<\/p>\n\n\n\n<h2 class=\"wp-block-heading\">Luc 17:3-4<\/h2>\n\n\n\n<p>Prenez donc bien garde \u00e0 vous-m\u00eames\u202f! Si ton fr\u00e8re s\u2019est rendu coupable d\u2019une faute, reprends-le et, s\u2019il change d\u2019attitude, pardonne-lui. Et m\u00eame s\u2019il se rend coupable \u00e0 ton \u00e9gard sept fois au cours de la m\u00eame journ\u00e9e, et que sept fois il vienne te trouver en disant qu\u2019il change d\u2019attitude, pardonne-lui.<\/p>\n\n\n\n<h2 class=\"wp-block-heading\">Luc 23:34<\/h2>\n\n\n\n<p>J\u00e9sus pria\u202f: P\u00e8re, pardonne-leur, car ils ne savent pas ce qu\u2019ils font. Les soldats se partag\u00e8rent ses v\u00eatements en les tirant au sort.<\/p>\n\n\n\n<h2 class=\"wp-block-heading\">\u00c9ph\u00e9siens 4:32<\/h2>\n\n\n\n<p>Soyez bons et compr\u00e9hensifs les uns envers les autres. Pardonnez-vous r\u00e9ciproquement comme Dieu vous a pardonn\u00e9 en Christ.<\/p>\n\n\n\n<h2 class=\"wp-block-heading\">Colossiens 3:13<\/h2>\n\n\n\n<p>Supportez-vous les uns les autres, et si l\u2019un de vous a quelque chose \u00e0 reprocher \u00e0 un autre, pardonnez-vous mutuellement\u202f; le Seigneur vous a pardonn\u00e9\u202f: vous aussi, pardonnez-vous de la m\u00eame mani\u00e8re.<\/p>\n\n\n\n<h2 class=\"wp-block-heading\">1 Jean 1:9<\/h2>\n\n\n\n<p>Si nous reconnaissons nos p\u00e9ch\u00e9s, Dieu est fid\u00e8le et juste et, par cons\u00e9quent, il nous pardonnera nos p\u00e9ch\u00e9s et nous purifiera de tout le mal que nous avons commis.<\/p>\n\n\n\n<h2 class=\"wp-block-heading\">Psaumes 25:11<\/h2>\n\n\n\n<p>Pour l\u2019amour de ton nom, |\u00f4 Eternel, pardonne mon p\u00e9ch\u00e9 |qui est si grand.<\/p>\n\n\n\n<h2 class=\"wp-block-heading\">Psaumes 32:1<\/h2>\n\n\n\n<p>Heureux l\u2019homme |dont la faute est effac\u00e9e, et le p\u00e9ch\u00e9 pardonn\u00e9\u202f!<\/p>\n\n\n\n<h2 class=\"wp-block-heading\">Psaumes 32:5<\/h2>\n\n\n\n<p>Je t\u2019ai avou\u00e9 ma faute, je n\u2019ai plus cach\u00e9 mes torts, j\u2019ai dit\u202f: \u00ab Je reconna\u00eetrai |devant l\u2019Eternel |les p\u00e9ch\u00e9s que j\u2019ai commis. \u00bb Alors tu m\u2019as d\u00e9charg\u00e9 |du poids de ma faute.<\/p>\n\n\n\n<h2 class=\"wp-block-heading\">Psaumes 79:9<\/h2>\n\n\n\n<p>Accorde-nous ton aide, |\u00f4 Dieu, notre Sauveur, pour l\u2019honneur de ton nom\u202f! D\u00e9livre-nous, pardonne nos p\u00e9ch\u00e9s \u00e0 cause de ce que tu es\u202f!<\/p>\n\n\n\n<h2 class=\"wp-block-heading\">Psaumes 85:3<\/h2>\n\n\n\n<p>Tu as pardonn\u00e9 |les fautes commises par ton peuple, tu as effac\u00e9 tous ses p\u00e9ch\u00e9s.<\/p>\n\n\n\n<h2 class=\"wp-block-heading\">Psaumes 86:5<\/h2>\n\n\n\n<p>Car tu es bon, Seigneur, |et prompt \u00e0 pardonner, riche en amour |pour tous ceux qui t\u2019invoquent.<\/p>\n\n\n\n<h2 class=\"wp-block-heading\">Psaumes 103:3<\/h2>\n\n\n\n<p>Car c\u2019est lui qui pardonne |tous tes p\u00e9ch\u00e9s, c\u2019est lui qui te gu\u00e9rit |de toute maladie,<\/p>\n\n\n\n<h2 class=\"wp-block-heading\">Psaumes 130:4<\/h2>\n\n\n\n<p>Mais le pardon |se trouve aupr\u00e8s de toi afin que l\u2019on te craigne.<\/p>\n\n\n\n<h2 class=\"wp-block-heading\">\u00c9sa\u00efe 40:2<\/h2>\n\n\n\n<p>Et parlez au c\u0153ur de J\u00e9rusalem, |annoncez-lui que son temps de corv\u00e9e |est accompli, que son p\u00e9ch\u00e9 est expi\u00e9, qu\u2019elle a re\u00e7u de l\u2019Eternel deux fois le prix de ses p\u00e9ch\u00e9s\u202f!<\/p>\n\n\n\n<h2 class=\"wp-block-heading\">\u00c9sa\u00efe 55:7<\/h2>\n\n\n\n<p>Que le coupable |abandonne sa voie, et l\u2019homme malfaisant |ses mauvaises pens\u00e9es\u202f! Et qu\u2019il revienne \u00e0 l\u2019Eternel qui aura compassion de lui, \u00e0 notre Dieu qui lui accordera |un pardon g\u00e9n\u00e9reux.<\/p>\n\n\n\n<h2 class=\"wp-block-heading\">J\u00e9r\u00e9mie 33:8<\/h2>\n\n\n\n<p>Je les purifierai de toute faute qu\u2019ils ont commise contre moi. Je leur pardonnerai toutes les fautes par lesquelles ils ont p\u00e9ch\u00e9 contre moi et se sont r\u00e9volt\u00e9s contre moi.<\/p>\n\n\n\n<h2 class=\"wp-block-heading\">Daniel 9:9<\/h2>\n\n\n\n<p>Mais toi, Seigneur notre Dieu, tu as de la compassion et tu pardonnes, alors que nous nous sommes r\u00e9volt\u00e9s contre toi.<\/p>\n\n\n\n<h2 class=\"wp-block-heading\">Daniel 9:19<\/h2>\n\n\n\n<p>Seigneur, \u00e9coute-nous\u202f! Seigneur, pardonne\u202f! Seigneur, pr\u00eate-nous attention et interviens sans tarder, par \u00e9gard pour toi-m\u00eame, \u00f4 mon Dieu\u202f! Car il s\u2019agit de la ville et du peuple qui t\u2019appartiennent.<\/p>\n\n\n\n<h2 class=\"wp-block-heading\">Jo\u00ebl 2:17<\/h2>\n\n\n\n<p>Et que les pr\u00eatres |qui servent l\u2019Eternel se tiennent en pleurant entre le portique et l\u2019autel. Qu\u2019ils prient ainsi\u202f: O Eternel, |aie piti\u00e9 de ton peuple, n\u2019expose pas celui qui t\u2019appartient |au d\u00e9shonneur ni aux railleries d\u2019autres peuples\u202f! Car pourquoi dirait-on |parmi les peuples\u202f: \u00ab O\u00f9 est leur Dieu\u202f? \u00bb<\/p>\n\n\n\n<h2 class=\"wp-block-heading\">Mich\u00e9e 7:18<\/h2>\n\n\n\n<p>Quel est le Dieu semblable \u00e0 toi, qui efface les fautes |et qui pardonne les p\u00e9ch\u00e9s du reste de ton peuple |qui t\u2019appartient\u202f? Toi, tu n\u2019entretiens pas |ta col\u00e8re \u00e0 jamais, mais tu prends ton plaisir |\u00e0 faire gr\u00e2ce.<\/p>\n\n\n\n<h2 class=\"wp-block-heading\">Malachie 3:17<\/h2>\n\n\n\n<p>Au jour o\u00f9 j\u2019agirai, d\u00e9clare l\u2019Eternel, le Seigneur des arm\u00e9es c\u00e9lestes, ces gens m\u2019appartiendront et me seront pr\u00e9cieux. J\u2019aurai compassion d\u2019eux tout comme un p\u00e8re a de la compassion pour un fils qui le sert.<\/p>\n\n\n\n<h2 class=\"wp-block-heading\">Actes 2:38<\/h2>\n\n\n\n<p>Pierre leur r\u00e9pondit\u202f: Changez, et que chacun de vous se fasse baptiser au nom de J\u00e9sus-Christ, pour que vos p\u00e9ch\u00e9s vous soient pardonn\u00e9s. Alors, vous recevrez le don du Saint-Esprit.<\/p>\n\n\n\n<h2 class=\"wp-block-heading\">Actes 13:38<\/h2>\n\n\n\n<p>Sachez-le donc, mes fr\u00e8res, c\u2019est gr\u00e2ce \u00e0 lui que le pardon des p\u00e9ch\u00e9s vous est annonc\u00e9\u202f;<\/p>\n\n\n\n<h2 class=\"wp-block-heading\">\u00c9ph\u00e9siens 1:7<\/h2>\n\n\n\n<p>En Christ, parce qu\u2019il s\u2019est offert en sacrifice, nous avons obtenu la d\u00e9livrance, le pardon de nos fautes. Dieu a ainsi manifest\u00e9 sa gr\u00e2ce dans toute sa richesse,<\/p>\n\n\n\n<h2 class=\"wp-block-heading\">Colossiens 2:13<\/h2>\n\n\n\n<p>Et vous, qui \u00e9tiez morts \u00e0 cause de vos fautes et parce que vous \u00e9tiez incirconcis, Dieu vous a donn\u00e9 la vie avec Christ. Il nous a pardonn\u00e9 toutes nos fautes.<\/p>\n\n\n\n<h2 class=\"wp-block-heading\">Lire Aussi:<\/h2>\n\n\n\n<ul class=\"wp-block-list\"><li><a href=\"https:\/\/thebibleverses.org\/fr\/\">Versets Bibliques par Sujets<\/a><\/li><li><a href=\"https:\/\/thebibleverses.org\/fr\/amour\/\">Versets Bibliques sur l\u2019Amour<\/a><\/li><li><a href=\"https:\/\/thebibleverses.org\/fr\/force\/\">Versets Bibliques sur la Force<\/a><\/li><li><a href=\"https:\/\/thebibleverses.org\/fr\/foi\/\">Versets Bibliques sur la Foi<\/a><\/li><li><a href=\"https:\/\/thebibleverses.org\/fr\/jeunes\/\">Versets Bibliques pour les Jeunes<\/a><\/li><li><a href=\"https:\/\/thebibleverses.org\/fr\/amitie\/\">Versets Bibliques sur l\u2019Amiti\u00e9<\/a><\/li><li><a href=\"https:\/\/thebibleverses.org\/fr\/guerison\/\">Versets Bibliques sur la Gu\u00e9rison<\/a><\/li><\/ul>\n","protected":false},"excerpt":{"rendered":"<p>Matthieu 6:14-15 En effet, si vous pardonnez aux autres leurs fautes, votre P\u00e8re c\u00e9leste vous pardonnera aussi. Mais si vous ne pardonnez pas aux autres, votre P\u00e8re ne vous pardonnera pas non plus vos fautes. Matthieu 9:6 Eh bien, vous saurez que le Fils de l\u2019homme a, sur la terre, le pouvoir de pardonner les [&hellip;]<\/p>\n","protected":false},"author":1,"featured_media":163,"parent":0,"menu_order":0,"comment_status":"open","ping_status":"closed","template":"","meta":{"footnotes":""},"class_list":["post-162","page","type-page","status-publish","has-post-thumbnail","hentry","entry","fw-tab-6 fw-tabr-4"],"_links":{"self":[{"href":"https:\/\/thebibleverses.org\/fr\/wp-json\/wp\/v2\/pages\/162","targetHints":{"allow":["GET"]}}],"collection":[{"href":"https:\/\/thebibleverses.org\/fr\/wp-json\/wp\/v2\/pages"}],"about":[{"href":"https:\/\/thebibleverses.org\/fr\/wp-json\/wp\/v2\/types\/page"}],"author":[{"embeddable":true,"href":"https:\/\/thebibleverses.org\/fr\/wp-json\/wp\/v2\/users\/1"}],"replies":[{"embeddable":true,"href":"https:\/\/thebibleverses.org\/fr\/wp-json\/wp\/v2\/comments?post=162"}],"version-history":[{"count":0,"href":"https:\/\/thebibleverses.org\/fr\/wp-json\/wp\/v2\/pages\/162\/revisions"}],"wp:featuredmedia":[{"embeddable":true,"href":"https:\/\/thebibleverses.org\/fr\/wp-json\/wp\/v2\/media\/163"}],"wp:attachment":[{"href":"https:\/\/thebibleverses.org\/fr\/wp-json\/wp\/v2\/media?parent=162"}],"curies":[{"name":"wp","href":"https:\/\/api.w.org\/{rel}","templated":true}]}}