{"id":158,"date":"2022-07-13T02:06:50","date_gmt":"2022-07-13T00:06:50","guid":{"rendered":"https:\/\/thebibleverses.org\/fr\/?page_id=158"},"modified":"2022-10-11T23:05:34","modified_gmt":"2022-10-11T21:05:34","slug":"parole-de-dieu","status":"publish","type":"page","link":"https:\/\/thebibleverses.org\/fr\/parole-de-dieu\/","title":{"rendered":"30 Versets Bibliques sur la Parole de Dieu"},"content":{"rendered":"<div class=\"wp-block-image\">\n<figure class=\"aligncenter size-large\"><img decoding=\"async\" width=\"1024\" height=\"631\" data-src=\"https:\/\/thebibleverses.org\/fr\/wp-content\/uploads\/2022\/07\/Versets-Bibliques-sur-la-Parole-de-Dieu-1024x631.webp\" alt=\"Versets Bibliques sur la Parole de Dieu\" class=\"wp-image-160 lazyload\" data-srcset=\"https:\/\/thebibleverses.org\/fr\/wp-content\/uploads\/2022\/07\/Versets-Bibliques-sur-la-Parole-de-Dieu-1024x631.webp 1024w, https:\/\/thebibleverses.org\/fr\/wp-content\/uploads\/2022\/07\/Versets-Bibliques-sur-la-Parole-de-Dieu-300x185.webp 300w, https:\/\/thebibleverses.org\/fr\/wp-content\/uploads\/2022\/07\/Versets-Bibliques-sur-la-Parole-de-Dieu-768x474.webp 768w, https:\/\/thebibleverses.org\/fr\/wp-content\/uploads\/2022\/07\/Versets-Bibliques-sur-la-Parole-de-Dieu-320x197.webp 320w, https:\/\/thebibleverses.org\/fr\/wp-content\/uploads\/2022\/07\/Versets-Bibliques-sur-la-Parole-de-Dieu-450x278.webp 450w, https:\/\/thebibleverses.org\/fr\/wp-content\/uploads\/2022\/07\/Versets-Bibliques-sur-la-Parole-de-Dieu-720x444.webp 720w, https:\/\/thebibleverses.org\/fr\/wp-content\/uploads\/2022\/07\/Versets-Bibliques-sur-la-Parole-de-Dieu.webp 1200w\" data-sizes=\"(max-width: 1024px) 100vw, 1024px\" src=\"data:image\/svg+xml;base64,PHN2ZyB3aWR0aD0iMSIgaGVpZ2h0PSIxIiB4bWxucz0iaHR0cDovL3d3dy53My5vcmcvMjAwMC9zdmciPjwvc3ZnPg==\" style=\"--smush-placeholder-width: 1024px; --smush-placeholder-aspect-ratio: 1024\/631;\" \/><figcaption>Versets Bibliques sur la Parole de Dieu &#8211; La Bible du Semeur (BDS).<\/figcaption><\/figure><\/div>\n\n\n<h2 class=\"wp-block-heading\">Josu\u00e9 1:8<\/h2>\n\n\n\n<p>Aie soin de r\u00e9p\u00e9ter sans cesse les paroles de ce livre de la Loi, m\u00e9dite-les jour et nuit afin d\u2019y ob\u00e9ir et d\u2019appliquer tout ce qui y est \u00e9crit, car alors tu auras du succ\u00e8s dans tes entreprises, alors tu r\u00e9ussiras.<\/p>\n\n\n\n<h2 class=\"wp-block-heading\">Deut\u00e9ronome 4:2<\/h2>\n\n\n\n<p>Vous n\u2019ajouterez rien \u00e0 ce que je vous commande et vous n\u2019en retrancherez rien. Vous ob\u00e9irez aux commandements de l\u2019Eternel votre Dieu, que je vous transmets.<\/p>\n\n\n\n<h2 class=\"wp-block-heading\">Deut\u00e9ronome 11:18<\/h2>\n\n\n\n<p>Gravez donc bien ces ordres que je vous donne dans votre c\u0153ur et au tr\u00e9fonds de votre \u00eatre, qu\u2019ils soient attach\u00e9s comme un signe sur vos mains, et comme une marque sur votre front.<\/p>\n\n\n\n<h2 class=\"wp-block-heading\">Deut\u00e9ronome 29:8<\/h2>\n\n\n\n<p>Ob\u00e9issez aux clauses de cette alliance et appliquez-les, afin que vous r\u00e9ussissiez dans tout ce que vous entreprendrez.<\/p>\n\n\n\n<h2 class=\"wp-block-heading\">2 Samuel 22:31<\/h2>\n\n\n\n<p>Parfaites sont les voies |que Dieu prescrit, la parole de l\u2019Eternel |est \u00e9prouv\u00e9e. Ceux qui le prennent pour refuge |trouvent en lui un bouclier.<\/p>\n\n\n\n<h2 class=\"wp-block-heading\">Psaumes 1:1-2<\/h2>\n\n\n\n<p>Heureux l\u2019homme |qui ne marche pas |selon les conseils |des m\u00e9chants, qui ne va pas se tenir |sur le chemin des p\u00e9cheurs, qui ne s\u2019assied pas |en la compagnie |de ces gens qui se moquent de Dieu. Toute sa joie il la met |dans la Loi de l\u2019Eternel qu\u2019il m\u00e9dite jour et nuit.<\/p>\n\n\n\n<h2 class=\"wp-block-heading\">Psaumes 12:7<\/h2>\n\n\n\n<p>Les paroles du Seigneur, |ce sont des paroles pures, c\u2019est de l\u2019argent affin\u00e9, sept fois purifi\u00e9 |par le feu dans un creuset.<\/p>\n\n\n\n<h2 class=\"wp-block-heading\">Psaumes 18:31<\/h2>\n\n\n\n<p>Parfaites sont les voies |que Dieu prescrit, la parole de l\u2019Eternel |est \u00e9prouv\u00e9e. Ceux qui le prennent pour refuge |trouvent en lui un bouclier.<\/p>\n\n\n\n<h2 class=\"wp-block-heading\">Psaumes 19:8<\/h2>\n\n\n\n<p>La Loi de l\u2019Eternel est parfaite, |elle nous redonne vie. L\u2019acte de l\u2019alliance de l\u2019Eternel |est digne de confiance, |et aux gens inexp\u00e9riment\u00e9s |elle donne la sagesse.<\/p>\n\n\n\n<h2 class=\"wp-block-heading\">Salmos 78:1-2<\/h2>\n\n\n\n<p>Mon peuple, \u00e9coute mon enseignement, sois attentif \u00e0 ce que je vais dire. J\u2019\u00e9noncerai des propos instructifs, j\u2019\u00e9voquerai des secrets du pass\u00e9.<\/p>\n\n\n\n<h2 class=\"wp-block-heading\">Psaumes 119:9<\/h2>\n\n\n\n<p>Comment, quand on est jeune, |avoir une vie pure\u202f? C\u2019est en se conformant \u00e0 ta parole.<\/p>\n\n\n\n<h2 class=\"wp-block-heading\">Psaumes 119:11<\/h2>\n\n\n\n<p>Je garde ta parole |tout au fond de mon c\u0153ur pour ne pas p\u00e9cher contre toi.<\/p>\n\n\n\n<h2 class=\"wp-block-heading\">Psaumes 119:97<\/h2>\n\n\n\n<p>Oh\u202f! que j\u2019aime ta Loi\u202f! Je la m\u00e9dite tout le jour.<\/p>\n\n\n\n<h2 class=\"wp-block-heading\">Psaumes 119:103<\/h2>\n\n\n\n<p>Que ta parole est douce |\u00e0 mon palais\u202f! Elle est meilleure que le miel.<\/p>\n\n\n\n<h2 class=\"wp-block-heading\">Psaumes 119:105<\/h2>\n\n\n\n<p>Ta parole est comme une lampe |qui guide tous mes pas, elle est une lumi\u00e8re |\u00e9clairant mon chemin.<\/p>\n\n\n\n<h2 class=\"wp-block-heading\">Proverbes 4:5<\/h2>\n\n\n\n<p>Acquiers la sagesse et l\u2019intelligence, n\u2019oublie pas, ne d\u00e9vie pas de ce que je t\u2019ai appris.<\/p>\n\n\n\n<h2 class=\"wp-block-heading\">\u00c9sa\u00efe 40:8<\/h2>\n\n\n\n<p>Oui, l\u2019herbe se dess\u00e8che |et la fleur se fl\u00e9trit, mais la parole |de notre Dieu subsistera toujours.<\/p>\n\n\n\n<h2 class=\"wp-block-heading\">J\u00e9r\u00e9mie 15:16<\/h2>\n\n\n\n<p>D\u00e8s que j\u2019ai trouv\u00e9 tes paroles, je les ai d\u00e9vor\u00e9es. Elles ont fait ma joie et mon bonheur, car je porte ton nom, \u00f4 Eternel, |Dieu des arm\u00e9es c\u00e9lestes\u202f!<\/p>\n\n\n\n<h2 class=\"wp-block-heading\">Matthieu 4:4<\/h2>\n\n\n\n<p>J\u00e9sus r\u00e9pondit\u202f: Il est \u00e9crit\u202f: L\u2019homme ne vivra pas seulement de pain, mais aussi de toute parole que Dieu prononce.<\/p>\n\n\n\n<h2 class=\"wp-block-heading\">Luc 11:28<\/h2>\n\n\n\n<p>Mais J\u00e9sus r\u00e9pondit\u202f: Heureux plut\u00f4t ceux qui \u00e9coutent la Parole de Dieu et qui y ob\u00e9issent\u202f!<\/p>\n\n\n\n<h2 class=\"wp-block-heading\">Luc 21:33<\/h2>\n\n\n\n<p>Le ciel et la terre passeront, mais mes paroles ne passeront jamais.<\/p>\n\n\n\n<h2 class=\"wp-block-heading\">Jean 1:1<\/h2>\n\n\n\n<p>Au commencement \u00e9tait celui qui est la Parole de Dieu. Il \u00e9tait avec Dieu, il \u00e9tait lui-m\u00eame Dieu.<\/p>\n\n\n\n<h2 class=\"wp-block-heading\">Jean 5:24<\/h2>\n\n\n\n<p>Oui, vraiment, je vous l\u2019assure\u202f: celui qui \u00e9coute ce que je dis et qui place sa confiance dans le P\u00e8re qui m\u2019a envoy\u00e9, poss\u00e8de, d\u00e8s \u00e0 pr\u00e9sent, la vie \u00e9ternelle et il ne sera pas condamn\u00e9\u202f; il est d\u00e9j\u00e0 pass\u00e9 de la mort \u00e0 la vie.<\/p>\n\n\n\n<h2 class=\"wp-block-heading\">Jean 15:3<\/h2>\n\n\n\n<p>Vous aussi, vous avez d\u00e9j\u00e0 \u00e9t\u00e9 purifi\u00e9s gr\u00e2ce \u00e0 la parole que je vous ai enseign\u00e9e.<\/p>\n\n\n\n<h2 class=\"wp-block-heading\">Jean 17:17<\/h2>\n\n\n\n<p>Consacre-les par la v\u00e9rit\u00e9. Ta Parole est la v\u00e9rit\u00e9.<\/p>\n\n\n\n<h2 class=\"wp-block-heading\">\u00c9ph\u00e9siens 6:17<\/h2>\n\n\n\n<p>Prenez le salut pour casque et l\u2019\u00e9p\u00e9e de l\u2019Esprit, c\u2019est-\u00e0-dire la Parole de Dieu.<\/p>\n\n\n\n<h2 class=\"wp-block-heading\">Colossiens 3:16<\/h2>\n\n\n\n<p>Que la Parole de Christ r\u00e9side au milieu de vous dans toute sa richesse\u202f: qu\u2019elle vous inspire une pleine sagesse, pour vous instruire et vous avertir les uns les autres ou pour chanter \u00e0 Dieu de tout votre c\u0153ur des psaumes, des hymnes et des cantiques inspir\u00e9s par l\u2019Esprit afin d\u2019exprimer votre reconnaissance \u00e0 Dieu.<\/p>\n\n\n\n<h2 class=\"wp-block-heading\">2 Timoth\u00e9e 3:16<\/h2>\n\n\n\n<p>Car toute l\u2019Ecriture est inspir\u00e9e de Dieu et utile pour enseigner, r\u00e9futer, redresser et apprendre \u00e0 mener une vie conforme \u00e0 ce qui est juste.<\/p>\n\n\n\n<h2 class=\"wp-block-heading\">H\u00e9breux 4:12<\/h2>\n\n\n\n<p>Car la Parole de Dieu est vivante et efficace. Elle est plus tranchante que toute \u00e9p\u00e9e \u00e0 double tranchant et, p\u00e9n\u00e9trant jusqu\u2019\u00e0 la division de l\u2019\u00e2me ainsi que de l\u2019esprit, et des jointures ainsi que de la moelle, elle juge les dispositions et les pens\u00e9es du c\u0153ur.<\/p>\n\n\n\n<h2 class=\"wp-block-heading\">Jacques 1:21-22<\/h2>\n\n\n\n<p>D\u00e9barrassez-vous donc de tout ce qui souille et de tout ce qui reste en vous de m\u00e9chancet\u00e9, pour recevoir, avec humilit\u00e9, la Parole qui a \u00e9t\u00e9 plant\u00e9e dans votre c\u0153ur, car elle a le pouvoir de vous sauver. Seulement, ne vous contentez pas de l\u2019\u00e9couter, traduisez-la en actes, sans quoi vous vous tromperiez vous-m\u00eames.<\/p>\n\n\n\n<h2 class=\"wp-block-heading\">Lire Aussi:<\/h2>\n\n\n\n<ul class=\"wp-block-list\"><li><a href=\"https:\/\/thebibleverses.org\/fr\/\">Versets Bibliques par Sujets<\/a><\/li><li><a href=\"https:\/\/thebibleverses.org\/fr\/amour\/\">Versets Bibliques sur l\u2019Amour<\/a><\/li><li><a href=\"https:\/\/thebibleverses.org\/fr\/force\/\">Versets Bibliques sur la Force<\/a><\/li><li><a href=\"https:\/\/thebibleverses.org\/fr\/foi\/\">Versets Bibliques sur la Foi<\/a><\/li><li><a href=\"https:\/\/thebibleverses.org\/fr\/jeunes\/\">Versets Bibliques pour les Jeunes<\/a><\/li><li><a href=\"https:\/\/thebibleverses.org\/fr\/amitie\/\">Versets Bibliques sur l\u2019Amiti\u00e9<\/a><\/li><li><a href=\"https:\/\/thebibleverses.org\/fr\/guerison\/\">Versets Bibliques sur la Gu\u00e9rison<\/a><\/li><\/ul>\n","protected":false},"excerpt":{"rendered":"<p>Josu\u00e9 1:8 Aie soin de r\u00e9p\u00e9ter sans cesse les paroles de ce livre de la Loi, m\u00e9dite-les jour et nuit afin d\u2019y ob\u00e9ir et d\u2019appliquer tout ce qui y est \u00e9crit, car alors tu auras du succ\u00e8s dans tes entreprises, alors tu r\u00e9ussiras. Deut\u00e9ronome 4:2 Vous n\u2019ajouterez rien \u00e0 ce que je vous commande et [&hellip;]<\/p>\n","protected":false},"author":1,"featured_media":160,"parent":0,"menu_order":0,"comment_status":"open","ping_status":"closed","template":"","meta":{"footnotes":""},"class_list":["post-158","page","type-page","status-publish","has-post-thumbnail","hentry","entry","fw-tab-6 fw-tabr-4"],"_links":{"self":[{"href":"https:\/\/thebibleverses.org\/fr\/wp-json\/wp\/v2\/pages\/158","targetHints":{"allow":["GET"]}}],"collection":[{"href":"https:\/\/thebibleverses.org\/fr\/wp-json\/wp\/v2\/pages"}],"about":[{"href":"https:\/\/thebibleverses.org\/fr\/wp-json\/wp\/v2\/types\/page"}],"author":[{"embeddable":true,"href":"https:\/\/thebibleverses.org\/fr\/wp-json\/wp\/v2\/users\/1"}],"replies":[{"embeddable":true,"href":"https:\/\/thebibleverses.org\/fr\/wp-json\/wp\/v2\/comments?post=158"}],"version-history":[{"count":0,"href":"https:\/\/thebibleverses.org\/fr\/wp-json\/wp\/v2\/pages\/158\/revisions"}],"wp:featuredmedia":[{"embeddable":true,"href":"https:\/\/thebibleverses.org\/fr\/wp-json\/wp\/v2\/media\/160"}],"wp:attachment":[{"href":"https:\/\/thebibleverses.org\/fr\/wp-json\/wp\/v2\/media?parent=158"}],"curies":[{"name":"wp","href":"https:\/\/api.w.org\/{rel}","templated":true}]}}