{"id":155,"date":"2022-07-13T01:49:15","date_gmt":"2022-07-12T23:49:15","guid":{"rendered":"https:\/\/thebibleverses.org\/fr\/?page_id=155"},"modified":"2022-10-11T23:05:48","modified_gmt":"2022-10-11T21:05:48","slug":"patience","status":"publish","type":"page","link":"https:\/\/thebibleverses.org\/fr\/patience\/","title":{"rendered":"25 Versets Bibliques sur la Patience"},"content":{"rendered":"<div class=\"wp-block-image\">\n<figure class=\"aligncenter size-large\"><img decoding=\"async\" width=\"1024\" height=\"631\" data-src=\"https:\/\/thebibleverses.org\/fr\/wp-content\/uploads\/2022\/07\/Versets-Bibliques-sur-la-Patience-1024x631.webp\" alt=\"Versets Bibliques sur la Patience\" class=\"wp-image-156 lazyload\" data-srcset=\"https:\/\/thebibleverses.org\/fr\/wp-content\/uploads\/2022\/07\/Versets-Bibliques-sur-la-Patience-1024x631.webp 1024w, https:\/\/thebibleverses.org\/fr\/wp-content\/uploads\/2022\/07\/Versets-Bibliques-sur-la-Patience-300x185.webp 300w, https:\/\/thebibleverses.org\/fr\/wp-content\/uploads\/2022\/07\/Versets-Bibliques-sur-la-Patience-768x474.webp 768w, https:\/\/thebibleverses.org\/fr\/wp-content\/uploads\/2022\/07\/Versets-Bibliques-sur-la-Patience-320x197.webp 320w, https:\/\/thebibleverses.org\/fr\/wp-content\/uploads\/2022\/07\/Versets-Bibliques-sur-la-Patience-450x278.webp 450w, https:\/\/thebibleverses.org\/fr\/wp-content\/uploads\/2022\/07\/Versets-Bibliques-sur-la-Patience-720x444.webp 720w, https:\/\/thebibleverses.org\/fr\/wp-content\/uploads\/2022\/07\/Versets-Bibliques-sur-la-Patience.webp 1200w\" data-sizes=\"(max-width: 1024px) 100vw, 1024px\" src=\"data:image\/svg+xml;base64,PHN2ZyB3aWR0aD0iMSIgaGVpZ2h0PSIxIiB4bWxucz0iaHR0cDovL3d3dy53My5vcmcvMjAwMC9zdmciPjwvc3ZnPg==\" style=\"--smush-placeholder-width: 1024px; --smush-placeholder-aspect-ratio: 1024\/631;\" \/><figcaption>Versets Bibliques sur la Patience &#8211; La Bible du Semeur (BDS).<\/figcaption><\/figure><\/div>\n\n\n<h2 class=\"wp-block-heading\">Luc 21:19<\/h2>\n\n\n\n<p>En tenant bon, vous parviendrez au salut.<\/p>\n\n\n\n<h2 class=\"wp-block-heading\">Psaumes 37:7<\/h2>\n\n\n\n<p>Demeure en silence |devant l\u2019Eternel. |Attends-toi \u00e0 lui, ne t\u2019irrite pas |contre ceux qui r\u00e9ussissent |dans leurs entreprises, en mettant en \u0153uvre |de mauvais desseins.<\/p>\n\n\n\n<h2 class=\"wp-block-heading\">Psaumes 40:2<\/h2>\n\n\n\n<p>J\u2019ai mis tout mon espoir |en l\u2019Eternel. Il s\u2019est pench\u00e9 vers moi, |il a pr\u00eat\u00e9 l\u2019oreille |\u00e0 ma supplication.<\/p>\n\n\n\n<h2 class=\"wp-block-heading\">Proverbes 14:29<\/h2>\n\n\n\n<p>Celui qui garde son sang-froid fait preuve d\u2019une grande intelligence, mais l\u2019homme col\u00e9reux \u00e9tale sa sottise.<\/p>\n\n\n\n<h2 class=\"wp-block-heading\">Proverbes 25:15<\/h2>\n\n\n\n<p>Avec de la patience, on persuade un dirigeant, tout comme une langue douce peut briser un os.<\/p>\n\n\n\n<h2 class=\"wp-block-heading\">Galates 5:22<\/h2>\n\n\n\n<p>Mais le fruit de l\u2019Esprit c\u2019est l\u2019amour, la joie, la paix, la patience, l\u2019amabilit\u00e9, la bont\u00e9, la fid\u00e9lit\u00e9.<\/p>\n\n\n\n<h2 class=\"wp-block-heading\">\u00c9ph\u00e9siens 4:2<\/h2>\n\n\n\n<p>Soyez toujours humbles, empreints de douceur et patients, supportez-vous les uns les autres avec amour.<\/p>\n\n\n\n<h2 class=\"wp-block-heading\">Colossiens 1:11<\/h2>\n\n\n\n<p>Dieu vous fortifiera pleinement \u00e0 la mesure de sa puissance glorieuse, pour que vous puissiez tout supporter et pers\u00e9v\u00e9rer jusqu\u2019au bout\u2006\u2013\u2006et cela avec joie.<\/p>\n\n\n\n<h2 class=\"wp-block-heading\">Colossiens 3:12<\/h2>\n\n\n\n<p>Ainsi, puisque Dieu vous a choisis pour faire partie du peuple saint et qu\u2019il vous aime, rev\u00eatez-vous d\u2019ardente bont\u00e9, de bienveillance, d\u2019humilit\u00e9, de douceur, de patience\u2006.<\/p>\n\n\n\n<h2 class=\"wp-block-heading\">Romains 2:4<\/h2>\n\n\n\n<p>Ou alors, m\u00e9prises-tu les tr\u00e9sors de bont\u00e9, de patience et de g\u00e9n\u00e9rosit\u00e9 d\u00e9ploy\u00e9s par Dieu, sans te rendre compte que sa bont\u00e9 veut t\u2019amener \u00e0 changer\u202f?<\/p>\n\n\n\n<h2 class=\"wp-block-heading\">Romains 3:25<\/h2>\n\n\n\n<p>C\u2019est lui que Dieu a offert comme une victime destin\u00e9e \u00e0 expier les p\u00e9ch\u00e9s, pour ceux qui croient en son sacrifice. Dieu montre ainsi qu\u2019il est juste parce qu\u2019il avait laiss\u00e9 impunis les p\u00e9ch\u00e9s commis autrefois.<\/p>\n\n\n\n<h2 class=\"wp-block-heading\">Romains 5:3-4<\/h2>\n\n\n\n<p>Mieux encore\u202f! Nous tirons fiert\u00e9 m\u00eame de nos d\u00e9tresses, car nous savons que la d\u00e9tresse produit la pers\u00e9v\u00e9rance, la pers\u00e9v\u00e9rance conduit \u00e0 une fid\u00e9lit\u00e9 \u00e9prouv\u00e9e, et la fid\u00e9lit\u00e9 \u00e9prouv\u00e9e nourrit l\u2019esp\u00e9rance.<\/p>\n\n\n\n<h2 class=\"wp-block-heading\">Romains 15:4<\/h2>\n\n\n\n<p>Or tout ce qui a \u00e9t\u00e9 consign\u00e9 autrefois dans l\u2019Ecriture l\u2019a \u00e9t\u00e9 pour nous instruire, afin que la patience et l\u2019encouragement qu\u2019apporte l\u2019Ecriture produisent en nous l\u2019esp\u00e9rance.<\/p>\n\n\n\n<h2 class=\"wp-block-heading\">Romains 15:5<\/h2>\n\n\n\n<p>Que Dieu, source de toute patience et de tout encouragement, vous donne de vivre en plein accord les uns avec les autres, conform\u00e9ment \u00e0 l\u2019enseignement de J\u00e9sus-Christ.<\/p>\n\n\n\n<h2 class=\"wp-block-heading\">1 Corinthiens 13:4<\/h2>\n\n\n\n<p>L\u2019amour est patient, il est plein de bont\u00e9, l\u2019amour. Il n\u2019est pas envieux, il ne cherche pas \u00e0 se faire valoir, il ne s\u2019enfle pas d\u2019orgueil.<\/p>\n\n\n\n<h2 class=\"wp-block-heading\">2 Thessaloniciens 1:4<\/h2>\n\n\n\n<p>Aussi exprimons-nous dans les Eglises de Dieu notre fiert\u00e9 en ce qui vous concerne, \u00e0 cause de votre pers\u00e9v\u00e9rance et de votre foi au milieu de toutes les pers\u00e9cutions et de toutes les d\u00e9tresses que vous endurez.<\/p>\n\n\n\n<h2 class=\"wp-block-heading\">2 Thessaloniciens 3:5<\/h2>\n\n\n\n<p>Que le Seigneur dirige votre c\u0153ur vers l\u2019amour de Dieu, et vers l\u2019endurance que donne Christ.<\/p>\n\n\n\n<h2 class=\"wp-block-heading\">2 Timoth\u00e9e 3:10<\/h2>\n\n\n\n<p>Mais toi, tu as pu m\u2019observer dans mon enseignement, ma conduite, mes projets, ma foi, ma patience, mon amour, mon endurance.<\/p>\n\n\n\n<h2 class=\"wp-block-heading\">Tite 2:2<\/h2>\n\n\n\n<p>Dis aux hommes \u00e2g\u00e9s de faire preuve de mod\u00e9ration, d\u2019\u00eatre respectables, r\u00e9fl\u00e9chis, et d\u2019exercer une saine pratique de la foi, de l\u2019amour et de la pers\u00e9v\u00e9rance.<\/p>\n\n\n\n<h2 class=\"wp-block-heading\">H\u00e9breux 10:36<\/h2>\n\n\n\n<p>Car il vous faut de la pers\u00e9v\u00e9rance, afin qu\u2019apr\u00e8s avoir accompli la volont\u00e9 de Dieu vous obteniez ce qu\u2019il a promis.<\/p>\n\n\n\n<h2 class=\"wp-block-heading\">Jacques 1:3-4<\/h2>\n\n\n\n<p>Car vous le savez\u202f: la mise \u00e0 l\u2019\u00e9preuve de votre foi produit l\u2019endurance. Mais il faut que votre endurance aille jusqu\u2019au bout de ce qu\u2019elle peut faire pour que vous parveniez \u00e0 l\u2019\u00e9tat d\u2019adultes et soyez pleins de force, des hommes auxquels il ne manque rien.<\/p>\n\n\n\n<h2 class=\"wp-block-heading\">Jacques 5:7<\/h2>\n\n\n\n<p>Fr\u00e8res et s\u0153urs, patientez donc jusqu\u2019\u00e0 ce que le Seigneur vienne. Pensez au cultivateur\u202f: il attend les pr\u00e9cieuses r\u00e9coltes de sa terre. Il prend patience \u00e0 leur \u00e9gard, jusqu\u2019\u00e0 ce que tombent les pluies de l\u2019automne et du printemps.<\/p>\n\n\n\n<h2 class=\"wp-block-heading\">Jacques 5:10<\/h2>\n\n\n\n<p>Fr\u00e8res et s\u0153urs, prenez comme mod\u00e8les de patience pers\u00e9v\u00e9rante dans la souffrance les proph\u00e8tes qui ont parl\u00e9 de la part du Seigneur.<\/p>\n\n\n\n<h2 class=\"wp-block-heading\">Jacques 5:11<\/h2>\n\n\n\n<p>Oui, nous disons bienheureux ceux qui ont tenu bon. Vous avez entendu comment Job a support\u00e9 la souffrance. Vous savez ce que le Seigneur a finalement fait en sa faveur, parce que le Seigneur est plein de bont\u00e9 et de compassion.<\/p>\n\n\n\n<h2 class=\"wp-block-heading\">Exode 14:14<\/h2>\n\n\n\n<p>L\u2019Eternel combattra pour vous, et vous, tenez-vous tranquilles.<\/p>\n\n\n\n<h2 class=\"wp-block-heading\">Lire Aussi:<\/h2>\n\n\n\n<ul class=\"wp-block-list\"><li><a href=\"https:\/\/thebibleverses.org\/fr\/\">Versets Bibliques par Sujets<\/a><\/li><li><a href=\"https:\/\/thebibleverses.org\/fr\/amour\/\">Versets Bibliques sur l\u2019Amour<\/a><\/li><li><a href=\"https:\/\/thebibleverses.org\/fr\/force\/\">Versets Bibliques sur la Force<\/a><\/li><li><a href=\"https:\/\/thebibleverses.org\/fr\/foi\/\">Versets Bibliques sur la Foi<\/a><\/li><li><a href=\"https:\/\/thebibleverses.org\/fr\/jeunes\/\">Versets Bibliques pour les Jeunes<\/a><\/li><li><a href=\"https:\/\/thebibleverses.org\/fr\/amitie\/\">Versets Bibliques sur l\u2019Amiti\u00e9<\/a><\/li><li><a href=\"https:\/\/thebibleverses.org\/fr\/guerison\/\">Versets Bibliques sur la Gu\u00e9rison<\/a><\/li><\/ul>\n","protected":false},"excerpt":{"rendered":"<p>Luc 21:19 En tenant bon, vous parviendrez au salut. Psaumes 37:7 Demeure en silence |devant l\u2019Eternel. |Attends-toi \u00e0 lui, ne t\u2019irrite pas |contre ceux qui r\u00e9ussissent |dans leurs entreprises, en mettant en \u0153uvre |de mauvais desseins. Psaumes 40:2 J\u2019ai mis tout mon espoir |en l\u2019Eternel. Il s\u2019est pench\u00e9 vers moi, |il a pr\u00eat\u00e9 l\u2019oreille |\u00e0 [&hellip;]<\/p>\n","protected":false},"author":1,"featured_media":156,"parent":0,"menu_order":0,"comment_status":"open","ping_status":"closed","template":"","meta":{"footnotes":""},"class_list":["post-155","page","type-page","status-publish","has-post-thumbnail","hentry","entry","fw-tab-6 fw-tabr-4"],"_links":{"self":[{"href":"https:\/\/thebibleverses.org\/fr\/wp-json\/wp\/v2\/pages\/155","targetHints":{"allow":["GET"]}}],"collection":[{"href":"https:\/\/thebibleverses.org\/fr\/wp-json\/wp\/v2\/pages"}],"about":[{"href":"https:\/\/thebibleverses.org\/fr\/wp-json\/wp\/v2\/types\/page"}],"author":[{"embeddable":true,"href":"https:\/\/thebibleverses.org\/fr\/wp-json\/wp\/v2\/users\/1"}],"replies":[{"embeddable":true,"href":"https:\/\/thebibleverses.org\/fr\/wp-json\/wp\/v2\/comments?post=155"}],"version-history":[{"count":0,"href":"https:\/\/thebibleverses.org\/fr\/wp-json\/wp\/v2\/pages\/155\/revisions"}],"wp:featuredmedia":[{"embeddable":true,"href":"https:\/\/thebibleverses.org\/fr\/wp-json\/wp\/v2\/media\/156"}],"wp:attachment":[{"href":"https:\/\/thebibleverses.org\/fr\/wp-json\/wp\/v2\/media?parent=155"}],"curies":[{"name":"wp","href":"https:\/\/api.w.org\/{rel}","templated":true}]}}