{"id":152,"date":"2022-07-13T01:42:44","date_gmt":"2022-07-12T23:42:44","guid":{"rendered":"https:\/\/thebibleverses.org\/fr\/?page_id=152"},"modified":"2022-10-11T23:04:29","modified_gmt":"2022-10-11T21:04:29","slug":"paix","status":"publish","type":"page","link":"https:\/\/thebibleverses.org\/fr\/paix\/","title":{"rendered":"35 Versets Bibliques sur la Paix de Dieu"},"content":{"rendered":"<div class=\"wp-block-image\">\n<figure class=\"aligncenter size-large\"><img decoding=\"async\" width=\"1024\" height=\"631\" data-src=\"https:\/\/thebibleverses.org\/fr\/wp-content\/uploads\/2022\/07\/Versets-Bibliques-sur-la-Paix-1024x631.webp\" alt=\"Versets Bibliques sur la Paix\" class=\"wp-image-153 lazyload\" data-srcset=\"https:\/\/thebibleverses.org\/fr\/wp-content\/uploads\/2022\/07\/Versets-Bibliques-sur-la-Paix-1024x631.webp 1024w, https:\/\/thebibleverses.org\/fr\/wp-content\/uploads\/2022\/07\/Versets-Bibliques-sur-la-Paix-300x185.webp 300w, https:\/\/thebibleverses.org\/fr\/wp-content\/uploads\/2022\/07\/Versets-Bibliques-sur-la-Paix-768x474.webp 768w, https:\/\/thebibleverses.org\/fr\/wp-content\/uploads\/2022\/07\/Versets-Bibliques-sur-la-Paix-320x197.webp 320w, https:\/\/thebibleverses.org\/fr\/wp-content\/uploads\/2022\/07\/Versets-Bibliques-sur-la-Paix-450x278.webp 450w, https:\/\/thebibleverses.org\/fr\/wp-content\/uploads\/2022\/07\/Versets-Bibliques-sur-la-Paix-720x444.webp 720w, https:\/\/thebibleverses.org\/fr\/wp-content\/uploads\/2022\/07\/Versets-Bibliques-sur-la-Paix.webp 1200w\" data-sizes=\"(max-width: 1024px) 100vw, 1024px\" src=\"data:image\/svg+xml;base64,PHN2ZyB3aWR0aD0iMSIgaGVpZ2h0PSIxIiB4bWxucz0iaHR0cDovL3d3dy53My5vcmcvMjAwMC9zdmciPjwvc3ZnPg==\" style=\"--smush-placeholder-width: 1024px; --smush-placeholder-aspect-ratio: 1024\/631;\" \/><figcaption>Versets Bibliques sur la Paix de Dieu &#8211; La Bible du Semeur (BDS).<\/figcaption><\/figure><\/div>\n\n\n<h2 class=\"wp-block-heading\">Job 25:2<\/h2>\n\n\n\n<p>Il d\u00e9tient un pouvoir |souverain, effrayant. Il fait r\u00e9gner la paix |dans les lieux \u00e9lev\u00e9s.<\/p>\n\n\n\n<h2 class=\"wp-block-heading\">Psaumes 4:9<\/h2>\n\n\n\n<p>Dans la paix, je me couche |et m\u2019endors aussit\u00f4t\u202f; gr\u00e2ce \u00e0 toi seul, \u00f4 Eternel, |je demeure en s\u00e9curit\u00e9.<\/p>\n\n\n\n<h2 class=\"wp-block-heading\">Psaumes 29:11<\/h2>\n\n\n\n<p>L\u2019Eternel donnera |la puissance \u00e0 son peuple. L\u2019Eternel b\u00e9nira son peuple |en lui donnant la paix.<\/p>\n\n\n\n<h2 class=\"wp-block-heading\">Psaumes 34:15<\/h2>\n\n\n\n<p>D\u00e9tourne-toi du mal, |et fais ce qui est bien, cherche la paix avec t\u00e9nacit\u00e9.<\/p>\n\n\n\n<h2 class=\"wp-block-heading\">Psaumes 119:165<\/h2>\n\n\n\n<p>Grande est la paix |de celui qui aime ta Loi\u202f: aucun obstacle |ne le fait tr\u00e9bucher.<\/p>\n\n\n\n<h2 class=\"wp-block-heading\">Proverbes 3:17<\/h2>\n\n\n\n<p>Les voies dans lesquelles elle conduit sont agr\u00e9ables, tous ses chemins convergent vers le bonheur.<\/p>\n\n\n\n<h2 class=\"wp-block-heading\">\u00c9sa\u00efe 9:6<\/h2>\n\n\n\n<p>Il \u00e9tendra |sa souverainet\u00e9 et il instaurera |la paix qui durera toujours au tr\u00f4ne de David |et \u00e0 tout son royaume. Sa royaut\u00e9 sera |solidement fond\u00e9e sur le droit et sur la justice, d\u00e8s \u00e0 pr\u00e9sent |et pour l\u2019\u00e9ternit\u00e9. Voil\u00e0 ce que fera |le Seigneur des arm\u00e9es c\u00e9lestes |dans son ardent amour.<\/p>\n\n\n\n<h2 class=\"wp-block-heading\">\u00c9sa\u00efe 26:3<\/h2>\n\n\n\n<p>A celui qui est ferme |dans ses dispositions, tu assures une paix parfaite, parce qu\u2019il se confie en toi.<\/p>\n\n\n\n<h2 class=\"wp-block-heading\">\u00c9sa\u00efe 48:18<\/h2>\n\n\n\n<p>Si toi, tu avais tenu compte |de mes commandements, ta paix coulerait comme un fleuve et la justice qui te serait faite |d\u00e9ferlerait comme les vagues de la mer.<\/p>\n\n\n\n<h2 class=\"wp-block-heading\">\u00c9sa\u00efe 53:5<\/h2>\n\n\n\n<p>Mais c\u2019est pour nos p\u00e9ch\u00e9s |qu\u2019il a \u00e9t\u00e9 perc\u00e9, c\u2019est pour nos fautes |qu\u2019il a \u00e9t\u00e9 bris\u00e9. Le ch\u00e2timent |qui nous donne la paix |est retomb\u00e9 sur lui et c\u2019est par ses blessures |que nous sommes gu\u00e9ris.<\/p>\n\n\n\n<h2 class=\"wp-block-heading\">\u00c9z\u00e9chiel 34:25<\/h2>\n\n\n\n<p>Je conclurai avec elles une alliance qui leur garantira la paix. Je d\u00e9barrasserai le pays des b\u00eates f\u00e9roces, de sorte que mes brebis pourront habiter en toute s\u00e9curit\u00e9 dans les steppes et dormir dans les for\u00eats.<\/p>\n\n\n\n<h2 class=\"wp-block-heading\">Matthieu 5:9<\/h2>\n\n\n\n<p>Heureux ceux qui r\u00e9pandent autour d\u2019eux la paix, car Dieu les reconna\u00eetra pour ses fils.<\/p>\n\n\n\n<h2 class=\"wp-block-heading\">Luc 1:78-79<\/h2>\n\n\n\n<p>Car notre Dieu |est plein de compassion |et de bont\u00e9, et c\u2019est pourquoi l\u2019astre levant |viendra pour nous d\u2019en haut, pour \u00e9clairer tous ceux |qui habitent dans les t\u00e9n\u00e8bres |et l\u2019ombre de la mort, et pour guider nos pas |sur la voie de la paix.<\/p>\n\n\n\n<h2 class=\"wp-block-heading\">Luc 2:13-14<\/h2>\n\n\n\n<p>Et tout \u00e0 coup apparut, aux c\u00f4t\u00e9s de l\u2019ange, une multitude d\u2019anges de l\u2019arm\u00e9e c\u00e9leste qui chantaient les louanges de Dieu\u202f: Gloire \u00e0 Dieu au plus haut des cieux\u202f! Et paix sur la terre aux hommes qu\u2019il aime.<\/p>\n\n\n\n<h2 class=\"wp-block-heading\">Jean 14:27<\/h2>\n\n\n\n<p>Je pars, mais je vous laisse la paix, c\u2019est ma paix que je vous donne. Je ne vous la donne pas comme le monde la donne. C\u2019est pourquoi, ne soyez pas troubl\u00e9s et n\u2019ayez aucune crainte en votre c\u0153ur.<\/p>\n\n\n\n<h2 class=\"wp-block-heading\">Jean 16:33<\/h2>\n\n\n\n<p>Il fallait que je vous dise aussi cela pour que vous trouviez la paix en moi. Dans le monde, vous aurez \u00e0 souffrir bien des afflictions. Mais courage\u202f! Moi, j\u2019ai vaincu le monde.<\/p>\n\n\n\n<h2 class=\"wp-block-heading\">Actes 10:36<\/h2>\n\n\n\n<p>Il a adress\u00e9 sa parole aux Isra\u00e9lites pour leur annoncer la paix par J\u00e9sus-Christ, qui est le Seigneur de tous les hommes.<\/p>\n\n\n\n<h2 class=\"wp-block-heading\">Romains 5:1<\/h2>\n\n\n\n<p>Puisque nous avons \u00e9t\u00e9 d\u00e9clar\u00e9s justes en raison de notre foi, nous sommes en paix avec Dieu gr\u00e2ce \u00e0 notre Seigneur J\u00e9sus-Christ.<\/p>\n\n\n\n<h2 class=\"wp-block-heading\">Romains 8:6<\/h2>\n\n\n\n<p>Car ce \u00e0 quoi tend l\u2019homme livr\u00e9 \u00e0 lui-m\u00eame m\u00e8ne \u00e0 la mort, tandis que ce \u00e0 quoi tend l\u2019Esprit conduit \u00e0 la vie et \u00e0 la paix.<\/p>\n\n\n\n<h2 class=\"wp-block-heading\">Romains 12:18<\/h2>\n\n\n\n<p>Autant que possible, et dans la mesure o\u00f9 cela d\u00e9pend de vous, vivez en paix avec tous les hommes.<\/p>\n\n\n\n<h2 class=\"wp-block-heading\">Romains 14:17<\/h2>\n\n\n\n<p>Dans le royaume de Dieu, ce n\u2019est pas le manger et le boire qui importent, mais une vie juste, la paix et la joie que produit l\u2019Esprit Saint.<\/p>\n\n\n\n<h2 class=\"wp-block-heading\">Romains 15:33<\/h2>\n\n\n\n<p>Que le Dieu qui donne la paix soit avec vous tous. Amen.<\/p>\n\n\n\n<h2 class=\"wp-block-heading\">Romains 16:20<\/h2>\n\n\n\n<p>Le Dieu qui donne la paix ne tardera pas \u00e0 \u00e9craser Satan sous vos pieds. Que la gr\u00e2ce de notre Seigneur J\u00e9sus soit avec vous.<\/p>\n\n\n\n<h2 class=\"wp-block-heading\">1 Corinthiens 14:33<\/h2>\n\n\n\n<p>Dieu, en effet, n\u2019est pas un Dieu de d\u00e9sordre, mais de paix. Comme dans toutes les Eglises des membres du peuple saint.<\/p>\n\n\n\n<h2 class=\"wp-block-heading\">2 Corinthiens 13:11<\/h2>\n\n\n\n<p>J\u2019ai termin\u00e9, fr\u00e8res et s\u0153urs. Soyez dans la joie. Travaillez \u00e0 votre perfectionnement. Encouragez-vous mutuellement. Soyez d\u2019accord entre vous. Vivez dans la paix. Alors le Dieu d\u2019amour et de paix sera avec vous.<\/p>\n\n\n\n<h2 class=\"wp-block-heading\">Galates 1:3<\/h2>\n\n\n\n<p>Que la gr\u00e2ce et la paix vous soient accord\u00e9es par Dieu notre P\u00e8re et par le Seigneur J\u00e9sus-Christ.<\/p>\n\n\n\n<h2 class=\"wp-block-heading\">Galates 5:22-23<\/h2>\n\n\n\n<p>Mais le fruit de l\u2019Esprit c\u2019est l\u2019amour, la joie, la paix, la patience, l\u2019amabilit\u00e9, la bont\u00e9, la fid\u00e9lit\u00e9, la douceur, la ma\u00eetrise de soi. La Loi ne condamne certes pas de telles choses.<\/p>\n\n\n\n<h2 class=\"wp-block-heading\">\u00c9ph\u00e9siens 2:14<\/h2>\n\n\n\n<p>Car nous lui devons notre paix. Il a, en effet, instaur\u00e9 l\u2019unit\u00e9 entre les Juifs et les non-Juifs et abattu le mur qui les s\u00e9parait\u202f: en livrant son corps \u00e0 la mort, il a annul\u00e9 les effets de ce qui faisait d\u2019eux des ennemis.<\/p>\n\n\n\n<h2 class=\"wp-block-heading\">\u00c9ph\u00e9siens 4:3<\/h2>\n\n\n\n<p>Efforcez-vous de conserver l\u2019unit\u00e9 que donne l\u2019Esprit, dans la paix qui vous lie les uns aux autres.<\/p>\n\n\n\n<h2 class=\"wp-block-heading\">Philippiens 4:7<\/h2>\n\n\n\n<p>Alors la paix de Dieu, qui surpasse tout ce qu\u2019on peut concevoir, gardera votre c\u0153ur et votre pens\u00e9e sous la protection de J\u00e9sus-Christ.<\/p>\n\n\n\n<h2 class=\"wp-block-heading\">Colossiens 1:20<\/h2>\n\n\n\n<p>Et c\u2019est par lui qu\u2019il a voulu r\u00e9concilier avec lui-m\u00eame l\u2019univers tout entier\u202f: ce qui est sur la terre et ce qui est au ciel, en instaurant la paix par le sang que son Fils a vers\u00e9 sur la croix.<\/p>\n\n\n\n<h2 class=\"wp-block-heading\">Colossiens 3:15<\/h2>\n\n\n\n<p>Que la paix instaur\u00e9e par Christ gouverne vos d\u00e9cisions. Car c\u2019est \u00e0 cette paix que Dieu vous a appel\u00e9s pour former un seul corps. Soyez reconnaissants.<\/p>\n\n\n\n<h2 class=\"wp-block-heading\">1 Thessaloniciens 5:13<\/h2>\n\n\n\n<p>T\u00e9moignez-leur une grande estime et de l\u2019affection \u00e0 cause de leur travail. Vivez en paix entre vous.<\/p>\n\n\n\n<h2 class=\"wp-block-heading\">2 Thessaloniciens 3:16<\/h2>\n\n\n\n<p>Que le Seigneur qui donne la paix vous accorde lui-m\u00eame la paix de toute mani\u00e8re et en toutes circonstances. Que le Seigneur soit avec vous tous.<\/p>\n\n\n\n<h2 class=\"wp-block-heading\">2 Timoth\u00e9e 2:22<\/h2>\n\n\n\n<p>Fuis les passions qui assaillent un jeune homme. Fais tous tes efforts pour cultiver la foi, l\u2019amour et la paix avec tous ceux qui font appel au Seigneur d\u2019un c\u0153ur pur.<\/p>\n\n\n\n<h2 class=\"wp-block-heading\">Lire Aussi:<\/h2>\n\n\n\n<ul class=\"wp-block-list\"><li><a href=\"https:\/\/thebibleverses.org\/fr\/\">Versets Bibliques par Sujets<\/a><\/li><li><a href=\"https:\/\/thebibleverses.org\/fr\/amour\/\">Versets Bibliques sur l\u2019Amour<\/a><\/li><li><a href=\"https:\/\/thebibleverses.org\/fr\/force\/\">Versets Bibliques sur la Force<\/a><\/li><li><a href=\"https:\/\/thebibleverses.org\/fr\/foi\/\">Versets Bibliques sur la Foi<\/a><\/li><li><a href=\"https:\/\/thebibleverses.org\/fr\/jeunes\/\">Versets Bibliques pour les Jeunes<\/a><\/li><li><a href=\"https:\/\/thebibleverses.org\/fr\/amitie\/\">Versets Bibliques sur l\u2019Amiti\u00e9<\/a><\/li><li><a href=\"https:\/\/thebibleverses.org\/fr\/guerison\/\">Versets Bibliques sur la Gu\u00e9rison<\/a><\/li><\/ul>\n","protected":false},"excerpt":{"rendered":"<p>Job 25:2 Il d\u00e9tient un pouvoir |souverain, effrayant. Il fait r\u00e9gner la paix |dans les lieux \u00e9lev\u00e9s. Psaumes 4:9 Dans la paix, je me couche |et m\u2019endors aussit\u00f4t\u202f; gr\u00e2ce \u00e0 toi seul, \u00f4 Eternel, |je demeure en s\u00e9curit\u00e9. Psaumes 29:11 L\u2019Eternel donnera |la puissance \u00e0 son peuple. L\u2019Eternel b\u00e9nira son peuple |en lui donnant la [&hellip;]<\/p>\n","protected":false},"author":1,"featured_media":153,"parent":0,"menu_order":0,"comment_status":"open","ping_status":"closed","template":"","meta":{"footnotes":""},"class_list":["post-152","page","type-page","status-publish","has-post-thumbnail","hentry","entry","fw-tab-6 fw-tabr-4"],"_links":{"self":[{"href":"https:\/\/thebibleverses.org\/fr\/wp-json\/wp\/v2\/pages\/152","targetHints":{"allow":["GET"]}}],"collection":[{"href":"https:\/\/thebibleverses.org\/fr\/wp-json\/wp\/v2\/pages"}],"about":[{"href":"https:\/\/thebibleverses.org\/fr\/wp-json\/wp\/v2\/types\/page"}],"author":[{"embeddable":true,"href":"https:\/\/thebibleverses.org\/fr\/wp-json\/wp\/v2\/users\/1"}],"replies":[{"embeddable":true,"href":"https:\/\/thebibleverses.org\/fr\/wp-json\/wp\/v2\/comments?post=152"}],"version-history":[{"count":0,"href":"https:\/\/thebibleverses.org\/fr\/wp-json\/wp\/v2\/pages\/152\/revisions"}],"wp:featuredmedia":[{"embeddable":true,"href":"https:\/\/thebibleverses.org\/fr\/wp-json\/wp\/v2\/media\/153"}],"wp:attachment":[{"href":"https:\/\/thebibleverses.org\/fr\/wp-json\/wp\/v2\/media?parent=152"}],"curies":[{"name":"wp","href":"https:\/\/api.w.org\/{rel}","templated":true}]}}