{"id":149,"date":"2022-07-13T01:31:56","date_gmt":"2022-07-12T23:31:56","guid":{"rendered":"https:\/\/thebibleverses.org\/fr\/?page_id=149"},"modified":"2022-10-11T23:04:09","modified_gmt":"2022-10-11T21:04:09","slug":"obeissance","status":"publish","type":"page","link":"https:\/\/thebibleverses.org\/fr\/obeissance\/","title":{"rendered":"25 Versets Bibliques sur l&rsquo;Ob\u00e9issance"},"content":{"rendered":"<div class=\"wp-block-image\">\n<figure class=\"aligncenter size-large\"><img decoding=\"async\" width=\"1024\" height=\"631\" data-src=\"https:\/\/thebibleverses.org\/fr\/wp-content\/uploads\/2022\/07\/Versets-Bibliques-sur-lObeissance-1024x631.webp\" alt=\"Versets Bibliques sur l'Ob\u00e9issance\" class=\"wp-image-150 lazyload\" data-srcset=\"https:\/\/thebibleverses.org\/fr\/wp-content\/uploads\/2022\/07\/Versets-Bibliques-sur-lObeissance-1024x631.webp 1024w, https:\/\/thebibleverses.org\/fr\/wp-content\/uploads\/2022\/07\/Versets-Bibliques-sur-lObeissance-300x185.webp 300w, https:\/\/thebibleverses.org\/fr\/wp-content\/uploads\/2022\/07\/Versets-Bibliques-sur-lObeissance-768x474.webp 768w, https:\/\/thebibleverses.org\/fr\/wp-content\/uploads\/2022\/07\/Versets-Bibliques-sur-lObeissance-320x197.webp 320w, https:\/\/thebibleverses.org\/fr\/wp-content\/uploads\/2022\/07\/Versets-Bibliques-sur-lObeissance-450x278.webp 450w, https:\/\/thebibleverses.org\/fr\/wp-content\/uploads\/2022\/07\/Versets-Bibliques-sur-lObeissance-720x444.webp 720w, https:\/\/thebibleverses.org\/fr\/wp-content\/uploads\/2022\/07\/Versets-Bibliques-sur-lObeissance.webp 1200w\" data-sizes=\"(max-width: 1024px) 100vw, 1024px\" src=\"data:image\/svg+xml;base64,PHN2ZyB3aWR0aD0iMSIgaGVpZ2h0PSIxIiB4bWxucz0iaHR0cDovL3d3dy53My5vcmcvMjAwMC9zdmciPjwvc3ZnPg==\" style=\"--smush-placeholder-width: 1024px; --smush-placeholder-aspect-ratio: 1024\/631;\" \/><figcaption>Versets Bibliques sur l&rsquo;Ob\u00e9issance &#8211; La Bible du Semeur (BDS).<\/figcaption><\/figure><\/div>\n\n\n<h2 class=\"wp-block-heading\">Exode 19:5<\/h2>\n\n\n\n<p>Maintenant, si vous m\u2019ob\u00e9issez et si vous restez fid\u00e8les \u00e0 mon alliance, vous serez pour moi un peuple pr\u00e9cieux parmi tous les peuples, bien que toute la terre m\u2019appartienne.<\/p>\n\n\n\n<h2 class=\"wp-block-heading\">L\u00e9vitique 22:31<\/h2>\n\n\n\n<p>Vous ob\u00e9irez \u00e0 mes commandements et vous les accomplirez. Je suis l\u2019Eternel.<\/p>\n\n\n\n<h2 class=\"wp-block-heading\">Deut\u00e9ronome 7:12<\/h2>\n\n\n\n<p>Car si vous pr\u00eatez attention \u00e0 ces lois, si vous y ob\u00e9issez et si vous les appliquez, l\u2019Eternel votre Dieu tiendra l\u2019engagement de vous aimer qu\u2019il a pris par serment en concluant une alliance avec vos anc\u00eatres.<\/p>\n\n\n\n<h2 class=\"wp-block-heading\">Deut\u00e9ronome 26:16<\/h2>\n\n\n\n<p>Aujourd\u2019hui, l\u2019Eternel votre Dieu vous ordonne d\u2019appliquer ces ordonnances et ces lois. Vous y ob\u00e9irez et vous les appliquerez de tout votre c\u0153ur, de tout votre \u00eatre.<\/p>\n\n\n\n<h2 class=\"wp-block-heading\">Deut\u00e9ronome 28:1<\/h2>\n\n\n\n<p>Si vous \u00e9coutez attentivement la parole de l\u2019Eternel votre Dieu et si vous ob\u00e9issez \u00e0 tous les commandements que je vous donne aujourd\u2019hui, si vous les appliquez, alors l\u2019Eternel votre Dieu vous donnera une place pr\u00e9pond\u00e9rante au-dessus de tous les autres peuples de la terre.<\/p>\n\n\n\n<h2 class=\"wp-block-heading\">Josu\u00e9 1:8<\/h2>\n\n\n\n<p>Aie soin de r\u00e9p\u00e9ter sans cesse les paroles de ce livre de la Loi, m\u00e9dite-les jour et nuit afin d\u2019y ob\u00e9ir et d\u2019appliquer tout ce qui y est \u00e9crit, car alors tu auras du succ\u00e8s dans tes entreprises, alors tu r\u00e9ussiras.<\/p>\n\n\n\n<h2 class=\"wp-block-heading\">1 Samuel 15:22<\/h2>\n\n\n\n<p>Samuel lui dit alors\u202f: Les holocaustes et les sacrifices font-ils autant plaisir \u00e0 l\u2019Eternel que l\u2019ob\u00e9issance \u00e0 ses ordres\u202f? Non\u202f! Car l\u2019ob\u00e9issance |est pr\u00e9f\u00e9rable aux sacrifices, la soumission vaut mieux |que la graisse des b\u00e9liers.<\/p>\n\n\n\n<h2 class=\"wp-block-heading\">1 Rois 2:3<\/h2>\n\n\n\n<p>Suis fid\u00e8lement les ordres de l\u2019Eternel ton Dieu, en marchant dans les chemins qu\u2019il a prescrits et en ob\u00e9issant \u00e0 ses lois, ses commandements, ses articles de droit et ses ordonnances, tels qu\u2019ils sont consign\u00e9s dans la Loi de Mo\u00efse. Alors tu auras du succ\u00e8s dans tout ce que tu entreprendras et partout o\u00f9 tu iras.<\/p>\n\n\n\n<h2 class=\"wp-block-heading\">1 Rois 3:14<\/h2>\n\n\n\n<p>Enfin, si tu marches dans les chemins que j\u2019ai prescrits, si tu ob\u00e9is fid\u00e8lement \u00e0 mes lois et mes commandements, comme ton p\u00e8re David, je t\u2019accorderai aussi une longue vie.<\/p>\n\n\n\n<h2 class=\"wp-block-heading\">Job 36:11<\/h2>\n\n\n\n<p>S\u2019ils \u00e9coutent, et se soumettent, ils finissent leurs jours |dans le bonheur, et leurs ann\u00e9es s\u2019ach\u00e8vent |dans les d\u00e9lices.<\/p>\n\n\n\n<h2 class=\"wp-block-heading\">Proverbes 6:20<\/h2>\n\n\n\n<p>Mon fils, reste attach\u00e9 aux pr\u00e9ceptes de ton p\u00e8re, et ne rejette pas l\u2019enseignement de ta m\u00e8re\u202f!<\/p>\n\n\n\n<h2 class=\"wp-block-heading\">Proverbes 10:17<\/h2>\n\n\n\n<p>Qui tient compte des critiques qu\u2019on lui fait est sur la voie de la vie, mais celui qui fait fi des reproches se fourvoie.<\/p>\n\n\n\n<h2 class=\"wp-block-heading\">Zacharie 3:7<\/h2>\n\n\n\n<p>Voici ce que dit le Seigneur des arm\u00e9es c\u00e9lestes\u202f: Si tu suis les chemins que j\u2019ai prescrits et si tu ob\u00e9is \u00e0 mes commandements, tu exerceras dans mon temple les fonctions judiciaires, tu veilleras sur mes parvis, et je te donnerai des guides pris parmi ceux qui se tiennent ici.<\/p>\n\n\n\n<h2 class=\"wp-block-heading\">Matthieu 7:21<\/h2>\n\n\n\n<p>Pour entrer dans le royaume des cieux, il ne suffit pas de me dire\u202f: \u00ab Seigneur\u202f! Seigneur\u202f! \u00bb, il faut accomplir la volont\u00e9 de mon P\u00e8re c\u00e9leste.<\/p>\n\n\n\n<h2 class=\"wp-block-heading\">Matthieu 7:24<\/h2>\n\n\n\n<p>C\u2019est pourquoi, celui qui \u00e9coute ce que je dis et qui l\u2019applique, ressemble \u00e0 un homme sens\u00e9 qui a b\u00e2ti sa maison sur le roc.<\/p>\n\n\n\n<h2 class=\"wp-block-heading\">Matthieu 12:50<\/h2>\n\n\n\n<p>Car celui qui fait la volont\u00e9 de mon P\u00e8re c\u00e9leste, celui-l\u00e0 est pour moi un fr\u00e8re, une s\u0153ur, une m\u00e8re.<\/p>\n\n\n\n<h2 class=\"wp-block-heading\">Luc 8:21<\/h2>\n\n\n\n<p>Mais J\u00e9sus leur r\u00e9pondit\u202f: Ma m\u00e8re et mes fr\u00e8res, ce sont ceux qui \u00e9coutent la Parole de Dieu et qui font ce qu\u2019elle demande.<\/p>\n\n\n\n<h2 class=\"wp-block-heading\">Jean 14:23<\/h2>\n\n\n\n<p>J\u00e9sus lui r\u00e9pondit\u202f: Si quelqu\u2019un m\u2019aime, il ob\u00e9ira \u00e0 ma parole. Mon P\u00e8re aussi l\u2019aimera\u202f: nous viendrons \u00e0 lui et nous \u00e9tablirons notre demeure chez lui.<\/p>\n\n\n\n<h2 class=\"wp-block-heading\">Jean 15:10<\/h2>\n\n\n\n<p>Si vous ob\u00e9issez \u00e0 mes commandements, vous demeurerez dans mon amour, tout comme moi-m\u00eame j\u2019ai ob\u00e9i aux commandements de mon P\u00e8re et je demeure dans son amour.<\/p>\n\n\n\n<h2 class=\"wp-block-heading\">Actes 5:29<\/h2>\n\n\n\n<p>Mais Pierre et les ap\u00f4tres r\u00e9pondirent\u202f: Il faut ob\u00e9ir \u00e0 Dieu plut\u00f4t qu\u2019aux hommes.<\/p>\n\n\n\n<h2 class=\"wp-block-heading\">Romains 5:19<\/h2>\n\n\n\n<p>Comme, par la d\u00e9sob\u00e9issance d\u2019un seul, beaucoup d\u2019hommes ont \u00e9t\u00e9 d\u00e9clar\u00e9s p\u00e9cheurs devant Dieu, de m\u00eame, par l\u2019ob\u00e9issance d\u2019un seul, beaucoup seront d\u00e9clar\u00e9s justes devant Dieu.<\/p>\n\n\n\n<h2 class=\"wp-block-heading\">Philippiens 2:8<\/h2>\n\n\n\n<p>il s\u2019abaissa lui-m\u00eame en devenant ob\u00e9issant, jusqu\u2019\u00e0 subir la mort, oui, la mort sur la croix.<\/p>\n\n\n\n<h2 class=\"wp-block-heading\">H\u00e9breux 5:8<\/h2>\n\n\n\n<p>Bien qu\u2019\u00e9tant Fils de Dieu, il a appris l\u2019ob\u00e9issance par tout ce qu\u2019il a souffert.<\/p>\n\n\n\n<h2 class=\"wp-block-heading\">Jacques 4:7<\/h2>\n\n\n\n<p>Soumettez-vous donc \u00e0 Dieu, r\u00e9sistez au diable, et il fuira loin de vous.<\/p>\n\n\n\n<h2 class=\"wp-block-heading\">1 Jean 3:22<\/h2>\n\n\n\n<p>Il nous donne ce que nous lui demandons, parce que nous ob\u00e9issons \u00e0 ses commandements et que nous faisons ce qui lui pla\u00eet.<\/p>\n\n\n\n<h2 class=\"wp-block-heading\">Lire Aussi:<\/h2>\n\n\n\n<ul class=\"wp-block-list\"><li><a href=\"https:\/\/thebibleverses.org\/fr\/\">Versets Bibliques par Sujets<\/a><\/li><li><a href=\"https:\/\/thebibleverses.org\/fr\/amour\/\">Versets Bibliques sur l\u2019Amour<\/a><\/li><li><a href=\"https:\/\/thebibleverses.org\/fr\/force\/\">Versets Bibliques sur la Force<\/a><\/li><li><a href=\"https:\/\/thebibleverses.org\/fr\/foi\/\">Versets Bibliques sur la Foi<\/a><\/li><li><a href=\"https:\/\/thebibleverses.org\/fr\/jeunes\/\">Versets Bibliques pour les Jeunes<\/a><\/li><li><a href=\"https:\/\/thebibleverses.org\/fr\/amitie\/\">Versets Bibliques sur l\u2019Amiti\u00e9<\/a><\/li><li><a href=\"https:\/\/thebibleverses.org\/fr\/guerison\/\">Versets Bibliques sur la Gu\u00e9rison<\/a><\/li><\/ul>\n","protected":false},"excerpt":{"rendered":"<p>Exode 19:5 Maintenant, si vous m\u2019ob\u00e9issez et si vous restez fid\u00e8les \u00e0 mon alliance, vous serez pour moi un peuple pr\u00e9cieux parmi tous les peuples, bien que toute la terre m\u2019appartienne. L\u00e9vitique 22:31 Vous ob\u00e9irez \u00e0 mes commandements et vous les accomplirez. Je suis l\u2019Eternel. Deut\u00e9ronome 7:12 Car si vous pr\u00eatez attention \u00e0 ces lois, [&hellip;]<\/p>\n","protected":false},"author":1,"featured_media":150,"parent":0,"menu_order":0,"comment_status":"open","ping_status":"closed","template":"","meta":{"footnotes":""},"class_list":["post-149","page","type-page","status-publish","has-post-thumbnail","hentry","entry","fw-tab-6 fw-tabr-4"],"_links":{"self":[{"href":"https:\/\/thebibleverses.org\/fr\/wp-json\/wp\/v2\/pages\/149","targetHints":{"allow":["GET"]}}],"collection":[{"href":"https:\/\/thebibleverses.org\/fr\/wp-json\/wp\/v2\/pages"}],"about":[{"href":"https:\/\/thebibleverses.org\/fr\/wp-json\/wp\/v2\/types\/page"}],"author":[{"embeddable":true,"href":"https:\/\/thebibleverses.org\/fr\/wp-json\/wp\/v2\/users\/1"}],"replies":[{"embeddable":true,"href":"https:\/\/thebibleverses.org\/fr\/wp-json\/wp\/v2\/comments?post=149"}],"version-history":[{"count":0,"href":"https:\/\/thebibleverses.org\/fr\/wp-json\/wp\/v2\/pages\/149\/revisions"}],"wp:featuredmedia":[{"embeddable":true,"href":"https:\/\/thebibleverses.org\/fr\/wp-json\/wp\/v2\/media\/150"}],"wp:attachment":[{"href":"https:\/\/thebibleverses.org\/fr\/wp-json\/wp\/v2\/media?parent=149"}],"curies":[{"name":"wp","href":"https:\/\/api.w.org\/{rel}","templated":true}]}}