{"id":146,"date":"2022-07-13T01:23:46","date_gmt":"2022-07-12T23:23:46","guid":{"rendered":"https:\/\/thebibleverses.org\/fr\/?page_id=146"},"modified":"2022-10-11T23:43:10","modified_gmt":"2022-10-11T21:43:10","slug":"priere","status":"publish","type":"page","link":"https:\/\/thebibleverses.org\/fr\/priere\/","title":{"rendered":"30 Versets Bibliques sur la Pri\u00e8re"},"content":{"rendered":"<div class=\"wp-block-image\">\n<figure class=\"aligncenter size-large\"><img decoding=\"async\" width=\"1024\" height=\"631\" data-src=\"https:\/\/thebibleverses.org\/fr\/wp-content\/uploads\/2022\/07\/Versets-Bibliques-sur-la-Priere-1024x631.webp\" alt=\"Versets Bibliques sur la Pri\u00e8re\" class=\"wp-image-147 lazyload\" data-srcset=\"https:\/\/thebibleverses.org\/fr\/wp-content\/uploads\/2022\/07\/Versets-Bibliques-sur-la-Priere-1024x631.webp 1024w, https:\/\/thebibleverses.org\/fr\/wp-content\/uploads\/2022\/07\/Versets-Bibliques-sur-la-Priere-300x185.webp 300w, https:\/\/thebibleverses.org\/fr\/wp-content\/uploads\/2022\/07\/Versets-Bibliques-sur-la-Priere-768x474.webp 768w, https:\/\/thebibleverses.org\/fr\/wp-content\/uploads\/2022\/07\/Versets-Bibliques-sur-la-Priere-320x197.webp 320w, https:\/\/thebibleverses.org\/fr\/wp-content\/uploads\/2022\/07\/Versets-Bibliques-sur-la-Priere-450x278.webp 450w, https:\/\/thebibleverses.org\/fr\/wp-content\/uploads\/2022\/07\/Versets-Bibliques-sur-la-Priere-720x444.webp 720w, https:\/\/thebibleverses.org\/fr\/wp-content\/uploads\/2022\/07\/Versets-Bibliques-sur-la-Priere.webp 1200w\" data-sizes=\"(max-width: 1024px) 100vw, 1024px\" src=\"data:image\/svg+xml;base64,PHN2ZyB3aWR0aD0iMSIgaGVpZ2h0PSIxIiB4bWxucz0iaHR0cDovL3d3dy53My5vcmcvMjAwMC9zdmciPjwvc3ZnPg==\" style=\"--smush-placeholder-width: 1024px; --smush-placeholder-aspect-ratio: 1024\/631;\" \/><figcaption>Versets Bibliques sur la Pri\u00e8re &#8211; La Bible du Semeur (BDS).<\/figcaption><\/figure><\/div>\n\n\n<h2 class=\"wp-block-heading\">2 Samuel 22:7<\/h2>\n\n\n\n<p>Alors, dans ma d\u00e9tresse, |je priai l\u2019Eternel. Vers mon Dieu, je lan\u00e7ai |mon appel au secours, mon cri parvint \u00e0 ses oreilles et, de son temple, il m\u2019entendit.<\/p>\n\n\n\n<h2 class=\"wp-block-heading\">2 Chroniques 7:14<\/h2>\n\n\n\n<p>Si alors mon peuple qui est appel\u00e9 de mon nom s\u2019humilie, prie et recherche ma gr\u00e2ce, s\u2019il se d\u00e9tourne de sa mauvaise conduite, moi, je l\u2019\u00e9couterai du ciel, je lui pardonnerai ses p\u00e9ch\u00e9s et je gu\u00e9rirai son pays.<\/p>\n\n\n\n<h2 class=\"wp-block-heading\">Psaumes 31:23<\/h2>\n\n\n\n<p>D\u00e9sempar\u00e9, je me disais\u202f: \u00ab Il ne se soucie plus de moi. \u00bb Mais tu m\u2019as entendu |quand je te suppliais, quand je t\u2019appelais \u00e0 mon aide.<\/p>\n\n\n\n<h2 class=\"wp-block-heading\">Psaumes 34:18<\/h2>\n\n\n\n<p>Lorsque les hommes justes |lancent leurs cris vers lui, |l\u2019Eternel les entend\u202f; aussi, il les d\u00e9livre |de toutes leurs d\u00e9tresses.<\/p>\n\n\n\n<h2 class=\"wp-block-heading\">Psaumes 118:5<\/h2>\n\n\n\n<p>Du fond de ma d\u00e9tresse, |j\u2019ai fait appel \u00e0 l\u2019Eternel, et il m\u2019a r\u00e9pondu |en me faisant \u00e9chapper au danger.<\/p>\n\n\n\n<h2 class=\"wp-block-heading\">Proverbes 15:29<\/h2>\n\n\n\n<p>L\u2019Eternel se tient loin des m\u00e9chants, mais il entend la pri\u00e8re des justes.<\/p>\n\n\n\n<h2 class=\"wp-block-heading\">\u00c9sa\u00efe 55:6<\/h2>\n\n\n\n<p>Tournez-vous donc vers l\u2019Eternel, tant qu\u2019on peut le trouver. Adressez-vous \u00e0 lui tant qu\u2019il est proche\u202f!<\/p>\n\n\n\n<h2 class=\"wp-block-heading\">J\u00e9r\u00e9mie 29:12-13<\/h2>\n\n\n\n<p>Alors vous m\u2019invoquerez et vous viendrez m\u2019adresser vos pri\u00e8res, et je vous exaucerai. Vous vous tournerez vers moi et vous me trouverez lorsque vous vous tournerez vers moi de tout votre c\u0153ur.<\/p>\n\n\n\n<h2 class=\"wp-block-heading\">J\u00e9r\u00e9mie 33:3<\/h2>\n\n\n\n<p>Invoque-moi, et je te r\u00e9pondrai, je te r\u00e9v\u00e9lerai de grandes choses et des choses secr\u00e8tes que tu ne connais pas.<\/p>\n\n\n\n<h2 class=\"wp-block-heading\">Jonas 2:2-3<\/h2>\n\n\n\n<p>Dans le ventre du poisson, il adressa cette pri\u00e8re \u00e0 l\u2019Eternel son Dieu\u202f: Dans ma d\u00e9tresse, |moi, j\u2019ai cri\u00e9 \u00e0 l\u2019Eternel et il m\u2019a r\u00e9pondu. Oui, du c\u0153ur du s\u00e9jour des morts j\u2019ai cri\u00e9 au secours et tu m\u2019as entendu.<\/p>\n\n\n\n<h2 class=\"wp-block-heading\">Matthieu 6:5-6<\/h2>\n\n\n\n<p>Quand vous priez, n\u2019imitez pas ces hypocrites qui aiment \u00e0 faire leurs pri\u00e8res debout dans les synagogues et \u00e0 l\u2019angle des rues\u202f: ils tiennent \u00e0 \u00eatre remarqu\u00e9s par tout le monde. Vraiment, je vous l\u2019assure\u202f: leur r\u00e9compense, ils l\u2019ont d\u2019ores et d\u00e9j\u00e0 re\u00e7ue. Mais toi, quand tu veux prier, va dans ta pi\u00e8ce la plus retir\u00e9e, verrouille ta porte et adresse ta pri\u00e8re \u00e0 ton P\u00e8re qui est l\u00e0 dans le lieu secret. Et ton P\u00e8re, qui voit dans le secret, te le rendra.<\/p>\n\n\n\n<h2 class=\"wp-block-heading\">Matthieu 7:7<\/h2>\n\n\n\n<p>Demandez, et vous recevrez\u202f; cherchez, et vous trouverez\u202f; frappez, et l\u2019on vous ouvrira.<\/p>\n\n\n\n<h2 class=\"wp-block-heading\">Matthieu 7:11<\/h2>\n\n\n\n<p>Si donc, tout mauvais que vous \u00eates, vous savez donner de bonnes choses \u00e0 vos enfants, \u00e0 combien plus forte raison votre P\u00e8re c\u00e9leste donnera-t-il de bonnes choses \u00e0 ceux qui les lui demandent.<\/p>\n\n\n\n<h2 class=\"wp-block-heading\">Matthieu 21:22<\/h2>\n\n\n\n<p>Si vous priez avec foi, tout ce que vous demanderez, vous l\u2019obtiendrez.<\/p>\n\n\n\n<h2 class=\"wp-block-heading\">Matthieu 26:41<\/h2>\n\n\n\n<p>Veillez et priez, pour ne pas c\u00e9der \u00e0 la tentation. L\u2019esprit de l\u2019homme est plein de bonne volont\u00e9, mais la nature humaine est bien faible.<\/p>\n\n\n\n<h2 class=\"wp-block-heading\">Luc 6:12<\/h2>\n\n\n\n<p>Vers cette m\u00eame \u00e9poque, J\u00e9sus se retira sur une colline pour prier. Il passa toute la nuit \u00e0 prier Dieu.<\/p>\n\n\n\n<h2 class=\"wp-block-heading\">Luc 22:46<\/h2>\n\n\n\n<p>Pourquoi dormez-vous\u202f? leur dit-il. Debout\u202f! Et priez pour ne pas c\u00e9der \u00e0 la tentation.<\/p>\n\n\n\n<h2 class=\"wp-block-heading\">Jean 14:13-14<\/h2>\n\n\n\n<p>Et quoi que ce soit que vous demandiez en mon nom, je le r\u00e9aliserai pour que la gloire du P\u00e8re soit manifest\u00e9e par le Fils. Je le r\u00e9p\u00e8te\u202f: si vous me demandez quelque chose en mon nom, je le ferai.<\/p>\n\n\n\n<h2 class=\"wp-block-heading\">Jean 15:7<\/h2>\n\n\n\n<p>Mais si vous demeurez en moi, et que mes paroles demeurent en vous, demandez ce que vous voudrez, vous l\u2019obtiendrez.<\/p>\n\n\n\n<h2 class=\"wp-block-heading\">1 Corinthiens 14:13<\/h2>\n\n\n\n<p>C\u2019est pourquoi, celui qui parle en langues inconnues doit demander \u00e0 Dieu de lui donner de traduire ce qu\u2019il dit en langage compr\u00e9hensible.<\/p>\n\n\n\n<h2 class=\"wp-block-heading\">Romains 10:13<\/h2>\n\n\n\n<p>Tous ceux qui invoqueront le Seigneur seront sauv\u00e9s.<\/p>\n\n\n\n<h2 class=\"wp-block-heading\">\u00c9ph\u00e9siens 6:18<\/h2>\n\n\n\n<p>En toutes circonstances, faites toutes sortes de pri\u00e8res et de requ\u00eates sous la conduite de l\u2019Esprit. Faites-le avec vigilance et constance, et interc\u00e9dez pour tous les membres du peuple saint.<\/p>\n\n\n\n<h2 class=\"wp-block-heading\">Philippiens 4:6<\/h2>\n\n\n\n<p>Ne vous mettez en souci pour rien, mais, en toute chose, exposez vos demandes \u00e0 Dieu en lui adressant vos pri\u00e8res et vos supplications, tout en lui exprimant votre reconnaissance.<\/p>\n\n\n\n<h2 class=\"wp-block-heading\">Colossiens 4:2<\/h2>\n\n\n\n<p>Pers\u00e9v\u00e9rez dans la pri\u00e8re. Soyez vigilants dans ce domaine et reconnaissants envers Dieu.<\/p>\n\n\n\n<h2 class=\"wp-block-heading\">1 Thessaloniciens 5:17<\/h2>\n\n\n\n<p>Priez sans cesse.<\/p>\n\n\n\n<h2 class=\"wp-block-heading\">Jacques 4:3<\/h2>\n\n\n\n<p>Ou bien, quand vous demandez, vous ne recevez pas, car vous demandez avec de mauvais motifs\u202f: vous voulez que l\u2019objet de vos demandes serve \u00e0 votre propre plaisir.<\/p>\n\n\n\n<h2 class=\"wp-block-heading\">Jacques 5:16<\/h2>\n\n\n\n<p>Confessez vos p\u00e9ch\u00e9s les uns aux autres et priez les uns pour les autres, afin que vous soyez gu\u00e9ris. Quand un juste prie, sa pri\u00e8re a une grande efficacit\u00e9.<\/p>\n\n\n\n<h2 class=\"wp-block-heading\">1 Pierre 4:7<\/h2>\n\n\n\n<p>La fin de toutes choses est proche. Menez donc une vie \u00e9quilibr\u00e9e en faisant preuve de mod\u00e9ration, afin d\u2019\u00eatre disponibles pour la pri\u00e8re.<\/p>\n\n\n\n<h2 class=\"wp-block-heading\">1 Jean 3:22<\/h2>\n\n\n\n<p>Il nous donne ce que nous lui demandons, parce que nous ob\u00e9issons \u00e0 ses commandements et que nous faisons ce qui lui pla\u00eet.<\/p>\n\n\n\n<h2 class=\"wp-block-heading\">1 Jean 5:14<\/h2>\n\n\n\n<p>Et voici quelle assurance nous avons devant Dieu\u202f: si nous demandons quelque chose qui est conforme \u00e0 sa volont\u00e9, il nous \u00e9coute.<\/p>\n\n\n\n<h2 class=\"wp-block-heading\">Lire Aussi:<\/h2>\n\n\n\n<ul class=\"wp-block-list\"><li><a href=\"https:\/\/thebibleverses.org\/fr\/\">Versets Bibliques par Sujets<\/a><\/li><li><a href=\"https:\/\/thebibleverses.org\/fr\/amour\/\">Versets Bibliques sur l\u2019Amour<\/a><\/li><li><a href=\"https:\/\/thebibleverses.org\/fr\/force\/\">Versets Bibliques sur la Force<\/a><\/li><li><a href=\"https:\/\/thebibleverses.org\/fr\/foi\/\">Versets Bibliques sur la Foi<\/a><\/li><li><a href=\"https:\/\/thebibleverses.org\/fr\/jeunes\/\">Versets Bibliques pour les Jeunes<\/a><\/li><li><a href=\"https:\/\/thebibleverses.org\/fr\/amitie\/\">Versets Bibliques sur l\u2019Amiti\u00e9<\/a><\/li><li><a href=\"https:\/\/thebibleverses.org\/fr\/guerison\/\">Versets Bibliques sur la Gu\u00e9rison<\/a><\/li><\/ul>\n","protected":false},"excerpt":{"rendered":"<p>2 Samuel 22:7 Alors, dans ma d\u00e9tresse, |je priai l\u2019Eternel. Vers mon Dieu, je lan\u00e7ai |mon appel au secours, mon cri parvint \u00e0 ses oreilles et, de son temple, il m\u2019entendit. 2 Chroniques 7:14 Si alors mon peuple qui est appel\u00e9 de mon nom s\u2019humilie, prie et recherche ma gr\u00e2ce, s\u2019il se d\u00e9tourne de sa [&hellip;]<\/p>\n","protected":false},"author":1,"featured_media":147,"parent":0,"menu_order":0,"comment_status":"open","ping_status":"closed","template":"","meta":{"footnotes":""},"class_list":["post-146","page","type-page","status-publish","has-post-thumbnail","hentry","entry","fw-tab-6 fw-tabr-4"],"_links":{"self":[{"href":"https:\/\/thebibleverses.org\/fr\/wp-json\/wp\/v2\/pages\/146","targetHints":{"allow":["GET"]}}],"collection":[{"href":"https:\/\/thebibleverses.org\/fr\/wp-json\/wp\/v2\/pages"}],"about":[{"href":"https:\/\/thebibleverses.org\/fr\/wp-json\/wp\/v2\/types\/page"}],"author":[{"embeddable":true,"href":"https:\/\/thebibleverses.org\/fr\/wp-json\/wp\/v2\/users\/1"}],"replies":[{"embeddable":true,"href":"https:\/\/thebibleverses.org\/fr\/wp-json\/wp\/v2\/comments?post=146"}],"version-history":[{"count":0,"href":"https:\/\/thebibleverses.org\/fr\/wp-json\/wp\/v2\/pages\/146\/revisions"}],"wp:featuredmedia":[{"embeddable":true,"href":"https:\/\/thebibleverses.org\/fr\/wp-json\/wp\/v2\/media\/147"}],"wp:attachment":[{"href":"https:\/\/thebibleverses.org\/fr\/wp-json\/wp\/v2\/media?parent=146"}],"curies":[{"name":"wp","href":"https:\/\/api.w.org\/{rel}","templated":true}]}}