{"id":143,"date":"2022-07-13T01:15:57","date_gmt":"2022-07-12T23:15:57","guid":{"rendered":"https:\/\/thebibleverses.org\/fr\/?page_id=143"},"modified":"2022-10-11T23:04:19","modified_gmt":"2022-10-11T21:04:19","slug":"offrande","status":"publish","type":"page","link":"https:\/\/thebibleverses.org\/fr\/offrande\/","title":{"rendered":"20 Versets Bibliques sur l&rsquo;Offrande"},"content":{"rendered":"<div class=\"wp-block-image\">\n<figure class=\"aligncenter size-large\"><img decoding=\"async\" width=\"1024\" height=\"631\" data-src=\"https:\/\/thebibleverses.org\/fr\/wp-content\/uploads\/2022\/07\/Versets-Bibliques-sur-lOffrande-1024x631.webp\" alt=\"Versets Bibliques sur l'Offrande\" class=\"wp-image-144 lazyload\" data-srcset=\"https:\/\/thebibleverses.org\/fr\/wp-content\/uploads\/2022\/07\/Versets-Bibliques-sur-lOffrande-1024x631.webp 1024w, https:\/\/thebibleverses.org\/fr\/wp-content\/uploads\/2022\/07\/Versets-Bibliques-sur-lOffrande-300x185.webp 300w, https:\/\/thebibleverses.org\/fr\/wp-content\/uploads\/2022\/07\/Versets-Bibliques-sur-lOffrande-768x474.webp 768w, https:\/\/thebibleverses.org\/fr\/wp-content\/uploads\/2022\/07\/Versets-Bibliques-sur-lOffrande-320x197.webp 320w, https:\/\/thebibleverses.org\/fr\/wp-content\/uploads\/2022\/07\/Versets-Bibliques-sur-lOffrande-450x278.webp 450w, https:\/\/thebibleverses.org\/fr\/wp-content\/uploads\/2022\/07\/Versets-Bibliques-sur-lOffrande-720x444.webp 720w, https:\/\/thebibleverses.org\/fr\/wp-content\/uploads\/2022\/07\/Versets-Bibliques-sur-lOffrande.webp 1200w\" data-sizes=\"(max-width: 1024px) 100vw, 1024px\" src=\"data:image\/svg+xml;base64,PHN2ZyB3aWR0aD0iMSIgaGVpZ2h0PSIxIiB4bWxucz0iaHR0cDovL3d3dy53My5vcmcvMjAwMC9zdmciPjwvc3ZnPg==\" style=\"--smush-placeholder-width: 1024px; --smush-placeholder-aspect-ratio: 1024\/631;\" \/><figcaption>Versets Bibliques sur l&rsquo;Offrande &#8211; La Bible du Semeur (BDS).<\/figcaption><\/figure><\/div>\n\n\n<h2 class=\"wp-block-heading\">Gen\u00e8se 4:3-5<\/h2>\n\n\n\n<p>Au bout d\u2019un certain temps, Ca\u00efn pr\u00e9senta des produits de la terre en offrande \u00e0 l\u2019Eternel. Abel, lui aussi, fit une offrande\u202f: il pr\u00e9senta les premiers-n\u00e9s de son troupeau et en offrit les meilleurs morceaux. L\u2019Eternel pr\u00eata attention \u00e0 Abel et \u00e0 son offrande\u202f; mais pas \u00e0 Ca\u00efn et son offrande. Cela mit Ca\u00efn dans une grande col\u00e8re, et son visage s\u2019assombrit.<\/p>\n\n\n\n<h2 class=\"wp-block-heading\">Exode 25:2-7<\/h2>\n\n\n\n<p>Invite les Isra\u00e9lites \u00e0 me faire des offrandes pr\u00e9lev\u00e9es sur leurs biens. Vous accepterez de tout homme qui la donnera de bon c\u0153ur l\u2019offrande qu\u2019il me fera. Voici ce que vous accepterez en guise d\u2019offrande\u202f: de l\u2019or, de l\u2019argent et du bronze, des fils de pourpre violette et \u00e9carlate, de rouge \u00e9clatant, du fin lin et du poil de ch\u00e8vre, des peaux de b\u00e9liers teintes en rouge, des peaux de dauphins et du bois d\u2019acacia, de l\u2019huile pour le chandelier et des aromates pour l\u2019huile d\u2019onction et pour le parfum aromatique, des pierres d\u2019onyx et d\u2019autres pierres pr\u00e9cieuses \u00e0 ench\u00e2sser pour l\u2019\u00e9phod et pour le pectoral.<\/p>\n\n\n\n<h2 class=\"wp-block-heading\">L\u00e9vitique 19:5<\/h2>\n\n\n\n<p>Lorsque vous m\u2019offrirez un sacrifice de communion, faites-le de fa\u00e7on \u00e0 ce qu\u2019il puisse \u00eatre agr\u00e9\u00e9.<\/p>\n\n\n\n<h2 class=\"wp-block-heading\">Nombres 18:28<\/h2>\n\n\n\n<p>C\u2019est ainsi que vous pr\u00e9l\u00e8verez, vous aussi, l\u2019offrande pour l\u2019Eternel sur toutes les d\u00eemes que vous recevrez des Isra\u00e9lites, et vous la donnerez au pr\u00eatre Aaron comme une offrande \u00e0 l\u2019Eternel.<\/p>\n\n\n\n<h2 class=\"wp-block-heading\">Deut\u00e9ronome 16:10<\/h2>\n\n\n\n<p>Et vous c\u00e9l\u00e9brerez la f\u00eate des Semaines en l\u2019honneur de l\u2019Eternel votre Dieu. Vous lui offrirez des dons volontaires en fonction des b\u00e9n\u00e9dictions que votre Dieu vous aura accord\u00e9es.<\/p>\n\n\n\n<h2 class=\"wp-block-heading\">Deut\u00e9ronome 23:23<\/h2>\n\n\n\n<p>D\u2019ailleurs, tu n\u2019es pas tenu de prononcer un v\u0153u\u202f; si tu t\u2019en abstiens, tu ne seras pas coupable pour cela.<\/p>\n\n\n\n<h2 class=\"wp-block-heading\">1 Chroniques 16:29<\/h2>\n\n\n\n<p>C\u00e9l\u00e9brez l\u2019Eternel |et son nom glorieux\u202f! Apportez vos offrandes |et entrez devant lui et prosternez-vous devant l\u2019Eternel |dont la saintet\u00e9 brille avec \u00e9clat\u202f!<\/p>\n\n\n\n<h2 class=\"wp-block-heading\">1 Chroniques 29:1-5<\/h2>\n\n\n\n<p>Puis le roi David dit \u00e0 toute l\u2019assembl\u00e9e\u202f: Mon fils Salomon, le seul que Dieu ait choisi, est jeune et inexp\u00e9riment\u00e9, alors que l\u2019ouvrage est immense, car ce n\u2019est pas pour un homme qu\u2019il s\u2019agit de construire un palais, mais bien pour l\u2019Eternel Dieu. Quant \u00e0 moi, j\u2019ai consacr\u00e9 tous mes efforts \u00e0 pr\u00e9parer pour le temple de mon Dieu de l\u2019or, de l\u2019argent, du bronze, du fer et du bois pour tout ce qui est \u00e0 fabriquer avec ces divers mat\u00e9riaux. J\u2019ai pr\u00e9par\u00e9 aussi des pierres d\u2019onyx et des pierres \u00e0 ench\u00e2sser, des pierres brillantes et de diverses couleurs, toutes sortes de pierres pr\u00e9cieuses et des blocs de marbre blanc en abondance. De plus, par amour pour le temple de Dieu, je donne pour sa construction des biens pr\u00e9cieux en or et en argent que je poss\u00e8de personnellement, en plus de tout ce que j\u2019ai pr\u00e9par\u00e9 pour le sanctuaire. Il y a dans mes r\u00e9serves cent tonnes d\u2019or pur d\u2019Ophir et deux cent cinquante tonnes d\u2019argent affin\u00e9 pour recouvrir les parois des b\u00e2timents. Cet or et cet argent sont destin\u00e9s \u00e0 la confection de tout ce qui doit \u00eatre en or et en argent, ainsi qu\u2019\u00e0 tous les travaux que les artisans auront \u00e0 ex\u00e9cuter. A pr\u00e9sent, qui d\u2019entre vous est pr\u00eat \u00e0 donner volontairement et de fa\u00e7on g\u00e9n\u00e9reuse pour l\u2019Eternel\u202f?<\/p>\n\n\n\n<h2 class=\"wp-block-heading\">2 Chroniques 24:9-10<\/h2>\n\n\n\n<p>On fit proclamer dans Juda et dans J\u00e9rusalem qu\u2019il fallait apporter \u00e0 l\u2019Eternel la contribution impos\u00e9e \u00e0 Isra\u00ebl par Mo\u00efse, serviteur de l\u2019Eternel, dans le d\u00e9sert. Tous les dirigeants et tout le peuple s\u2019en r\u00e9jouirent\u202f: ils apport\u00e8rent de l\u2019argent et le mirent dans le coffre jusqu\u2019\u00e0 ce qu\u2019il f\u00fbt plein.<\/p>\n\n\n\n<h2 class=\"wp-block-heading\">2 Chroniques 31:14<\/h2>\n\n\n\n<p>Le l\u00e9vite Qor\u00e9, fils de Yimna, qui \u00e9tait gardien de la porte orientale, fut charg\u00e9 de recevoir les dons volontaires faits \u00e0 Dieu et de r\u00e9partir les contributions apport\u00e9es pour l\u2019Eternel et les offrandes tr\u00e8s saintes.<\/p>\n\n\n\n<h2 class=\"wp-block-heading\">Esdras 1:4<\/h2>\n\n\n\n<p>Que partout o\u00f9 r\u00e9sident ceux qui restent de son peuple, les gens de l\u2019endroit leur apportent des dons d\u2019argent et d\u2019or, de divers biens, du b\u00e9tail ainsi que des offrandes volontaires pour le temple du Dieu qui est \u00e0 J\u00e9rusalem.<\/p>\n\n\n\n<h2 class=\"wp-block-heading\">Esdras 7:16<\/h2>\n\n\n\n<p>Tu emporteras aussi tout l\u2019argent et l\u2019or que tu auras collect\u00e9 dans toute la province de Babylone et les dons volontaires faits par le peuple et les pr\u00eatres pour le temple de leur Dieu qui est \u00e0 J\u00e9rusalem.<\/p>\n\n\n\n<h2 class=\"wp-block-heading\">Esdras 8:28<\/h2>\n\n\n\n<p>Puis je leur dis\u202f: Vous \u00eates consacr\u00e9s \u00e0 l\u2019Eternel, ces objets sont sacr\u00e9s, cet argent et cet or sont des dons volontaires \u00e0 l\u2019Eternel, le Dieu de vos anc\u00eatres.<\/p>\n\n\n\n<h2 class=\"wp-block-heading\">Psaumes 76:12<\/h2>\n\n\n\n<p>Vous tous qui entourez |l\u2019Eternel votre Dieu, faites des v\u0153ux |et accomplissez-les\u202f! Apportez vos pr\u00e9sents |\u00e0 ce Dieu redoutable.<\/p>\n\n\n\n<h2 class=\"wp-block-heading\">Psaumes 96:8<\/h2>\n\n\n\n<p>C\u00e9l\u00e9brez l\u2019Eternel |et son nom glorieux\u202f! Apportez vos offrandes, |entrez dans ses parvis.<\/p>\n\n\n\n<h2 class=\"wp-block-heading\">Proverbes 3:9-10<\/h2>\n\n\n\n<p>Honore l\u2019Eternel en lui donnant une part de tes biens et en lui offrant les pr\u00e9mices de tous tes revenus. Alors tes greniers regorgeront de nourriture et tes cuves d\u00e9borderont de vin.<\/p>\n\n\n\n<h2 class=\"wp-block-heading\">Malachie 3:8<\/h2>\n\n\n\n<p>Un homme peut-il voler Dieu\u202f? Pourtant, vous me volez, et puis vous demandez\u202f: \u00ab En quoi t\u2019avons-nous donc vol\u00e9\u202f? \u00bb Vous me volez sur les d\u00eemes et sur les offrandes\u202f!<\/p>\n\n\n\n<h2 class=\"wp-block-heading\">Matthieu 5:23-24<\/h2>\n\n\n\n<p>Si donc, au moment de pr\u00e9senter ton offrande devant l\u2019autel, tu te souviens que ton fr\u00e8re a quelque chose contre toi, laisse l\u00e0 ton offrande devant l\u2019autel, et va d\u2019abord te r\u00e9concilier avec ton fr\u00e8re\u202f; puis tu reviendras pr\u00e9senter ton offrande.<\/p>\n\n\n\n<h2 class=\"wp-block-heading\">Marc 12:41-44<\/h2>\n\n\n\n<p>Puis J\u00e9sus s\u2019assit en face du tronc\u202f; il observait ceux qui y d\u00e9posaient de l\u2019argent. Beaucoup de riches y avaient d\u00e9j\u00e0 d\u00e9pos\u00e9 de fortes sommes quand arriva une pauvre veuve qui d\u00e9posa deux petites pi\u00e8ces, une somme minime. Alors J\u00e9sus appela ses disciples et leur dit\u202f: Vraiment, je vous l\u2019assure, cette pauvre veuve a donn\u00e9 bien plus que tous ceux qui ont mis de l\u2019argent dans le tronc. Car tous les autres ont seulement donn\u00e9 de leur superflu, mais elle, dans sa pauvret\u00e9, elle a donn\u00e9 tout ce qu\u2019elle poss\u00e9dait, tout ce qu\u2019elle avait pour vivre.<\/p>\n\n\n\n<h2 class=\"wp-block-heading\">2 Corinthiens 9:7<\/h2>\n\n\n\n<p>Que chacun donne ce qu\u2019il aura d\u00e9cid\u00e9 en son c\u0153ur, sans regret ni contrainte, car Dieu aime celui qui donne avec joie.<\/p>\n\n\n\n<h2 class=\"wp-block-heading\">Lire Aussi:<\/h2>\n\n\n\n<ul class=\"wp-block-list\"><li><a href=\"https:\/\/thebibleverses.org\/fr\/\">Versets Bibliques par Sujets<\/a><\/li><li><a href=\"https:\/\/thebibleverses.org\/fr\/amour\/\">Versets Bibliques sur l\u2019Amour<\/a><\/li><li><a href=\"https:\/\/thebibleverses.org\/fr\/force\/\">Versets Bibliques sur la Force<\/a><\/li><li><a href=\"https:\/\/thebibleverses.org\/fr\/foi\/\">Versets Bibliques sur la Foi<\/a><\/li><li><a href=\"https:\/\/thebibleverses.org\/fr\/jeunes\/\">Versets Bibliques pour les Jeunes<\/a><\/li><li><a href=\"https:\/\/thebibleverses.org\/fr\/amitie\/\">Versets Bibliques sur l\u2019Amiti\u00e9<\/a><\/li><li><a href=\"https:\/\/thebibleverses.org\/fr\/guerison\/\">Versets Bibliques sur la Gu\u00e9rison<\/a><\/li><\/ul>\n","protected":false},"excerpt":{"rendered":"<p>Gen\u00e8se 4:3-5 Au bout d\u2019un certain temps, Ca\u00efn pr\u00e9senta des produits de la terre en offrande \u00e0 l\u2019Eternel. Abel, lui aussi, fit une offrande\u202f: il pr\u00e9senta les premiers-n\u00e9s de son troupeau et en offrit les meilleurs morceaux. L\u2019Eternel pr\u00eata attention \u00e0 Abel et \u00e0 son offrande\u202f; mais pas \u00e0 Ca\u00efn et son offrande. Cela mit [&hellip;]<\/p>\n","protected":false},"author":1,"featured_media":144,"parent":0,"menu_order":0,"comment_status":"open","ping_status":"closed","template":"","meta":{"footnotes":""},"class_list":["post-143","page","type-page","status-publish","has-post-thumbnail","hentry","entry","fw-tab-6 fw-tabr-4"],"_links":{"self":[{"href":"https:\/\/thebibleverses.org\/fr\/wp-json\/wp\/v2\/pages\/143","targetHints":{"allow":["GET"]}}],"collection":[{"href":"https:\/\/thebibleverses.org\/fr\/wp-json\/wp\/v2\/pages"}],"about":[{"href":"https:\/\/thebibleverses.org\/fr\/wp-json\/wp\/v2\/types\/page"}],"author":[{"embeddable":true,"href":"https:\/\/thebibleverses.org\/fr\/wp-json\/wp\/v2\/users\/1"}],"replies":[{"embeddable":true,"href":"https:\/\/thebibleverses.org\/fr\/wp-json\/wp\/v2\/comments?post=143"}],"version-history":[{"count":0,"href":"https:\/\/thebibleverses.org\/fr\/wp-json\/wp\/v2\/pages\/143\/revisions"}],"wp:featuredmedia":[{"embeddable":true,"href":"https:\/\/thebibleverses.org\/fr\/wp-json\/wp\/v2\/media\/144"}],"wp:attachment":[{"href":"https:\/\/thebibleverses.org\/fr\/wp-json\/wp\/v2\/media?parent=143"}],"curies":[{"name":"wp","href":"https:\/\/api.w.org\/{rel}","templated":true}]}}