{"id":140,"date":"2022-07-13T01:08:24","date_gmt":"2022-07-12T23:08:24","guid":{"rendered":"https:\/\/thebibleverses.org\/fr\/?page_id=140"},"modified":"2022-10-11T23:03:48","modified_gmt":"2022-10-11T21:03:48","slug":"motivation","status":"publish","type":"page","link":"https:\/\/thebibleverses.org\/fr\/motivation\/","title":{"rendered":"37 Versets Bibliques sur la Motivation"},"content":{"rendered":"<div class=\"wp-block-image\">\n<figure class=\"aligncenter size-large\"><img decoding=\"async\" width=\"1024\" height=\"631\" data-src=\"https:\/\/thebibleverses.org\/fr\/wp-content\/uploads\/2022\/07\/Versets-Bibliques-sur-la-Motivation-1024x631.webp\" alt=\"Versets Bibliques sur la Motivation\" class=\"wp-image-141 lazyload\" data-srcset=\"https:\/\/thebibleverses.org\/fr\/wp-content\/uploads\/2022\/07\/Versets-Bibliques-sur-la-Motivation-1024x631.webp 1024w, https:\/\/thebibleverses.org\/fr\/wp-content\/uploads\/2022\/07\/Versets-Bibliques-sur-la-Motivation-300x185.webp 300w, https:\/\/thebibleverses.org\/fr\/wp-content\/uploads\/2022\/07\/Versets-Bibliques-sur-la-Motivation-768x474.webp 768w, https:\/\/thebibleverses.org\/fr\/wp-content\/uploads\/2022\/07\/Versets-Bibliques-sur-la-Motivation-320x197.webp 320w, https:\/\/thebibleverses.org\/fr\/wp-content\/uploads\/2022\/07\/Versets-Bibliques-sur-la-Motivation-450x278.webp 450w, https:\/\/thebibleverses.org\/fr\/wp-content\/uploads\/2022\/07\/Versets-Bibliques-sur-la-Motivation-720x444.webp 720w, https:\/\/thebibleverses.org\/fr\/wp-content\/uploads\/2022\/07\/Versets-Bibliques-sur-la-Motivation.webp 1200w\" data-sizes=\"(max-width: 1024px) 100vw, 1024px\" src=\"data:image\/svg+xml;base64,PHN2ZyB3aWR0aD0iMSIgaGVpZ2h0PSIxIiB4bWxucz0iaHR0cDovL3d3dy53My5vcmcvMjAwMC9zdmciPjwvc3ZnPg==\" style=\"--smush-placeholder-width: 1024px; --smush-placeholder-aspect-ratio: 1024\/631;\" \/><figcaption>Versets Bibliques sur la Motivation &#8211; La Bible du Semeur (BDS).<\/figcaption><\/figure><\/div>\n\n\n<h2 class=\"wp-block-heading\">Gen\u00e8se 28:15<\/h2>\n\n\n\n<p>Et voici\u202f: je suis moi-m\u00eame avec toi, je te garderai partout o\u00f9 tu iras\u202f; et je te ferai revenir vers cette r\u00e9gion\u202f; je ne t\u2019abandonnerai pas mais j\u2019accomplirai ce que je t\u2019ai promis.<\/p>\n\n\n\n<h2 class=\"wp-block-heading\">Josu\u00e9 1:9<\/h2>\n\n\n\n<p>Je t\u2019ai donn\u00e9 cet ordre\u202f: Prends courage et tiens bon, ne crains rien et ne te laisse pas effrayer, car moi, l\u2019Eternel ton Dieu, je serai avec toi pour tout ce que tu entreprendras.<\/p>\n\n\n\n<h2 class=\"wp-block-heading\">Deut\u00e9ronome 31:8<\/h2>\n\n\n\n<p>L\u2019Eternel lui-m\u00eame marchera devant toi, il sera avec toi, il ne te d\u00e9laissera pas et il ne t\u2019abandonnera pas. Ne crains rien et ne te laisse pas effrayer\u202f!<\/p>\n\n\n\n<h2 class=\"wp-block-heading\">Psaumes 3:6<\/h2>\n\n\n\n<p>Quand je me couche, je m\u2019endors\u202f; je me r\u00e9veille |car l\u2019Eternel est mon soutien.<\/p>\n\n\n\n<h2 class=\"wp-block-heading\">Psaumes 18:3<\/h2>\n\n\n\n<p>L\u2019Eternel est ma forteresse, |mon rocher, mon lib\u00e9rateur. Il est mon Dieu, le roc solide |o\u00f9 je me r\u00e9fugie. Il est mon Sauveur tout-puissant, |mon rempart et mon bouclier.<\/p>\n\n\n\n<h2 class=\"wp-block-heading\">Psaumes 18:31<\/h2>\n\n\n\n<p>Parfaites sont les voies |que Dieu prescrit, la parole de l\u2019Eternel |est \u00e9prouv\u00e9e. Ceux qui le prennent pour refuge |trouvent en lui un bouclier.<\/p>\n\n\n\n<h2 class=\"wp-block-heading\">Psaumes 23:4<\/h2>\n\n\n\n<p>Si je devais traverser |la vall\u00e9e o\u00f9 r\u00e8gnent |d\u2019\u00e9paisses t\u00e9n\u00e8bres, je ne craindrais aucun mal, |car tu es aupr\u00e8s de moi\u202f: ta houlette me conduit |et ton b\u00e2ton me prot\u00e8ge.<\/p>\n\n\n\n<h2 class=\"wp-block-heading\">Psaumes 27:1<\/h2>\n\n\n\n<p>Oui, l\u2019Eternel est ma lumi\u00e8re |et mon Sauveur\u202f: de qui aurais-je crainte\u202f? L\u2019Eternel est ma forteresse\u202f: |il prot\u00e8ge ma vie\u202f; de qui aurais-je peur\u202f?<\/p>\n\n\n\n<h2 class=\"wp-block-heading\">Psaumes 31:25<\/h2>\n\n\n\n<p>Soyez forts et prenez courage, vous qui vous attendez |\u00e0 l\u2019Eternel.<\/p>\n\n\n\n<h2 class=\"wp-block-heading\">Psaumes 32:8<\/h2>\n\n\n\n<p>Tu as dit\u202f: Je t\u2019instruirai, |je t\u2019indiquerai |le chemin |que tu devras emprunter, je serai ton conseiller, |mes yeux veilleront sur toi.<\/p>\n\n\n\n<h2 class=\"wp-block-heading\">Psaumes 33:18<\/h2>\n\n\n\n<p>Mais l\u2019Eternel prend soin |de tous ceux qui le craignent, comptant sur son amour.<\/p>\n\n\n\n<h2 class=\"wp-block-heading\">Psaumes 37:5<\/h2>\n\n\n\n<p>C\u2019est \u00e0 l\u2019Eternel |qu\u2019il te faut remettre |ta vie tout enti\u00e8re. Aie confiance en lui |et il agira.<\/p>\n\n\n\n<h2 class=\"wp-block-heading\">Psaumes 40:2<\/h2>\n\n\n\n<p>J\u2019ai mis tout mon espoir |en l\u2019Eternel. Il s\u2019est pench\u00e9 vers moi, |il a pr\u00eat\u00e9 l\u2019oreille |\u00e0 ma supplication.<\/p>\n\n\n\n<h2 class=\"wp-block-heading\">Psaumes 46:8<\/h2>\n\n\n\n<p>Avec nous est l\u2019Eternel |des arm\u00e9es c\u00e9lestes\u202f; nous avons pour citadelle |le Dieu de Jacob.<\/p>\n\n\n\n<h2 class=\"wp-block-heading\">Psaumes 56:12<\/h2>\n\n\n\n<p>Je mets ma confiance en lui |et je n\u2019ai pas peur. Que pourraient me faire |des humains\u202f?<\/p>\n\n\n\n<h2 class=\"wp-block-heading\">Psaumes 121:1-2<\/h2>\n\n\n\n<p>Je l\u00e8ve les yeux vers les monts\u202f: d\u2019o\u00f9 le secours me viendra-t-il\u202f? Mon secours vient de l\u2019Eternel qui a fait le ciel et la terre.<\/p>\n\n\n\n<h2 class=\"wp-block-heading\">Psaumes 125:1<\/h2>\n\n\n\n<p>Ceux qui ont plac\u00e9 leur confiance |en l\u2019Eternel sont comme le mont de Sion\u202f: |il n\u2019est pas \u00e9branl\u00e9 et subsiste \u00e0 jamais.<\/p>\n\n\n\n<h2 class=\"wp-block-heading\">\u00c9sa\u00efe 26:3<\/h2>\n\n\n\n<p>A celui qui est ferme |dans ses dispositions, tu assures une paix parfaite, parce qu\u2019il se confie en toi.<\/p>\n\n\n\n<h2 class=\"wp-block-heading\">\u00c9sa\u00efe 40:31<\/h2>\n\n\n\n<p>Mais ceux qui comptent |sur l\u2019Eternel |renouvellent leur force\u202f: ils prennent leur envol |comme de jeunes aigles\u202f; sans se lasser, ils courent, ils marchent en avant, |et ne s\u2019\u00e9puisent pas.<\/p>\n\n\n\n<h2 class=\"wp-block-heading\">\u00c9sa\u00efe 43:1<\/h2>\n\n\n\n<p>Maintenant, l\u2019Eternel |qui t\u2019a cr\u00e9\u00e9, |\u00f4 peuple de Jacob, et qui t\u2019a fa\u00e7onn\u00e9, |\u00f4 Isra\u00ebl, te d\u00e9clare ceci\u202f: Ne sois pas effray\u00e9 car je t\u2019ai d\u00e9livr\u00e9, je t\u2019ai appel\u00e9 par ton nom, tu es \u00e0 moi.<\/p>\n\n\n\n<h2 class=\"wp-block-heading\">\u00c9sa\u00efe 43:2<\/h2>\n\n\n\n<p>Quand tu passeras par les eaux, je serai avec toi, quand tu traverseras les fleuves, ils ne te submergeront pas, quand tu marcheras dans le feu, il ne te fera pas de mal et par les flammes tu ne seras pas br\u00fbl\u00e9,<\/p>\n\n\n\n<h2 class=\"wp-block-heading\">\u00c9sa\u00efe 51:12<\/h2>\n\n\n\n<p>C\u2019est moi, c\u2019est moi qui vous console. Comment donc peux-tu craindre |l\u2019homme qui doit mourir, ou un humain |qui a le m\u00eame sort que l\u2019herbe\u202f?<\/p>\n\n\n\n<h2 class=\"wp-block-heading\">J\u00e9r\u00e9mie 1:8<\/h2>\n\n\n\n<p>N\u2019aie pas peur de ces gens, car je suis avec toi pour te d\u00e9livrer, l\u2019Eternel le d\u00e9clare.<\/p>\n\n\n\n<h2 class=\"wp-block-heading\">Matthieu 11:28<\/h2>\n\n\n\n<p>Venez \u00e0 moi, vous tous qui \u00eates accabl\u00e9s sous le poids d\u2019un lourd fardeau, et je vous donnerai du repos.<\/p>\n\n\n\n<h2 class=\"wp-block-heading\">Jean 14:27<\/h2>\n\n\n\n<p>Je pars, mais je vous laisse la paix, c\u2019est ma paix que je vous donne. Je ne vous la donne pas comme le monde la donne. C\u2019est pourquoi, ne soyez pas troubl\u00e9s et n\u2019ayez aucune crainte en votre c\u0153ur.<\/p>\n\n\n\n<h2 class=\"wp-block-heading\">Jean 16:33<\/h2>\n\n\n\n<p>Il fallait que je vous dise aussi cela pour que vous trouviez la paix en moi. Dans le monde, vous aurez \u00e0 souffrir bien des afflictions. Mais courage\u202f! Moi, j\u2019ai vaincu le monde.<\/p>\n\n\n\n<h2 class=\"wp-block-heading\">Romains 8:31<\/h2>\n\n\n\n<p>Que dire de plus\u202f? Si Dieu est pour nous, qui se l\u00e8vera contre nous\u202f?<\/p>\n\n\n\n<h2 class=\"wp-block-heading\">Romains 15:5<\/h2>\n\n\n\n<p>Que Dieu, source de toute patience et de tout encouragement, vous donne de vivre en plein accord les uns avec les autres, conform\u00e9ment \u00e0 l\u2019enseignement de J\u00e9sus-Christ.<\/p>\n\n\n\n<h2 class=\"wp-block-heading\">1 Corinthiens 15:58<\/h2>\n\n\n\n<p>C\u2019est pourquoi, mes chers fr\u00e8res et s\u0153urs, soyez fermes, ne vous laissez pas \u00e9branler, travaillez sans rel\u00e2che pour le Seigneur, sachant que la peine que vous vous donnez au service du Seigneur n\u2019est pas inutile.<\/p>\n\n\n\n<h2 class=\"wp-block-heading\">1 Corinthiens 16:13<\/h2>\n\n\n\n<p>Soyez vigilants, demeurez fermes dans la foi, faites preuve de courage, soyez forts.<\/p>\n\n\n\n<h2 class=\"wp-block-heading\">2 Corinthiens 1:3-4<\/h2>\n\n\n\n<p>B\u00e9ni soit Dieu, le P\u00e8re de notre Seigneur J\u00e9sus-Christ, le P\u00e8re qui est plein de bont\u00e9, le Dieu qui r\u00e9conforte dans toutes les situations. Il nous r\u00e9conforte dans toutes nos d\u00e9tresses, afin qu\u2019\u00e0 notre tour nous soyons capables de r\u00e9conforter ceux qui passent par toutes sortes de d\u00e9tresses, en leur apportant le r\u00e9confort que Dieu nous a apport\u00e9.<\/p>\n\n\n\n<h2 class=\"wp-block-heading\">2 Corinthiens 1:5<\/h2>\n\n\n\n<p>De m\u00eame, en effet, que les souffrances de Christ surabondent dans notre vie, le r\u00e9confort qu\u2019il nous donne surabonde.<\/p>\n\n\n\n<h2 class=\"wp-block-heading\">Philippiens 4:7<\/h2>\n\n\n\n<p>Alors la paix de Dieu, qui surpasse tout ce qu\u2019on peut concevoir, gardera votre c\u0153ur et votre pens\u00e9e sous la protection de J\u00e9sus-Christ.<\/p>\n\n\n\n<h2 class=\"wp-block-heading\">2 Timoth\u00e9e 1:7<\/h2>\n\n\n\n<p>Dieu nous a donn\u00e9 un Esprit qui, loin de faire de nous des l\u00e2ches, nous rend forts, aimants et r\u00e9fl\u00e9chis.<\/p>\n\n\n\n<h2 class=\"wp-block-heading\">1 Pierre 5:7<\/h2>\n\n\n\n<p>Et d\u00e9chargez-vous sur lui de tous vos soucis, car il prend soin de vous.<\/p>\n\n\n\n<h2 class=\"wp-block-heading\">1 Jean 4:4<\/h2>\n\n\n\n<p>Vous, mes enfants, vous \u00eates de Dieu et vous avez la victoire sur ces proph\u00e8tes de mensonge, car celui qui est en vous est plus puissant que celui qui inspire ce monde.<\/p>\n\n\n\n<h2 class=\"wp-block-heading\">1 Jean 5:4<\/h2>\n\n\n\n<p>Car tout ce qui est n\u00e9 de Dieu triomphe du monde, et la victoire qui triomphe du monde, c\u2019est notre foi.<\/p>\n\n\n\n<h2 class=\"wp-block-heading\">Lire Aussi:<\/h2>\n\n\n\n<ul class=\"wp-block-list\"><li><a href=\"https:\/\/thebibleverses.org\/fr\/\">Versets Bibliques par Sujets<\/a><\/li><li><a href=\"https:\/\/thebibleverses.org\/fr\/amour\/\">Versets Bibliques sur l\u2019Amour<\/a><\/li><li><a href=\"https:\/\/thebibleverses.org\/fr\/force\/\">Versets Bibliques sur la Force<\/a><\/li><li><a href=\"https:\/\/thebibleverses.org\/fr\/foi\/\">Versets Bibliques sur la Foi<\/a><\/li><li><a href=\"https:\/\/thebibleverses.org\/fr\/jeunes\/\">Versets Bibliques pour les Jeunes<\/a><\/li><li><a href=\"https:\/\/thebibleverses.org\/fr\/amitie\/\">Versets Bibliques sur l\u2019Amiti\u00e9<\/a><\/li><li><a href=\"https:\/\/thebibleverses.org\/fr\/guerison\/\">Versets Bibliques sur la Gu\u00e9rison<\/a><\/li><\/ul>\n","protected":false},"excerpt":{"rendered":"<p>Gen\u00e8se 28:15 Et voici\u202f: je suis moi-m\u00eame avec toi, je te garderai partout o\u00f9 tu iras\u202f; et je te ferai revenir vers cette r\u00e9gion\u202f; je ne t\u2019abandonnerai pas mais j\u2019accomplirai ce que je t\u2019ai promis. Josu\u00e9 1:9 Je t\u2019ai donn\u00e9 cet ordre\u202f: Prends courage et tiens bon, ne crains rien et ne te laisse pas [&hellip;]<\/p>\n","protected":false},"author":1,"featured_media":141,"parent":0,"menu_order":0,"comment_status":"open","ping_status":"closed","template":"","meta":{"footnotes":""},"class_list":["post-140","page","type-page","status-publish","has-post-thumbnail","hentry","entry","fw-tab-6 fw-tabr-4"],"_links":{"self":[{"href":"https:\/\/thebibleverses.org\/fr\/wp-json\/wp\/v2\/pages\/140","targetHints":{"allow":["GET"]}}],"collection":[{"href":"https:\/\/thebibleverses.org\/fr\/wp-json\/wp\/v2\/pages"}],"about":[{"href":"https:\/\/thebibleverses.org\/fr\/wp-json\/wp\/v2\/types\/page"}],"author":[{"embeddable":true,"href":"https:\/\/thebibleverses.org\/fr\/wp-json\/wp\/v2\/users\/1"}],"replies":[{"embeddable":true,"href":"https:\/\/thebibleverses.org\/fr\/wp-json\/wp\/v2\/comments?post=140"}],"version-history":[{"count":0,"href":"https:\/\/thebibleverses.org\/fr\/wp-json\/wp\/v2\/pages\/140\/revisions"}],"wp:featuredmedia":[{"embeddable":true,"href":"https:\/\/thebibleverses.org\/fr\/wp-json\/wp\/v2\/media\/141"}],"wp:attachment":[{"href":"https:\/\/thebibleverses.org\/fr\/wp-json\/wp\/v2\/media?parent=140"}],"curies":[{"name":"wp","href":"https:\/\/api.w.org\/{rel}","templated":true}]}}