{"id":136,"date":"2022-07-13T00:50:52","date_gmt":"2022-07-12T22:50:52","guid":{"rendered":"https:\/\/thebibleverses.org\/fr\/?page_id=136"},"modified":"2022-10-11T23:32:55","modified_gmt":"2022-10-11T21:32:55","slug":"misericorde","status":"publish","type":"page","link":"https:\/\/thebibleverses.org\/fr\/misericorde\/","title":{"rendered":"25 Versets Bibliques sur la Mis\u00e9ricorde"},"content":{"rendered":"<div class=\"wp-block-image\">\n<figure class=\"aligncenter size-large\"><img decoding=\"async\" width=\"1024\" height=\"631\" data-src=\"https:\/\/thebibleverses.org\/fr\/wp-content\/uploads\/2022\/07\/Versets-Bibliques-sur-la-Misericorde-1024x631.webp\" alt=\"Versets Bibliques sur la Mis\u00e9ricorde\" class=\"wp-image-137 lazyload\" data-srcset=\"https:\/\/thebibleverses.org\/fr\/wp-content\/uploads\/2022\/07\/Versets-Bibliques-sur-la-Misericorde-1024x631.webp 1024w, https:\/\/thebibleverses.org\/fr\/wp-content\/uploads\/2022\/07\/Versets-Bibliques-sur-la-Misericorde-300x185.webp 300w, https:\/\/thebibleverses.org\/fr\/wp-content\/uploads\/2022\/07\/Versets-Bibliques-sur-la-Misericorde-768x474.webp 768w, https:\/\/thebibleverses.org\/fr\/wp-content\/uploads\/2022\/07\/Versets-Bibliques-sur-la-Misericorde-320x197.webp 320w, https:\/\/thebibleverses.org\/fr\/wp-content\/uploads\/2022\/07\/Versets-Bibliques-sur-la-Misericorde-450x278.webp 450w, https:\/\/thebibleverses.org\/fr\/wp-content\/uploads\/2022\/07\/Versets-Bibliques-sur-la-Misericorde-720x444.webp 720w, https:\/\/thebibleverses.org\/fr\/wp-content\/uploads\/2022\/07\/Versets-Bibliques-sur-la-Misericorde.webp 1200w\" data-sizes=\"(max-width: 1024px) 100vw, 1024px\" src=\"data:image\/svg+xml;base64,PHN2ZyB3aWR0aD0iMSIgaGVpZ2h0PSIxIiB4bWxucz0iaHR0cDovL3d3dy53My5vcmcvMjAwMC9zdmciPjwvc3ZnPg==\" style=\"--smush-placeholder-width: 1024px; --smush-placeholder-aspect-ratio: 1024\/631;\" \/><figcaption>Versets Bibliques sur la Mis\u00e9ricorde &#8211; La Bible du Semeur (BDS).<\/figcaption><\/figure><\/div>\n\n\n<h2 class=\"wp-block-heading\">Deut\u00e9ronome 4:31<\/h2>\n\n\n\n<p>Car l\u2019Eternel votre Dieu est un Dieu compatissant, il ne vous abandonnera pas, ni ne vous d\u00e9truira, il n\u2019oubliera pas l\u2019alliance qu\u2019il a conclue par serment avec vos anc\u00eatres.<\/p>\n\n\n\n<h2 class=\"wp-block-heading\">2 Samuel 24:14<\/h2>\n\n\n\n<p>David r\u00e9pondit \u00e0 Gad\u202f: Je suis dans un grand d\u00e9sarroi\u202f! Ah\u202f! tombons plut\u00f4t entre les mains de l\u2019Eternel, car ses compassions sont grandes\u202f; mais que je ne tombe pas entre les mains des hommes\u202f!<\/p>\n\n\n\n<h2 class=\"wp-block-heading\">Psaumes 51:3-4<\/h2>\n\n\n\n<p>Aie piti\u00e9 de moi, \u00f4 Dieu, |toi qui es si bon\u202f! Efface mes transgressions, |tu es si compatissant\u202f! Lave-moi de mon p\u00e9ch\u00e9\u202f! Purifie-moi de ma faute\u202f!<\/p>\n\n\n\n<h2 class=\"wp-block-heading\">Psaumes 86:5<\/h2>\n\n\n\n<p>Car tu es bon, Seigneur, |et prompt \u00e0 pardonner, riche en amour |pour tous ceux qui t\u2019invoquent.<\/p>\n\n\n\n<h2 class=\"wp-block-heading\">Psaumes 103:17<\/h2>\n\n\n\n<p>L\u2019amour de l\u2019Eternel |est l\u00e0 depuis toujours |et durera toujours |en faveur de ceux qui le craignent, il ne cesse d\u2019agir |pour la justice |en faveur des enfants |de leurs enfants.<\/p>\n\n\n\n<h2 class=\"wp-block-heading\">Proverbes 28:13<\/h2>\n\n\n\n<p>Qui cache ses fautes ne prosp\u00e9rera pas, qui les avoue et les d\u00e9laisse obtient mis\u00e9ricorde.<\/p>\n\n\n\n<h2 class=\"wp-block-heading\">Lamentations 3:22<\/h2>\n\n\n\n<p>Non, les bont\u00e9s de l\u2019Eternel |ne sont pas \u00e0 leur terme et ses tendresses |ne sont pas \u00e9puis\u00e9es.<\/p>\n\n\n\n<h2 class=\"wp-block-heading\">Jo\u00ebl 2:13<\/h2>\n\n\n\n<p>D\u00e9chirez votre c\u0153ur, |et non vos v\u00eatements, et revenez \u00e0 l\u2019Eternel, |lui qui est votre Dieu. Car il est plein de gr\u00e2ce, il est compatissant et lent \u00e0 la col\u00e8re, il est riche en amour et il renonce volontiers |au malheur dont il avait menac\u00e9.<\/p>\n\n\n\n<h2 class=\"wp-block-heading\">Mich\u00e9e 7:18<\/h2>\n\n\n\n<p>Quel est le Dieu semblable \u00e0 toi, qui efface les fautes |et qui pardonne les p\u00e9ch\u00e9s du reste de ton peuple |qui t\u2019appartient\u202f? Toi, tu n\u2019entretiens pas |ta col\u00e8re \u00e0 jamais, mais tu prends ton plaisir |\u00e0 faire gr\u00e2ce.<\/p>\n\n\n\n<h2 class=\"wp-block-heading\">Matthieu 5:7<\/h2>\n\n\n\n<p>Heureux ceux qui t\u00e9moignent de la bont\u00e9, car Dieu sera bon pour eux.<\/p>\n\n\n\n<h2 class=\"wp-block-heading\">Matthieu 9:13<\/h2>\n\n\n\n<p>Allez donc apprendre quel est le sens de cette parole\u202f: Ce que je veux, c\u2019est la compassion bien plus que les sacrifices. Car je ne suis pas venu appeler des justes, mais des p\u00e9cheurs.<\/p>\n\n\n\n<h2 class=\"wp-block-heading\">Luc 1:49-50<\/h2>\n\n\n\n<p>Car le Dieu tout-puissant |a fait pour moi de grandes choses\u202f; lui, il est saint. Et sa bont\u00e9 |s\u2019\u00e9tendra d\u2019\u00e2ge en \u00e2ge sur ceux qui le craignent.<\/p>\n\n\n\n<h2 class=\"wp-block-heading\">Luc 6:36<\/h2>\n\n\n\n<p>Votre P\u00e8re est plein de bont\u00e9. Soyez donc bons comme lui.<\/p>\n\n\n\n<h2 class=\"wp-block-heading\">Romains 9:16<\/h2>\n\n\n\n<p>Cela ne d\u00e9pend donc ni de la volont\u00e9 de l\u2019homme, ni de ses efforts, mais de Dieu qui fait gr\u00e2ce.<\/p>\n\n\n\n<h2 class=\"wp-block-heading\">Romains 11:32<\/h2>\n\n\n\n<p>Car Dieu a emprisonn\u00e9 tous les hommes dans la d\u00e9sob\u00e9issance afin de faire gr\u00e2ce \u00e0 tous.<\/p>\n\n\n\n<h2 class=\"wp-block-heading\">\u00c9ph\u00e9siens 2:4-5<\/h2>\n\n\n\n<p>Mais Dieu est riche en bont\u00e9. Aussi, \u00e0 cause du grand amour dont il nous a aim\u00e9s, alors que nous \u00e9tions morts \u00e0 cause de nos fautes, il nous a fait revivre les uns et les autres avec Christ. \u2013\u2006C\u2019est par la gr\u00e2ce que vous \u00eates sauv\u00e9s.\u2006\u2013<\/p>\n\n\n\n<h2 class=\"wp-block-heading\">Colossiens 3:12<\/h2>\n\n\n\n<p>Ainsi, puisque Dieu vous a choisis pour faire partie du peuple saint et qu\u2019il vous aime, rev\u00eatez-vous d\u2019ardente bont\u00e9, de bienveillance, d\u2019humilit\u00e9, de douceur, de patience\u2006\u2013<\/p>\n\n\n\n<h2 class=\"wp-block-heading\">Tite 3:5<\/h2>\n\n\n\n<p>S\u2019il l\u2019a fait, ce n\u2019est pas parce que nous avons accompli des actes conformes \u00e0 ce qui est juste. Non. Il nous a sauv\u00e9s parce qu\u2019il a eu compassion de nous, en nous faisant passer par le bain purificateur de la nouvelle naissance, c\u2019est-\u00e0-dire en nous renouvelant par le Saint-Esprit.<\/p>\n\n\n\n<h2 class=\"wp-block-heading\">H\u00e9breux 4:16<\/h2>\n\n\n\n<p>Approchons-nous donc du tr\u00f4ne du Dieu de gr\u00e2ce avec une pleine assurance. L\u00e0, Dieu nous accordera sa bont\u00e9 et nous donnera sa gr\u00e2ce pour que nous soyons secourus au bon moment.<\/p>\n\n\n\n<h2 class=\"wp-block-heading\">Jacques 2:13<\/h2>\n\n\n\n<p>Dieu jugera sans piti\u00e9 celui qui n\u2019a t\u00e9moign\u00e9 aucune compassion aux autres\u202f; mais la compassion triomphe du jugement.<\/p>\n\n\n\n<h2 class=\"wp-block-heading\">Jacques 3:17<\/h2>\n\n\n\n<p>Au contraire, la sagesse qui vient d\u2019en haut est en premier lieu pure\u202f; de plus, elle aime la paix, elle est mod\u00e9r\u00e9e et conciliante, pleine de compassion\u202f; elle produit beaucoup de bons fruits, elle est sans parti pris et sans hypocrisie.<\/p>\n\n\n\n<h2 class=\"wp-block-heading\">1 Pierre 1:3<\/h2>\n\n\n\n<p>B\u00e9ni soit Dieu, le P\u00e8re de notre Seigneur J\u00e9sus-Christ. Dans sa grande compassion, il nous a fait na\u00eetre \u00e0 une vie nouvelle, pour nous donner une esp\u00e9rance vivante par la r\u00e9surrection de J\u00e9sus-Christ.<\/p>\n\n\n\n<h2 class=\"wp-block-heading\">1 Pierre 2:10<\/h2>\n\n\n\n<p>Car vous qui autrefois n\u2019\u00e9tiez pas son peuple, vous \u00eates maintenant le peuple de Dieu. Vous qui n\u2019aviez pas obtenu compassion, vous avez d\u00e9sormais obtenu compassion[a].<\/p>\n\n\n\n<h2 class=\"wp-block-heading\">1 Pierre 3:8<\/h2>\n\n\n\n<p>Enfin, visez tous le m\u00eame but, partagez vos peines, aimez-vous comme des fr\u00e8res et des s\u0153urs, soyez bons, soyez humbles.<\/p>\n\n\n\n<h2 class=\"wp-block-heading\">Jude 21<\/h2>\n\n\n\n<p>Maintenez-vous dans l\u2019amour de Dieu en attendant que notre Seigneur J\u00e9sus-Christ, dans sa compassion, vous accorde la vie \u00e9ternelle.<\/p>\n\n\n\n<h2 class=\"wp-block-heading\">Lire Aussi:<\/h2>\n\n\n\n<ul class=\"wp-block-list\"><li><a href=\"https:\/\/thebibleverses.org\/fr\/\">Versets Bibliques par Sujets<\/a><\/li><li><a href=\"https:\/\/thebibleverses.org\/fr\/amour\/\">Versets Bibliques sur l\u2019Amour<\/a><\/li><li><a href=\"https:\/\/thebibleverses.org\/fr\/force\/\">Versets Bibliques sur la Force<\/a><\/li><li><a href=\"https:\/\/thebibleverses.org\/fr\/foi\/\">Versets Bibliques sur la Foi<\/a><\/li><li><a href=\"https:\/\/thebibleverses.org\/fr\/jeunes\/\">Versets Bibliques pour les Jeunes<\/a><\/li><li><a href=\"https:\/\/thebibleverses.org\/fr\/amitie\/\">Versets Bibliques sur l\u2019Amiti\u00e9<\/a><\/li><li><a href=\"https:\/\/thebibleverses.org\/fr\/guerison\/\">Versets Bibliques sur la Gu\u00e9rison<\/a><\/li><\/ul>\n","protected":false},"excerpt":{"rendered":"<p>Deut\u00e9ronome 4:31 Car l\u2019Eternel votre Dieu est un Dieu compatissant, il ne vous abandonnera pas, ni ne vous d\u00e9truira, il n\u2019oubliera pas l\u2019alliance qu\u2019il a conclue par serment avec vos anc\u00eatres. 2 Samuel 24:14 David r\u00e9pondit \u00e0 Gad\u202f: Je suis dans un grand d\u00e9sarroi\u202f! Ah\u202f! tombons plut\u00f4t entre les mains de l\u2019Eternel, car ses compassions [&hellip;]<\/p>\n","protected":false},"author":1,"featured_media":137,"parent":0,"menu_order":0,"comment_status":"open","ping_status":"closed","template":"","meta":{"footnotes":""},"class_list":["post-136","page","type-page","status-publish","has-post-thumbnail","hentry","entry","fw-tab-6 fw-tabr-4"],"_links":{"self":[{"href":"https:\/\/thebibleverses.org\/fr\/wp-json\/wp\/v2\/pages\/136","targetHints":{"allow":["GET"]}}],"collection":[{"href":"https:\/\/thebibleverses.org\/fr\/wp-json\/wp\/v2\/pages"}],"about":[{"href":"https:\/\/thebibleverses.org\/fr\/wp-json\/wp\/v2\/types\/page"}],"author":[{"embeddable":true,"href":"https:\/\/thebibleverses.org\/fr\/wp-json\/wp\/v2\/users\/1"}],"replies":[{"embeddable":true,"href":"https:\/\/thebibleverses.org\/fr\/wp-json\/wp\/v2\/comments?post=136"}],"version-history":[{"count":0,"href":"https:\/\/thebibleverses.org\/fr\/wp-json\/wp\/v2\/pages\/136\/revisions"}],"wp:featuredmedia":[{"embeddable":true,"href":"https:\/\/thebibleverses.org\/fr\/wp-json\/wp\/v2\/media\/137"}],"wp:attachment":[{"href":"https:\/\/thebibleverses.org\/fr\/wp-json\/wp\/v2\/media?parent=136"}],"curies":[{"name":"wp","href":"https:\/\/api.w.org\/{rel}","templated":true}]}}