{"id":133,"date":"2022-07-13T00:42:21","date_gmt":"2022-07-12T22:42:21","guid":{"rendered":"https:\/\/thebibleverses.org\/fr\/?page_id=133"},"modified":"2022-10-11T23:42:48","modified_gmt":"2022-10-11T21:42:48","slug":"peur","status":"publish","type":"page","link":"https:\/\/thebibleverses.org\/fr\/peur\/","title":{"rendered":"30 Versets Bibliques sur la Peur et Crainte"},"content":{"rendered":"<div class=\"wp-block-image\">\n<figure class=\"aligncenter size-large\"><img decoding=\"async\" width=\"1024\" height=\"631\" data-src=\"https:\/\/thebibleverses.org\/fr\/wp-content\/uploads\/2022\/07\/Versets-Bibliques-sur-la-Peur-1024x631.webp\" alt=\"Versets Bibliques sur la Peur\" class=\"wp-image-134 lazyload\" data-srcset=\"https:\/\/thebibleverses.org\/fr\/wp-content\/uploads\/2022\/07\/Versets-Bibliques-sur-la-Peur-1024x631.webp 1024w, https:\/\/thebibleverses.org\/fr\/wp-content\/uploads\/2022\/07\/Versets-Bibliques-sur-la-Peur-300x185.webp 300w, https:\/\/thebibleverses.org\/fr\/wp-content\/uploads\/2022\/07\/Versets-Bibliques-sur-la-Peur-768x474.webp 768w, https:\/\/thebibleverses.org\/fr\/wp-content\/uploads\/2022\/07\/Versets-Bibliques-sur-la-Peur-320x197.webp 320w, https:\/\/thebibleverses.org\/fr\/wp-content\/uploads\/2022\/07\/Versets-Bibliques-sur-la-Peur-450x278.webp 450w, https:\/\/thebibleverses.org\/fr\/wp-content\/uploads\/2022\/07\/Versets-Bibliques-sur-la-Peur-720x444.webp 720w, https:\/\/thebibleverses.org\/fr\/wp-content\/uploads\/2022\/07\/Versets-Bibliques-sur-la-Peur.webp 1200w\" data-sizes=\"(max-width: 1024px) 100vw, 1024px\" src=\"data:image\/svg+xml;base64,PHN2ZyB3aWR0aD0iMSIgaGVpZ2h0PSIxIiB4bWxucz0iaHR0cDovL3d3dy53My5vcmcvMjAwMC9zdmciPjwvc3ZnPg==\" style=\"--smush-placeholder-width: 1024px; --smush-placeholder-aspect-ratio: 1024\/631;\" \/><figcaption>Versets Bibliques sur la Peur &#8211; La Bible du Semeur (BDS).<\/figcaption><\/figure><\/div>\n\n\n<h2 class=\"wp-block-heading\">Gen\u00e8se 15:1<\/h2>\n\n\n\n<p>Apr\u00e8s ces \u00e9v\u00e9nements, l\u2019Eternel s\u2019adressa \u00e0 Abram dans une vision\u202f: Ne crains rien, Abram, lui dit l\u2019Eternel, je suis ton bouclier protecteur, ta r\u00e9compense sera tr\u00e8s grande.<\/p>\n\n\n\n<h2 class=\"wp-block-heading\">Gen\u00e8se 46:3<\/h2>\n\n\n\n<p>Je suis Dieu, le Dieu de ton p\u00e8re. N\u2019aie pas peur de te rendre en Egypte, j\u2019y ferai de toi un grand peuple.<\/p>\n\n\n\n<h2 class=\"wp-block-heading\">Exode 14:13<\/h2>\n\n\n\n<p>Mo\u00efse leur r\u00e9pondit\u202f: N\u2019ayez pas peur\u202f! Tenez-vous l\u00e0 o\u00f9 vous \u00eates et regardez\u202f! Vous verrez comment l\u2019Eternel vous d\u00e9livrera en ce jour\u202f; ces Egyptiens que vous voyez aujourd\u2019hui, vous ne les reverrez plus jamais.<\/p>\n\n\n\n<h2 class=\"wp-block-heading\">Deut\u00e9ronome 1:29-30<\/h2>\n\n\n\n<p>Je vous ai r\u00e9pondu\u202f: \u00ab Ne vous effrayez pas et n\u2019ayez pas peur d\u2019eux. L\u2019Eternel votre Dieu, qui marche \u00e0 votre t\u00eate, combattra lui-m\u00eame pour vous, tout comme il l\u2019a fait pour vous en Egypte \u2013\u2006vous l\u2019avez bien vu\u2006\u2013<\/p>\n\n\n\n<h2 class=\"wp-block-heading\">Deut\u00e9ronome 3:22<\/h2>\n\n\n\n<p>Vous n\u2019en aurez pas peur, car l\u2019Eternel, votre Dieu, combat lui-m\u00eame pour vous.<\/p>\n\n\n\n<h2 class=\"wp-block-heading\">Deut\u00e9ronome 20:1<\/h2>\n\n\n\n<p>Lorsque vous partirez en guerre contre vos ennemis et que vous verrez des chevaux, des chars de combat et une arm\u00e9e plus nombreuse que la v\u00f4tre, n\u2019en ayez pas peur, car l\u2019Eternel votre Dieu, qui vous a fait sortir d\u2019Egypte, est avec vous.<\/p>\n\n\n\n<h2 class=\"wp-block-heading\">Deut\u00e9ronome 31:6<\/h2>\n\n\n\n<p>Prenez courage, tenez bon\u202f! Ne craignez rien et ne vous laissez pas effrayer par eux, car l\u2019Eternel votre Dieu marche lui-m\u00eame avec vous, il ne vous d\u00e9laissera pas et ne vous abandonnera pas.<\/p>\n\n\n\n<h2 class=\"wp-block-heading\">Josu\u00e9 1:9<\/h2>\n\n\n\n<p>Je t\u2019ai donn\u00e9 cet ordre\u202f: Prends courage et tiens bon, ne crains rien et ne te laisse pas effrayer, car moi, l\u2019Eternel ton Dieu, je serai avec toi pour tout ce que tu entreprendras.<\/p>\n\n\n\n<h2 class=\"wp-block-heading\">Josu\u00e9 10:8<\/h2>\n\n\n\n<p>L\u2019Eternel dit \u00e0 Josu\u00e9\u202f: N\u2019aie pas peur de ces rois, car je te donne la victoire sur eux\u202f; aucun d\u2019eux ne pourra te r\u00e9sister.<\/p>\n\n\n\n<h2 class=\"wp-block-heading\">Josu\u00e9 11:6<\/h2>\n\n\n\n<p>L\u2019Eternel dit \u00e0 Josu\u00e9\u202f: N\u2019aie pas peur d\u2019eux, car demain \u00e0 cette heure-ci, je les livrerai tous, bless\u00e9s \u00e0 mort, au pouvoir d\u2019Isra\u00ebl\u202f; tu couperas les jarrets \u00e0 leurs chevaux et tu br\u00fbleras leurs chars.<\/p>\n\n\n\n<h2 class=\"wp-block-heading\">2 Chroniques 20:15<\/h2>\n\n\n\n<p>Yahaziel dit\u202f: Soyez attentifs, vous tous qui habitez Juda et J\u00e9rusalem, et toi aussi, roi Josaphat\u202f! Voici ce que vous d\u00e9clare l\u2019Eternel\u202f: Ne craignez rien et ne vous laissez pas effrayer devant cette immense arm\u00e9e, car cette guerre n\u2019est pas votre affaire, c\u2019est celle de Dieu.<\/p>\n\n\n\n<h2 class=\"wp-block-heading\">2 Chroniques 20:17<\/h2>\n\n\n\n<p>Vous n\u2019aurez m\u00eame pas \u00e0 combattre\u202f; contentez-vous de prendre position et de vous tenir l\u00e0\u202f: vous verrez l\u2019Eternel vous accorder la d\u00e9livrance. Gens de Juda et de J\u00e9rusalem, ne craignez rien et ne vous laissez pas effrayer\u202f! Demain, marchez \u00e0 leur rencontre, et l\u2019Eternel sera avec vous\u202f!<\/p>\n\n\n\n<h2 class=\"wp-block-heading\">2 Chroniques 32:7<\/h2>\n\n\n\n<p>Soyez forts et prenez courage\u202f! Soyez sans crainte, ne vous laissez pas effrayer par le roi d\u2019Assyrie et les troupes nombreuses qui l\u2019accompagnent\u202f; car nous avons avec nous quelqu\u2019un de plus puissant que lui.<\/p>\n\n\n\n<h2 class=\"wp-block-heading\">Psaumes 23:4<\/h2>\n\n\n\n<p>Si je devais traverser |la vall\u00e9e o\u00f9 r\u00e8gnent |d\u2019\u00e9paisses t\u00e9n\u00e8bres, je ne craindrais aucun mal, |car tu es aupr\u00e8s de moi\u202f: ta houlette me conduit |et ton b\u00e2ton me prot\u00e8ge.<\/p>\n\n\n\n<h2 class=\"wp-block-heading\">Psaumes 27:1<\/h2>\n\n\n\n<p>Oui, l\u2019Eternel est ma lumi\u00e8re |et mon Sauveur\u202f: de qui aurais-je crainte\u202f? L\u2019Eternel est ma forteresse\u202f: |il prot\u00e8ge ma vie\u202f; de qui aurais-je peur\u202f?<\/p>\n\n\n\n<h2 class=\"wp-block-heading\">Psaumes 34:5<\/h2>\n\n\n\n<p>Moi, je me suis tourn\u00e9 |vers l\u2019Eternel |et il m\u2019a r\u00e9pondu. Oui, il m\u2019a d\u00e9livr\u00e9 |de toutes mes frayeurs.<\/p>\n\n\n\n<h2 class=\"wp-block-heading\">Psaumes 56:4<\/h2>\n\n\n\n<p>Le jour o\u00f9 j\u2019ai peur, je mets ma confiance en toi.<\/p>\n\n\n\n<h2 class=\"wp-block-heading\">Psaumes 118:6<\/h2>\n\n\n\n<p>L\u2019Eternel est pour moi, |je n\u2019aurai pas de crainte, que me feraient les hommes ?<\/p>\n\n\n\n<h2 class=\"wp-block-heading\">\u00c9sa\u00efe 12:2<\/h2>\n\n\n\n<p>Oui, Dieu est mon Sauveur, je me confie en lui |et je n\u2019ai plus de crainte, car l\u2019Eternel, |l\u2019Eternel est ma force, |il est le sujet de mes chants, il m\u2019a sauv\u00e9.<\/p>\n\n\n\n<h2 class=\"wp-block-heading\">\u00c9sa\u00efe 35:4<\/h2>\n\n\n\n<p>A ceux qui sont troubl\u00e9s dites-leur\u202f: Soyez forts, |n\u2019ayez aucune crainte, votre Dieu va venir pour la r\u00e9tribution, Dieu va r\u00e9gler ses comptes. Il va venir lui-m\u00eame |pour vous sauver.<\/p>\n\n\n\n<h2 class=\"wp-block-heading\">\u00c9sa\u00efe 41:10<\/h2>\n\n\n\n<p>Ne sois pas effray\u00e9, car je suis avec toi\u202f; ne sois pas angoiss\u00e9, car moi je suis ton Dieu. Je t\u2019affermis, je viens \u00e0 ton secours, pour s\u00fbr, je te soutiens |de mon bras droit |qui fait justice.<\/p>\n\n\n\n<h2 class=\"wp-block-heading\">\u00c9sa\u00efe 41:13<\/h2>\n\n\n\n<p>Car c\u2019est moi, l\u2019Eternel, |qui suis ton Dieu, je saisis ta main droite, je te dis\u202f: Sois sans crainte, je suis l\u00e0 pour t\u2019aider.<\/p>\n\n\n\n<h2 class=\"wp-block-heading\">\u00c9sa\u00efe 44:2<\/h2>\n\n\n\n<p>Voici ce que d\u00e9clare l\u2019Eternel, |lui qui t\u2019a fait, qui t\u2019a form\u00e9 |d\u00e8s le sein de ta m\u00e8re et qui est ton soutien\u202f: Ne sois pas effray\u00e9, Jacob, mon serviteur, toi, Yeshouroun, |que j\u2019ai choisi.<\/p>\n\n\n\n<h2 class=\"wp-block-heading\">\u00c9sa\u00efe 51:12<\/h2>\n\n\n\n<p>C\u2019est moi, c\u2019est moi qui vous console. Comment donc peux-tu craindre |l\u2019homme qui doit mourir, ou un humain |qui a le m\u00eame sort que l\u2019herbe\u202f?<\/p>\n\n\n\n<h2 class=\"wp-block-heading\">Daniel 10:12<\/h2>\n\n\n\n<p>Il poursuivit\u202f: Sois sans crainte, Daniel\u202f; car, d\u00e8s le premier jour o\u00f9 tu as appliqu\u00e9 ton c\u0153ur \u00e0 comprendre et \u00e0 t\u2019humilier devant ton Dieu, ta pri\u00e8re a \u00e9t\u00e9 entendue\u202f; et je suis venu vers toi, en r\u00e9ponse \u00e0 tes paroles.<\/p>\n\n\n\n<h2 class=\"wp-block-heading\">Luc 12:32<\/h2>\n\n\n\n<p>N\u2019aie pas peur, petit troupeau\u202f! Car il a plu \u00e0 votre P\u00e8re de vous donner le royaume.<\/p>\n\n\n\n<h2 class=\"wp-block-heading\">Agg\u00e9e 2:5<\/h2>\n\n\n\n<p>Tel est l\u2019engagement que j\u2019ai pris envers vous quand vous avez quitt\u00e9 l\u2019Egypte. Et mon Esprit est pr\u00e9sent au milieu de vous. Ne craignez rien\u202f!<\/p>\n\n\n\n<h2 class=\"wp-block-heading\">Romains 8:15<\/h2>\n\n\n\n<p>En effet, vous n\u2019avez pas re\u00e7u un Esprit qui fait de vous des esclaves et vous ram\u00e8ne \u00e0 la crainte\u202f: non, vous avez re\u00e7u l\u2019Esprit en cons\u00e9quence de votre adoption par Dieu comme ses fils et ses filles. Car c\u2019est par cet Esprit que nous crions\u202f: Abba, c\u2019est-\u00e0-dire P\u00e8re\u202f!<\/p>\n\n\n\n<h2 class=\"wp-block-heading\">Romains 8:31<\/h2>\n\n\n\n<p>Que dire de plus\u202f? Si Dieu est pour nous, qui se l\u00e8vera contre nous\u202f?<\/p>\n\n\n\n<h2 class=\"wp-block-heading\">2 Timoth\u00e9e 1:7<\/h2>\n\n\n\n<p>Dieu nous a donn\u00e9 un Esprit qui, loin de faire de nous des l\u00e2ches, nous rend forts, aimants et r\u00e9fl\u00e9chis.<\/p>\n\n\n\n<h2 class=\"wp-block-heading\">Lire Aussi:<\/h2>\n\n\n\n<ul class=\"wp-block-list\"><li><a href=\"https:\/\/thebibleverses.org\/fr\/\">Versets Bibliques par Sujets<\/a><\/li><li><a href=\"https:\/\/thebibleverses.org\/fr\/amour\/\">Versets Bibliques sur l\u2019Amour<\/a><\/li><li><a href=\"https:\/\/thebibleverses.org\/fr\/force\/\">Versets Bibliques sur la Force<\/a><\/li><li><a href=\"https:\/\/thebibleverses.org\/fr\/foi\/\">Versets Bibliques sur la Foi<\/a><\/li><li><a href=\"https:\/\/thebibleverses.org\/fr\/jeunes\/\">Versets Bibliques pour les Jeunes<\/a><\/li><li><a href=\"https:\/\/thebibleverses.org\/fr\/amitie\/\">Versets Bibliques sur l\u2019Amiti\u00e9<\/a><\/li><li><a href=\"https:\/\/thebibleverses.org\/fr\/guerison\/\">Versets Bibliques sur la Gu\u00e9rison<\/a><\/li><\/ul>\n","protected":false},"excerpt":{"rendered":"<p>Gen\u00e8se 15:1 Apr\u00e8s ces \u00e9v\u00e9nements, l\u2019Eternel s\u2019adressa \u00e0 Abram dans une vision\u202f: Ne crains rien, Abram, lui dit l\u2019Eternel, je suis ton bouclier protecteur, ta r\u00e9compense sera tr\u00e8s grande. Gen\u00e8se 46:3 Je suis Dieu, le Dieu de ton p\u00e8re. N\u2019aie pas peur de te rendre en Egypte, j\u2019y ferai de toi un grand peuple. Exode [&hellip;]<\/p>\n","protected":false},"author":1,"featured_media":134,"parent":0,"menu_order":0,"comment_status":"open","ping_status":"closed","template":"","meta":{"footnotes":""},"class_list":["post-133","page","type-page","status-publish","has-post-thumbnail","hentry","entry","fw-tab-6 fw-tabr-4"],"_links":{"self":[{"href":"https:\/\/thebibleverses.org\/fr\/wp-json\/wp\/v2\/pages\/133","targetHints":{"allow":["GET"]}}],"collection":[{"href":"https:\/\/thebibleverses.org\/fr\/wp-json\/wp\/v2\/pages"}],"about":[{"href":"https:\/\/thebibleverses.org\/fr\/wp-json\/wp\/v2\/types\/page"}],"author":[{"embeddable":true,"href":"https:\/\/thebibleverses.org\/fr\/wp-json\/wp\/v2\/users\/1"}],"replies":[{"embeddable":true,"href":"https:\/\/thebibleverses.org\/fr\/wp-json\/wp\/v2\/comments?post=133"}],"version-history":[{"count":0,"href":"https:\/\/thebibleverses.org\/fr\/wp-json\/wp\/v2\/pages\/133\/revisions"}],"wp:featuredmedia":[{"embeddable":true,"href":"https:\/\/thebibleverses.org\/fr\/wp-json\/wp\/v2\/media\/134"}],"wp:attachment":[{"href":"https:\/\/thebibleverses.org\/fr\/wp-json\/wp\/v2\/media?parent=133"}],"curies":[{"name":"wp","href":"https:\/\/api.w.org\/{rel}","templated":true}]}}