{"id":129,"date":"2022-07-12T00:41:28","date_gmt":"2022-07-11T22:41:28","guid":{"rendered":"https:\/\/thebibleverses.org\/fr\/?page_id=129"},"modified":"2022-10-11T23:03:21","modified_gmt":"2022-10-11T21:03:21","slug":"mariage","status":"publish","type":"page","link":"https:\/\/thebibleverses.org\/fr\/mariage\/","title":{"rendered":"25 Versets Bibliques sur le Mariage"},"content":{"rendered":"<div class=\"wp-block-image\">\n<figure class=\"aligncenter size-large\"><img decoding=\"async\" width=\"1024\" height=\"631\" data-src=\"https:\/\/thebibleverses.org\/fr\/wp-content\/uploads\/2022\/07\/Versets-Bibliques-sur-le-Mariage-1024x631.webp\" alt=\"Versets Bibliques sur le Mariage\" class=\"wp-image-130 lazyload\" data-srcset=\"https:\/\/thebibleverses.org\/fr\/wp-content\/uploads\/2022\/07\/Versets-Bibliques-sur-le-Mariage-1024x631.webp 1024w, https:\/\/thebibleverses.org\/fr\/wp-content\/uploads\/2022\/07\/Versets-Bibliques-sur-le-Mariage-300x185.webp 300w, https:\/\/thebibleverses.org\/fr\/wp-content\/uploads\/2022\/07\/Versets-Bibliques-sur-le-Mariage-768x474.webp 768w, https:\/\/thebibleverses.org\/fr\/wp-content\/uploads\/2022\/07\/Versets-Bibliques-sur-le-Mariage-320x197.webp 320w, https:\/\/thebibleverses.org\/fr\/wp-content\/uploads\/2022\/07\/Versets-Bibliques-sur-le-Mariage-450x278.webp 450w, https:\/\/thebibleverses.org\/fr\/wp-content\/uploads\/2022\/07\/Versets-Bibliques-sur-le-Mariage-720x444.webp 720w, https:\/\/thebibleverses.org\/fr\/wp-content\/uploads\/2022\/07\/Versets-Bibliques-sur-le-Mariage.webp 1200w\" data-sizes=\"(max-width: 1024px) 100vw, 1024px\" src=\"data:image\/svg+xml;base64,PHN2ZyB3aWR0aD0iMSIgaGVpZ2h0PSIxIiB4bWxucz0iaHR0cDovL3d3dy53My5vcmcvMjAwMC9zdmciPjwvc3ZnPg==\" style=\"--smush-placeholder-width: 1024px; --smush-placeholder-aspect-ratio: 1024\/631;\" \/><figcaption>Versets Bibliques sur le Mariage &#8211; La Bible du Semeur (BDS).<\/figcaption><\/figure><\/div>\n\n\n<h2 class=\"wp-block-heading\">Gen\u00e8se 2:18<\/h2>\n\n\n\n<p>L\u2019Eternel Dieu dit\u202f: Il n\u2019est pas bon que l\u2019homme soit seul, je lui ferai une aide qui soit son vis-\u00e0-vis.<\/p>\n\n\n\n<h2 class=\"wp-block-heading\">Gen\u00e8se 2:21-23<\/h2>\n\n\n\n<p>Alors l\u2019Eternel Dieu plongea l\u2019homme dans un profond sommeil. Pendant que celui-ci dormait, il prit une de ses c\u00f4tes et referma la chair \u00e0 la place. L\u2019Eternel Dieu forma une femme de la c\u00f4te qu\u2019il avait prise de l\u2019homme, et il l\u2019amena \u00e0 l\u2019homme. Alors l\u2019homme s\u2019\u00e9cria\u202f: Voici bien cette fois celle qui est os de mes os, chair de ma chair. On la nommera \u00ab Femme \u00bb car elle a \u00e9t\u00e9 prise de l\u2019homme.<\/p>\n\n\n\n<h2 class=\"wp-block-heading\">Gen\u00e8se 2:24<\/h2>\n\n\n\n<p>C\u2019est pourquoi l\u2019homme laissera son p\u00e8re et sa m\u00e8re et s\u2019attachera \u00e0 sa femme, et les deux ne feront plus qu\u2019un.<\/p>\n\n\n\n<h2 class=\"wp-block-heading\">Exode 20:14<\/h2>\n\n\n\n<p>Tu ne commettras pas d\u2019adult\u00e8re.<\/p>\n\n\n\n<h2 class=\"wp-block-heading\">Proverbes 5:15<\/h2>\n\n\n\n<p>Bois les eaux de ta propre citerne et celles qui jaillissent de ta fontaine.<\/p>\n\n\n\n<h2 class=\"wp-block-heading\">Proverbes 5:18<\/h2>\n\n\n\n<p>Que ta source soit b\u00e9nie\u202f! Fais ta joie de la femme que tu as aim\u00e9e dans ta jeunesse,<\/p>\n\n\n\n<h2 class=\"wp-block-heading\">Proverbes 18:22<\/h2>\n\n\n\n<p>Qui trouve une \u00e9pouse trouve le bonheur\u202f: c\u2019est une faveur que l\u2019Eternel lui a accord\u00e9e.<\/p>\n\n\n\n<h2 class=\"wp-block-heading\">Proverbes 31:10<\/h2>\n\n\n\n<p>Qui se trouvera une femme de valeur\u202f? elle a bien plus de prix |que des coraux.<\/p>\n\n\n\n<h2 class=\"wp-block-heading\">J\u00e9r\u00e9mie 29:6<\/h2>\n\n\n\n<p>Mariez-vous et ayez des enfants\u202f; mariez vos fils et donnez vos filles en mariage et qu\u2019elles aient des enfants\u202f! Multipliez-vous l\u00e0-bas, et ne laissez pas diminuer votre nombre.<\/p>\n\n\n\n<h2 class=\"wp-block-heading\">Malachie 2:15<\/h2>\n\n\n\n<p>Un homme en qui subsiste un reste de bon sens ne ferait pas cela\u202f! Mais vous me r\u00e9pliquez\u202f: Alors qu\u2019a fait cet homme-l\u00e0 \u2013\u2006Abraham\u2006\u2013 dont nous avons l\u2019exemple\u202f? Eh bien, il cherchait une descendance qui lui vienne de Dieu. Restez donc dans votre bon sens, et ne trahissez pas la femme de votre jeunesse.<\/p>\n\n\n\n<h2 class=\"wp-block-heading\">Marc 10:9<\/h2>\n\n\n\n<p>Que l\u2019homme ne s\u00e9pare donc pas ce que Dieu a uni.<\/p>\n\n\n\n<h2 class=\"wp-block-heading\">Marc 10:11<\/h2>\n\n\n\n<p>Il leur dit\u202f: Celui qui divorce et se remarie commet un adult\u00e8re \u00e0 l\u2019\u00e9gard de sa premi\u00e8re femme.<\/p>\n\n\n\n<h2 class=\"wp-block-heading\">Romains 7:2<\/h2>\n\n\n\n<p>Ainsi, une femme mari\u00e9e est li\u00e9e par la loi \u00e0 son mari tant que celui-ci est en vie. Mais s\u2019il vient \u00e0 mourir, elle est lib\u00e9r\u00e9e de la loi qui la liait \u00e0 lui.<\/p>\n\n\n\n<h2 class=\"wp-block-heading\">1 Corinthiens 7:2<\/h2>\n\n\n\n<p>Cependant, pour \u00e9viter toute immoralit\u00e9, il est pr\u00e9f\u00e9rable que chaque homme ait sa femme et que chaque femme ait son mari.<\/p>\n\n\n\n<h2 class=\"wp-block-heading\">1 Corinthiens 7:10-11<\/h2>\n\n\n\n<p>Quant aux couples chr\u00e9tiens, voici ce que j\u2019ordonne, ou plut\u00f4t ce que le Seigneur lui-m\u00eame leur commande\u202f: Que la femme ne se s\u00e9pare pas de son mari. Au cas o\u00f9 elle en serait s\u00e9par\u00e9e, qu\u2019elle reste sans se remarier ou qu\u2019elle se r\u00e9concilie avec son mari. Le mari, de son c\u00f4t\u00e9, ne doit pas quitter sa femme.<\/p>\n\n\n\n<h2 class=\"wp-block-heading\">1 Corinthiens 7:39<\/h2>\n\n\n\n<p>Un dernier mot\u202f: une femme demeure li\u00e9e \u00e0 son mari aussi longtemps qu\u2019il vit\u202f; mais si le mari vient \u00e0 mourir, elle est libre de se remarier avec qui elle veut, \u00e0 condition, bien entendu, que ce soit avec un chr\u00e9tien.<\/p>\n\n\n\n<h2 class=\"wp-block-heading\">\u00c9ph\u00e9siens 5:22<\/h2>\n\n\n\n<p>Vous femmes, en particulier, chacune \u00e0 son mari, et cela par \u00e9gard pour le Seigneur.<\/p>\n\n\n\n<h2 class=\"wp-block-heading\">\u00c9ph\u00e9siens 5:24<\/h2>\n\n\n\n<p>Mais comme l\u2019Eglise se soumet \u00e0 Christ, qu\u2019ainsi aussi la femme se soumette en toute circonstance \u00e0 son mari.<\/p>\n\n\n\n<h2 class=\"wp-block-heading\">\u00c9ph\u00e9siens 5:25<\/h2>\n\n\n\n<p>Quant \u00e0 vous, maris, que chacun de vous aime sa femme comme Christ a aim\u00e9 l\u2019Eglise\u202f: il a donn\u00e9 sa vie pour elle.<\/p>\n\n\n\n<h2 class=\"wp-block-heading\">\u00c9ph\u00e9siens 5:28-29<\/h2>\n\n\n\n<p>Voil\u00e0 comment chaque mari doit aimer sa femme comme si elle \u00e9tait son propre corps\u202f: ainsi celui qui aime sa femme s\u2019aime lui-m\u00eame. Car personne n\u2019a jamais ha\u00ef sa propre chair\u202f; au contraire, chacun la nourrit et l\u2019entoure de soins, comme Christ le fait pour l\u2019Eglise.<\/p>\n\n\n\n<h2 class=\"wp-block-heading\">\u00c9ph\u00e9siens 5:33<\/h2>\n\n\n\n<p>Quant \u00e0 vous, que chaque mari aime sa femme comme lui-m\u00eame, et que chaque femme t\u00e9moigne un profond respect \u00e0 son mari.<\/p>\n\n\n\n<h2 class=\"wp-block-heading\">Colossiens 3:18<\/h2>\n\n\n\n<p>Femmes, soyez soumises chacune \u00e0 son mari, comme il convient \u00e0 des femmes qui appartiennent au Seigneur.<\/p>\n\n\n\n<h2 class=\"wp-block-heading\">Colossiens 3:19<\/h2>\n\n\n\n<p>Maris, aimez chacun votre femme et ne nourrissez pas d\u2019aigreur contre elles.<\/p>\n\n\n\n<h2 class=\"wp-block-heading\">1 Timoth\u00e9e 3:2<\/h2>\n\n\n\n<p>Il faut toutefois que le dirigeant soit un homme irr\u00e9prochable\u202f: mari fid\u00e8le \u00e0 sa femme, faisant preuve de mod\u00e9ration, r\u00e9fl\u00e9chi et vivant de fa\u00e7on convenable. Qu\u2019il soit hospitalier et capable d\u2019enseigner.<\/p>\n\n\n\n<h2 class=\"wp-block-heading\">1 Pierre 3:7<\/h2>\n\n\n\n<p>Vous de m\u00eame, maris, vivez chacun avec votre femme en faisant preuve de discernement, et en tenant compte de la nature plus d\u00e9licate de la femme. Traitez-les avec respect\u202f: elles doivent recevoir avec vous la vie que Dieu accorde dans sa gr\u00e2ce. Agissez ainsi afin que rien ne vienne faire obstacle \u00e0 vos pri\u00e8res.<\/p>\n\n\n\n<h2 class=\"wp-block-heading\">Lire Aussi:<\/h2>\n\n\n\n<ul class=\"wp-block-list\"><li><a href=\"https:\/\/thebibleverses.org\/fr\/\">Versets Bibliques par Sujets<\/a><\/li><li><a href=\"https:\/\/thebibleverses.org\/fr\/amour\/\">Versets Bibliques sur l\u2019Amour<\/a><\/li><li><a href=\"https:\/\/thebibleverses.org\/fr\/force\/\">Versets Bibliques sur la Force<\/a><\/li><li><a href=\"https:\/\/thebibleverses.org\/fr\/foi\/\">Versets Bibliques sur la Foi<\/a><\/li><li><a href=\"https:\/\/thebibleverses.org\/fr\/jeunes\/\">Versets Bibliques pour les Jeunes<\/a><\/li><li><a href=\"https:\/\/thebibleverses.org\/fr\/amitie\/\">Versets Bibliques sur l\u2019Amiti\u00e9<\/a><\/li><li><a href=\"https:\/\/thebibleverses.org\/fr\/guerison\/\">Versets Bibliques sur la Gu\u00e9rison<\/a><\/li><\/ul>\n","protected":false},"excerpt":{"rendered":"<p>Gen\u00e8se 2:18 L\u2019Eternel Dieu dit\u202f: Il n\u2019est pas bon que l\u2019homme soit seul, je lui ferai une aide qui soit son vis-\u00e0-vis. Gen\u00e8se 2:21-23 Alors l\u2019Eternel Dieu plongea l\u2019homme dans un profond sommeil. Pendant que celui-ci dormait, il prit une de ses c\u00f4tes et referma la chair \u00e0 la place. L\u2019Eternel Dieu forma une femme [&hellip;]<\/p>\n","protected":false},"author":1,"featured_media":130,"parent":0,"menu_order":0,"comment_status":"open","ping_status":"closed","template":"","meta":{"footnotes":""},"class_list":["post-129","page","type-page","status-publish","has-post-thumbnail","hentry","entry","fw-tab-6 fw-tabr-4"],"_links":{"self":[{"href":"https:\/\/thebibleverses.org\/fr\/wp-json\/wp\/v2\/pages\/129","targetHints":{"allow":["GET"]}}],"collection":[{"href":"https:\/\/thebibleverses.org\/fr\/wp-json\/wp\/v2\/pages"}],"about":[{"href":"https:\/\/thebibleverses.org\/fr\/wp-json\/wp\/v2\/types\/page"}],"author":[{"embeddable":true,"href":"https:\/\/thebibleverses.org\/fr\/wp-json\/wp\/v2\/users\/1"}],"replies":[{"embeddable":true,"href":"https:\/\/thebibleverses.org\/fr\/wp-json\/wp\/v2\/comments?post=129"}],"version-history":[{"count":0,"href":"https:\/\/thebibleverses.org\/fr\/wp-json\/wp\/v2\/pages\/129\/revisions"}],"wp:featuredmedia":[{"embeddable":true,"href":"https:\/\/thebibleverses.org\/fr\/wp-json\/wp\/v2\/media\/130"}],"wp:attachment":[{"href":"https:\/\/thebibleverses.org\/fr\/wp-json\/wp\/v2\/media?parent=129"}],"curies":[{"name":"wp","href":"https:\/\/api.w.org\/{rel}","templated":true}]}}