{"id":126,"date":"2022-07-12T00:01:13","date_gmt":"2022-07-11T22:01:13","guid":{"rendered":"https:\/\/thebibleverses.org\/fr\/?page_id=126"},"modified":"2022-10-11T23:32:07","modified_gmt":"2022-10-11T21:32:07","slug":"justification","status":"publish","type":"page","link":"https:\/\/thebibleverses.org\/fr\/justification\/","title":{"rendered":"15 Versets Bibliques sur la Justification"},"content":{"rendered":"<div class=\"wp-block-image\">\n<figure class=\"aligncenter size-large\"><img decoding=\"async\" width=\"1024\" height=\"631\" data-src=\"https:\/\/thebibleverses.org\/fr\/wp-content\/uploads\/2022\/07\/Versets-Bibliques-sur-la-Justification-1024x631.webp\" alt=\"Versets Bibliques sur la Justification\" class=\"wp-image-127 lazyload\" data-srcset=\"https:\/\/thebibleverses.org\/fr\/wp-content\/uploads\/2022\/07\/Versets-Bibliques-sur-la-Justification-1024x631.webp 1024w, https:\/\/thebibleverses.org\/fr\/wp-content\/uploads\/2022\/07\/Versets-Bibliques-sur-la-Justification-300x185.webp 300w, https:\/\/thebibleverses.org\/fr\/wp-content\/uploads\/2022\/07\/Versets-Bibliques-sur-la-Justification-768x474.webp 768w, https:\/\/thebibleverses.org\/fr\/wp-content\/uploads\/2022\/07\/Versets-Bibliques-sur-la-Justification-320x197.webp 320w, https:\/\/thebibleverses.org\/fr\/wp-content\/uploads\/2022\/07\/Versets-Bibliques-sur-la-Justification-450x278.webp 450w, https:\/\/thebibleverses.org\/fr\/wp-content\/uploads\/2022\/07\/Versets-Bibliques-sur-la-Justification-720x444.webp 720w, https:\/\/thebibleverses.org\/fr\/wp-content\/uploads\/2022\/07\/Versets-Bibliques-sur-la-Justification.webp 1200w\" data-sizes=\"(max-width: 1024px) 100vw, 1024px\" src=\"data:image\/svg+xml;base64,PHN2ZyB3aWR0aD0iMSIgaGVpZ2h0PSIxIiB4bWxucz0iaHR0cDovL3d3dy53My5vcmcvMjAwMC9zdmciPjwvc3ZnPg==\" style=\"--smush-placeholder-width: 1024px; --smush-placeholder-aspect-ratio: 1024\/631;\" \/><figcaption>Versets Bibliques sur la Justification &#8211; La Bible du Semeur (BDS).<\/figcaption><\/figure><\/div>\n\n\n<h2 class=\"wp-block-heading\">Gen\u00e8se 15:6<\/h2>\n\n\n\n<p>Abram fit confiance \u00e0 l\u2019Eternel et, \u00e0 cause de cela, l\u2019Eternel le d\u00e9clara juste.<\/p>\n\n\n\n<h2 class=\"wp-block-heading\">Habacuc 2:4<\/h2>\n\n\n\n<p>Si quelqu\u2019un flanche, il n\u2019est pas droit de c\u0153ur mais le juste vivra |gr\u00e2ce \u00e0 sa foi.<\/p>\n\n\n\n<h2 class=\"wp-block-heading\">Actes 13:39<\/h2>\n\n\n\n<p>C\u2019est par lui que tout homme qui croit est acquitt\u00e9 de toutes les fautes dont vous ne pouviez pas \u00eatre acquitt\u00e9s par la Loi de Mo\u00efse.<\/p>\n\n\n\n<h2 class=\"wp-block-heading\">Romains 3:24-26<\/h2>\n\n\n\n<p>Et ils sont d\u00e9clar\u00e9s justes par sa gr\u00e2ce\u202f; c\u2019est un don que Dieu leur fait par le moyen de la d\u00e9livrance apport\u00e9e par J\u00e9sus-Christ. C\u2019est lui que Dieu a offert comme une victime destin\u00e9e \u00e0 expier les p\u00e9ch\u00e9s, pour ceux qui croient en son sacrifice. Dieu montre ainsi qu\u2019il est juste parce qu\u2019il avait laiss\u00e9 impunis les p\u00e9ch\u00e9s commis autrefois, au temps de sa patience. Il montre aussi qu\u2019il est juste dans le temps pr\u00e9sent\u202f: il est juste tout en d\u00e9clarant juste celui qui croit en J\u00e9sus.<\/p>\n\n\n\n<h2 class=\"wp-block-heading\">Romains 4:25<\/h2>\n\n\n\n<p>il a \u00e9t\u00e9 livr\u00e9 pour nos fautes, et il est ressuscit\u00e9 pour que nous soyons d\u00e9clar\u00e9s justes[a].<\/p>\n\n\n\n<h2 class=\"wp-block-heading\">Romains 5:1<\/h2>\n\n\n\n<p>Puisque nous avons \u00e9t\u00e9 d\u00e9clar\u00e9s justes en raison de notre foi, nous sommes en paix avec Dieu gr\u00e2ce \u00e0 notre Seigneur J\u00e9sus-Christ.<\/p>\n\n\n\n<h2 class=\"wp-block-heading\">Romains 5:9<\/h2>\n\n\n\n<p>Donc, puisque nous sommes maintenant d\u00e9clar\u00e9s justes gr\u00e2ce \u00e0 son sacrifice, nous serons, \u00e0 plus forte raison encore, sauv\u00e9s par lui de la col\u00e8re \u00e0 venir.<\/p>\n\n\n\n<h2 class=\"wp-block-heading\">Romains 5:16-18<\/h2>\n\n\n\n<p>Quelle diff\u00e9rence aussi entre les cons\u00e9quences du p\u00e9ch\u00e9 d\u2019un seul et le don\u202f! En effet, le jugement intervenant \u00e0 cause d\u2019un seul homme a entra\u00een\u00e9 la condamnation, mais le don de gr\u00e2ce, intervenant \u00e0 la suite de nombreuses fautes, a conduit \u00e0 l\u2019acquittement. Car si, par la faute commise par un seul homme, la mort a r\u00e9gn\u00e9 \u00e0 cause de ce seul homme, \u00e0 bien plus forte raison ceux qui re\u00e7oivent l\u2019abondance de la gr\u00e2ce qu\u2019est le don de la justification r\u00e9gneront-ils dans la vie par J\u00e9sus-Christ, lui seul. Ainsi donc, comme une seule faute a entra\u00een\u00e9 la condamnation de tous les hommes, un seul acte satisfaisant \u00e0 la justice a obtenu pour tous les hommes l\u2019acquittement qui leur assure la vie.<\/p>\n\n\n\n<h2 class=\"wp-block-heading\">1 Corinthiens 1:30<\/h2>\n\n\n\n<p>Par lui, vous \u00eates unis \u00e0 Christ, qui est devenu pour nous cette sagesse qui vient de Dieu, justice, purification et d\u00e9livrance.<\/p>\n\n\n\n<h2 class=\"wp-block-heading\">1 Corinthiens 6:11<\/h2>\n\n\n\n<p>Voil\u00e0 bien ce que vous \u00e9tiez, certains d\u2019entre vous. Mais vous avez \u00e9t\u00e9 lav\u00e9s, vous avez \u00e9t\u00e9 purifi\u00e9s du p\u00e9ch\u00e9, vous en avez \u00e9t\u00e9 d\u00e9clar\u00e9s justes au nom du Seigneur J\u00e9sus-Christ et par l\u2019Esprit de notre Dieu.<\/p>\n\n\n\n<h2 class=\"wp-block-heading\">Galates 3:6<\/h2>\n\n\n\n<p>\u00e0 la mani\u00e8re d\u2019Abraham dont l\u2019Ecriture d\u00e9clare\u202f: Il a eu confiance en Dieu et Dieu, en portant sa foi \u00e0 son cr\u00e9dit, l\u2019a d\u00e9clar\u00e9 juste\u202f?<\/p>\n\n\n\n<h2 class=\"wp-block-heading\">Galates 3:8<\/h2>\n\n\n\n<p>En fait, l\u2019Ecriture pr\u00e9voyait que Dieu d\u00e9clarerait les non-Juifs justes s\u2019ils avaient la foi. C\u2019est pourquoi elle a annonc\u00e9 par avance cette bonne nouvelle \u00e0 Abraham\u202f: Tu seras une source de b\u00e9n\u00e9dictions pour tous les peuples.<\/p>\n\n\n\n<h2 class=\"wp-block-heading\">Galates 3:24<\/h2>\n\n\n\n<p>Ainsi, la Loi a \u00e9t\u00e9 comme un gardien charg\u00e9 de nous conduire \u00e0 Christ pour que nous soyons d\u00e9clar\u00e9s justes devant Dieu par la foi.<\/p>\n\n\n\n<h2 class=\"wp-block-heading\">Philippiens 3:9<\/h2>\n\n\n\n<p>Mon d\u00e9sir est d\u2019\u00eatre trouv\u00e9 en lui, non pas avec une justice que j\u2019aurais moi-m\u00eame acquise en ob\u00e9issant \u00e0 la Loi mais avec la justice qui vient de la foi en Christ et que Dieu accorde \u00e0 ceux qui croient.<\/p>\n\n\n\n<h2 class=\"wp-block-heading\">H\u00e9breux 11:4<\/h2>\n\n\n\n<p>Par la foi, Abel a offert \u00e0 Dieu un sacrifice meilleur que celui de Ca\u00efn. Gr\u00e2ce \u00e0 elle, il a \u00e9t\u00e9 reconnu comme juste par Dieu qui a t\u00e9moign\u00e9 lui-m\u00eame qu\u2019il approuvait ses dons, et gr\u00e2ce \u00e0 elle Abel parle encore, bien que mort.<\/p>\n\n\n\n<h2 class=\"wp-block-heading\">Lire Aussi:<\/h2>\n\n\n\n<ul class=\"wp-block-list\"><li><a href=\"https:\/\/thebibleverses.org\/fr\/\">Versets Bibliques par Sujets<\/a><\/li><li><a href=\"https:\/\/thebibleverses.org\/fr\/amour\/\">Versets Bibliques sur l\u2019Amour<\/a><\/li><li><a href=\"https:\/\/thebibleverses.org\/fr\/force\/\">Versets Bibliques sur la Force<\/a><\/li><li><a href=\"https:\/\/thebibleverses.org\/fr\/foi\/\">Versets Bibliques sur la Foi<\/a><\/li><li><a href=\"https:\/\/thebibleverses.org\/fr\/jeunes\/\">Versets Bibliques pour les Jeunes<\/a><\/li><li><a href=\"https:\/\/thebibleverses.org\/fr\/amitie\/\">Versets Bibliques sur l\u2019Amiti\u00e9<\/a><\/li><li><a href=\"https:\/\/thebibleverses.org\/fr\/guerison\/\">Versets Bibliques sur la Gu\u00e9rison<\/a><\/li><\/ul>\n","protected":false},"excerpt":{"rendered":"<p>Gen\u00e8se 15:6 Abram fit confiance \u00e0 l\u2019Eternel et, \u00e0 cause de cela, l\u2019Eternel le d\u00e9clara juste. Habacuc 2:4 Si quelqu\u2019un flanche, il n\u2019est pas droit de c\u0153ur mais le juste vivra |gr\u00e2ce \u00e0 sa foi. Actes 13:39 C\u2019est par lui que tout homme qui croit est acquitt\u00e9 de toutes les fautes dont vous ne pouviez [&hellip;]<\/p>\n","protected":false},"author":1,"featured_media":127,"parent":0,"menu_order":0,"comment_status":"open","ping_status":"closed","template":"","meta":{"footnotes":""},"class_list":["post-126","page","type-page","status-publish","has-post-thumbnail","hentry","entry","fw-tab-6 fw-tabr-4"],"_links":{"self":[{"href":"https:\/\/thebibleverses.org\/fr\/wp-json\/wp\/v2\/pages\/126","targetHints":{"allow":["GET"]}}],"collection":[{"href":"https:\/\/thebibleverses.org\/fr\/wp-json\/wp\/v2\/pages"}],"about":[{"href":"https:\/\/thebibleverses.org\/fr\/wp-json\/wp\/v2\/types\/page"}],"author":[{"embeddable":true,"href":"https:\/\/thebibleverses.org\/fr\/wp-json\/wp\/v2\/users\/1"}],"replies":[{"embeddable":true,"href":"https:\/\/thebibleverses.org\/fr\/wp-json\/wp\/v2\/comments?post=126"}],"version-history":[{"count":0,"href":"https:\/\/thebibleverses.org\/fr\/wp-json\/wp\/v2\/pages\/126\/revisions"}],"wp:featuredmedia":[{"embeddable":true,"href":"https:\/\/thebibleverses.org\/fr\/wp-json\/wp\/v2\/media\/127"}],"wp:attachment":[{"href":"https:\/\/thebibleverses.org\/fr\/wp-json\/wp\/v2\/media?parent=126"}],"curies":[{"name":"wp","href":"https:\/\/api.w.org\/{rel}","templated":true}]}}