{"id":123,"date":"2022-07-11T23:44:59","date_gmt":"2022-07-11T21:44:59","guid":{"rendered":"https:\/\/thebibleverses.org\/fr\/?page_id=123"},"modified":"2022-10-11T23:57:45","modified_gmt":"2022-10-11T21:57:45","slug":"jeunes","status":"publish","type":"page","link":"https:\/\/thebibleverses.org\/fr\/jeunes\/","title":{"rendered":"20 Versets Bibliques pour Les Jeunes"},"content":{"rendered":"<div class=\"wp-block-image\">\n<figure class=\"aligncenter size-large\"><img decoding=\"async\" width=\"1024\" height=\"631\" data-src=\"https:\/\/thebibleverses.org\/fr\/wp-content\/uploads\/2022\/07\/Versets-Bibliques-pour-Les-Jeunes-1024x631.webp\" alt=\"Versets Bibliques pour Les Jeunes\" class=\"wp-image-124 lazyload\" data-srcset=\"https:\/\/thebibleverses.org\/fr\/wp-content\/uploads\/2022\/07\/Versets-Bibliques-pour-Les-Jeunes-1024x631.webp 1024w, https:\/\/thebibleverses.org\/fr\/wp-content\/uploads\/2022\/07\/Versets-Bibliques-pour-Les-Jeunes-300x185.webp 300w, https:\/\/thebibleverses.org\/fr\/wp-content\/uploads\/2022\/07\/Versets-Bibliques-pour-Les-Jeunes-768x474.webp 768w, https:\/\/thebibleverses.org\/fr\/wp-content\/uploads\/2022\/07\/Versets-Bibliques-pour-Les-Jeunes-320x197.webp 320w, https:\/\/thebibleverses.org\/fr\/wp-content\/uploads\/2022\/07\/Versets-Bibliques-pour-Les-Jeunes-450x278.webp 450w, https:\/\/thebibleverses.org\/fr\/wp-content\/uploads\/2022\/07\/Versets-Bibliques-pour-Les-Jeunes-720x444.webp 720w, https:\/\/thebibleverses.org\/fr\/wp-content\/uploads\/2022\/07\/Versets-Bibliques-pour-Les-Jeunes.webp 1200w\" data-sizes=\"(max-width: 1024px) 100vw, 1024px\" src=\"data:image\/svg+xml;base64,PHN2ZyB3aWR0aD0iMSIgaGVpZ2h0PSIxIiB4bWxucz0iaHR0cDovL3d3dy53My5vcmcvMjAwMC9zdmciPjwvc3ZnPg==\" style=\"--smush-placeholder-width: 1024px; --smush-placeholder-aspect-ratio: 1024\/631;\" \/><figcaption>Versets Bibliques pour Les Jeunes &#8211; La Bible du Semeur (BDS).<\/figcaption><\/figure><\/div>\n\n\n<h2 class=\"wp-block-heading\">Exode 20:12<\/h2>\n\n\n\n<p>Honore ton p\u00e8re et ta m\u00e8re afin de jouir d\u2019une longue vie dans le pays que l\u2019Eternel ton Dieu te donne.<\/p>\n\n\n\n<h2 class=\"wp-block-heading\">L\u00e9vitique 19:3<\/h2>\n\n\n\n<p>Que chacun de vous respecte l\u2019autorit\u00e9 de sa m\u00e8re et de son p\u00e8re, et observe les jours de repos que j\u2019ai prescrits. Je suis l\u2019Eternel, votre Dieu.<\/p>\n\n\n\n<h2 class=\"wp-block-heading\">Deut\u00e9ronome 27:16<\/h2>\n\n\n\n<p>Maudit soit celui qui traite son p\u00e8re ou sa m\u00e8re avec m\u00e9pris. Et tout le peuple r\u00e9pondra\u202f: Amen\u202f!<\/p>\n\n\n\n<h2 class=\"wp-block-heading\">Psaumes 25:6-7<\/h2>\n\n\n\n<p>O Eternel, |veuille agir en fonction |de la compassion |et de l\u2019amour, qui te caract\u00e9risent |depuis toujours. Ne tiens plus compte |de ces p\u00e9ch\u00e9s de ma jeunesse, |de mes fautes pass\u00e9es, mais traite-moi |selon ta gr\u00e2ce, car tu es bon |\u00f4 Eternel\u202f!<\/p>\n\n\n\n<h2 class=\"wp-block-heading\">Psaumes 71:5<\/h2>\n\n\n\n<p>O Seigneur Eternel, |sur toi je compte, car, depuis ma jeunesse, |ma confiance est en toi.<\/p>\n\n\n\n<h2 class=\"wp-block-heading\">Psaumes 71:17<\/h2>\n\n\n\n<p>Tu m\u2019as instruit, |\u00f4 Dieu, d\u00e8s ma jeunesse\u202f; jusqu\u2019\u00e0 ce jour, |je publie tes merveilles.<\/p>\n\n\n\n<h2 class=\"wp-block-heading\">Psaumes 103:3-5<\/h2>\n\n\n\n<p>Car c\u2019est lui qui pardonne |tous tes p\u00e9ch\u00e9s, c\u2019est lui qui te gu\u00e9rit |de toute maladie, qui t\u2019arrache \u00e0 la tombe. C\u2019est lui qui te couronne |d\u2019amour, de compassion et qui te comble de bonheur |tout au long de ton existence\u202f; et ta jeunesse, comme l\u2019aigle, |prend un nouvel essor.<\/p>\n\n\n\n<h2 class=\"wp-block-heading\">Psaumes 119:9<\/h2>\n\n\n\n<p>Comment, quand on est jeune, |avoir une vie pure\u202f? C\u2019est en se conformant \u00e0 ta parole.<\/p>\n\n\n\n<h2 class=\"wp-block-heading\">Proverbes 20:29<\/h2>\n\n\n\n<p>La fiert\u00e9 des jeunes gens, c\u2019est leur force, mais l\u2019honneur des vieillards, ce sont leurs cheveux blancs.<\/p>\n\n\n\n<h2 class=\"wp-block-heading\">Proverbes 30:17<\/h2>\n\n\n\n<p>Les yeux qui se moquent d\u2019un p\u00e8re et qui d\u00e9daignent l\u2019ob\u00e9issance envers une m\u00e8re seront crev\u00e9s par les corbeaux de la vall\u00e9e et d\u00e9vor\u00e9s par les petits de l\u2019aigle.<\/p>\n\n\n\n<h2 class=\"wp-block-heading\">Eccl\u00e9siaste 11:9<\/h2>\n\n\n\n<p>Jeune homme, r\u00e9jouis-toi |au cours de tes jeunes ann\u00e9es, et que ton c\u0153ur |se fasse du bien pendant ta jeunesse\u202f; marche sur les chemins |o\u00f9 tu voudras aller |et va vers ce que tu d\u00e9sires, en sachant que pour tout cela |Dieu te fera venir en jugement.<\/p>\n\n\n\n<h2 class=\"wp-block-heading\">J\u00e9r\u00e9mie 1:7-8<\/h2>\n\n\n\n<p>Mais l\u2019Eternel me r\u00e9pondit\u202f: Ne dis pas\u202f: \u00ab Je suis un adolescent \u00bb\u202f; tu iras trouver tous ceux aupr\u00e8s de qui je t\u2019enverrai, et tu leur diras tout ce que je t\u2019ordonnerai. N\u2019aie pas peur de ces gens, car je suis avec toi pour te d\u00e9livrer, l\u2019Eternel le d\u00e9clare.<\/p>\n\n\n\n<h2 class=\"wp-block-heading\">Lamentations 3:27<\/h2>\n\n\n\n<p>C\u2019est une bonne chose, pour l\u2019homme, de porter |le joug dans sa jeunesse.<\/p>\n\n\n\n<h2 class=\"wp-block-heading\">Matthieu 15:4<\/h2>\n\n\n\n<p>En effet, Dieu a dit\u202f: Honore ton p\u00e8re et ta m\u00e8re et Que celui qui maudit son p\u00e8re ou sa m\u00e8re soit puni de mort.<\/p>\n\n\n\n<h2 class=\"wp-block-heading\">1 Corinthiens 6:18<\/h2>\n\n\n\n<p>C\u2019est pourquoi, fuyez l\u2019inconduite sexuelle. Tous les autres p\u00e9ch\u00e9s qu\u2019un homme peut commettre n\u2019impliquent pas son corps, mais celui qui se livre \u00e0 l\u2019inconduite p\u00e8che contre son propre corps.<\/p>\n\n\n\n<h2 class=\"wp-block-heading\">1 Corinthiens 10:23<\/h2>\n\n\n\n<p>Oui, tout m\u2019est permis, mais tout n\u2019est pas bon pour nous. Tout est permis mais tout n\u2019aide pas \u00e0 grandir dans la foi.<\/p>\n\n\n\n<h2 class=\"wp-block-heading\">1 Timoth\u00e9e 4:12<\/h2>\n\n\n\n<p>Que personne ne te m\u00e9prise pour ton jeune \u00e2ge[a], mais efforce-toi d\u2019\u00eatre un mod\u00e8le pour les croyants par tes paroles, ta conduite, ton amour, ta foi et ta puret\u00e9.<\/p>\n\n\n\n<h2 class=\"wp-block-heading\">2 Timoth\u00e9e 2:22<\/h2>\n\n\n\n<p>Fuis les passions qui assaillent un jeune homme. Fais tous tes efforts pour cultiver la foi, l\u2019amour et la paix avec tous ceux qui font appel au Seigneur d\u2019un c\u0153ur pur.<\/p>\n\n\n\n<h2 class=\"wp-block-heading\">Tite 2:6-8<\/h2>\n\n\n\n<p>Recommande aussi aux jeunes gens d\u2019agir de mani\u00e8re r\u00e9fl\u00e9chie. Sois toi-m\u00eame en tout un mod\u00e8le d\u2019\u0153uvres bonnes. Que ton enseignement soit fid\u00e8le et qu\u2019il inspire le respect. Que ta pr\u00e9dication soit saine et inattaquable, afin que m\u00eame nos adversaires soient couverts de honte, ne trouvant aucun mal \u00e0 dire de nous.<\/p>\n\n\n\n<h2 class=\"wp-block-heading\">1 Pierre 1:16<\/h2>\n\n\n\n<p>Car voici ce que Dieu dit dans l\u2019Ecriture\u202f: Soyez saints, car je suis saint.<\/p>\n\n\n\n<h2 class=\"wp-block-heading\">Lire Aussi:<\/h2>\n\n\n\n<ul class=\"wp-block-list\"><li><a href=\"https:\/\/thebibleverses.org\/fr\/\">Versets Bibliques par Sujets<\/a><\/li><li><a href=\"https:\/\/thebibleverses.org\/fr\/amour\/\">Versets Bibliques sur l\u2019Amour<\/a><\/li><li><a href=\"https:\/\/thebibleverses.org\/fr\/force\/\">Versets Bibliques sur la Force<\/a><\/li><li><a href=\"https:\/\/thebibleverses.org\/fr\/foi\/\">Versets Bibliques sur la Foi<\/a><\/li><li><a href=\"https:\/\/thebibleverses.org\/fr\/encouragement\/\">Versets Bibliques d\u2019Encouragement<\/a><\/li><li><a href=\"https:\/\/thebibleverses.org\/fr\/amitie\/\">Versets Bibliques sur l\u2019Amiti\u00e9<\/a><\/li><li><a href=\"https:\/\/thebibleverses.org\/fr\/guerison\/\">Versets Bibliques sur la Gu\u00e9rison<\/a><\/li><\/ul>\n","protected":false},"excerpt":{"rendered":"<p>Exode 20:12 Honore ton p\u00e8re et ta m\u00e8re afin de jouir d\u2019une longue vie dans le pays que l\u2019Eternel ton Dieu te donne. L\u00e9vitique 19:3 Que chacun de vous respecte l\u2019autorit\u00e9 de sa m\u00e8re et de son p\u00e8re, et observe les jours de repos que j\u2019ai prescrits. Je suis l\u2019Eternel, votre Dieu. Deut\u00e9ronome 27:16 Maudit [&hellip;]<\/p>\n","protected":false},"author":1,"featured_media":124,"parent":0,"menu_order":0,"comment_status":"open","ping_status":"closed","template":"","meta":{"footnotes":""},"class_list":["post-123","page","type-page","status-publish","has-post-thumbnail","hentry","entry","fw-tab-6 fw-tabr-4"],"_links":{"self":[{"href":"https:\/\/thebibleverses.org\/fr\/wp-json\/wp\/v2\/pages\/123","targetHints":{"allow":["GET"]}}],"collection":[{"href":"https:\/\/thebibleverses.org\/fr\/wp-json\/wp\/v2\/pages"}],"about":[{"href":"https:\/\/thebibleverses.org\/fr\/wp-json\/wp\/v2\/types\/page"}],"author":[{"embeddable":true,"href":"https:\/\/thebibleverses.org\/fr\/wp-json\/wp\/v2\/users\/1"}],"replies":[{"embeddable":true,"href":"https:\/\/thebibleverses.org\/fr\/wp-json\/wp\/v2\/comments?post=123"}],"version-history":[{"count":0,"href":"https:\/\/thebibleverses.org\/fr\/wp-json\/wp\/v2\/pages\/123\/revisions"}],"wp:featuredmedia":[{"embeddable":true,"href":"https:\/\/thebibleverses.org\/fr\/wp-json\/wp\/v2\/media\/124"}],"wp:attachment":[{"href":"https:\/\/thebibleverses.org\/fr\/wp-json\/wp\/v2\/media?parent=123"}],"curies":[{"name":"wp","href":"https:\/\/api.w.org\/{rel}","templated":true}]}}