{"id":120,"date":"2022-07-11T23:36:55","date_gmt":"2022-07-11T21:36:55","guid":{"rendered":"https:\/\/thebibleverses.org\/fr\/?page_id=120"},"modified":"2022-10-11T23:00:09","modified_gmt":"2022-10-11T21:00:09","slug":"humilite","status":"publish","type":"page","link":"https:\/\/thebibleverses.org\/fr\/humilite\/","title":{"rendered":"30 Versets Bibliques sur l&rsquo;Humilit\u00e9 et la Douceur"},"content":{"rendered":"<div class=\"wp-block-image\">\n<figure class=\"aligncenter size-large\"><img decoding=\"async\" width=\"1024\" height=\"631\" data-src=\"https:\/\/thebibleverses.org\/fr\/wp-content\/uploads\/2022\/07\/Versets-Bibliques-sur-lHumilite-1024x631.webp\" alt=\"Versets Bibliques sur l'Humilit\u00e9\" class=\"wp-image-121 lazyload\" data-srcset=\"https:\/\/thebibleverses.org\/fr\/wp-content\/uploads\/2022\/07\/Versets-Bibliques-sur-lHumilite-1024x631.webp 1024w, https:\/\/thebibleverses.org\/fr\/wp-content\/uploads\/2022\/07\/Versets-Bibliques-sur-lHumilite-300x185.webp 300w, https:\/\/thebibleverses.org\/fr\/wp-content\/uploads\/2022\/07\/Versets-Bibliques-sur-lHumilite-768x474.webp 768w, https:\/\/thebibleverses.org\/fr\/wp-content\/uploads\/2022\/07\/Versets-Bibliques-sur-lHumilite-320x197.webp 320w, https:\/\/thebibleverses.org\/fr\/wp-content\/uploads\/2022\/07\/Versets-Bibliques-sur-lHumilite-450x278.webp 450w, https:\/\/thebibleverses.org\/fr\/wp-content\/uploads\/2022\/07\/Versets-Bibliques-sur-lHumilite-720x444.webp 720w, https:\/\/thebibleverses.org\/fr\/wp-content\/uploads\/2022\/07\/Versets-Bibliques-sur-lHumilite.webp 1200w\" data-sizes=\"(max-width: 1024px) 100vw, 1024px\" src=\"data:image\/svg+xml;base64,PHN2ZyB3aWR0aD0iMSIgaGVpZ2h0PSIxIiB4bWxucz0iaHR0cDovL3d3dy53My5vcmcvMjAwMC9zdmciPjwvc3ZnPg==\" style=\"--smush-placeholder-width: 1024px; --smush-placeholder-aspect-ratio: 1024\/631;\" \/><figcaption>Versets Bibliques sur l&rsquo;Humilit\u00e9 &#8211; La Bible du Semeur (BDS).<\/figcaption><\/figure><\/div>\n\n\n<h2 class=\"wp-block-heading\">2 Chroniques 7:14<\/h2>\n\n\n\n<p>Si alors mon peuple qui est appel\u00e9 de mon nom s\u2019humilie, prie et recherche ma gr\u00e2ce, s\u2019il se d\u00e9tourne de sa mauvaise conduite, moi, je l\u2019\u00e9couterai du ciel, je lui pardonnerai ses p\u00e9ch\u00e9s et je gu\u00e9rirai son pays.<\/p>\n\n\n\n<h2 class=\"wp-block-heading\">Psaumes 10:17<\/h2>\n\n\n\n<p>Eternel, tu entends |les attentes des afflig\u00e9s. Tu leur redonnes du courage |et tu pr\u00eates l\u2019oreille<\/p>\n\n\n\n<h2 class=\"wp-block-heading\">Psaumes 25:9<\/h2>\n\n\n\n<p>Les humbles, il les guide |sur le sentier du droit\u202f; il leur enseigne |le chemin qu\u2019il prescrit.<\/p>\n\n\n\n<h2 class=\"wp-block-heading\">Psaumes 34:3<\/h2>\n\n\n\n<p>Mon sujet de fiert\u00e9, |c\u2019est l\u2019Eternel\u202f! Que les humbles l\u2019entendent |et qu\u2019ils se r\u00e9jouissent\u202f!<\/p>\n\n\n\n<h2 class=\"wp-block-heading\">Psaumes 37:11<\/h2>\n\n\n\n<p>Mais ceux qui sont humbles |auront le pays |comme possession, et ils jouiront |d\u2019une grande paix.<\/p>\n\n\n\n<h2 class=\"wp-block-heading\">Psaumes 138:6<\/h2>\n\n\n\n<p>Si haut qu\u2019est l\u2019Eternel, |il voit les humbles, et de loin il rep\u00e8re |les orgueilleux.<\/p>\n\n\n\n<h2 class=\"wp-block-heading\">Proverbes 11:2<\/h2>\n\n\n\n<p>Le m\u00e9pris suit de pr\u00e8s l\u2019orgueil, mais la sagesse se tient aupr\u00e8s des humbles.<\/p>\n\n\n\n<h2 class=\"wp-block-heading\">Proverbes 15:33<\/h2>\n\n\n\n<p>La crainte de l\u2019Eternel est une \u00e9cole de la sagesse; avant d\u2019\u00eatre honor\u00e9, il faut savoir \u00eatre humble.<\/p>\n\n\n\n<h2 class=\"wp-block-heading\">Proverbes 16:19<\/h2>\n\n\n\n<p>Mieux vaut avoir un esprit humble et frayer avec les gens de condition modeste que de partager le butin avec les orgueilleux.<\/p>\n\n\n\n<h2 class=\"wp-block-heading\">Proverbes 18:12<\/h2>\n\n\n\n<p>Quand l\u2019orgueil remplit le c\u0153ur d\u2019un homme, sa ruine est proche. Avant d\u2019\u00eatre honor\u00e9, il faut savoir \u00eatre humble.<\/p>\n\n\n\n<h2 class=\"wp-block-heading\">Proverbes 22:4<\/h2>\n\n\n\n<p>Sois humble et crains l\u2019Eternel, tu seras riche et honor\u00e9, et tu recevras la vie.<\/p>\n\n\n\n<h2 class=\"wp-block-heading\">Proverbes 29:23<\/h2>\n\n\n\n<p>L\u2019orgueil de l\u2019homme le m\u00e8ne \u00e0 l\u2019humiliation, mais la modestie obtient les honneurs.<\/p>\n\n\n\n<h2 class=\"wp-block-heading\">\u00c9sa\u00efe 57:15<\/h2>\n\n\n\n<p>Car voici ce que dit |le Dieu tr\u00e8s \u00e9lev\u00e9 qui demeure \u00e9ternellement, et qui est saint\u202f:<br>J\u2019habite dans un lieu |qui est tr\u00e8s haut et saint, mais je demeure aussi |avec l\u2019homme accabl\u00e9, \u00e0 l\u2019esprit abattu, pour ranimer la vie |de qui a l\u2019esprit abattu et vivifier le c\u0153ur |des hommes accabl\u00e9s.<\/p>\n\n\n\n<h2 class=\"wp-block-heading\">\u00c9sa\u00efe 66:2<\/h2>\n\n\n\n<p>Toutes ces choses, |c\u2019est moi qui les ai faites et ainsi elles sont venues |\u00e0 l\u2019existence,<br>l\u2019Eternel le d\u00e9clare. Voici sur qui je porterai |un regard favorable\u202f: sur celui qui est humili\u00e9, |et qui a l\u2019esprit abattu, sur celui qui tremble \u00e0 ma parole.<\/p>\n\n\n\n<h2 class=\"wp-block-heading\">Sophonie 2:3<\/h2>\n\n\n\n<p>Tournez-vous donc vers l\u2019Eternel, |vous tous les humbles du pays, vous qui faites ce qui est droit, cherchez \u00e0 accomplir |ce qui est juste. |Efforcez-vous d\u2019\u00eatre humbles\u202f; peut-\u00eatre serez-vous |mis \u00e0 l\u2019abri au jour de la col\u00e8re |de l\u2019Eternel.<\/p>\n\n\n\n<h2 class=\"wp-block-heading\">Matthieu 5:3<\/h2>\n\n\n\n<p>Heureux ceux qui se reconnaissent spirituellement pauvres, car le royaume des cieux leur appartient.<\/p>\n\n\n\n<h2 class=\"wp-block-heading\">Matthieu 5:5<\/h2>\n\n\n\n<p>Heureux ceux qui sont doux, car Dieu leur donnera la terre en h\u00e9ritage.<\/p>\n\n\n\n<h2 class=\"wp-block-heading\">Matthieu 11:29<\/h2>\n\n\n\n<p>Prenez mon joug sur vous et mettez-vous \u00e0 mon \u00e9cole, car je suis doux et humble de c\u0153ur, et vous trouverez le repos pour vous-m\u00eames.<\/p>\n\n\n\n<h2 class=\"wp-block-heading\">Matthieu 23:12<\/h2>\n\n\n\n<p>Car celui qui s\u2019\u00e9l\u00e8ve sera abaiss\u00e9\u202f; et celui qui s\u2019abaisse sera \u00e9lev\u00e9.<\/p>\n\n\n\n<h2 class=\"wp-block-heading\">Luc 1:52<\/h2>\n\n\n\n<p>Il a pr\u00e9cipit\u00e9 |les puissants de leurs tr\u00f4nes, et il a \u00e9lev\u00e9 les humbles.<\/p>\n\n\n\n<h2 class=\"wp-block-heading\">Luc 14:11<\/h2>\n\n\n\n<p>En effet, celui qui s\u2019\u00e9l\u00e8ve sera abaiss\u00e9, et celui qui s\u2019abaisse sera \u00e9lev\u00e9.<\/p>\n\n\n\n<h2 class=\"wp-block-heading\">Luc 22:26<\/h2>\n\n\n\n<p>Il ne faut pas que vous agissiez ainsi. Au contraire, que le plus grand parmi vous soit comme le plus jeune, et que celui qui gouverne soit comme le serviteur.<\/p>\n\n\n\n<h2 class=\"wp-block-heading\">Romains 12:16<\/h2>\n\n\n\n<p>Ayez les uns pour les autres une \u00e9gale consid\u00e9ration. Ne visez pas \u00e0 ce qui est trop haut, mais laissez-vous attirer par ce qui est humble. Ne vous prenez pas pour des sages.<\/p>\n\n\n\n<h2 class=\"wp-block-heading\">\u00c9ph\u00e9siens 4:2<\/h2>\n\n\n\n<p>Soyez toujours humbles, empreints de douceur et patients, supportez-vous les uns les autres avec amour.<\/p>\n\n\n\n<h2 class=\"wp-block-heading\">Philippiens 2:3<\/h2>\n\n\n\n<p>Ne faites donc rien par esprit de rivalit\u00e9, ou par un vain d\u00e9sir de vous mettre en avant\u202f; au contraire, par humilit\u00e9, consid\u00e9rez les autres comme plus importants que vous-m\u00eames.<\/p>\n\n\n\n<h2 class=\"wp-block-heading\">Colossiens 3:12<\/h2>\n\n\n\n<p>Ainsi, puisque Dieu vous a choisis pour faire partie du peuple saint et qu\u2019il vous aime, rev\u00eatez-vous d\u2019ardente bont\u00e9, de bienveillance, d\u2019humilit\u00e9, de douceur, de patience.<\/p>\n\n\n\n<h2 class=\"wp-block-heading\">Jacques 1:21<\/h2>\n\n\n\n<p>D\u00e9barrassez-vous donc de tout ce qui souille et de tout ce qui reste en vous de m\u00e9chancet\u00e9, pour recevoir, avec humilit\u00e9, la Parole qui a \u00e9t\u00e9 plant\u00e9e dans votre c\u0153ur, car elle a le pouvoir de vous sauver.<\/p>\n\n\n\n<h2 class=\"wp-block-heading\">Jacques 4:6<\/h2>\n\n\n\n<p>Mais bien plus grande est la gr\u00e2ce qu\u2019il nous accorde. \u2013\u2006Voici donc ce que d\u00e9clare l\u2019Ecriture\u202f: Dieu s\u2019oppose aux orgueilleux, mais il accorde sa gr\u00e2ce aux humbles[a].<\/p>\n\n\n\n<h2 class=\"wp-block-heading\">Jacques 4:10<\/h2>\n\n\n\n<p>Abaissez-vous devant le Seigneur, et il vous rel\u00e8vera.<\/p>\n\n\n\n<h2 class=\"wp-block-heading\">1 Pierre 5:6<\/h2>\n\n\n\n<p>Tenez-vous donc humblement sous la main puissante de Dieu, pour qu\u2019il vous \u00e9l\u00e8ve au moment fix\u00e9 par lui.<\/p>\n\n\n\n<h2 class=\"wp-block-heading\">Lire Aussi:<\/h2>\n\n\n\n<ul class=\"wp-block-list\"><li><a href=\"https:\/\/thebibleverses.org\/fr\/\">Versets Bibliques par Sujets<\/a><\/li><li><a href=\"https:\/\/thebibleverses.org\/fr\/amour\/\">Versets Bibliques sur l\u2019Amour<\/a><\/li><li><a href=\"https:\/\/thebibleverses.org\/fr\/force\/\">Versets Bibliques sur la Force<\/a><\/li><li><a href=\"https:\/\/thebibleverses.org\/fr\/foi\/\">Versets Bibliques sur la Foi<\/a><\/li><li><a href=\"https:\/\/thebibleverses.org\/fr\/jeunes\/\">Versets Bibliques pour les Jeunes<\/a><\/li><li><a href=\"https:\/\/thebibleverses.org\/fr\/amitie\/\">Versets Bibliques sur l\u2019Amiti\u00e9<\/a><\/li><li><a href=\"https:\/\/thebibleverses.org\/fr\/guerison\/\">Versets Bibliques sur la Gu\u00e9rison<\/a><\/li><\/ul>\n","protected":false},"excerpt":{"rendered":"<p>2 Chroniques 7:14 Si alors mon peuple qui est appel\u00e9 de mon nom s\u2019humilie, prie et recherche ma gr\u00e2ce, s\u2019il se d\u00e9tourne de sa mauvaise conduite, moi, je l\u2019\u00e9couterai du ciel, je lui pardonnerai ses p\u00e9ch\u00e9s et je gu\u00e9rirai son pays. Psaumes 10:17 Eternel, tu entends |les attentes des afflig\u00e9s. Tu leur redonnes du courage [&hellip;]<\/p>\n","protected":false},"author":1,"featured_media":121,"parent":0,"menu_order":0,"comment_status":"open","ping_status":"closed","template":"","meta":{"footnotes":""},"class_list":["post-120","page","type-page","status-publish","has-post-thumbnail","hentry","entry","fw-tab-6 fw-tabr-4"],"_links":{"self":[{"href":"https:\/\/thebibleverses.org\/fr\/wp-json\/wp\/v2\/pages\/120","targetHints":{"allow":["GET"]}}],"collection":[{"href":"https:\/\/thebibleverses.org\/fr\/wp-json\/wp\/v2\/pages"}],"about":[{"href":"https:\/\/thebibleverses.org\/fr\/wp-json\/wp\/v2\/types\/page"}],"author":[{"embeddable":true,"href":"https:\/\/thebibleverses.org\/fr\/wp-json\/wp\/v2\/users\/1"}],"replies":[{"embeddable":true,"href":"https:\/\/thebibleverses.org\/fr\/wp-json\/wp\/v2\/comments?post=120"}],"version-history":[{"count":0,"href":"https:\/\/thebibleverses.org\/fr\/wp-json\/wp\/v2\/pages\/120\/revisions"}],"wp:featuredmedia":[{"embeddable":true,"href":"https:\/\/thebibleverses.org\/fr\/wp-json\/wp\/v2\/media\/121"}],"wp:attachment":[{"href":"https:\/\/thebibleverses.org\/fr\/wp-json\/wp\/v2\/media?parent=120"}],"curies":[{"name":"wp","href":"https:\/\/api.w.org\/{rel}","templated":true}]}}