{"id":117,"date":"2022-07-11T23:28:23","date_gmt":"2022-07-11T21:28:23","guid":{"rendered":"https:\/\/thebibleverses.org\/fr\/?page_id=117"},"modified":"2022-10-11T22:49:36","modified_gmt":"2022-10-11T20:49:36","slug":"grace","status":"publish","type":"page","link":"https:\/\/thebibleverses.org\/fr\/grace\/","title":{"rendered":"25 Versets Bibliques sur la Gr\u00e2ce de Dieu"},"content":{"rendered":"<div class=\"wp-block-image\">\n<figure class=\"aligncenter size-large\"><img decoding=\"async\" width=\"1024\" height=\"631\" data-src=\"https:\/\/thebibleverses.org\/fr\/wp-content\/uploads\/2022\/07\/Versets-Bibliques-sur-la-Grace-1024x631.webp\" alt=\"Versets Bibliques sur la Gr\u00e2ce\" class=\"wp-image-118 lazyload\" data-srcset=\"https:\/\/thebibleverses.org\/fr\/wp-content\/uploads\/2022\/07\/Versets-Bibliques-sur-la-Grace-1024x631.webp 1024w, https:\/\/thebibleverses.org\/fr\/wp-content\/uploads\/2022\/07\/Versets-Bibliques-sur-la-Grace-300x185.webp 300w, https:\/\/thebibleverses.org\/fr\/wp-content\/uploads\/2022\/07\/Versets-Bibliques-sur-la-Grace-768x474.webp 768w, https:\/\/thebibleverses.org\/fr\/wp-content\/uploads\/2022\/07\/Versets-Bibliques-sur-la-Grace-320x197.webp 320w, https:\/\/thebibleverses.org\/fr\/wp-content\/uploads\/2022\/07\/Versets-Bibliques-sur-la-Grace-450x278.webp 450w, https:\/\/thebibleverses.org\/fr\/wp-content\/uploads\/2022\/07\/Versets-Bibliques-sur-la-Grace-720x444.webp 720w, https:\/\/thebibleverses.org\/fr\/wp-content\/uploads\/2022\/07\/Versets-Bibliques-sur-la-Grace.webp 1200w\" data-sizes=\"(max-width: 1024px) 100vw, 1024px\" src=\"data:image\/svg+xml;base64,PHN2ZyB3aWR0aD0iMSIgaGVpZ2h0PSIxIiB4bWxucz0iaHR0cDovL3d3dy53My5vcmcvMjAwMC9zdmciPjwvc3ZnPg==\" style=\"--smush-placeholder-width: 1024px; --smush-placeholder-aspect-ratio: 1024\/631;\" \/><figcaption>Versets Bibliques sur la Gr\u00e2ce &#8211; La Bible du Semeur (BDS).<\/figcaption><\/figure><\/div>\n\n\n<h2 class=\"wp-block-heading\">Gen\u00e8se 6:8<\/h2>\n\n\n\n<p>Mais No\u00e9 trouva gr\u00e2ce aux yeux de l&rsquo;\u00c9ternel.<\/p>\n\n\n\n<h2 class=\"wp-block-heading\">Psaumes 45:2<\/h2>\n\n\n\n<p>Tu es le plus beau des fils de l&rsquo;homme, La gr\u00e2ce est r\u00e9pandue sur tes l\u00e8vres: C&rsquo;est pourquoi Dieu t&rsquo;a b\u00e9ni pour toujours.<\/p>\n\n\n\n<h2 class=\"wp-block-heading\">Jean 1:14<\/h2>\n\n\n\n<p>Celui qui est la Parole est devenu homme et il a v\u00e9cu parmi nous. Nous avons contempl\u00e9 sa gloire, la gloire du Fils unique envoy\u00e9 par son P\u00e8re\u202f: pl\u00e9nitude de gr\u00e2ce et de v\u00e9rit\u00e9\u202f!<\/p>\n\n\n\n<h2 class=\"wp-block-heading\">Jean 1:16<\/h2>\n\n\n\n<p>Nous avons tous \u00e9t\u00e9 combl\u00e9s de ses richesses. Il a d\u00e9vers\u00e9 sur nous une gr\u00e2ce apr\u00e8s l\u2019autre.<\/p>\n\n\n\n<h2 class=\"wp-block-heading\">Jean 1:17<\/h2>\n\n\n\n<p>En effet, si la Loi nous a \u00e9t\u00e9 donn\u00e9e par Mo\u00efse, la gr\u00e2ce et la v\u00e9rit\u00e9 sont venues par J\u00e9sus-Christ.<\/p>\n\n\n\n<h2 class=\"wp-block-heading\">Actes 6:8<\/h2>\n\n\n\n<p>Etienne \u00e9tait rempli de la gr\u00e2ce et de la puissance divines et accomplissait de grands prodiges et des signes miraculeux au milieu du peuple.<\/p>\n\n\n\n<h2 class=\"wp-block-heading\">Romains 3:24<\/h2>\n\n\n\n<p>Et ils sont d\u00e9clar\u00e9s justes par sa gr\u00e2ce\u202f; c\u2019est un don que Dieu leur fait par le moyen de la d\u00e9livrance apport\u00e9e par J\u00e9sus-Christ.<\/p>\n\n\n\n<h2 class=\"wp-block-heading\">Romains 5:17<\/h2>\n\n\n\n<p>Car si, par la faute commise par un seul homme, la mort a r\u00e9gn\u00e9 \u00e0 cause de ce seul homme, \u00e0 bien plus forte raison ceux qui re\u00e7oivent l\u2019abondance de la gr\u00e2ce qu\u2019est le don de la justification r\u00e9gneront-ils dans la vie par J\u00e9sus-Christ, lui seul.<\/p>\n\n\n\n<h2 class=\"wp-block-heading\">Romains 5:20<\/h2>\n\n\n\n<p>Quant \u00e0 la Loi, elle est intervenue pour que le p\u00e9ch\u00e9 prolif\u00e8re. Mais l\u00e0 o\u00f9 le p\u00e9ch\u00e9 a prolif\u00e9r\u00e9, la gr\u00e2ce a surabond\u00e9<\/p>\n\n\n\n<h2 class=\"wp-block-heading\">Romains 6:15<\/h2>\n\n\n\n<p>Mais quoi\u202f? Allons-nous encore p\u00e9cher sous pr\u00e9texte que nous ne sommes pas sous le r\u00e9gime de la Loi, mais sous celui de la gr\u00e2ce\u202f? Loin de l\u00e0\u202f!<\/p>\n\n\n\n<h2 class=\"wp-block-heading\">2 Corinthiens 8:9<\/h2>\n\n\n\n<p>Car vous savez comment notre Seigneur J\u00e9sus-Christ a manifest\u00e9 sa gr\u00e2ce envers nous\u202f: lui qui \u00e9tait riche, il s\u2019est fait pauvre pour vous afin que par sa pauvret\u00e9 vous soyez enrichis.<\/p>\n\n\n\n<h2 class=\"wp-block-heading\">2 Corinthiens 12:9<\/h2>\n\n\n\n<p>Mais il m\u2019a r\u00e9pondu\u202f: \u00ab Ma gr\u00e2ce te suffit, c\u2019est dans la faiblesse que ma puissance se manifeste pleinement. \u00bb C\u2019est pourquoi je me vanterai plut\u00f4t de mes faiblesses, afin que la puissance de Christ repose sur moi.<\/p>\n\n\n\n<h2 class=\"wp-block-heading\">Galates 1:15<\/h2>\n\n\n\n<p>Mais Dieu m\u2019avait mis \u00e0 part d\u00e8s avant ma naissance et, dans sa gr\u00e2ce, il m\u2019a appel\u00e9 \u00e0 le conna\u00eetre.<\/p>\n\n\n\n<h2 class=\"wp-block-heading\">Galates 2:21<\/h2>\n\n\n\n<p>Ainsi, je ne rejette pas la gr\u00e2ce de Dieu car si c\u2019est l\u2019ob\u00e9issance \u00e0 la Loi qui permet d\u2019\u00eatre d\u00e9clar\u00e9 juste, alors Christ est mort pour rien\u202f!<\/p>\n\n\n\n<h2 class=\"wp-block-heading\">\u00c9ph\u00e9siens 2:4-5<\/h2>\n\n\n\n<p>Mais Dieu est riche en bont\u00e9. Aussi, \u00e0 cause du grand amour dont il nous a aim\u00e9s, alors que nous \u00e9tions morts \u00e0 cause de nos fautes, il nous a fait revivre les uns et les autres avec Christ. \u2013\u2006C\u2019est par la gr\u00e2ce que vous \u00eates sauv\u00e9s.\u2006<\/p>\n\n\n\n<h2 class=\"wp-block-heading\">\u00c9ph\u00e9siens 2:8<\/h2>\n\n\n\n<p>Car c\u2019est par gr\u00e2ce que vous \u00eates sauv\u00e9s, par le moyen de la foi. Cela ne vient pas de vous, c\u2019est un don de Dieu.<\/p>\n\n\n\n<h2 class=\"wp-block-heading\">\u00c9ph\u00e9siens 3:8<\/h2>\n\n\n\n<p>Oui, c\u2019est \u00e0 moi, le plus petit de tous les membres du peuple saint, que Dieu a fait cette gr\u00e2ce d\u2019annoncer aux non-Juifs les richesses insondables de Christ.<\/p>\n\n\n\n<h2 class=\"wp-block-heading\">\u00c9ph\u00e9siens 4:7<\/h2>\n\n\n\n<p>Cependant, chacun de nous a re\u00e7u la gr\u00e2ce de Dieu selon la part que Christ lui donne dans son \u0153uvre.<\/p>\n\n\n\n<h2 class=\"wp-block-heading\">2 Thessaloniciens 2:16<\/h2>\n\n\n\n<p>Notre Seigneur J\u00e9sus-Christ lui-m\u00eame, et Dieu, notre P\u00e8re, nous ont t\u00e9moign\u00e9 tant d\u2019amour, et, par gr\u00e2ce, nous ont donn\u00e9 une source \u00e9ternelle de r\u00e9confort et une bonne esp\u00e9rance.<\/p>\n\n\n\n<h2 class=\"wp-block-heading\">1 Timoth\u00e9e 1:14<\/h2>\n\n\n\n<p>Dans la surabondance de sa gr\u00e2ce, notre Seigneur a fait na\u00eetre en moi la foi et l\u2019amour que l\u2019on trouve dans l\u2019union avec J\u00e9sus-Christ.<\/p>\n\n\n\n<h2 class=\"wp-block-heading\">2 Timoth\u00e9e 1:9<\/h2>\n\n\n\n<p>C\u2019est lui qui nous a sauv\u00e9s et nous a appel\u00e9s \u00e0 mener une vie sainte. Et s\u2019il l\u2019a fait, ce n\u2019est pas \u00e0 cause de ce que nous avons fait, mais bien parce qu\u2019il en avait librement d\u00e9cid\u00e9 ainsi, \u00e0 cause de sa gr\u00e2ce. Cette gr\u00e2ce, il nous l\u2019a donn\u00e9e de toute \u00e9ternit\u00e9 en J\u00e9sus-Christ.<\/p>\n\n\n\n<h2 class=\"wp-block-heading\">Tite 2:11-13<\/h2>\n\n\n\n<p>En effet, la gr\u00e2ce de Dieu s\u2019est r\u00e9v\u00e9l\u00e9e comme une source de salut pour tous les hommes. Elle nous \u00e9duque et nous am\u00e8ne \u00e0 nous d\u00e9tourner de tout m\u00e9pris de Dieu et \u00e0 rejeter les passions des gens de ce monde. Ainsi nous pourrons mener, dans le temps pr\u00e9sent, une vie \u00e9quilibr\u00e9e, juste et empreinte de pi\u00e9t\u00e9, en attendant que se r\u00e9alise notre bienheureuse esp\u00e9rance\u202f: la r\u00e9v\u00e9lation de la gloire de J\u00e9sus-Christ, notre grand Dieu et Sauveur.<\/p>\n\n\n\n<h2 class=\"wp-block-heading\">Tite 3:7<\/h2>\n\n\n\n<p>Il l\u2019a fait pour que, d\u00e9clar\u00e9s justes par sa gr\u00e2ce, nous devenions h\u00e9ritiers, selon notre esp\u00e9rance de la vie \u00e9ternelle.<\/p>\n\n\n\n<h2 class=\"wp-block-heading\">H\u00e9breux 4:16<\/h2>\n\n\n\n<p>Approchons-nous donc du tr\u00f4ne du Dieu de gr\u00e2ce avec une pleine assurance. L\u00e0, Dieu nous accordera sa bont\u00e9 et nous donnera sa gr\u00e2ce pour que nous soyons secourus au bon moment.<\/p>\n\n\n\n<h2 class=\"wp-block-heading\">1 Pierre 1:10<\/h2>\n\n\n\n<p>Ce salut a fait l\u2019objet des recherches et des investigations des proph\u00e8tes qui ont annonc\u00e9 d\u2019avance la gr\u00e2ce qui vous \u00e9tait destin\u00e9e.<\/p>\n\n\n\n<h2 class=\"wp-block-heading\">Lire Aussi:<\/h2>\n\n\n\n<ul class=\"wp-block-list\"><li><a href=\"https:\/\/thebibleverses.org\/fr\/\">Versets Bibliques par Sujets<\/a><\/li><li><a href=\"https:\/\/thebibleverses.org\/fr\/amour\/\">Versets Bibliques sur l\u2019Amour<\/a><\/li><li><a href=\"https:\/\/thebibleverses.org\/fr\/force\/\">Versets Bibliques sur la Force<\/a><\/li><li><a href=\"https:\/\/thebibleverses.org\/fr\/foi\/\">Versets Bibliques sur la Foi<\/a><\/li><li><a href=\"https:\/\/thebibleverses.org\/fr\/jeunes\/\">Versets Bibliques pour les Jeunes<\/a><\/li><li><a href=\"https:\/\/thebibleverses.org\/fr\/amitie\/\">Versets Bibliques sur l\u2019Amiti\u00e9<\/a><\/li><li><a href=\"https:\/\/thebibleverses.org\/fr\/guerison\/\">Versets Bibliques sur la Gu\u00e9rison<\/a><\/li><\/ul>\n","protected":false},"excerpt":{"rendered":"<p>Gen\u00e8se 6:8 Mais No\u00e9 trouva gr\u00e2ce aux yeux de l&rsquo;\u00c9ternel. Psaumes 45:2 Tu es le plus beau des fils de l&rsquo;homme, La gr\u00e2ce est r\u00e9pandue sur tes l\u00e8vres: C&rsquo;est pourquoi Dieu t&rsquo;a b\u00e9ni pour toujours. Jean 1:14 Celui qui est la Parole est devenu homme et il a v\u00e9cu parmi nous. Nous avons contempl\u00e9 sa [&hellip;]<\/p>\n","protected":false},"author":1,"featured_media":118,"parent":0,"menu_order":0,"comment_status":"open","ping_status":"closed","template":"","meta":{"footnotes":""},"class_list":["post-117","page","type-page","status-publish","has-post-thumbnail","hentry","entry","fw-tab-6 fw-tabr-4"],"_links":{"self":[{"href":"https:\/\/thebibleverses.org\/fr\/wp-json\/wp\/v2\/pages\/117","targetHints":{"allow":["GET"]}}],"collection":[{"href":"https:\/\/thebibleverses.org\/fr\/wp-json\/wp\/v2\/pages"}],"about":[{"href":"https:\/\/thebibleverses.org\/fr\/wp-json\/wp\/v2\/types\/page"}],"author":[{"embeddable":true,"href":"https:\/\/thebibleverses.org\/fr\/wp-json\/wp\/v2\/users\/1"}],"replies":[{"embeddable":true,"href":"https:\/\/thebibleverses.org\/fr\/wp-json\/wp\/v2\/comments?post=117"}],"version-history":[{"count":0,"href":"https:\/\/thebibleverses.org\/fr\/wp-json\/wp\/v2\/pages\/117\/revisions"}],"wp:featuredmedia":[{"embeddable":true,"href":"https:\/\/thebibleverses.org\/fr\/wp-json\/wp\/v2\/media\/118"}],"wp:attachment":[{"href":"https:\/\/thebibleverses.org\/fr\/wp-json\/wp\/v2\/media?parent=117"}],"curies":[{"name":"wp","href":"https:\/\/api.w.org\/{rel}","templated":true}]}}