{"id":114,"date":"2022-07-11T23:19:35","date_gmt":"2022-07-11T21:19:35","guid":{"rendered":"https:\/\/thebibleverses.org\/fr\/?page_id=114"},"modified":"2022-10-11T23:56:48","modified_gmt":"2022-10-11T21:56:48","slug":"force","status":"publish","type":"page","link":"https:\/\/thebibleverses.org\/fr\/force\/","title":{"rendered":"30 Versets Bibliques sur la Force"},"content":{"rendered":"<div class=\"wp-block-image\">\n<figure class=\"aligncenter size-large\"><img decoding=\"async\" width=\"1024\" height=\"631\" data-src=\"https:\/\/thebibleverses.org\/fr\/wp-content\/uploads\/2022\/07\/Versets-Bibliques-sur-la-Force-1024x631.webp\" alt=\"Versets Bibliques sur la Force\" class=\"wp-image-115 lazyload\" data-srcset=\"https:\/\/thebibleverses.org\/fr\/wp-content\/uploads\/2022\/07\/Versets-Bibliques-sur-la-Force-1024x631.webp 1024w, https:\/\/thebibleverses.org\/fr\/wp-content\/uploads\/2022\/07\/Versets-Bibliques-sur-la-Force-300x185.webp 300w, https:\/\/thebibleverses.org\/fr\/wp-content\/uploads\/2022\/07\/Versets-Bibliques-sur-la-Force-768x474.webp 768w, https:\/\/thebibleverses.org\/fr\/wp-content\/uploads\/2022\/07\/Versets-Bibliques-sur-la-Force-320x197.webp 320w, https:\/\/thebibleverses.org\/fr\/wp-content\/uploads\/2022\/07\/Versets-Bibliques-sur-la-Force-450x278.webp 450w, https:\/\/thebibleverses.org\/fr\/wp-content\/uploads\/2022\/07\/Versets-Bibliques-sur-la-Force-720x444.webp 720w, https:\/\/thebibleverses.org\/fr\/wp-content\/uploads\/2022\/07\/Versets-Bibliques-sur-la-Force.webp 1200w\" data-sizes=\"(max-width: 1024px) 100vw, 1024px\" src=\"data:image\/svg+xml;base64,PHN2ZyB3aWR0aD0iMSIgaGVpZ2h0PSIxIiB4bWxucz0iaHR0cDovL3d3dy53My5vcmcvMjAwMC9zdmciPjwvc3ZnPg==\" style=\"--smush-placeholder-width: 1024px; --smush-placeholder-aspect-ratio: 1024\/631;\" \/><figcaption>Versets Bibliques sur la Force &#8211; La Bible du Semeur (BDS).<\/figcaption><\/figure><\/div>\n\n\n<h2 class=\"wp-block-heading\">Gen\u00e8se 28:15<\/h2>\n\n\n\n<p>Et voici\u202f: je suis moi-m\u00eame avec toi, je te garderai partout o\u00f9 tu iras\u202f; et je te ferai revenir vers cette r\u00e9gion\u202f; je ne t\u2019abandonnerai pas mais j\u2019accomplirai ce que je t\u2019ai promis.<\/p>\n\n\n\n<h2 class=\"wp-block-heading\">Exode 15:2<\/h2>\n\n\n\n<p>L\u2019Eternel est ma force, |il est le sujet de mes chants, il m\u2019a sauv\u00e9, il est mon Dieu, je le louerai et je l\u2019exalterai, |lui, le Dieu de mon p\u00e8re.<\/p>\n\n\n\n<h2 class=\"wp-block-heading\">Psaumes 18:3<\/h2>\n\n\n\n<p>L\u2019Eternel est ma forteresse, |mon rocher, mon lib\u00e9rateur. Il est mon Dieu, le roc solide |o\u00f9 je me r\u00e9fugie. Il est mon Sauveur tout-puissant, |mon rempart et mon bouclier.<\/p>\n\n\n\n<h2 class=\"wp-block-heading\">Deut\u00e9ronome 31:6<\/h2>\n\n\n\n<p>Prenez courage, tenez bon\u202f! Ne craignez rien et ne vous laissez pas effrayer par eux, car l\u2019Eternel votre Dieu marche lui-m\u00eame avec vous, il ne vous d\u00e9laissera pas et ne vous abandonnera pas.<\/p>\n\n\n\n<h2 class=\"wp-block-heading\">Psaumes 27:1<\/h2>\n\n\n\n<p>Oui, l\u2019Eternel est ma lumi\u00e8re |et mon Sauveur\u202f: de qui aurais-je crainte\u202f? L\u2019Eternel est ma forteresse\u202f: |il prot\u00e8ge ma vie\u202f; de qui aurais-je peur\u202f?<\/p>\n\n\n\n<h2 class=\"wp-block-heading\">Josu\u00e9 1:9<\/h2>\n\n\n\n<p>Je t\u2019ai donn\u00e9 cet ordre\u202f: Prends courage et tiens bon, ne crains rien et ne te laisse pas effrayer, car moi, l\u2019Eternel ton Dieu, je serai avec toi pour tout ce que tu entreprendras.<\/p>\n\n\n\n<h2 class=\"wp-block-heading\">Psaumes 28:7-8<\/h2>\n\n\n\n<p>L\u2019Eternel est ma force, |mon bouclier. En lui je me confie\u202f; |il vient \u00e0 mon secours. Aussi mon c\u0153ur bondit de joie. Je veux chanter pour le louer. L\u2019Eternel est la force |de tous les siens, il est la forteresse |o\u00f9 le roi qui a re\u00e7u l\u2019onction de sa part |trouve la d\u00e9livrance.<\/p>\n\n\n\n<h2 class=\"wp-block-heading\">2 Samuel 22:3<\/h2>\n\n\n\n<p>Dieu est mon roc solide |o\u00f9 je me r\u00e9fugie. Il est mon Sauveur tout-puissant, |mon rempart et mon bouclier. Mon asile est en lui. Toi, mon Sauveur, tu me d\u00e9livres |des hommes violents.<\/p>\n\n\n\n<h2 class=\"wp-block-heading\">2 Samuel 22:33<\/h2>\n\n\n\n<p>C\u2019est en toi, Eternel, |que je cherche un refuge. Que jamais cela ne tourne \u00e0 ma confusion\u202f! Toi qui es juste, |d\u00e9livre-moi, tends l\u2019oreille vers moi\u202f! Viens vite\u202f! Viens me d\u00e9livrer\u202f! Sois pour moi un rocher |entour\u00e9 de murailles, |une solide forteresse o\u00f9 je trouverai le salut\u202f! Oui, tu es pour moi un rocher, |et une forteresse\u202f: \u00e0 cause de ce que tu es, |toi, tu me guideras |et tu me conduiras.<\/p>\n\n\n\n<h2 class=\"wp-block-heading\">\u00c9sa\u00efe 12:2<\/h2>\n\n\n\n<p>Oui, Dieu est mon Sauveur, je me confie en lui |et je n\u2019ai plus de crainte, car l\u2019Eternel, |l\u2019Eternel est ma force, |il est le sujet de mes chants, il m\u2019a sauv\u00e9.<\/p>\n\n\n\n<h2 class=\"wp-block-heading\">Psaumes 37:39<\/h2>\n\n\n\n<p>Le salut des justes |vient de l\u2019Eternel, et il est leur forteresse |aux jours de d\u00e9tresse.<\/p>\n\n\n\n<h2 class=\"wp-block-heading\">\u00c9sa\u00efe 26:4<\/h2>\n\n\n\n<p>Placez votre confiance |toujours en l\u2019Eternel, car l\u2019Eternel est le rocher |de toute \u00e9ternit\u00e9.<\/p>\n\n\n\n<h2 class=\"wp-block-heading\">Psaumes 46:2<\/h2>\n\n\n\n<p>Dieu est pour nous un rempart, |il est un refuge, un secours toujours offert |lorsque survient la d\u00e9tresse.<\/p>\n\n\n\n<h2 class=\"wp-block-heading\">\u00c9sa\u00efe 40:29<\/h2>\n\n\n\n<p>Il donne de la force |\u00e0 qui est las et il augmente la vigueur |de celui qui est \u00e9puis\u00e9.<\/p>\n\n\n\n<h2 class=\"wp-block-heading\">Psaumes 59:17-18<\/h2>\n\n\n\n<p>Moi, je chanterai ta force et, d\u00e8s le matin, |j\u2019acclamerai ton amour, car tu es pour moi |une forteresse, tu es mon refuge |quand je suis dans la d\u00e9tresse\u202f! Je veux donc te c\u00e9l\u00e9brer |par mes chants, |toi qui es ma force. Oui, Dieu est ma forteresse\u202f: |c\u2019est un Dieu qui m\u2019aime.<\/p>\n\n\n\n<h2 class=\"wp-block-heading\">\u00c9sa\u00efe 40:31<\/h2>\n\n\n\n<p>Mais ceux qui comptent |sur l\u2019Eternel |renouvellent leur force\u202f: ils prennent leur envol |comme de jeunes aigles\u202f; sans se lasser, ils courent, ils marchent en avant, |et ne s\u2019\u00e9puisent pas.<\/p>\n\n\n\n<h2 class=\"wp-block-heading\">Psaumes 71:3<\/h2>\n\n\n\n<p>Sois le rocher |o\u00f9 je trouve un refuge, o\u00f9 je peux acc\u00e9der |\u00e0 tout moment, o\u00f9 tu as r\u00e9solu |de me sauver\u202f! Car tu es mon rocher, |ma forteresse.<\/p>\n\n\n\n<h2 class=\"wp-block-heading\">\u00c9sa\u00efe 41:10<\/h2>\n\n\n\n<p>Ne sois pas effray\u00e9, car je suis avec toi\u202f; ne sois pas angoiss\u00e9, car moi je suis ton Dieu.<br>Je t\u2019affermis, je viens \u00e0 ton secours, pour s\u00fbr, je te soutiens |de mon bras droit |qui fait justice.<\/p>\n\n\n\n<h2 class=\"wp-block-heading\">Psaumes 81:2<\/h2>\n\n\n\n<p>Lancez des cris d\u2019all\u00e9gresse |vers Dieu notre force\u202f! Acclamez joyeusement |le Dieu de Jacob\u202f!<\/p>\n\n\n\n<h2 class=\"wp-block-heading\">\u00c9sa\u00efe 43:1<\/h2>\n\n\n\n<p>Maintenant, l\u2019Eternel |qui t\u2019a cr\u00e9\u00e9, |\u00f4 peuple de Jacob, et qui t\u2019a fa\u00e7onn\u00e9, |\u00f4 Isra\u00ebl, te d\u00e9clare ceci\u202f: Ne sois pas effray\u00e9 car je t\u2019ai d\u00e9livr\u00e9, je t\u2019ai appel\u00e9 par ton nom, tu es \u00e0 moi.<\/p>\n\n\n\n<h2 class=\"wp-block-heading\">J\u00e9r\u00e9mie 16:19<\/h2>\n\n\n\n<p>Eternel, toi ma force, |mon rempart, toi, mon refuge, |au temps de la d\u00e9tresse, les peuples \u00e9trangers |viendront \u00e0 toi des confins de la terre en proclamant\u202f: Nos p\u00e8res n\u2019ont eu en partage |que des idoles mensong\u00e8res, des divinit\u00e9s inutiles |qui ne servent \u00e0 rien.<\/p>\n\n\n\n<h2 class=\"wp-block-heading\">Psaumes 118:14<\/h2>\n\n\n\n<p>L\u2019Eternel est ma force, |il est le sujet de mes chants\u202f; il m\u2019a sauv\u00e9.<\/p>\n\n\n\n<h2 class=\"wp-block-heading\">Nahum 1:7<\/h2>\n\n\n\n<p>Mais l\u2019Eternel est bon, il est un s\u00fbr abri |au jour de la d\u00e9tresse, et il prend soin de ceux |qui se confient en lui.<\/p>\n\n\n\n<h2 class=\"wp-block-heading\">Habacuc 3:19<\/h2>\n\n\n\n<p>L\u2019Eternel, le Seigneur, |c\u2019est lui ma force\u202f: il rend mes pieds pareils |\u00e0 ceux des biches, il me fait cheminer |sur les lieux \u00e9lev\u00e9s.<\/p>\n\n\n\n<h2 class=\"wp-block-heading\">Psaumes 144:2<\/h2>\n\n\n\n<p>Il me t\u00e9moigne son amour, |il est ma forteresse et mon refuge\u202f: |c\u2019est lui qui me lib\u00e8re. Il est mon bouclier |o\u00f9 je trouve un abri, il me soumet mon peuple.<\/p>\n\n\n\n<h2 class=\"wp-block-heading\">2 Corinthiens 12:9<\/h2>\n\n\n\n<p>Mais il m\u2019a r\u00e9pondu\u202f: \u00ab Ma gr\u00e2ce te suffit, c\u2019est dans la faiblesse que ma puissance se manifeste pleinement. \u00bb C\u2019est pourquoi je me vanterai plut\u00f4t de mes faiblesses, afin que la puissance de Christ repose sur moi.<\/p>\n\n\n\n<h2 class=\"wp-block-heading\">\u00c9ph\u00e9siens 6:10<\/h2>\n\n\n\n<p>Pour conclure\u202f: puisez votre force dans le Seigneur et dans sa grande puissance.<\/p>\n\n\n\n<h2 class=\"wp-block-heading\">Philippiens 4:13<\/h2>\n\n\n\n<p>Je peux tout, gr\u00e2ce \u00e0 celui qui me fortifie.<\/p>\n\n\n\n<h2 class=\"wp-block-heading\">2 Timoth\u00e9e 2:1<\/h2>\n\n\n\n<p>Toi donc, mon enfant, puise tes forces dans la gr\u00e2ce qui nous est accord\u00e9e dans l\u2019union avec J\u00e9sus-Christ.<\/p>\n\n\n\n<h2 class=\"wp-block-heading\">Lire Aussi:<\/h2>\n\n\n\n<ul class=\"wp-block-list\"><li><a href=\"https:\/\/thebibleverses.org\/fr\/\">Versets Bibliques par Sujets<\/a><\/li><li><a href=\"https:\/\/thebibleverses.org\/fr\/amour\/\">Versets Bibliques sur l\u2019Amour<\/a><\/li><li><a href=\"https:\/\/thebibleverses.org\/fr\/encouragement\/\">Versets Bibliques d\u2019Encouragement<\/a><\/li><li><a href=\"https:\/\/thebibleverses.org\/fr\/foi\/\">Versets Bibliques sur la Foi<\/a><\/li><li><a href=\"https:\/\/thebibleverses.org\/fr\/jeunes\/\">Versets Bibliques pour les Jeunes<\/a><\/li><li><a href=\"https:\/\/thebibleverses.org\/fr\/amitie\/\">Versets Bibliques sur l\u2019Amiti\u00e9<\/a><\/li><li><a href=\"https:\/\/thebibleverses.org\/fr\/guerison\/\">Versets Bibliques sur la Gu\u00e9rison<\/a><\/li><\/ul>\n","protected":false},"excerpt":{"rendered":"<p>Gen\u00e8se 28:15 Et voici\u202f: je suis moi-m\u00eame avec toi, je te garderai partout o\u00f9 tu iras\u202f; et je te ferai revenir vers cette r\u00e9gion\u202f; je ne t\u2019abandonnerai pas mais j\u2019accomplirai ce que je t\u2019ai promis. Exode 15:2 L\u2019Eternel est ma force, |il est le sujet de mes chants, il m\u2019a sauv\u00e9, il est mon Dieu, [&hellip;]<\/p>\n","protected":false},"author":1,"featured_media":115,"parent":0,"menu_order":0,"comment_status":"open","ping_status":"closed","template":"","meta":{"footnotes":""},"class_list":["post-114","page","type-page","status-publish","has-post-thumbnail","hentry","entry","fw-tab-6 fw-tabr-4"],"_links":{"self":[{"href":"https:\/\/thebibleverses.org\/fr\/wp-json\/wp\/v2\/pages\/114","targetHints":{"allow":["GET"]}}],"collection":[{"href":"https:\/\/thebibleverses.org\/fr\/wp-json\/wp\/v2\/pages"}],"about":[{"href":"https:\/\/thebibleverses.org\/fr\/wp-json\/wp\/v2\/types\/page"}],"author":[{"embeddable":true,"href":"https:\/\/thebibleverses.org\/fr\/wp-json\/wp\/v2\/users\/1"}],"replies":[{"embeddable":true,"href":"https:\/\/thebibleverses.org\/fr\/wp-json\/wp\/v2\/comments?post=114"}],"version-history":[{"count":0,"href":"https:\/\/thebibleverses.org\/fr\/wp-json\/wp\/v2\/pages\/114\/revisions"}],"wp:featuredmedia":[{"embeddable":true,"href":"https:\/\/thebibleverses.org\/fr\/wp-json\/wp\/v2\/media\/115"}],"wp:attachment":[{"href":"https:\/\/thebibleverses.org\/fr\/wp-json\/wp\/v2\/media?parent=114"}],"curies":[{"name":"wp","href":"https:\/\/api.w.org\/{rel}","templated":true}]}}