{"id":110,"date":"2022-07-06T18:09:39","date_gmt":"2022-07-06T16:09:39","guid":{"rendered":"https:\/\/thebibleverses.org\/fr\/?page_id=110"},"modified":"2022-10-11T23:58:25","modified_gmt":"2022-10-11T21:58:25","slug":"foi","status":"publish","type":"page","link":"https:\/\/thebibleverses.org\/fr\/foi\/","title":{"rendered":"50 Versets Bibliques sur La Foi"},"content":{"rendered":"<div class=\"wp-block-image\">\n<figure class=\"aligncenter size-large\"><img decoding=\"async\" width=\"1024\" height=\"631\" data-src=\"https:\/\/thebibleverses.org\/fr\/wp-content\/uploads\/2022\/07\/Versets-Bibliques-sur-La-Foi-1024x631.webp\" alt=\"Versets Bibliques sur La Foi\" class=\"wp-image-111 lazyload\" data-srcset=\"https:\/\/thebibleverses.org\/fr\/wp-content\/uploads\/2022\/07\/Versets-Bibliques-sur-La-Foi-1024x631.webp 1024w, https:\/\/thebibleverses.org\/fr\/wp-content\/uploads\/2022\/07\/Versets-Bibliques-sur-La-Foi-300x185.webp 300w, https:\/\/thebibleverses.org\/fr\/wp-content\/uploads\/2022\/07\/Versets-Bibliques-sur-La-Foi-768x474.webp 768w, https:\/\/thebibleverses.org\/fr\/wp-content\/uploads\/2022\/07\/Versets-Bibliques-sur-La-Foi-320x197.webp 320w, https:\/\/thebibleverses.org\/fr\/wp-content\/uploads\/2022\/07\/Versets-Bibliques-sur-La-Foi-450x278.webp 450w, https:\/\/thebibleverses.org\/fr\/wp-content\/uploads\/2022\/07\/Versets-Bibliques-sur-La-Foi-720x444.webp 720w, https:\/\/thebibleverses.org\/fr\/wp-content\/uploads\/2022\/07\/Versets-Bibliques-sur-La-Foi.webp 1200w\" data-sizes=\"(max-width: 1024px) 100vw, 1024px\" src=\"data:image\/svg+xml;base64,PHN2ZyB3aWR0aD0iMSIgaGVpZ2h0PSIxIiB4bWxucz0iaHR0cDovL3d3dy53My5vcmcvMjAwMC9zdmciPjwvc3ZnPg==\" style=\"--smush-placeholder-width: 1024px; --smush-placeholder-aspect-ratio: 1024\/631;\" \/><figcaption>Versets Bibliques sur La Foi &#8211; La Bible du Semeur (BDS).<\/figcaption><\/figure><\/div>\n\n\n<h2 class=\"wp-block-heading\">H\u00e9breux 11:1<\/h2>\n\n\n\n<p>La foi est une fa\u00e7on de poss\u00e9der ce qu\u2019on esp\u00e8re, c\u2019est un moyen d\u2019\u00eatre s\u00fbr des r\u00e9alit\u00e9s qu\u2019on ne voit pas.<\/p>\n\n\n\n<h2 class=\"wp-block-heading\">Romains 10:17<\/h2>\n\n\n\n<p>Donc, la foi na\u00eet du message que l\u2019on entend, et ce message vient par la parole de Christ.<\/p>\n\n\n\n<h2 class=\"wp-block-heading\">2 Corinthiens 5:7<\/h2>\n\n\n\n<p>Car nous vivons guid\u00e9s par la foi, non par la vue.<\/p>\n\n\n\n<h2 class=\"wp-block-heading\">Galates 5:6<\/h2>\n\n\n\n<p>Car pour ceux qui sont unis \u00e0 J\u00e9sus-Christ, ce qui importe, ce n\u2019est pas d\u2019\u00eatre circoncis ou incirconcis, c\u2019est d\u2019avoir la foi, une foi qui agit par amour.<\/p>\n\n\n\n<h2 class=\"wp-block-heading\">H\u00e9breux 11:6<\/h2>\n\n\n\n<p>Or, sans la foi, il est impossible de lui \u00eatre agr\u00e9able. Car celui qui s\u2019approche de Dieu doit croire qu\u2019il existe et qu\u2019il r\u00e9compense ceux qui se tournent vers lui.<\/p>\n\n\n\n<h2 class=\"wp-block-heading\">Romains 1:17<\/h2>\n\n\n\n<p>En effet, cet Evangile nous r\u00e9v\u00e8le en quoi consiste la justice que Dieu accorde\u202f: elle est re\u00e7ue par la foi et rien que par la foi, comme il est dit dans l\u2019Ecriture\u202f: Le juste vivra gr\u00e2ce \u00e0 la foi.<\/p>\n\n\n\n<h2 class=\"wp-block-heading\">\u00c9ph\u00e9siens 2:8<\/h2>\n\n\n\n<p>Car c\u2019est par gr\u00e2ce que vous \u00eates sauv\u00e9s, par le moyen de la foi. Cela ne vient pas de vous, c\u2019est un don de Dieu.<\/p>\n\n\n\n<h2 class=\"wp-block-heading\">Romains 5:1<\/h2>\n\n\n\n<p>Puisque nous avons \u00e9t\u00e9 d\u00e9clar\u00e9s justes en raison de notre foi, nous sommes en paix avec Dieu gr\u00e2ce \u00e0 notre Seigneur J\u00e9sus-Christ.<\/p>\n\n\n\n<h2 class=\"wp-block-heading\">Galates 3:24<\/h2>\n\n\n\n<p>Ainsi, la Loi a \u00e9t\u00e9 comme un gardien charg\u00e9 de nous conduire \u00e0 Christ pour que nous soyons d\u00e9clar\u00e9s justes devant Dieu par la foi.<\/p>\n\n\n\n<h2 class=\"wp-block-heading\">1 Timoth\u00e9e 4:12<\/h2>\n\n\n\n<p>Que personne ne te m\u00e9prise pour ton jeune \u00e2ge, mais efforce-toi d\u2019\u00eatre un mod\u00e8le pour les croyants par tes paroles, ta conduite, ton amour, ta foi et ta puret\u00e9.<\/p>\n\n\n\n<h2 class=\"wp-block-heading\">2 Timoth\u00e9e 4:7<\/h2>\n\n\n\n<p>J\u2019ai combattu le bon combat. J\u2019ai achev\u00e9 ma course. J\u2019ai gard\u00e9 la foi.<\/p>\n\n\n\n<h2 class=\"wp-block-heading\">Jacques 2:17<\/h2>\n\n\n\n<p>Il en est ainsi de la foi\u202f: si elle reste seule, sans se traduire en actes, elle est morte.<\/p>\n\n\n\n<h2 class=\"wp-block-heading\">Galates 3:11<\/h2>\n\n\n\n<p>Il est d\u2019ailleurs \u00e9vident que personne ne sera d\u00e9clar\u00e9 juste devant Dieu gr\u00e2ce \u00e0 son ob\u00e9issance \u00e0 la Loi, puisque l\u2019Ecriture d\u00e9clare\u202f: Le juste vivra gr\u00e2ce \u00e0 la foi.<\/p>\n\n\n\n<h2 class=\"wp-block-heading\">1 Pierre 1:7<\/h2>\n\n\n\n<p>Celles-ci servent \u00e0 \u00e9prouver la valeur de votre foi. Le feu du creuset n\u2019\u00e9prouve-t-il pas l\u2019or qui pourtant dispara\u00eetra un jour\u202f? Pourtant, votre foi qui a r\u00e9sist\u00e9 \u00e0 l\u2019\u00e9preuve a une valeur beaucoup plus pr\u00e9cieuse. Elle vous vaudra louange, gloire et honneur, lorsque J\u00e9sus-Christ appara\u00eetra.<\/p>\n\n\n\n<h2 class=\"wp-block-heading\">1 Jean 5:4<\/h2>\n\n\n\n<p>Car tout ce qui est n\u00e9 de Dieu triomphe du monde, et la victoire qui triomphe du monde, c\u2019est notre foi.<\/p>\n\n\n\n<h2 class=\"wp-block-heading\">1 Jean 5:4<\/h2>\n\n\n\n<p>Car tout ce qui est n\u00e9 de Dieu triomphe du monde, et la victoire qui triomphe du monde, c\u2019est notre foi.<\/p>\n\n\n\n<h2 class=\"wp-block-heading\">Romains 14:1<\/h2>\n\n\n\n<p>Accueillez celui qui est mal affermi dans la foi, sans contester sans cesse ses opinions.<\/p>\n\n\n\n<h2 class=\"wp-block-heading\">1 Corinthiens 2:5<\/h2>\n\n\n\n<p>Ainsi votre foi a \u00e9t\u00e9 fond\u00e9e, non sur la sagesse humaine, mais sur la puissance de Dieu.<\/p>\n\n\n\n<h2 class=\"wp-block-heading\">Luc 17:5<\/h2>\n\n\n\n<p>Les ap\u00f4tres dirent au Seigneur\u202f: Augmente notre foi.<\/p>\n\n\n\n<h2 class=\"wp-block-heading\">Romains 14:23<\/h2>\n\n\n\n<p>Mais celui qui mange tout en ayant des doutes \u00e0 ce sujet est d\u00e9j\u00e0 condamn\u00e9, car son attitude ne d\u00e9coule pas de la foi. Or tout ce qui ne d\u00e9coule pas de la foi est p\u00e9ch\u00e9.<\/p>\n\n\n\n<h2 class=\"wp-block-heading\">Marc 16:16<\/h2>\n\n\n\n<p>Celui qui croira et sera baptis\u00e9 sera sauv\u00e9, mais celui qui ne croira pas sera condamn\u00e9.<\/p>\n\n\n\n<h2 class=\"wp-block-heading\">Jean 1:12<\/h2>\n\n\n\n<p>Certains pourtant l\u2019ont accueilli\u202f; ils ont cru en lui. A tous ceux-l\u00e0, il a accord\u00e9 le privil\u00e8ge de devenir enfants de Dieu.<\/p>\n\n\n\n<h2 class=\"wp-block-heading\">Jean 3:16<\/h2>\n\n\n\n<p>Oui, Dieu a tant aim\u00e9 le monde qu\u2019il a donn\u00e9 son Fils, son unique, pour que tous ceux qui placent leur confiance en lui \u00e9chappent \u00e0 la perdition et qu\u2019ils aient la vie \u00e9ternelle.<\/p>\n\n\n\n<h2 class=\"wp-block-heading\">Jean 3:36<\/h2>\n\n\n\n<p>Qui place sa confiance dans le Fils poss\u00e8de la vie \u00e9ternelle. Qui ne met pas sa confiance dans le Fils ne conna\u00eet pas la vie\u202f; il reste sous le coup de la col\u00e8re de Dieu.<\/p>\n\n\n\n<h2 class=\"wp-block-heading\">Jean 6:40<\/h2>\n\n\n\n<p>Oui, telle est la volont\u00e9 de mon P\u00e8re\u202f: que tous ceux qui tournent leurs regards vers le Fils et qui croient en lui, poss\u00e8dent la vie \u00e9ternelle, et moi, je les ressusciterai au dernier jour.<\/p>\n\n\n\n<h2 class=\"wp-block-heading\">Jean 6:47<\/h2>\n\n\n\n<p>Vraiment, je vous l\u2019assure\u202f: celui qui croit a la vie \u00e9ternelle.<\/p>\n\n\n\n<h2 class=\"wp-block-heading\">Jean 7:38<\/h2>\n\n\n\n<p>Car, comme le dit l\u2019Ecriture, des fleuves d\u2019eau vive jailliront de lui.<\/p>\n\n\n\n<h2 class=\"wp-block-heading\">Jean 11:25<\/h2>\n\n\n\n<p>Moi, je suis la r\u00e9surrection et la vie, lui dit J\u00e9sus. Celui qui place toute sa confiance en moi vivra, m\u00eame s\u2019il meurt.<\/p>\n\n\n\n<h2 class=\"wp-block-heading\">Actes 16:31<\/h2>\n\n\n\n<p>Crois au Seigneur J\u00e9sus, lui r\u00e9pondirent-ils, et tu seras sauv\u00e9\u202f; il en est de m\u00eame pour toi et pour les tiens.<\/p>\n\n\n\n<h2 class=\"wp-block-heading\">Philippiens 3:9<\/h2>\n\n\n\n<p>Mon d\u00e9sir est d\u2019\u00eatre trouv\u00e9 en lui, non pas avec une justice que j\u2019aurais moi-m\u00eame acquise en ob\u00e9issant \u00e0 la Loi mais avec la justice qui vient de la foi en Christ et que Dieu accorde \u00e0 ceux qui croient.<\/p>\n\n\n\n<h2 class=\"wp-block-heading\">Colossiens 2:12<\/h2>\n\n\n\n<p>Vous avez \u00e9t\u00e9 ensevelis avec Christ par le bapt\u00eame, et c\u2019est aussi dans l\u2019union avec lui que vous \u00eates ressuscit\u00e9s avec lui, par la foi en la puissance de Dieu qui l\u2019a ressuscit\u00e9 des morts.<\/p>\n\n\n\n<h2 class=\"wp-block-heading\">2 Thessaloniciens 2:13<\/h2>\n\n\n\n<p>Mais nous, nous devons sans cesse remercier Dieu \u00e0 votre sujet, fr\u00e8res et s\u0153urs, vous que le Seigneur aime. En effet, Dieu vous a choisis pour que vous soyez les premiers \u00e0 \u00eatre sauv\u00e9s par l\u2019action de l\u2019Esprit qui vous a purifi\u00e9s et par le moyen de votre foi en la v\u00e9rit\u00e9.<\/p>\n\n\n\n<h2 class=\"wp-block-heading\">1 Pierre 1:9<\/h2>\n\n\n\n<p>Car vous obtenez en retour votre salut qui est le but de votre foi.<\/p>\n\n\n\n<h2 class=\"wp-block-heading\">Psaumes 9:11<\/h2>\n\n\n\n<p>C\u2019est pourquoi ceux qui te connaissent |ont plac\u00e9 leur confiance en toi. Car toi, jamais, tu ne d\u00e9laisses, |\u00f4 Eternel, |celui qui se tourne vers toi.<\/p>\n\n\n\n<h2 class=\"wp-block-heading\">Psaumes 20:8<\/h2>\n\n\n\n<p>Aux uns, les chars de guerre, |aux autres, les chevaux. Pour notre part, |c\u2019est sur l\u2019Eternel, notre Dieu |que nous comptons.<\/p>\n\n\n\n<h2 class=\"wp-block-heading\">Psaumes 22:5-6<\/h2>\n\n\n\n<p>En toi d\u00e9j\u00e0, |nos p\u00e8res se confiaient, oui, ils comptaient sur toi, |et tu les d\u00e9livrais. Lorsqu\u2019ils criaient \u00e0 toi, |ils \u00e9taient d\u00e9livr\u00e9s, lorsqu\u2019ils comptaient sur toi, |ils n\u2019\u00e9taient pas d\u00e9\u00e7us.<\/p>\n\n\n\n<h2 class=\"wp-block-heading\">Psaumes 37:5<\/h2>\n\n\n\n<p>C\u2019est \u00e0 l\u2019Eternel |qu\u2019il te faut remettre |ta vie tout enti\u00e8re. Aie confiance en lui |et il agira.<\/p>\n\n\n\n<h2 class=\"wp-block-heading\">Psaumes 40:5<\/h2>\n\n\n\n<p>Bienheureux l\u2019homme |qui fait confiance \u00e0 l\u2019Eternel et ne se tourne pas |vers les gens orgueilleux et enclins au mensonge.<\/p>\n\n\n\n<h2 class=\"wp-block-heading\">Proverbes 3:5<\/h2>\n\n\n\n<p>Mets ta confiance en l\u2019Eternel de tout ton c\u0153ur, et ne te repose pas sur ta propre intelligence.<\/p>\n\n\n\n<h2 class=\"wp-block-heading\">Proverbes 3:26<\/h2>\n\n\n\n<p>Car l\u2019Eternel sera ton assurance, il gardera ton pied de tout pi\u00e8ge.<\/p>\n\n\n\n<h2 class=\"wp-block-heading\">\u00c9sa\u00efe 26:3<\/h2>\n\n\n\n<p>A celui qui est ferme |dans ses dispositions, tu assures une paix parfaite, parce qu\u2019il se confie en toi.<\/p>\n\n\n\n<h2 class=\"wp-block-heading\">J\u00e9r\u00e9mie 17:7<\/h2>\n\n\n\n<p>B\u00e9ni soit l\u2019homme |qui met sa confiance |en l\u2019Eternel et qui fonde sur l\u2019Eternel |toute son assurance.<\/p>\n\n\n\n<h2 class=\"wp-block-heading\">Nahum 1:7<\/h2>\n\n\n\n<p>Mais l\u2019Eternel est bon, il est un s\u00fbr abri |au jour de la d\u00e9tresse, et il prend soin de ceux |qui se confient en lui.<\/p>\n\n\n\n<h2 class=\"wp-block-heading\">Habacuc 2:4<\/h2>\n\n\n\n<p>Si quelqu\u2019un flanche, il n\u2019est pas droit de c\u0153ur mais le juste vivra |gr\u00e2ce \u00e0 sa foi[c].<\/p>\n\n\n\n<h2 class=\"wp-block-heading\">Romains 4:3<\/h2>\n\n\n\n<p>En effet, que dit l\u2019Ecriture\u202f? Abraham a eu confiance en Dieu, et Dieu a port\u00e9 sa foi \u00e0 son cr\u00e9dit pour le d\u00e9clarer juste.<\/p>\n\n\n\n<h2 class=\"wp-block-heading\">1 Corinthiens 16:13<\/h2>\n\n\n\n<p>Soyez vigilants, demeurez fermes dans la foi, faites preuve de courage, soyez forts.<\/p>\n\n\n\n<h2 class=\"wp-block-heading\">\u00c9ph\u00e9siens 3:17<\/h2>\n\n\n\n<p>Que Christ habite dans votre c\u0153ur par la foi. Enracin\u00e9s et solidement fond\u00e9s dans l\u2019amour.<\/p>\n\n\n\n<h2 class=\"wp-block-heading\">\u00c9ph\u00e9siens 6:16<\/h2>\n\n\n\n<p>En toute circonstance, saisissez-vous de la foi comme d\u2019un bouclier avec lequel vous pourrez \u00e9teindre toutes les fl\u00e8ches enflamm\u00e9es du diable.<\/p>\n\n\n\n<h2 class=\"wp-block-heading\">1 Thessaloniciens 5:8<\/h2>\n\n\n\n<p>Mais nous qui sommes enfants du jour, faisons preuve de mod\u00e9ration\u202f: rev\u00eatons-nous de la cuirasse de la foi et de l\u2019amour, et mettons le casque de l\u2019esp\u00e9rance du salut.<\/p>\n\n\n\n<h2 class=\"wp-block-heading\">H\u00e9breux 10:38<\/h2>\n\n\n\n<p>Celui qui est juste \u00e0 mes yeux |vivra par la foi, mais s\u2019il retourne en arri\u00e8re, |je ne prends pas plaisir en lui.<\/p>\n\n\n\n<h2 class=\"wp-block-heading\">Lire Aussi:<\/h2>\n\n\n\n<ul class=\"wp-block-list\"><li><a href=\"https:\/\/thebibleverses.org\/fr\/\">Versets Bibliques par Sujets<\/a><\/li><li><a href=\"https:\/\/thebibleverses.org\/fr\/amour\/\">Versets Bibliques sur l\u2019Amour<\/a><\/li><li><a href=\"https:\/\/thebibleverses.org\/fr\/force\/\">Versets Bibliques sur la Force<\/a><\/li><li><a href=\"https:\/\/thebibleverses.org\/fr\/encouragement\/\">Versets Bibliques d\u2019Encouragement<\/a><\/li><li><a href=\"https:\/\/thebibleverses.org\/fr\/jeunes\/\">Versets Bibliques pour les Jeunes<\/a><\/li><li><a href=\"https:\/\/thebibleverses.org\/fr\/amitie\/\">Versets Bibliques sur l\u2019Amiti\u00e9<\/a><\/li><li><a href=\"https:\/\/thebibleverses.org\/fr\/guerison\/\">Versets Bibliques sur la Gu\u00e9rison<\/a><\/li><\/ul>\n","protected":false},"excerpt":{"rendered":"<p>H\u00e9breux 11:1 La foi est une fa\u00e7on de poss\u00e9der ce qu\u2019on esp\u00e8re, c\u2019est un moyen d\u2019\u00eatre s\u00fbr des r\u00e9alit\u00e9s qu\u2019on ne voit pas. Romains 10:17 Donc, la foi na\u00eet du message que l\u2019on entend, et ce message vient par la parole de Christ. 2 Corinthiens 5:7 Car nous vivons guid\u00e9s par la foi, non par [&hellip;]<\/p>\n","protected":false},"author":1,"featured_media":111,"parent":0,"menu_order":0,"comment_status":"open","ping_status":"closed","template":"","meta":{"footnotes":""},"class_list":["post-110","page","type-page","status-publish","has-post-thumbnail","hentry","entry","fw-tab-6 fw-tabr-4"],"_links":{"self":[{"href":"https:\/\/thebibleverses.org\/fr\/wp-json\/wp\/v2\/pages\/110","targetHints":{"allow":["GET"]}}],"collection":[{"href":"https:\/\/thebibleverses.org\/fr\/wp-json\/wp\/v2\/pages"}],"about":[{"href":"https:\/\/thebibleverses.org\/fr\/wp-json\/wp\/v2\/types\/page"}],"author":[{"embeddable":true,"href":"https:\/\/thebibleverses.org\/fr\/wp-json\/wp\/v2\/users\/1"}],"replies":[{"embeddable":true,"href":"https:\/\/thebibleverses.org\/fr\/wp-json\/wp\/v2\/comments?post=110"}],"version-history":[{"count":0,"href":"https:\/\/thebibleverses.org\/fr\/wp-json\/wp\/v2\/pages\/110\/revisions"}],"wp:featuredmedia":[{"embeddable":true,"href":"https:\/\/thebibleverses.org\/fr\/wp-json\/wp\/v2\/media\/111"}],"wp:attachment":[{"href":"https:\/\/thebibleverses.org\/fr\/wp-json\/wp\/v2\/media?parent=110"}],"curies":[{"name":"wp","href":"https:\/\/api.w.org\/{rel}","templated":true}]}}