{"id":107,"date":"2022-07-06T18:00:52","date_gmt":"2022-07-06T16:00:52","guid":{"rendered":"https:\/\/thebibleverses.org\/fr\/?page_id=107"},"modified":"2022-10-11T22:41:19","modified_gmt":"2022-10-11T20:41:19","slug":"famille","status":"publish","type":"page","link":"https:\/\/thebibleverses.org\/fr\/famille\/","title":{"rendered":"15 Versets Bibliques sur la Famille"},"content":{"rendered":"<div class=\"wp-block-image\">\n<figure class=\"aligncenter size-large\"><img decoding=\"async\" width=\"1024\" height=\"631\" data-src=\"https:\/\/thebibleverses.org\/fr\/wp-content\/uploads\/2022\/07\/Versets-Bibliques-sur-la-Famille-1024x631.webp\" alt=\"Versets Bibliques sur la Famille\" class=\"wp-image-108 lazyload\" data-srcset=\"https:\/\/thebibleverses.org\/fr\/wp-content\/uploads\/2022\/07\/Versets-Bibliques-sur-la-Famille-1024x631.webp 1024w, https:\/\/thebibleverses.org\/fr\/wp-content\/uploads\/2022\/07\/Versets-Bibliques-sur-la-Famille-300x185.webp 300w, https:\/\/thebibleverses.org\/fr\/wp-content\/uploads\/2022\/07\/Versets-Bibliques-sur-la-Famille-768x474.webp 768w, https:\/\/thebibleverses.org\/fr\/wp-content\/uploads\/2022\/07\/Versets-Bibliques-sur-la-Famille-320x197.webp 320w, https:\/\/thebibleverses.org\/fr\/wp-content\/uploads\/2022\/07\/Versets-Bibliques-sur-la-Famille-450x278.webp 450w, https:\/\/thebibleverses.org\/fr\/wp-content\/uploads\/2022\/07\/Versets-Bibliques-sur-la-Famille-720x444.webp 720w, https:\/\/thebibleverses.org\/fr\/wp-content\/uploads\/2022\/07\/Versets-Bibliques-sur-la-Famille.webp 1200w\" data-sizes=\"(max-width: 1024px) 100vw, 1024px\" src=\"data:image\/svg+xml;base64,PHN2ZyB3aWR0aD0iMSIgaGVpZ2h0PSIxIiB4bWxucz0iaHR0cDovL3d3dy53My5vcmcvMjAwMC9zdmciPjwvc3ZnPg==\" style=\"--smush-placeholder-width: 1024px; --smush-placeholder-aspect-ratio: 1024\/631;\" \/><figcaption>Versets Bibliques sur la Famille &#8211; La Bible du Semeur (BDS).<\/figcaption><\/figure><\/div>\n\n\n<h2 class=\"wp-block-heading\">Actes 16:31<\/h2>\n\n\n\n<p>Crois au Seigneur J\u00e9sus, lui r\u00e9pondirent-ils, et tu seras sauv\u00e9\u202f; il en est de m\u00eame pour toi et pour les tiens.<\/p>\n\n\n\n<h2 class=\"wp-block-heading\">J\u00e9r\u00e9mie 32:39<\/h2>\n\n\n\n<p>Je leur accorderai un c\u0153ur et une conduite qui me seront enti\u00e8rement d\u00e9vou\u00e9s, afin qu\u2019ils me craignent toute leur vie durant, et cela, pour leur bien et pour celui de leurs enfants apr\u00e8s eux.<\/p>\n\n\n\n<h2 class=\"wp-block-heading\">Gen\u00e8se 12:3<\/h2>\n\n\n\n<p>Je b\u00e9nirai ceux qui te b\u00e9niront et je maudirai ceux qui t\u2019outrageront. Toutes les familles de la terre seront b\u00e9nies \u00e0 travers toi.<\/p>\n\n\n\n<h2 class=\"wp-block-heading\">Gen\u00e8se 17:7<\/h2>\n\n\n\n<p>Je maintiendrai pour toujours mon alliance avec toi, et avec ta descendance apr\u00e8s toi, de g\u00e9n\u00e9ration en g\u00e9n\u00e9ration. En vertu de cette alliance, je serai ton Dieu et celui de ta descendance apr\u00e8s toi.<\/p>\n\n\n\n<h2 class=\"wp-block-heading\">Gen\u00e8se 28:14<\/h2>\n\n\n\n<p>Elle sera aussi nombreuse que la poussi\u00e8re de la terre\u202f; elle \u00e9tendra son territoire dans toutes les directions\u202f: vers l\u2019ouest et l\u2019est, vers le nord et le sud. Par toi et par elle, toutes les familles de la terre seront b\u00e9nies.<\/p>\n\n\n\n<h2 class=\"wp-block-heading\">Gen\u00e8se 35:2<\/h2>\n\n\n\n<p>Alors Jacob dit aux gens de sa famille et \u00e0 tous ceux qui \u00e9taient avec lui\u202f: Faites dispara\u00eetre les dieux \u00e9trangers qui se trouvent au milieu de vous. Purifiez-vous et changez de v\u00eatements\u202f!<\/p>\n\n\n\n<h2 class=\"wp-block-heading\">Exode 1:21<\/h2>\n\n\n\n<p>Comme les sages-femmes avaient agi par crainte de Dieu, Dieu fit prosp\u00e9rer leurs familles.<\/p>\n\n\n\n<h2 class=\"wp-block-heading\">Exode 20:12<\/h2>\n\n\n\n<p>Honore ton p\u00e8re et ta m\u00e8re afin de jouir d\u2019une longue vie dans le pays que l\u2019Eternel ton Dieu te donne.<\/p>\n\n\n\n<h2 class=\"wp-block-heading\">Exode 20:12<\/h2>\n\n\n\n<p>Honore ton p\u00e8re et ta m\u00e8re afin de jouir d\u2019une longue vie dans le pays que l\u2019Eternel ton Dieu te donne.<\/p>\n\n\n\n<h2 class=\"wp-block-heading\">Josu\u00e9 24:15<\/h2>\n\n\n\n<p>S\u2019il vous d\u00e9pla\u00eet de servir l\u2019Eternel, alors choisissez aujourd\u2019hui \u00e0 quels dieux vous voulez rendre un culte\u202f: ceux que vos anc\u00eatres adoraient de l\u2019autre c\u00f4t\u00e9 de l\u2019Euphrate ou ceux des Amor\u00e9ens dont vous habitez le pays\u202f; quant \u00e0 moi et \u00e0 ma famille, nous adorerons l\u2019Eternel.<\/p>\n\n\n\n<h2 class=\"wp-block-heading\">Psaumes 127:3-4<\/h2>\n\n\n\n<p>Des fils\u202f: |voil\u00e0 le patrimoine |que donne l\u2019Eternel, oui, des enfants |sont une r\u00e9compense. Ils sont pareils aux fl\u00e8ches |dans la main d\u2019un guerrier, les fils de la jeunesse.<\/p>\n\n\n\n<h2 class=\"wp-block-heading\">Proverbes 1:8<\/h2>\n\n\n\n<p>Mon fils, sois attentif \u00e0 l\u2019\u00e9ducation que tu re\u00e7ois de ton p\u00e8re et ne n\u00e9glige pas l\u2019instruction de ta m\u00e8re,<\/p>\n\n\n\n<h2 class=\"wp-block-heading\">Proverbes 17:6<\/h2>\n\n\n\n<p>La couronne des vieillards, ce sont leurs petits-enfants, et la fiert\u00e9 des fils, ce sont leurs p\u00e8res.<\/p>\n\n\n\n<h2 class=\"wp-block-heading\">\u00c9ph\u00e9siens 2:19<\/h2>\n\n\n\n<p>Voil\u00e0 pourquoi vous n\u2019\u00eates plus des \u00e9trangers ou des r\u00e9sidents temporaires, vous \u00eates concitoyens des membres du peuple saint, vous faites partie de la famille de Dieu.<\/p>\n\n\n\n<h2 class=\"wp-block-heading\">1 Timoth\u00e9e 5:8<\/h2>\n\n\n\n<p>Si quelqu\u2019un ne prend pas soin des siens, en particulier des membres de sa famille, il a reni\u00e9 la foi et il est pire qu\u2019un incroyant.<\/p>\n\n\n\n<h2 class=\"wp-block-heading\">Lire Aussi:<\/h2>\n\n\n\n<ul class=\"wp-block-list\"><li><a href=\"https:\/\/thebibleverses.org\/fr\/\">Versets Bibliques par Sujets<\/a><\/li><li><a href=\"https:\/\/thebibleverses.org\/fr\/amour\/\">Versets Bibliques sur l\u2019Amour<\/a><\/li><li><a href=\"https:\/\/thebibleverses.org\/fr\/force\/\">Versets Bibliques sur la Force<\/a><\/li><li><a href=\"https:\/\/thebibleverses.org\/fr\/foi\/\">Versets Bibliques sur la Foi<\/a><\/li><li><a href=\"https:\/\/thebibleverses.org\/fr\/jeunes\/\">Versets Bibliques pour les Jeunes<\/a><\/li><li><a href=\"https:\/\/thebibleverses.org\/fr\/amitie\/\">Versets Bibliques sur l\u2019Amiti\u00e9<\/a><\/li><li><a href=\"https:\/\/thebibleverses.org\/fr\/guerison\/\">Versets Bibliques sur la Gu\u00e9rison<\/a><\/li><\/ul>\n","protected":false},"excerpt":{"rendered":"<p>Actes 16:31 Crois au Seigneur J\u00e9sus, lui r\u00e9pondirent-ils, et tu seras sauv\u00e9\u202f; il en est de m\u00eame pour toi et pour les tiens. J\u00e9r\u00e9mie 32:39 Je leur accorderai un c\u0153ur et une conduite qui me seront enti\u00e8rement d\u00e9vou\u00e9s, afin qu\u2019ils me craignent toute leur vie durant, et cela, pour leur bien et pour celui de [&hellip;]<\/p>\n","protected":false},"author":1,"featured_media":108,"parent":0,"menu_order":0,"comment_status":"open","ping_status":"closed","template":"","meta":{"footnotes":""},"class_list":["post-107","page","type-page","status-publish","has-post-thumbnail","hentry","entry","fw-tab-6 fw-tabr-4"],"_links":{"self":[{"href":"https:\/\/thebibleverses.org\/fr\/wp-json\/wp\/v2\/pages\/107","targetHints":{"allow":["GET"]}}],"collection":[{"href":"https:\/\/thebibleverses.org\/fr\/wp-json\/wp\/v2\/pages"}],"about":[{"href":"https:\/\/thebibleverses.org\/fr\/wp-json\/wp\/v2\/types\/page"}],"author":[{"embeddable":true,"href":"https:\/\/thebibleverses.org\/fr\/wp-json\/wp\/v2\/users\/1"}],"replies":[{"embeddable":true,"href":"https:\/\/thebibleverses.org\/fr\/wp-json\/wp\/v2\/comments?post=107"}],"version-history":[{"count":0,"href":"https:\/\/thebibleverses.org\/fr\/wp-json\/wp\/v2\/pages\/107\/revisions"}],"wp:featuredmedia":[{"embeddable":true,"href":"https:\/\/thebibleverses.org\/fr\/wp-json\/wp\/v2\/media\/108"}],"wp:attachment":[{"href":"https:\/\/thebibleverses.org\/fr\/wp-json\/wp\/v2\/media?parent=107"}],"curies":[{"name":"wp","href":"https:\/\/api.w.org\/{rel}","templated":true}]}}