{"id":104,"date":"2022-07-06T17:54:47","date_gmt":"2022-07-06T15:54:47","guid":{"rendered":"https:\/\/thebibleverses.org\/fr\/?page_id=104"},"modified":"2022-10-11T22:40:59","modified_gmt":"2022-10-11T20:40:59","slug":"esperance","status":"publish","type":"page","link":"https:\/\/thebibleverses.org\/fr\/esperance\/","title":{"rendered":"37 Versets Bibliques sur l&rsquo;Esp\u00e9rance"},"content":{"rendered":"<div class=\"wp-block-image\">\n<figure class=\"aligncenter size-large\"><img decoding=\"async\" width=\"1024\" height=\"631\" data-src=\"https:\/\/thebibleverses.org\/fr\/wp-content\/uploads\/2022\/07\/Versets-Bibliques-sur-lEsperance-1024x631.webp\" alt=\"Versets Bibliques sur l'Esp\u00e9rance\" class=\"wp-image-105 lazyload\" data-srcset=\"https:\/\/thebibleverses.org\/fr\/wp-content\/uploads\/2022\/07\/Versets-Bibliques-sur-lEsperance-1024x631.webp 1024w, https:\/\/thebibleverses.org\/fr\/wp-content\/uploads\/2022\/07\/Versets-Bibliques-sur-lEsperance-300x185.webp 300w, https:\/\/thebibleverses.org\/fr\/wp-content\/uploads\/2022\/07\/Versets-Bibliques-sur-lEsperance-768x474.webp 768w, https:\/\/thebibleverses.org\/fr\/wp-content\/uploads\/2022\/07\/Versets-Bibliques-sur-lEsperance-320x197.webp 320w, https:\/\/thebibleverses.org\/fr\/wp-content\/uploads\/2022\/07\/Versets-Bibliques-sur-lEsperance-450x278.webp 450w, https:\/\/thebibleverses.org\/fr\/wp-content\/uploads\/2022\/07\/Versets-Bibliques-sur-lEsperance-720x444.webp 720w, https:\/\/thebibleverses.org\/fr\/wp-content\/uploads\/2022\/07\/Versets-Bibliques-sur-lEsperance.webp 1200w\" data-sizes=\"(max-width: 1024px) 100vw, 1024px\" src=\"data:image\/svg+xml;base64,PHN2ZyB3aWR0aD0iMSIgaGVpZ2h0PSIxIiB4bWxucz0iaHR0cDovL3d3dy53My5vcmcvMjAwMC9zdmciPjwvc3ZnPg==\" style=\"--smush-placeholder-width: 1024px; --smush-placeholder-aspect-ratio: 1024\/631;\" \/><figcaption>Versets Bibliques sur l&rsquo;Esp\u00e9rance<\/figcaption><\/figure><\/div>\n\n\n<h2 class=\"wp-block-heading\">Gen\u00e8se 49:18<\/h2>\n\n\n\n<p>Je compte sur toi, Eternel |pour accorder la d\u00e9livrance.<\/p>\n\n\n\n<h2 class=\"wp-block-heading\">\u00c9sa\u00efe 25:9<\/h2>\n\n\n\n<p>Et l\u2019on dira en ce jour-l\u00e0\u202f: Voyez, c\u2019est notre Dieu en qui nous esp\u00e9rions, il nous a d\u00e9livr\u00e9s. Oui, c\u2019est en l\u2019Eternel |que nous avons plac\u00e9 |notre esp\u00e9rance. Maintenant, jubilons et r\u00e9jouissons-nous |puisqu\u2019il nous a sauv\u00e9s.<\/p>\n\n\n\n<h2 class=\"wp-block-heading\">Psaumes 31:25<\/h2>\n\n\n\n<p>Soyez forts et prenez courage, vous qui vous attendez |\u00e0 l\u2019Eternel.<\/p>\n\n\n\n<h2 class=\"wp-block-heading\">\u00c9sa\u00efe 30:18<\/h2>\n\n\n\n<p>Et pourtant, l\u2019Eternel attend |le moment de vous faire gr\u00e2ce et il se l\u00e8vera |pour vous manifester |sa compassion, car l\u2019Eternel est un Dieu juste. Heureux tous ceux |qui se confient en lui\u202f!<\/p>\n\n\n\n<h2 class=\"wp-block-heading\">Psaumes 33:18-19<\/h2>\n\n\n\n<p>Mais l\u2019Eternel prend soin |de tous ceux qui le craignent, comptant sur son amour pour les d\u00e9livrer de la mort et pr\u00e9server leur vie |aux jours de la famine.<\/p>\n\n\n\n<h2 class=\"wp-block-heading\">\u00c9sa\u00efe 40:31<\/h2>\n\n\n\n<p>Mais ceux qui comptent |sur l\u2019Eternel |renouvellent leur force\u202f: ils prennent leur envol |comme de jeunes aigles\u202f; sans se lasser, ils courent, ils marchent en avant, |et ne s\u2019\u00e9puisent pas.<\/p>\n\n\n\n<h2 class=\"wp-block-heading\">J\u00e9r\u00e9mie 14:8<\/h2>\n\n\n\n<p>Toi, l\u2019esp\u00e9rance d\u2019Isra\u00ebl, toi qui le sauves |au temps de la d\u00e9tresse, pourquoi te conduis-tu |comme un simple \u00e9tranger |dans le pays, ou comme un voyageur |qui se d\u00e9tourne de sa route |pour passer la nuit quelque part\u202f?<\/p>\n\n\n\n<h2 class=\"wp-block-heading\">J\u00e9r\u00e9mie 14:22<\/h2>\n\n\n\n<p>Qui, parmi les faux dieux |des autres peuples, peut donner de la pluie\u202f? Ou bien est-ce le ciel |qui pourrait, par lui-m\u00eame, |d\u00e9clencher les averses\u202f? N\u2019est-ce pas toi, |Eternel, notre Dieu, toi sur qui nous comptons\u202f? Car c\u2019est toi seul, |qui fais toutes ces choses.<\/p>\n\n\n\n<h2 class=\"wp-block-heading\">Psaumes 38:16<\/h2>\n\n\n\n<p>Car c\u2019est sur toi, Eternel, |que je compte. Tu me r\u00e9pondras, |\u00f4 Seigneur, mon Dieu.<\/p>\n\n\n\n<h2 class=\"wp-block-heading\">J\u00e9r\u00e9mie 29:11<\/h2>\n\n\n\n<p>Car moi je connais les projets que j\u2019ai con\u00e7us en votre faveur, d\u00e9clare l\u2019Eternel\u202f: ce sont des projets de paix et non de malheur, afin de vous assurer un avenir plein d\u2019esp\u00e9rance.<\/p>\n\n\n\n<h2 class=\"wp-block-heading\">Lamentations 3:24<\/h2>\n\n\n\n<p>J\u2019ai dit\u202f: L\u2019Eternel est mon bien, c\u2019est pourquoi je compte sur lui.<\/p>\n\n\n\n<h2 class=\"wp-block-heading\">Psaumes 39:8<\/h2>\n\n\n\n<p>D\u00e8s lors, Seigneur, que puis-je attendre\u202f? Mon esp\u00e9rance est toute en toi.<\/p>\n\n\n\n<h2 class=\"wp-block-heading\">Os\u00e9e 12:6<\/h2>\n\n\n\n<p>C\u2019est l\u2019Eternel, |Dieu des arm\u00e9es c\u00e9lestes, oui, l\u2019Eternel. |C\u2019est ainsi qu\u2019on parle de lui.<\/p>\n\n\n\n<h2 class=\"wp-block-heading\">Mich\u00e9e 7:7<\/h2>\n\n\n\n<p>Pour moi, je mets mon esp\u00e9rance |en l\u2019Eternel, je m\u2019attends au Dieu qui me sauve, et mon Dieu m\u2019entendra.<\/p>\n\n\n\n<h2 class=\"wp-block-heading\">Psaumes 40:2<\/h2>\n\n\n\n<p>J\u2019ai mis tout mon espoir |en l\u2019Eternel. Il s\u2019est pench\u00e9 vers moi, |il a pr\u00eat\u00e9 l\u2019oreille |\u00e0 ma supplication.<\/p>\n\n\n\n<h2 class=\"wp-block-heading\">Zacharie 9:12<\/h2>\n\n\n\n<p>Revenez \u00e0 la place forte, pleins d\u2019esp\u00e9rance, |vous les captifs, car aujourd\u2019hui encore, |je le d\u00e9clare\u202f: Je vous rendrai au double.<\/p>\n\n\n\n<h2 class=\"wp-block-heading\">Matthieu 12:21<\/h2>\n\n\n\n<p>Tous les peuples mettront leur espoir en lui.<\/p>\n\n\n\n<h2 class=\"wp-block-heading\">Psaumes 42:6<\/h2>\n\n\n\n<p>Pourquoi donc, \u00f4 mon \u00e2me, |es-tu si abattue et g\u00e9mis-tu sur moi\u202f? Mets ton espoir en Dieu\u202f! |je le louerai encore, car il est mon Sauveur.<\/p>\n\n\n\n<h2 class=\"wp-block-heading\">Actes 24:15<\/h2>\n\n\n\n<p>J\u2019ai cette esp\u00e9rance en Dieu \u2013\u2006et cette esp\u00e9rance est aussi la leur\u2006\u2013 que les morts, justes et injustes, ressusciteront.<\/p>\n\n\n\n<h2 class=\"wp-block-heading\">Romains 5:2<\/h2>\n\n\n\n<p>Par lui, nous avons eu acc\u00e8s, au moyen de la foi, \u00e0 ce don gratuit de Dieu qui nous est d\u00e9sormais acquis\u202f; et notre fiert\u00e9 se fonde sur l\u2019esp\u00e9rance d\u2019avoir part \u00e0 la gloire de Dieu.<\/p>\n\n\n\n<h2 class=\"wp-block-heading\">Romains 5:3-4<\/h2>\n\n\n\n<p>Mieux encore\u202f! Nous tirons fiert\u00e9 m\u00eame de nos d\u00e9tresses, car nous savons que la d\u00e9tresse produit la pers\u00e9v\u00e9rance, la pers\u00e9v\u00e9rance conduit \u00e0 une fid\u00e9lit\u00e9 \u00e9prouv\u00e9e, et la fid\u00e9lit\u00e9 \u00e9prouv\u00e9e nourrit l\u2019esp\u00e9rance.<\/p>\n\n\n\n<h2 class=\"wp-block-heading\">Psaumes 62:6<\/h2>\n\n\n\n<p>Oui, remets-toi, mon \u00e2me, |\u00e0 Dieu seul, dans le calme\u202f: mon espoir vient de lui.<\/p>\n\n\n\n<h2 class=\"wp-block-heading\">Romains 15:12<\/h2>\n\n\n\n<p>Esa\u00efe dit de son c\u00f4t\u00e9\u202f: Un rejeton na\u00eetra d\u2019Isa\u00ef, on le verra se lever pour gouverner tous les peuples, les peuples \u00e9trangers mettront en lui leur esp\u00e9rance.<\/p>\n\n\n\n<h2 class=\"wp-block-heading\">Romains 15:13<\/h2>\n\n\n\n<p>Que le Dieu de l\u2019esp\u00e9rance, vous comble de toute joie et de sa paix par votre confiance en lui. Ainsi votre c\u0153ur d\u00e9bordera d\u2019esp\u00e9rance par la puissance du Saint-Esprit.<\/p>\n\n\n\n<h2 class=\"wp-block-heading\">Psaumes 71:14<\/h2>\n\n\n\n<p>Mais moi, sans cesse, |je serai plein d\u2019espoir. De plus en plus, |je veux chanter ta gloire.<\/p>\n\n\n\n<h2 class=\"wp-block-heading\">1 Corinthiens 15:19<\/h2>\n\n\n\n<p>Si c\u2019est seulement pour la vie pr\u00e9sente que nous avons mis notre esp\u00e9rance en Christ, nous sommes les plus \u00e0 plaindre des hommes.<\/p>\n\n\n\n<h2 class=\"wp-block-heading\">2 Corinthiens 1:9-10<\/h2>\n\n\n\n<p>Nous avions accept\u00e9 en nous-m\u00eames notre condamnation \u00e0 mort. Cela nous a appris \u00e0 ne pas mettre notre confiance en nous-m\u00eames, mais uniquement en Dieu qui ressuscite les morts. C\u2019est lui qui nous a d\u00e9livr\u00e9s d\u2019une telle mort et qui nous en d\u00e9livrera encore. Oui, nous avons cette esp\u00e9rance en lui qu\u2019il nous d\u00e9livrera encore.<\/p>\n\n\n\n<h2 class=\"wp-block-heading\">Psaumes 119:166<\/h2>\n\n\n\n<p>Je compte sur toi, Eternel, |pour me sauver, et j\u2019ex\u00e9cute tes commandements.<\/p>\n\n\n\n<h2 class=\"wp-block-heading\">Galates 5:5<\/h2>\n\n\n\n<p>Quant \u00e0 nous, notre esp\u00e9rance, c\u2019est d\u2019\u00eatre d\u00e9clar\u00e9s justes devant Dieu au moyen de la foi. Telle est la ferme attente que l\u2019Esprit fait na\u00eetre en nous.<\/p>\n\n\n\n<h2 class=\"wp-block-heading\">\u00c9ph\u00e9siens 1:18<\/h2>\n\n\n\n<p>Qu\u2019il illumine ainsi votre intelligence afin que vous compreniez en quoi consiste l\u2019esp\u00e9rance \u00e0 laquelle vous avez \u00e9t\u00e9 appel\u00e9s, quelle est la glorieuse richesse de l\u2019h\u00e9ritage que Dieu vous fera partager avec les membres du peuple saint,<\/p>\n\n\n\n<h2 class=\"wp-block-heading\">Psaumes 130:5<\/h2>\n\n\n\n<p>Moi, je m\u2019attends \u00e0 l\u2019Eternel, |oui, je m\u2019attends \u00e0 lui, |de tout mon \u00eatre, j\u2019ai confiance en sa parole.<\/p>\n\n\n\n<h2 class=\"wp-block-heading\">1 Timoth\u00e9e 4:10<\/h2>\n\n\n\n<p>En effet, si nous nous donnons du mal, et si nous luttons, c\u2019est parce que nous avons mis notre esp\u00e9rance dans le Dieu vivant qui est le sauveur de tous les hommes, et, au plus haut point, de ceux qui croient en lui.<\/p>\n\n\n\n<h2 class=\"wp-block-heading\">1 Timoth\u00e9e 6:17<\/h2>\n\n\n\n<p>Recommande \u00e0 ceux qui poss\u00e8dent des richesses en ce monde de se garder de toute arrogance et de ne pas fonder leur espoir sur la richesse, car elle est instable. Qu\u2019ils placent leur esp\u00e9rance en Dieu, qui nous dispense g\u00e9n\u00e9reusement toutes ses richesses pour que nous en jouissions.<\/p>\n\n\n\n<h2 class=\"wp-block-heading\">Psaumes 131:3<\/h2>\n\n\n\n<p>Isra\u00ebl, mets ta confiance |en l\u2019Eternel, d\u00e8s maintenant et pour toujours.<\/p>\n\n\n\n<h2 class=\"wp-block-heading\">H\u00e9breux 11:1<\/h2>\n\n\n\n<p>La foi est une fa\u00e7on de poss\u00e9der ce qu\u2019on esp\u00e8re, c\u2019est un moyen d\u2019\u00eatre s\u00fbr des r\u00e9alit\u00e9s qu\u2019on ne voit pas.<\/p>\n\n\n\n<h2 class=\"wp-block-heading\">1 Pierre 1:3<\/h2>\n\n\n\n<p>B\u00e9ni soit Dieu, le P\u00e8re de notre Seigneur J\u00e9sus-Christ. Dans sa grande compassion, il nous a fait na\u00eetre \u00e0 une vie nouvelle, pour nous donner une esp\u00e9rance vivante par la r\u00e9surrection de J\u00e9sus-Christ.<\/p>\n\n\n\n<h2 class=\"wp-block-heading\">1 Jean 3:3<\/h2>\n\n\n\n<p>Tous ceux qui fondent sur Christ une telle esp\u00e9rance se rendent eux-m\u00eames purs, tout comme Christ est pur.<\/p>\n\n\n\n<h2 class=\"wp-block-heading\">Lire Aussi:<\/h2>\n\n\n\n<ul class=\"wp-block-list\"><li><a href=\"https:\/\/thebibleverses.org\/fr\/\">Versets Bibliques par Sujets<\/a><\/li><li><a href=\"https:\/\/thebibleverses.org\/fr\/amour\/\">Versets Bibliques sur l\u2019Amour<\/a><\/li><li><a href=\"https:\/\/thebibleverses.org\/fr\/force\/\">Versets Bibliques sur la Force<\/a><\/li><li><a href=\"https:\/\/thebibleverses.org\/fr\/foi\/\">Versets Bibliques sur la Foi<\/a><\/li><li><a href=\"https:\/\/thebibleverses.org\/fr\/jeunes\/\">Versets Bibliques pour les Jeunes<\/a><\/li><li><a href=\"https:\/\/thebibleverses.org\/fr\/amitie\/\">Versets Bibliques sur l\u2019Amiti\u00e9<\/a><\/li><li><a href=\"https:\/\/thebibleverses.org\/fr\/guerison\/\">Versets Bibliques sur la Gu\u00e9rison<\/a><\/li><\/ul>\n","protected":false},"excerpt":{"rendered":"<p>Gen\u00e8se 49:18 Je compte sur toi, Eternel |pour accorder la d\u00e9livrance. \u00c9sa\u00efe 25:9 Et l\u2019on dira en ce jour-l\u00e0\u202f: Voyez, c\u2019est notre Dieu en qui nous esp\u00e9rions, il nous a d\u00e9livr\u00e9s. Oui, c\u2019est en l\u2019Eternel |que nous avons plac\u00e9 |notre esp\u00e9rance. Maintenant, jubilons et r\u00e9jouissons-nous |puisqu\u2019il nous a sauv\u00e9s. Psaumes 31:25 Soyez forts et prenez [&hellip;]<\/p>\n","protected":false},"author":1,"featured_media":105,"parent":0,"menu_order":0,"comment_status":"open","ping_status":"closed","template":"","meta":{"footnotes":""},"class_list":["post-104","page","type-page","status-publish","has-post-thumbnail","hentry","entry","fw-tab-6 fw-tabr-4"],"_links":{"self":[{"href":"https:\/\/thebibleverses.org\/fr\/wp-json\/wp\/v2\/pages\/104","targetHints":{"allow":["GET"]}}],"collection":[{"href":"https:\/\/thebibleverses.org\/fr\/wp-json\/wp\/v2\/pages"}],"about":[{"href":"https:\/\/thebibleverses.org\/fr\/wp-json\/wp\/v2\/types\/page"}],"author":[{"embeddable":true,"href":"https:\/\/thebibleverses.org\/fr\/wp-json\/wp\/v2\/users\/1"}],"replies":[{"embeddable":true,"href":"https:\/\/thebibleverses.org\/fr\/wp-json\/wp\/v2\/comments?post=104"}],"version-history":[{"count":0,"href":"https:\/\/thebibleverses.org\/fr\/wp-json\/wp\/v2\/pages\/104\/revisions"}],"wp:featuredmedia":[{"embeddable":true,"href":"https:\/\/thebibleverses.org\/fr\/wp-json\/wp\/v2\/media\/105"}],"wp:attachment":[{"href":"https:\/\/thebibleverses.org\/fr\/wp-json\/wp\/v2\/media?parent=104"}],"curies":[{"name":"wp","href":"https:\/\/api.w.org\/{rel}","templated":true}]}}