{"id":100,"date":"2022-07-06T17:36:17","date_gmt":"2022-07-06T15:36:17","guid":{"rendered":"https:\/\/thebibleverses.org\/fr\/?page_id=100"},"modified":"2022-10-11T22:35:59","modified_gmt":"2022-10-11T20:35:59","slug":"colere","status":"publish","type":"page","link":"https:\/\/thebibleverses.org\/fr\/colere\/","title":{"rendered":"20 Versets Bibliques sur la Col\u00e8re"},"content":{"rendered":"<div class=\"wp-block-image\">\n<figure class=\"aligncenter size-large\"><img decoding=\"async\" width=\"1024\" height=\"631\" data-src=\"https:\/\/thebibleverses.org\/fr\/wp-content\/uploads\/2022\/07\/Versets-Bibliques-sur-la-Colere-1024x631.webp\" alt=\"Versets Bibliques sur la Col\u00e8re\" class=\"wp-image-101 lazyload\" data-srcset=\"https:\/\/thebibleverses.org\/fr\/wp-content\/uploads\/2022\/07\/Versets-Bibliques-sur-la-Colere-1024x631.webp 1024w, https:\/\/thebibleverses.org\/fr\/wp-content\/uploads\/2022\/07\/Versets-Bibliques-sur-la-Colere-300x185.webp 300w, https:\/\/thebibleverses.org\/fr\/wp-content\/uploads\/2022\/07\/Versets-Bibliques-sur-la-Colere-768x474.webp 768w, https:\/\/thebibleverses.org\/fr\/wp-content\/uploads\/2022\/07\/Versets-Bibliques-sur-la-Colere-320x197.webp 320w, https:\/\/thebibleverses.org\/fr\/wp-content\/uploads\/2022\/07\/Versets-Bibliques-sur-la-Colere-450x278.webp 450w, https:\/\/thebibleverses.org\/fr\/wp-content\/uploads\/2022\/07\/Versets-Bibliques-sur-la-Colere-720x444.webp 720w, https:\/\/thebibleverses.org\/fr\/wp-content\/uploads\/2022\/07\/Versets-Bibliques-sur-la-Colere.webp 1200w\" data-sizes=\"(max-width: 1024px) 100vw, 1024px\" src=\"data:image\/svg+xml;base64,PHN2ZyB3aWR0aD0iMSIgaGVpZ2h0PSIxIiB4bWxucz0iaHR0cDovL3d3dy53My5vcmcvMjAwMC9zdmciPjwvc3ZnPg==\" style=\"--smush-placeholder-width: 1024px; --smush-placeholder-aspect-ratio: 1024\/631;\" \/><figcaption>Versets Bibliques sur la Col\u00e8re &#8211; La Bible du Semeur (BDS).<\/figcaption><\/figure><\/div>\n\n\n<h2 class=\"wp-block-heading\">Psaumes 37:8<\/h2>\n\n\n\n<p>Laisse la col\u00e8re, |calme ton courroux, ne t\u2019irrite pas, |car, en fin de compte, |tu ferais le mal.<\/p>\n\n\n\n<h2 class=\"wp-block-heading\">Proverbes 10:19<\/h2>\n\n\n\n<p>Qui parle beaucoup ne saurait \u00e9viter de p\u00e9cher, mais l\u2019homme avis\u00e9 met un frein \u00e0 ses l\u00e8vres.<\/p>\n\n\n\n<h2 class=\"wp-block-heading\">Proverbes 11:23<\/h2>\n\n\n\n<p>Toutes les aspirations des justes tendent vers le bien, mais tout ce que les m\u00e9chants peuvent esp\u00e9rer, c\u2019est la col\u00e8re.<\/p>\n\n\n\n<h2 class=\"wp-block-heading\">Proverbes 14:29<\/h2>\n\n\n\n<p>Celui qui garde son sang-froid fait preuve d\u2019une grande intelligence, mais l\u2019homme col\u00e9reux \u00e9tale sa sottise.<\/p>\n\n\n\n<h2 class=\"wp-block-heading\">Proverbes 16:32<\/h2>\n\n\n\n<p>Mieux vaut un homme lent \u00e0 la col\u00e8re qu\u2019un bon guerrier, mieux vaut savoir se dominer que de conqu\u00e9rir des villes.<\/p>\n\n\n\n<h2 class=\"wp-block-heading\">Proverbes 17:27<\/h2>\n\n\n\n<p>L\u2019homme qui a de bonnes connaissances limite ses paroles, qui garde son sang-froid est intelligent.<\/p>\n\n\n\n<h2 class=\"wp-block-heading\">Eccl\u00e9siaste 7:9<\/h2>\n\n\n\n<p>Ne t\u2019irrite pas trop vite, car c\u2019est dans le c\u0153ur des insens\u00e9s que la col\u00e8re \u00e9lit domicile.<\/p>\n\n\n\n<h2 class=\"wp-block-heading\">Eccl\u00e9siaste 11:10<\/h2>\n\n\n\n<p>Bannis le chagrin de ton c\u0153ur, garde-toi de ce qui te causerait |de la souffrance, car la jeunesse, |le printemps de la vie |sont d\u00e9risoires.<\/p>\n\n\n\n<h2 class=\"wp-block-heading\">Matthieu 5:22-24<\/h2>\n\n\n\n<p>Eh bien, moi, je vous dis\u202f: Celui qui se met en col\u00e8re contre son fr\u00e8re en r\u00e9pondra devant le tribunal. Celui qui lui dit \u00ab imb\u00e9cile \u00bb passera devant le Grand-Conseil, et celui qui le traite de fou est bon pour le feu de l\u2019enfer. Si donc, au moment de pr\u00e9senter ton offrande devant l\u2019autel, tu te souviens que ton fr\u00e8re a quelque chose contre toi, laisse l\u00e0 ton offrande devant l\u2019autel, et va d\u2019abord te r\u00e9concilier avec ton fr\u00e8re\u202f; puis tu reviendras pr\u00e9senter ton offrande.<\/p>\n\n\n\n<h2 class=\"wp-block-heading\">1 Corinthiens 1:10<\/h2>\n\n\n\n<p>Il faut cependant, fr\u00e8res et s\u0153urs, que je vous adresse une recommandation instante, et c\u2019est au nom de notre Seigneur J\u00e9sus-Christ que je le fais. Vivez tous ensemble en pleine harmonie\u202f! Ne laissez pas de division s\u2019introduire entre vous\u202f! Soyez parfaitement unis en ayant une m\u00eame conviction, une m\u00eame fa\u00e7on de penser\u202f!<\/p>\n\n\n\n<h2 class=\"wp-block-heading\">\u00c9ph\u00e9siens 4:26<\/h2>\n\n\n\n<p>Mettez-vous en col\u00e8re |mais n\u2019allez pas jusqu\u2019\u00e0 p\u00e9cher ; que votre col\u00e8re s\u2019apaise avant le coucher du soleil.<\/p>\n\n\n\n<h2 class=\"wp-block-heading\">\u00c9ph\u00e9siens 4:31<\/h2>\n\n\n\n<p>Amertume, irritation, col\u00e8re, \u00e9clats de voix, insultes\u202f: faites dispara\u00eetre tout cela du milieu de vous, ainsi que toute forme de m\u00e9chancet\u00e9.<\/p>\n\n\n\n<h2 class=\"wp-block-heading\">Colossiens 3:8<\/h2>\n\n\n\n<p>Mais \u00e0 pr\u00e9sent, d\u00e9barrassez-vous de tout cela\u202f: col\u00e8re, irritation, m\u00e9chancet\u00e9, insultes ou propos grossiers qui sortiraient de votre bouche\u202f!<\/p>\n\n\n\n<h2 class=\"wp-block-heading\">2 Timoth\u00e9e 2:24-25<\/h2>\n\n\n\n<p>Or, il n\u2019est pas convenable pour un serviteur du Seigneur d\u2019avoir des querelles. Qu\u2019il se montre au contraire aimable envers tout le monde, capable d\u2019enseigner, et de supporter les difficult\u00e9s. Il doit instruire avec douceur les contradicteurs. Qui sait si Dieu ne les am\u00e8nera pas ainsi \u00e0 changer d\u2019attitude pour conna\u00eetre la v\u00e9rit\u00e9\u202f?<\/p>\n\n\n\n<h2 class=\"wp-block-heading\">Tite 1:7<\/h2>\n\n\n\n<p>En effet, il est n\u00e9cessaire qu\u2019un dirigeant d\u2019Eglise soit irr\u00e9prochable, puisqu\u2019il a la responsabilit\u00e9 de la famille de Dieu. C\u2019est pourquoi il ne doit \u00eatre ni imbu de lui-m\u00eame ni col\u00e9reux, ni buveur, ni querelleur, ni attir\u00e9 par des gains malhonn\u00eates.<\/p>\n\n\n\n<h2 class=\"wp-block-heading\">Jacques 1:19-20<\/h2>\n\n\n\n<p>Vous savez tout cela, mes chers fr\u00e8res et s\u0153urs. Mais que chacun de vous soit toujours pr\u00eat \u00e0 \u00e9couter, qu\u2019il ne se h\u00e2te pas de parler, ni de se mettre en col\u00e8re. Car ce n\u2019est pas par la col\u00e8re qu\u2019un homme accomplit ce qui est juste aux yeux de Dieu.<\/p>\n\n\n\n<h2 class=\"wp-block-heading\">Jacques 1:26<\/h2>\n\n\n\n<p>Mais si quelqu\u2019un croit \u00eatre religieux, alors qu\u2019il ne sait pas tenir sa langue en bride, il s\u2019illusionne lui-m\u00eame\u202f: sa religion ne vaut rien.<\/p>\n\n\n\n<h2 class=\"wp-block-heading\">Jacques 3:7-10<\/h2>\n\n\n\n<p>L\u2019homme est capable de dompter toutes sortes de b\u00eates sauvages, d\u2019oiseaux, de reptiles, d\u2019animaux marins, et il les a effectivement dompt\u00e9es. Mais la langue, aucun homme ne peut la dompter. C\u2019est un fl\u00e9au impossible \u00e0 ma\u00eetriser\u202f; elle est pleine d\u2019un venin mortel. Nous nous en servons pour louer le Seigneur, notre P\u00e8re, et nous nous en servons aussi pour maudire les hommes, pourtant cr\u00e9\u00e9s de sorte qu\u2019ils lui ressemblent. De la m\u00eame bouche sortent b\u00e9n\u00e9diction et mal\u00e9diction\u202f! Mes fr\u00e8res et s\u0153urs, il ne faut pas qu\u2019il en soit ainsi.<\/p>\n\n\n\n<h2 class=\"wp-block-heading\">1 Jean 2:9<\/h2>\n\n\n\n<p>Celui qui pr\u00e9tend \u00eatre dans la lumi\u00e8re tout en d\u00e9testant son fr\u00e8re, est encore pr\u00e9sentement dans les t\u00e9n\u00e8bres.<\/p>\n\n\n\n<h2 class=\"wp-block-heading\">1 Jean 4:20<\/h2>\n\n\n\n<p>Si quelqu\u2019un pr\u00e9tend aimer Dieu tout en d\u00e9testant son fr\u00e8re, c\u2019est un menteur. Car s\u2019il n\u2019aime pas son fr\u00e8re qu\u2019il voit, il ne peut pas aimer Dieu qu\u2019il ne voit pas.<\/p>\n\n\n\n<h2 class=\"wp-block-heading\">Lire Aussi:<\/h2>\n\n\n\n<ul class=\"wp-block-list\"><li><a href=\"https:\/\/thebibleverses.org\/fr\/\">Versets Bibliques par Sujets<\/a><\/li><li><a href=\"https:\/\/thebibleverses.org\/fr\/amour\/\">Versets Bibliques sur l&rsquo;Amour<\/a><\/li><li><a href=\"https:\/\/thebibleverses.org\/fr\/force\/\">Versets Bibliques sur la Force<\/a><\/li><li><a href=\"https:\/\/thebibleverses.org\/fr\/foi\/\">Versets Bibliques sur la Foi<\/a><\/li><li><a href=\"https:\/\/thebibleverses.org\/fr\/jeunes\/\">Versets Bibliques pour les Jeunes<\/a><\/li><li><a href=\"https:\/\/thebibleverses.org\/fr\/amitie\/\">Versets Bibliques sur l&rsquo;Amiti\u00e9<\/a><\/li><li><a href=\"https:\/\/thebibleverses.org\/fr\/guerison\/\">Versets Bibliques sur la Gu\u00e9rison<\/a><\/li><\/ul>\n","protected":false},"excerpt":{"rendered":"<p>Psaumes 37:8 Laisse la col\u00e8re, |calme ton courroux, ne t\u2019irrite pas, |car, en fin de compte, |tu ferais le mal. Proverbes 10:19 Qui parle beaucoup ne saurait \u00e9viter de p\u00e9cher, mais l\u2019homme avis\u00e9 met un frein \u00e0 ses l\u00e8vres. Proverbes 11:23 Toutes les aspirations des justes tendent vers le bien, mais tout ce que les [&hellip;]<\/p>\n","protected":false},"author":1,"featured_media":101,"parent":0,"menu_order":0,"comment_status":"open","ping_status":"closed","template":"","meta":{"footnotes":""},"class_list":["post-100","page","type-page","status-publish","has-post-thumbnail","hentry","entry","fw-tab-6 fw-tabr-4"],"_links":{"self":[{"href":"https:\/\/thebibleverses.org\/fr\/wp-json\/wp\/v2\/pages\/100","targetHints":{"allow":["GET"]}}],"collection":[{"href":"https:\/\/thebibleverses.org\/fr\/wp-json\/wp\/v2\/pages"}],"about":[{"href":"https:\/\/thebibleverses.org\/fr\/wp-json\/wp\/v2\/types\/page"}],"author":[{"embeddable":true,"href":"https:\/\/thebibleverses.org\/fr\/wp-json\/wp\/v2\/users\/1"}],"replies":[{"embeddable":true,"href":"https:\/\/thebibleverses.org\/fr\/wp-json\/wp\/v2\/comments?post=100"}],"version-history":[{"count":0,"href":"https:\/\/thebibleverses.org\/fr\/wp-json\/wp\/v2\/pages\/100\/revisions"}],"wp:featuredmedia":[{"embeddable":true,"href":"https:\/\/thebibleverses.org\/fr\/wp-json\/wp\/v2\/media\/101"}],"wp:attachment":[{"href":"https:\/\/thebibleverses.org\/fr\/wp-json\/wp\/v2\/media?parent=100"}],"curies":[{"name":"wp","href":"https:\/\/api.w.org\/{rel}","templated":true}]}}