{"id":96,"date":"2019-01-19T04:37:52","date_gmt":"2019-01-19T04:37:52","guid":{"rendered":"https:\/\/thebibleverses.org\/es\/?page_id=96"},"modified":"2023-06-03T22:12:38","modified_gmt":"2023-06-03T22:12:38","slug":"fortaleza","status":"publish","type":"page","link":"https:\/\/thebibleverses.org\/es\/fortaleza\/","title":{"rendered":"50 Vers\u00edculos de la Biblia de Fortaleza"},"content":{"rendered":"<div class=\"wp-block-image\">\n<figure class=\"aligncenter size-large\"><img loading=\"lazy\" decoding=\"async\" width=\"1024\" height=\"631\" src=\"https:\/\/thebibleverses.org\/es\/wp-content\/uploads\/2022\/05\/Versiculos-Biblicos-de-Fortaleza-1024x631.webp\" alt=\"Vers\u00edculos B\u00edblicos de Fortaleza\" class=\"wp-image-759\" srcset=\"https:\/\/thebibleverses.org\/es\/wp-content\/uploads\/2022\/05\/Versiculos-Biblicos-de-Fortaleza-1024x631.webp 1024w, https:\/\/thebibleverses.org\/es\/wp-content\/uploads\/2022\/05\/Versiculos-Biblicos-de-Fortaleza-300x185.webp 300w, https:\/\/thebibleverses.org\/es\/wp-content\/uploads\/2022\/05\/Versiculos-Biblicos-de-Fortaleza-768x474.webp 768w, https:\/\/thebibleverses.org\/es\/wp-content\/uploads\/2022\/05\/Versiculos-Biblicos-de-Fortaleza-320x197.webp 320w, https:\/\/thebibleverses.org\/es\/wp-content\/uploads\/2022\/05\/Versiculos-Biblicos-de-Fortaleza-450x278.webp 450w, https:\/\/thebibleverses.org\/es\/wp-content\/uploads\/2022\/05\/Versiculos-Biblicos-de-Fortaleza-720x444.webp 720w, https:\/\/thebibleverses.org\/es\/wp-content\/uploads\/2022\/05\/Versiculos-Biblicos-de-Fortaleza-scaled.webp 644w\" sizes=\"auto, (max-width: 1024px) 100vw, 1024px\" \/><figcaption class=\"wp-element-caption\">Vers\u00edculos B\u00edblicos de Fortaleza &#8211; Reina Valera Contempor\u00e1nea (RVC).<\/figcaption><\/figure><\/div>\n\n\n<h2 class=\"wp-block-heading\">Vers\u00edculos B\u00edblicos de Fortaleza en Dios en Tiempos Dif\u00edciles<\/h2>\n\n\n\n<p>Descubre una poderosa recopilaci\u00f3n de vers\u00edculos b\u00edblicos que te infundir\u00e1n fuerza y \u200b\u200bcoraje en tiempos de dificultades. <strong>En este post, encontrar\u00e1s una selecci\u00f3n cuidadosamente elegida de vers\u00edculos que te guiar\u00e1n en tu b\u00fasqueda de fortaleza en Dios.<\/strong><\/p>\n\n\n\n<p>Explora estas palabras sagradas llenas de esperanza y consuelo, y aprende c\u00f3mo confiar en el poder divino para superar cualquier desaf\u00edo. <strong>Descubre c\u00f3mo la fe en Dios puede ser tu fundamento s\u00f3lido cuando enfrentas pruebas y tribulaciones<\/strong>. No pierdas la oportunidad de experimentar la fortaleza y \u200b\u200bla paz que provienen de confiar en el Se\u00f1or. Sum\u00e9rgete en estas ense\u00f1anzas inspiradoras y descubre c\u00f3mo Dios puede capacitarte para superar cualquier obst\u00e1culo que encuentres en tu camino.<\/p>\n\n\n\n<h3 class=\"wp-block-heading\">\u00c9xodo 15:2<\/h3>\n\n\n\n<p>El Se\u00f1or es mi fortaleza y mi c\u00e1ntico; \u00a1el Se\u00f1or es mi salvaci\u00f3n! \u00c9l es mi Dios, y lo alabar\u00e9; es el Dios de mi padre, y lo enaltecer\u00e9 (Ex 15:2).<\/p>\n\n\n\n<h3 class=\"wp-block-heading\">Salmos 18:2<\/h3>\n\n\n\n<p>Mi Se\u00f1or y Dios, t\u00fa eres mi roca, mi defensor, \u00a1mi libertador! T\u00fa eres mi fuerza y mi escudo, mi poderosa salvaci\u00f3n, mi alto refugio. \u00a1En ti conf\u00edo! (Sal 18:2).<\/p>\n\n\n\n<h3 class=\"wp-block-heading\">Deuteronomio 31:6<\/h3>\n\n\n\n<p>Esfu\u00e9rcense y cobren \u00e1nimo; no teman, ni tengan miedo de ellos, porque contigo marcha el Se\u00f1or tu Dios, y \u00e9l no te dejar\u00e1 ni te desamparar\u00e1\u00bb (Dt 31:6).<\/p>\n\n\n\n<h3 class=\"wp-block-heading\">Salmos 27:1<\/h3>\n\n\n\n<p>El Se\u00f1or es mi luz y mi salvaci\u00f3n; \u00bfde qui\u00e9n temer\u00e9? El Se\u00f1or es la fortaleza de mi vida; \u00bfde qui\u00e9n me he de atemorizar? (Sal 27:1).<\/p>\n\n\n\n<h3 class=\"wp-block-heading\">Josu\u00e9 1:9<\/h3>\n\n\n\n<p>Escucha lo que te mando: Esfu\u00e9rzate y s\u00e9 valiente. No temas ni desmayes, que yo soy el Se\u00f1or tu Dios, y estar\u00e9 contigo por dondequiera que vayas\u00bb (Jos 1:9).<\/p>\n\n\n\n<h3 class=\"wp-block-heading\">Salmos 28:7-8<\/h3>\n\n\n\n<p>T\u00fa, Se\u00f1or, eres mi escudo y mi fuerza; en ti conf\u00eda mi coraz\u00f3n, pues recibo tu ayuda. Por eso mi coraz\u00f3n se alegra y te alaba con sus c\u00e1nticos. T\u00fa, Se\u00f1or, infundes fuerzas a tu pueblo; tu ungido halla en ti un refugio salvador (Sal 28:7-8).<\/p>\n\n\n\n<h3 class=\"wp-block-heading\">2 Samuel 22:3<\/h3>\n\n\n\n<p>Dios m\u00edo, t\u00fa eres mi fuerza; \u00a1en ti conf\u00edo! Eres mi escudo, mi poderosa salvaci\u00f3n, \u00a1mi alto refugio! Salvador m\u00edo, t\u00fa me salvas de la violencia (2 Sa 22:3).<\/p>\n\n\n\n<h3 class=\"wp-block-heading\">2 Samuel 22:33<\/h3>\n\n\n\n<p>Dios es quien me infunde fuerzas; Dios es quien endereza mi camino (2 Sa 22:33).<\/p>\n\n\n\n<h3 class=\"wp-block-heading\">Salmos 31:2-3<\/h3>\n\n\n\n<p>\u00a1Incl\u00ednate a escucharme! \u00a1Ven pronto en mi ayuda! \u00a1S\u00e9 t\u00fa mi roca fuerte, la fortaleza que me salve! Ciertamente, t\u00fa eres mi roca y mi castillo; gu\u00edame; encam\u00edname por causa de tu nombre (Sal 31:2-3).<\/p>\n\n\n\n<h3 class=\"wp-block-heading\">Isa\u00edas 12:2<\/h3>\n\n\n\n<p>\u00a1Vean a Dios, mi salvador! Puedo estar confiado y sin temor alguno, porque el Se\u00f1or es mi fortaleza y mi canci\u00f3n; \u00a1\u00e9l es mi salvador!\u00bb (Is 12:2).<\/p>\n\n\n\n<h3 class=\"wp-block-heading\">Salmos 37:39<\/h3>\n\n\n\n<p>La salvaci\u00f3n de los justos proviene del Se\u00f1or; \u00e9l es su fortaleza en el tiempo de angustia (Sal 37:39).<\/p>\n\n\n\n<h3 class=\"wp-block-heading\">Isa\u00edas 26:4<\/h3>\n\n\n\n<p>Conf\u00eden siempre en el Se\u00f1or, porque \u00e9l es la Roca eterna (Is 26:4).<\/p>\n\n\n\n<h3 class=\"wp-block-heading\">Salmos 46:1<\/h3>\n\n\n\n<p>Dios es nuestro amparo y fortaleza, nuestro pronto auxilio en las tribulaciones (Sal 46:1).<\/p>\n\n\n\n<h3 class=\"wp-block-heading\">Isa\u00edas 40:29<\/h3>\n\n\n\n<p>El Se\u00f1or da fuerzas al cansado, y aumenta el vigor del que desfallece (Is 40:29).<\/p>\n\n\n\n<h3 class=\"wp-block-heading\">Salmos 59:17<\/h3>\n\n\n\n<p>A ti y a tu poder cantar\u00e9 salmos, porque t\u00fa, Dios m\u00edo, eres mi fortaleza; \u00a1eres mi Dios de misericordia! (Sal 59:17).<\/p>\n\n\n\n<h3 class=\"wp-block-heading\">Isa\u00edas 40:31<\/h3>\n\n\n\n<p>Pero los que conf\u00edan en el Se\u00f1or recobran las fuerzas y levantan el vuelo, como las \u00e1guilas; corren, y no se cansan; caminan, y no se fatigan (Is 40:31).<\/p>\n\n\n\n<h3 class=\"wp-block-heading\">Salmos 71:3<\/h3>\n\n\n\n<p>\u00a1S\u00e9 para m\u00ed una roca de refugio, en donde siempre pueda resguardarme! S\u00f3lo t\u00fa puedes decretar mi salvaci\u00f3n, porque t\u00fa eres mi roca y mi fortaleza (Sal 71:3).<\/p>\n\n\n\n<h3 class=\"wp-block-heading\">Isa\u00edas 41:10<\/h3>\n\n\n\n<p>No temas, porque yo estoy contigo. No tengas miedo, porque yo soy tu Dios. Te fortalecer\u00e9, y tambi\u00e9n te ayudar\u00e9. Tambi\u00e9n te sustentar\u00e9 con la diestra de mi justicia (Is 41:10).<\/p>\n\n\n\n<h3 class=\"wp-block-heading\">Salmos 81:1<\/h3>\n\n\n\n<p>Cantemos con gozo a Dios, nuestra fortaleza; aclamemos con j\u00fabilo al Dios de Jacob (Sal 81:1).<\/p>\n\n\n\n<h3 class=\"wp-block-heading\">Isa\u00edas 43:1<\/h3>\n\n\n\n<p>Pero ahora, as\u00ed ha dicho el Se\u00f1or, el que te cre\u00f3, oh Jacob; el que te form\u00f3, oh Israel: No temas, porque yo te he redimido. Te he llamado por tu nombre; t\u00fa eres m\u00edo (Is 43:1).<\/p>\n\n\n\n<h3 class=\"wp-block-heading\">Jerem\u00edas 16:19<\/h3>\n\n\n\n<p>Se\u00f1or, tu eres mi fuerza y mi fortaleza; \u00a1t\u00fa eres mi refugio en momentos de angustia! Las naciones vendr\u00e1n a ti desde los extremos de la tierra, y dir\u00e1n: Nuestros padres no tuvieron otra cosa que dioses falsos, que no sirven para nada (Jr 16:19).<\/p>\n\n\n\n<h3 class=\"wp-block-heading\">Salmos 118:14<\/h3>\n\n\n\n<p>El Se\u00f1or es mi fortaleza y mi canci\u00f3n; \u00e9l es mi salvaci\u00f3n (Sal 118:14).<\/p>\n\n\n\n<h3 class=\"wp-block-heading\">Joel 3:16<\/h3>\n\n\n\n<p>El Se\u00f1or ruge desde Sion y da su voz desde Jerusal\u00e9n. Tiemblan los cielos y la tierra, pero el Se\u00f1or es refugio para su pueblo y fortaleza para los hijos de Israel (Jl 3:16).<\/p>\n\n\n\n<h3 class=\"wp-block-heading\">Nah\u00fam 1:7<\/h3>\n\n\n\n<p>\u00a1Bueno es el SE\u00d1OR! Es una fortaleza en el d\u00eda de la angustia y conoce a los que en \u00e9l se refugian (Nah 1:7).<\/p>\n\n\n\n<h3 class=\"wp-block-heading\">Habacuc 3:19<\/h3>\n\n\n\n<p>\u00a1El SE\u00d1OR Dios es mi fortaleza! \u00c9l har\u00e1 mis pies como de venados y me hace andar sobre las alturas (Hab 3:19).<\/p>\n\n\n\n<h3 class=\"wp-block-heading\">Salmos 144:2<\/h3>\n\n\n\n<p>Misericordia m\u00eda y castillo m\u00edo; mi refugio y mi libertador; mi escudo en quien he confiado; el que sujeta los pueblos debajo de m\u00ed (Sal 144:2).<\/p>\n\n\n\n<h3 class=\"wp-block-heading\">2 Corintios 12:9<\/h3>\n\n\n\n<p>Y me ha dicho: \u201cB\u00e1state mi gracia, porque mi poder se perfecciona en la debilidad\u201d. Por tanto, de buena gana me gloriar\u00e9 m\u00e1s bien en mis debilidades, para que habite en m\u00ed el poder de Cristo (2 Co 12:9).<\/p>\n\n\n\n<h3 class=\"wp-block-heading\">Efesios 6:10<\/h3>\n\n\n\n<p>Por lo dem\u00e1s, hermanos m\u00edos, mant\u00e9nganse firmes en el Se\u00f1or y en el poder de su fuerza (Ef 6:10).<\/p>\n\n\n\n<h3 class=\"wp-block-heading\">Filipenses 4:13<\/h3>\n\n\n\n<p>\u00a1Todo lo puedo en Cristo que me fortalece! (Filp 4:13).<\/p>\n\n\n\n<h3 class=\"wp-block-heading\">2 Timoteo 2:1<\/h3>\n\n\n\n<p>T\u00fa, hijo m\u00edo, esfu\u00e9rzate en la gracia que tenemos en Cristo Jes\u00fas (2 Ti 2:1).<\/p>\n\n\n\n<h3 class=\"wp-block-heading\">Isa\u00edas 33:2<\/h3>\n\n\n\n<p>Se\u00f1or, ten misericordia de nosotros, pues nosotros esperamos en ti. T\u00fa, que de ma\u00f1ana eres brazo de otros, \u00a1s\u00e1lvanos tambi\u00e9n en momentos de angustia!<\/p>\n\n\n\n<h3 class=\"wp-block-heading\">Salmos 119:28<\/h3>\n\n\n\n<p>La ansiedad me corroe el alma; \u00a1sust\u00e9ntame con tu palabra!<\/p>\n\n\n\n<h3 class=\"wp-block-heading\">Efesios 3:16<\/h3>\n\n\n\n<p>Para que por su Esp\u00edritu, y conforme a las riquezas de su gloria, los fortalezca interiormente con poder.<\/p>\n\n\n\n<h3 class=\"wp-block-heading\">Salmos 138:3<\/h3>\n\n\n\n<p>Cuando te llam\u00e9, me respondiste, y mi alma desfallecida se llen\u00f3 de vigor.<\/p>\n\n\n\n<h3 class=\"wp-block-heading\">2 Corintios 4:16<\/h3>\n\n\n\n<p>Por lo tanto, no nos desanimamos. Y aunque por fuera nos vamos desgastando, por dentro nos vamos renovando de d\u00eda en d\u00eda.<\/p>\n\n\n\n<h3 class=\"wp-block-heading\">Isa\u00edas 41:13<\/h3>\n\n\n\n<p>Yo soy el Se\u00f1or, tu Dios, que te sostiene por la mano derecha y te dice: \u00abNo tengas miedo, que yo te ayudo.<\/p>\n\n\n\n<h3 class=\"wp-block-heading\">Salmos 55:22<\/h3>\n\n\n\n<p>T\u00fa, deja tus pesares en las manos del Se\u00f1or, y el Se\u00f1or te mantendr\u00e1 firme; el Se\u00f1or no deja a sus fieles ca\u00eddos para siempre.<\/p>\n\n\n\n<h3 class=\"wp-block-heading\">Filipenses 4:19<\/h3>\n\n\n\n<p>As\u00ed que mi Dios suplir\u00e1 todo lo que les falte, conforme a sus riquezas en gloria en Cristo Jes\u00fas.<\/p>\n\n\n\n<h3 class=\"wp-block-heading\">Salmos 18:32<\/h3>\n\n\n\n<p>Dios es quien me infunde fuerzas; Dios es quien endereza mi camino.<\/p>\n\n\n\n<h3 class=\"wp-block-heading\">Salmos 119:105<\/h3>\n\n\n\n<p>Tu palabra es una l\u00e1mpara a mis pies; \u00a1es la luz que ilumina mi camino!<\/p>\n\n\n\n<h3 class=\"wp-block-heading\">Josu\u00e9 1:7<\/h3>\n\n\n\n<p>Pero tienes qu\u00e9 esforzarte y ser muy valiente. Pon mucho cuidado y act\u00faa de acuerdo con las leyes que te dio mi siervo Mois\u00e9s. Nunca te apartes de ellas, ni a la derecha ni a la izquierda, y as\u00ed tendr\u00e1s \u00e9xito en todo lo que emprendas.<\/p>\n\n\n\n<h3 class=\"wp-block-heading\">Salmos 18:39<\/h3>\n\n\n\n<p>T\u00fa me infundiste fuerzas para la batalla, para vencer y humillar a mis adversarios.<\/p>\n\n\n\n<h3 class=\"wp-block-heading\">Proverbios 18:10<\/h3>\n\n\n\n<p>El nombre del Se\u00f1or es una fortaleza a la que el justo acude en busca de ayuda.<\/p>\n\n\n\n<h3 class=\"wp-block-heading\">1 Corintios 16:13<\/h3>\n\n\n\n<p>Mant\u00e9nganse atentos y firmes en la fe; sean fuertes y valientes.<\/p>\n\n\n\n<h3 class=\"wp-block-heading\">Salmos 138:7<\/h3>\n\n\n\n<p>Cuando me encuentre angustiado, t\u00fa me infundir\u00e1s nueva vida; Me defender\u00e1s de la ira de mis enemigos, y con tu diestra me levantar\u00e1s victorioso.<\/p>\n\n\n\n<h3 class=\"wp-block-heading\">2 Tesalonicenses 3:3<\/h3>\n\n\n\n<p>Pero el Se\u00f1or es fiel, y \u00e9l los fortalecer\u00e1 y guardar\u00e1 del mal.<\/p>\n\n\n\n<h3 class=\"wp-block-heading\">Salmos 29:11<\/h3>\n\n\n\n<p>El Se\u00f1or infunde poder a su pueblo y lo bendice con la paz.<\/p>\n\n\n\n<h3 class=\"wp-block-heading\">Filipenses 4:6-7<\/h3>\n\n\n\n<p>No se preocupen por nada. Que sus peticiones sean conocidas delante de Dios en toda oraci\u00f3n y ruego, con acci\u00f3n de gracias, Y que la paz de Dios, que sobrepasa todo entendimiento, guarde sus corazones y sus pensamientos en Cristo Jes\u00fas.<\/p>\n\n\n\n<h3 class=\"wp-block-heading\">Salmos 55:22<\/h3>\n\n\n\n<p>T\u00fa, deja tus pesares en las manos del Se\u00f1or, y el Se\u00f1or te mantendr\u00e1 firme; el Se\u00f1or no deja a sus fieles ca\u00eddos para siempre.<\/p>\n\n\n\n<h3 class=\"wp-block-heading\">2 Timoteo 1:7<\/h3>\n\n\n\n<p>Porque no nos ha dado Dios un esp\u00edritu de cobard\u00eda, sino de poder, de amor y de dominio propio.<\/p>\n\n\n\n<h2 class=\"wp-block-heading\">Lee Tambi\u00e9n:<\/h2>\n\n\n\n<ul class=\"wp-block-list\">\n<li><a href=\"https:\/\/thebibleverses.org\/es\/\">Vers\u00edculos por Tema<\/a><\/li>\n\n\n\n<li><a href=\"https:\/\/thebibleverses.org\/es\/agradecimiento\/\">Vers\u00edculos B\u00edblicos de Protecci\u00f3n de Dios<\/a><\/li>\n\n\n\n<li><a href=\"https:\/\/thebibleverses.org\/es\/amor\/\">Vers\u00edculos B\u00edblicos sobre el Amor<\/a><\/li>\n\n\n\n<li><a href=\"https:\/\/thebibleverses.org\/es\/agradecimiento\/\">Vers\u00edculos B\u00edblicos de Agradecimiento<\/a><\/li>\n\n\n\n<li><a href=\"https:\/\/thebibleverses.org\/es\/fe\/\">Vers\u00edculos B\u00edblicos sobre la Fe<\/a><\/li>\n\n\n\n<li><a href=\"https:\/\/thebibleverses.org\/es\/jovenes\/\">Vers\u00edculos B\u00edblicos para J\u00f3venes<\/a><\/li>\n\n\n\n<li><a href=\"https:\/\/thebibleverses.org\/es\/amistad\/\">Vers\u00edculos B\u00edblicos sobre la Amistad<\/a><\/li>\n\n\n\n<li><a href=\"https:\/\/thebibleverses.org\/es\/sanidad\/\">Vers\u00edculos B\u00edblicos sobre Sanidad<\/a><\/li>\n<\/ul>\n","protected":false},"excerpt":{"rendered":"<p>Vers\u00edculos B\u00edblicos de Fortaleza en Dios en Tiempos Dif\u00edciles Descubre una poderosa recopilaci\u00f3n de vers\u00edculos b\u00edblicos que te infundir\u00e1n fuerza y \u200b\u200bcoraje en tiempos de dificultades. En este post, encontrar\u00e1s una selecci\u00f3n cuidadosamente elegida de vers\u00edculos que te guiar\u00e1n en tu b\u00fasqueda de fortaleza en Dios. Explora estas palabras sagradas llenas de esperanza y consuelo, [&hellip;]<\/p>\n","protected":false},"author":1,"featured_media":759,"parent":0,"menu_order":0,"comment_status":"open","ping_status":"closed","template":"","meta":{"footnotes":""},"class_list":["post-96","page","type-page","status-publish","has-post-thumbnail","hentry","entry","fw-tab-6 fw-tabr-4"],"_links":{"self":[{"href":"https:\/\/thebibleverses.org\/es\/wp-json\/wp\/v2\/pages\/96","targetHints":{"allow":["GET"]}}],"collection":[{"href":"https:\/\/thebibleverses.org\/es\/wp-json\/wp\/v2\/pages"}],"about":[{"href":"https:\/\/thebibleverses.org\/es\/wp-json\/wp\/v2\/types\/page"}],"author":[{"embeddable":true,"href":"https:\/\/thebibleverses.org\/es\/wp-json\/wp\/v2\/users\/1"}],"replies":[{"embeddable":true,"href":"https:\/\/thebibleverses.org\/es\/wp-json\/wp\/v2\/comments?post=96"}],"version-history":[{"count":0,"href":"https:\/\/thebibleverses.org\/es\/wp-json\/wp\/v2\/pages\/96\/revisions"}],"wp:featuredmedia":[{"embeddable":true,"href":"https:\/\/thebibleverses.org\/es\/wp-json\/wp\/v2\/media\/759"}],"wp:attachment":[{"href":"https:\/\/thebibleverses.org\/es\/wp-json\/wp\/v2\/media?parent=96"}],"curies":[{"name":"wp","href":"https:\/\/api.w.org\/{rel}","templated":true}]}}