{"id":92,"date":"2019-01-19T04:46:05","date_gmt":"2019-01-19T04:46:05","guid":{"rendered":"https:\/\/thebibleverses.org\/es\/?page_id=92"},"modified":"2022-11-16T01:17:54","modified_gmt":"2022-11-16T01:17:54","slug":"alabanza","status":"publish","type":"page","link":"https:\/\/thebibleverses.org\/es\/alabanza\/","title":{"rendered":"40 Vers\u00edculos de la Biblia sobre la Alabanza"},"content":{"rendered":"<div class=\"wp-block-image\">\n<figure class=\"aligncenter size-large\"><img loading=\"lazy\" decoding=\"async\" width=\"1024\" height=\"631\" src=\"https:\/\/thebibleverses.org\/es\/wp-content\/uploads\/2022\/05\/Versiculos-Biblicos-de-Alabanza-1024x631.webp\" alt=\"Vers\u00edculos B\u00edblico de Alabanza \" class=\"wp-image-692\" srcset=\"https:\/\/thebibleverses.org\/es\/wp-content\/uploads\/2022\/05\/Versiculos-Biblicos-de-Alabanza-1024x631.webp 1024w, https:\/\/thebibleverses.org\/es\/wp-content\/uploads\/2022\/05\/Versiculos-Biblicos-de-Alabanza-300x185.webp 300w, https:\/\/thebibleverses.org\/es\/wp-content\/uploads\/2022\/05\/Versiculos-Biblicos-de-Alabanza-768x474.webp 768w, https:\/\/thebibleverses.org\/es\/wp-content\/uploads\/2022\/05\/Versiculos-Biblicos-de-Alabanza-320x197.webp 320w, https:\/\/thebibleverses.org\/es\/wp-content\/uploads\/2022\/05\/Versiculos-Biblicos-de-Alabanza-450x278.webp 450w, https:\/\/thebibleverses.org\/es\/wp-content\/uploads\/2022\/05\/Versiculos-Biblicos-de-Alabanza-720x444.webp 720w, https:\/\/thebibleverses.org\/es\/wp-content\/uploads\/2022\/05\/Versiculos-Biblicos-de-Alabanza-scaled.webp 644w\" sizes=\"auto, (max-width: 1024px) 100vw, 1024px\" \/><figcaption class=\"wp-element-caption\">Vers\u00edculos B\u00edblicos de Alabanza &#8211; Reina Valera Contempor\u00e1nea (RVC).<\/figcaption><\/figure><\/div>\n\n\n<h2 class=\"wp-block-heading\">G\u00e9nesis 29:35 <\/h2>\n\n\n\n<p>Todav\u00eda concibi\u00f3 otra vez, y dio a luz un hijo. Entonces dijo: \u00abEsta vez alabar\u00e9 al Se\u00f1or.\u00bb Por eso le puso por nombre Jud\u00e1. Y dej\u00f3 de dar a luz (Ge 29:35).<\/p>\n\n\n\n<h2 class=\"wp-block-heading\">\u00c9xodo 15:2 <\/h2>\n\n\n\n<p>El Se\u00f1or es mi fortaleza y mi c\u00e1ntico; \u00a1el Se\u00f1or es mi salvaci\u00f3n! \u00c9l es mi Dios, y lo alabar\u00e9; es el Dios de mi padre, y lo enaltecer\u00e9 (Ex 15:2).<\/p>\n\n\n\n<h2 class=\"wp-block-heading\">\u00c9xodo 15:11 <\/h2>\n\n\n\n<p>\u00bfQui\u00e9n como t\u00fa, Se\u00f1or, entre los dioses? \u00bfQui\u00e9n como t\u00fa, santo y magn\u00edfico, que realizas maravillosas haza\u00f1as y llevas a cabo sorprendentes prodigios? (Ex 15:11).<\/p>\n\n\n\n<h2 class=\"wp-block-heading\">Deuteronomio 3:24 <\/h2>\n\n\n\n<p>T\u00fa, Se\u00f1or y Dios, has comenzado a mostrar tu grandeza y tu mano poderosa a este siervo tuyo. Ciertamente, no hay dios en el cielo ni en la tierra que haga las grandes proezas que t\u00fa haces (Dt 3:24).<\/p>\n\n\n\n<h2 class=\"wp-block-heading\">Deuteronomio 6:5 <\/h2>\n\n\n\n<p>Y amar\u00e1s al Se\u00f1or tu Dios con todo tu coraz\u00f3n, y con toda tu alma, y con todas tus fuerzas (Dt 6:5).<\/p>\n\n\n\n<h2 class=\"wp-block-heading\">1 Samuel 2:2 <\/h2>\n\n\n\n<p>Nadie es santo como t\u00fa, Se\u00f1or. Fuera de ti, no hay nadie m\u00e1s. No hay mejor refugio que t\u00fa, Dios nuestro (1 Sa 2:2).<\/p>\n\n\n\n<h2 class=\"wp-block-heading\">2 Samuel 7:22 <\/h2>\n\n\n\n<p>\u00a1Cu\u00e1n grande eres, Se\u00f1or y Dios! \u00a1No hay nadie como t\u00fa! Tal y como lo hemos sabido, \u00a1no hay m\u00e1s Dios que t\u00fa! (2 Sa 7:22).<\/p>\n\n\n\n<h2 class=\"wp-block-heading\">1 Cr\u00f3nicas 16:34 <\/h2>\n\n\n\n<p>\u00a1Aclamen al Se\u00f1or, porque \u00e9l es bueno; porque su misericordia es eterna (1 Cro 16:34).<\/p>\n\n\n\n<h2 class=\"wp-block-heading\">1 Cr\u00f3nicas 29:11 <\/h2>\n\n\n\n<p>Tuya es, Se\u00f1or, la magnificencia y el poder, la gloria, la victoria y el honor; pues tuyas son todas las cosas que est\u00e1n en los cielos y en la tierra. Tuyo es, Se\u00f1or, el reino. \u00a1T\u00fa eres excelso sobre todas las cosas! (1 Cro 29:11).<\/p>\n\n\n\n<h2 class=\"wp-block-heading\">Salmos 9:11 <\/h2>\n\n\n\n<p>\u00a1Canten al Se\u00f1or, que vive en Si\u00f3n! \u00a1Proclamen entre los pueblos sus acciones! (Sal 9:11).<\/p>\n\n\n\n<h2 class=\"wp-block-heading\">Salmos 33:2 <\/h2>\n\n\n\n<p>\u00a1Aclamen al Se\u00f1or con arpas! \u00a1Al\u00e1benlo al son del salterio y del decacordio! (Sal 33:2).<\/p>\n\n\n\n<h2 class=\"wp-block-heading\">Salmos 35:28 <\/h2>\n\n\n\n<p>Mi lengua hablar\u00e1 de tu justicia y de tu alabanza todo el d\u00eda (Sal 35:28).<\/p>\n\n\n\n<h2 class=\"wp-block-heading\">Salmos 40:3 <\/h2>\n\n\n\n<p>Puso en mis labios un nuevo canto, un canto de alabanza a nuestro Dios. Muchos vieron esto y temieron, y pusieron su esperanza en el Se\u00f1or (Sal 40:3).<\/p>\n\n\n\n<h2 class=\"wp-block-heading\">Salmos 47:7 <\/h2>\n\n\n\n<p>Porque Dios es el Rey de toda la tierra, canten con entendimiento (Sal 47:7).<\/p>\n\n\n\n<h2 class=\"wp-block-heading\">Salmos 51:15 <\/h2>\n\n\n\n<p>Abre, Se\u00f1or, mis labios, y mi boca proclamar\u00e1 tu alabanza (Sal 51:15).<\/p>\n\n\n\n<h2 class=\"wp-block-heading\">Salmos 67:3 <\/h2>\n\n\n\n<p>\u00a1Que te alaben los pueblos, Dios m\u00edo! \u00a1Que todos los pueblos te alaben! (Sal 67:3).<\/p>\n\n\n\n<h2 class=\"wp-block-heading\">Salmos 69:34 <\/h2>\n\n\n\n<p>\u00a1Que lo alaben los cielos y la tierra, los mares y todo lo que hay en ellos! (Sal 69:34).<\/p>\n\n\n\n<h2 class=\"wp-block-heading\">Salmos 113:1 <\/h2>\n\n\n\n<p>Ustedes, siervos del Se\u00f1or, \u00a1al\u00e1benlo! \u00a1Alaben el nombre del Se\u00f1or! (Sal 113:11).<\/p>\n\n\n\n<h2 class=\"wp-block-heading\">Salmos 117:1 <\/h2>\n\n\n\n<p>Ustedes, naciones todas, \u00a1alaben al Se\u00f1or! Y ustedes, pueblos todos, \u00a1alaben al Se\u00f1or! (Sal 117:1).<\/p>\n\n\n\n<h2 class=\"wp-block-heading\">Salmos 148:2 <\/h2>\n\n\n\n<p>\u00a1Que alaben al Se\u00f1or todos sus \u00e1ngeles! \u00a1Que alaben al Se\u00f1or todos sus ej\u00e9rcitos! (Sal 148:2).<\/p>\n\n\n\n<h2 class=\"wp-block-heading\">Salmos 150:6 <\/h2>\n\n\n\n<p>\u00a1Que todo lo que respira alabe al Se\u00f1or! \u00a1Aleluya! (Sal 150:6).<\/p>\n\n\n\n<h2 class=\"wp-block-heading\">Isa\u00edas 12:5 <\/h2>\n\n\n\n<p>\u00a1Canten salmos al Se\u00f1or, porque sus obras son magn\u00edficas! \u00a1Que toda la tierra lo sepa! (Is 12:5).<\/p>\n\n\n\n<h2 class=\"wp-block-heading\">Isa\u00edas 25:1 <\/h2>\n\n\n\n<p>T\u00fa, Se\u00f1or, eres mi Dios; yo te exaltar\u00e9 y alabar\u00e9 tu nombre porque has hecho maravillas; tus consejos siempre han sido verdaderos y firmes (Is 25:1).<\/p>\n\n\n\n<h2 class=\"wp-block-heading\">Isa\u00edas 42:8 <\/h2>\n\n\n\n<p>Yo soy el Se\u00f1or. \u00c9ste es mi nombre, y no dar\u00e9 a otro mi gloria, ni mi alabanza a esculturas (Is 42:8).<\/p>\n\n\n\n<h2 class=\"wp-block-heading\">Isa\u00edas 42:12 <\/h2>\n\n\n\n<p>Den gloria al Se\u00f1or; proclamen en las costas su alabanza (Is 42:12).<\/p>\n\n\n\n<h2 class=\"wp-block-heading\">Isa\u00edas 43:21 <\/h2>\n\n\n\n<p>A este pueblo lo he creado para m\u00ed, y este pueblo proclamar\u00e1 mis alabanzas (Is 43:21).<\/p>\n\n\n\n<h2 class=\"wp-block-heading\">Jerem\u00edas 20:13 <\/h2>\n\n\n\n<p>\u00a1Canten salmos al Se\u00f1or! \u00a1C\u00e1ntenle alabanzas! \u00a1El Se\u00f1or es quien libra al pobre de morir a manos de los malignos! (Jr 20:13).<\/p>\n\n\n\n<h2 class=\"wp-block-heading\">Daniel 2:23 <\/h2>\n\n\n\n<p>A ti, Dios de mis padres, te doy gracias y te alabo, porque me has dado fuerza y sabidur\u00eda, y ahora me has revelado lo que te pedimos: \u00a1nos has dado a conocer el asunto del rey! (Da 2:23).<\/p>\n\n\n\n<h2 class=\"wp-block-heading\">Daniel 4:37 <\/h2>\n\n\n\n<p>Por eso yo, Nabucodonosor, alabo y engrandezco y glorifico al Rey del cielo, porque todas sus obras son verdaderas, y sus caminos justos, y \u00e9l puede humillar a los que se muestran soberbios (Da 4:37).<\/p>\n\n\n\n<h2 class=\"wp-block-heading\">Habacuc 3:17-18 <\/h2>\n\n\n\n<p>Aunque todav\u00eda no florece la higuera, ni hay uvas en los vi\u00f1edos, ni hay tampoco aceitunas en los olivos, ni los campos han rendido sus cosechas; aunque no hay ovejas en los rediles ni vacas en los corrales, yo me alegro por ti, Se\u00f1or; \u00a1me regocijo en ti, Dios de mi salvaci\u00f3n! (Hab3:17-18).<\/p>\n\n\n\n<h2 class=\"wp-block-heading\">Mateo 21:9 <\/h2>\n\n\n\n<p>Tanto los que iban delante como los que iban detr\u00e1s lo aclamaban y dec\u00edan: \u00a1Hosanna al Hijo de David! \u00a1Bendito el que viene en el nombre del Se\u00f1or! \u00a1Hosanna en las alturas! (Mt 21:9).<\/p>\n\n\n\n<h2 class=\"wp-block-heading\">Lucas 2:13-14 <\/h2>\n\n\n\n<p>En ese momento apareci\u00f3, junto con el \u00e1ngel, una multitud de las huestes celestiales, que alababan a Dios y dec\u00edan: \u00ab\u00a1Gloria a Dios en las alturas!<br> \u00a1Paz en la tierra a todos los que gozan de su favor!\u00bb (Lc 2:13-14).<\/p>\n\n\n\n<h2 class=\"wp-block-heading\">Lucas 2:20 <\/h2>\n\n\n\n<p>Al volver los pastores, iban alabando y glorificando a Dios por todo lo que hab\u00edan visto y o\u00eddo, pues todo hab\u00eda sucedido tal y como se les hab\u00eda dicho (Lc 2:20).<\/p>\n\n\n\n<h2 class=\"wp-block-heading\">Lucas 19:37 <\/h2>\n\n\n\n<p>Cuando se acerc\u00f3 a la bajada del monte de los Olivos, todo el conjunto de sus disc\u00edpulos comenz\u00f3 a gritar de alegr\u00eda y a alabar a Dios por todas las maravillas que hab\u00edan visto (Lc 19:37).<\/p>\n\n\n\n<h2 class=\"wp-block-heading\">Hechos 16:25-26 <\/h2>\n\n\n\n<p>A la medianoche, Pablo y Silas oraban y cantaban himnos a Dios, mientras los presos los escuchaban. De pronto hubo un terremoto, tan violento que los cimientos de la c\u00e1rcel se estremecieron. Al instante se abrieron todas las puertas, y las cadenas de todos se soltaron (Hch 16:15-26).<\/p>\n\n\n\n<h2 class=\"wp-block-heading\">Colosenses 3:16 <\/h2>\n\n\n\n<p>La palabra de Cristo habite ricamente en ustedes. Instr\u00fayanse y exh\u00f3rtense unos a otros con toda sabidur\u00eda; canten al Se\u00f1or salmos, himnos y c\u00e1nticos espirituales, con gratitud de coraz\u00f3n (Col 3:16).<\/p>\n\n\n\n<h2 class=\"wp-block-heading\">Hebreos 13:15 <\/h2>\n\n\n\n<p>Por lo tanto, ofrezcamos siempre a Dios, por medio de Jes\u00fas, un sacrificio de alabanza, es decir, el fruto de labios que confiesen su nombre (He 13:15).<\/p>\n\n\n\n<h2 class=\"wp-block-heading\">1 Pedro 2:9 <\/h2>\n\n\n\n<p>Pero ustedes son linaje escogido, real sacerdocio, naci\u00f3n santa, pueblo adquirido por Dios, para que anuncien los hechos maravillosos de aquel que los llam\u00f3 de las tinieblas a su luz admirable (1 Pe 2:9).<\/p>\n\n\n\n<h2 class=\"wp-block-heading\">Apocalipsis 5:11-12 <\/h2>\n\n\n\n<p>Mir\u00e9 entonces, y alrededor del trono o\u00ed la voz de muchos \u00e1ngeles, y de los seres vivientes y de los ancianos. Eran una multitud incontable; \u00a1mir\u00edadas y mir\u00edadas de ellos! A grandes voces dec\u00edan: \u00abDigno es el Cordero inmolado de recibir el poder y las riquezas, la sabidur\u00eda y la fortaleza, la honra, la gloria y la alabanza\u00bb (Ap 5:11-12).<\/p>\n\n\n\n<h2 class=\"wp-block-heading\">Apocalipsis 19:5 <\/h2>\n\n\n\n<p>Del trono sali\u00f3 entonces una voz, que dec\u00eda: \u00ab\u00a1Alaben a nuestro Dios todos sus siervos, los que le temen, los grandes y los peque\u00f1os!\u00bb (Ap 19:5).<\/p>\n\n\n\n<h2 class=\"wp-block-heading\">Lee Tambi\u00e9n:<\/h2>\n\n\n\n<ul class=\"wp-block-list\">\n<li><a href=\"https:\/\/thebibleverses.org\/es\/\">Vers\u00edculos por Tema<\/a><\/li>\n\n\n\n<li><a href=\"https:\/\/thebibleverses.org\/es\/amor\/\">Vers\u00edculos B\u00edblicos sobre el Amor<\/a><\/li>\n\n\n\n<li><a href=\"https:\/\/thebibleverses.org\/es\/fortaleza\/\">Vers\u00edculos B\u00edblicos de Fortaleza<\/a><\/li>\n\n\n\n<li><a href=\"https:\/\/thebibleverses.org\/es\/fe\/\">Vers\u00edculos B\u00edblicos sobre la Fe<\/a><\/li>\n\n\n\n<li><a href=\"https:\/\/thebibleverses.org\/es\/jovenes\/\">Vers\u00edculos B\u00edblicos para J\u00f3venes<\/a><\/li>\n\n\n\n<li><a href=\"https:\/\/thebibleverses.org\/es\/amistad\/\">Vers\u00edculos B\u00edblicos sobre la Amistad<\/a><\/li>\n\n\n\n<li><a href=\"https:\/\/thebibleverses.org\/es\/sanidad\/\">Vers\u00edculos B\u00edblicos sobre Sanidad<\/a><\/li>\n<\/ul>\n","protected":false},"excerpt":{"rendered":"<p>G\u00e9nesis 29:35 Todav\u00eda concibi\u00f3 otra vez, y dio a luz un hijo. Entonces dijo: \u00abEsta vez alabar\u00e9 al Se\u00f1or.\u00bb Por eso le puso por nombre Jud\u00e1. Y dej\u00f3 de dar a luz (Ge 29:35). \u00c9xodo 15:2 El Se\u00f1or es mi fortaleza y mi c\u00e1ntico; \u00a1el Se\u00f1or es mi salvaci\u00f3n! \u00c9l es mi Dios, y lo [&hellip;]<\/p>\n","protected":false},"author":1,"featured_media":692,"parent":0,"menu_order":0,"comment_status":"open","ping_status":"closed","template":"","meta":{"footnotes":""},"class_list":["post-92","page","type-page","status-publish","has-post-thumbnail","hentry","entry","fw-tab-6 fw-tabr-4"],"_links":{"self":[{"href":"https:\/\/thebibleverses.org\/es\/wp-json\/wp\/v2\/pages\/92","targetHints":{"allow":["GET"]}}],"collection":[{"href":"https:\/\/thebibleverses.org\/es\/wp-json\/wp\/v2\/pages"}],"about":[{"href":"https:\/\/thebibleverses.org\/es\/wp-json\/wp\/v2\/types\/page"}],"author":[{"embeddable":true,"href":"https:\/\/thebibleverses.org\/es\/wp-json\/wp\/v2\/users\/1"}],"replies":[{"embeddable":true,"href":"https:\/\/thebibleverses.org\/es\/wp-json\/wp\/v2\/comments?post=92"}],"version-history":[{"count":0,"href":"https:\/\/thebibleverses.org\/es\/wp-json\/wp\/v2\/pages\/92\/revisions"}],"wp:featuredmedia":[{"embeddable":true,"href":"https:\/\/thebibleverses.org\/es\/wp-json\/wp\/v2\/media\/692"}],"wp:attachment":[{"href":"https:\/\/thebibleverses.org\/es\/wp-json\/wp\/v2\/media?parent=92"}],"curies":[{"name":"wp","href":"https:\/\/api.w.org\/{rel}","templated":true}]}}