{"id":88,"date":"2019-01-19T04:44:30","date_gmt":"2019-01-19T04:44:30","guid":{"rendered":"https:\/\/thebibleverses.org\/es\/?page_id=88"},"modified":"2022-05-15T22:22:05","modified_gmt":"2022-05-15T22:22:05","slug":"paz","status":"publish","type":"page","link":"https:\/\/thebibleverses.org\/es\/paz\/","title":{"rendered":"35 Vers\u00edculos de la Biblia sobre la Paz"},"content":{"rendered":"\n<div class=\"wp-block-image\"><figure class=\"aligncenter size-large\"><img loading=\"lazy\" decoding=\"async\" width=\"1024\" height=\"631\" src=\"https:\/\/thebibleverses.org\/es\/wp-content\/uploads\/2022\/05\/Versiculos-Biblicos-sobre-la-Paz-1024x631.webp\" alt=\"Vers\u00edculos B\u00edblicos sobre la Paz\" class=\"wp-image-793\" srcset=\"https:\/\/thebibleverses.org\/es\/wp-content\/uploads\/2022\/05\/Versiculos-Biblicos-sobre-la-Paz-1024x631.webp 1024w, https:\/\/thebibleverses.org\/es\/wp-content\/uploads\/2022\/05\/Versiculos-Biblicos-sobre-la-Paz-300x185.webp 300w, https:\/\/thebibleverses.org\/es\/wp-content\/uploads\/2022\/05\/Versiculos-Biblicos-sobre-la-Paz-768x474.webp 768w, https:\/\/thebibleverses.org\/es\/wp-content\/uploads\/2022\/05\/Versiculos-Biblicos-sobre-la-Paz-320x197.webp 320w, https:\/\/thebibleverses.org\/es\/wp-content\/uploads\/2022\/05\/Versiculos-Biblicos-sobre-la-Paz-450x278.webp 450w, https:\/\/thebibleverses.org\/es\/wp-content\/uploads\/2022\/05\/Versiculos-Biblicos-sobre-la-Paz-720x444.webp 720w, https:\/\/thebibleverses.org\/es\/wp-content\/uploads\/2022\/05\/Versiculos-Biblicos-sobre-la-Paz-scaled.webp 644w\" sizes=\"auto, (max-width: 1024px) 100vw, 1024px\" \/><figcaption>Vers\u00edculos B\u00edblicos sobre la Paz &#8211; Reina Valera Contempor\u00e1nea (RVC).<\/figcaption><\/figure><\/div>\n\n\n\n<h2 class=\"wp-block-heading\">Job 25:2 <\/h2>\n\n\n\n<p>El poder de Dios infunde temor; \u00e9l hace la paz en las alturas de los cielos (Job 25:2).<\/p>\n\n\n\n<h2 class=\"wp-block-heading\">Salmos 4:8 <\/h2>\n\n\n\n<p>En paz me acostar\u00e9, y asimismo dormir\u00e9; Porque solo t\u00fa, Se\u00f1or, me haces vivir confiado (Sal 4:8).<\/p>\n\n\n\n<h2 class=\"wp-block-heading\">Salmos 29:11 <\/h2>\n\n\n\n<p>El Se\u00f1or dar\u00e1 fortaleza a su pueblo; el Se\u00f1or bendecir\u00e1 a su pueblo con paz (Sal 29:11).<\/p>\n\n\n\n<h2 class=\"wp-block-heading\">Salmos 34:14 <\/h2>\n\n\n\n<p>Ap\u00e1rtate del mal y haz el bien; busca la paz y s\u00edguela (Sal 34:14).<\/p>\n\n\n\n<h2 class=\"wp-block-heading\">Salmos 119:165 <\/h2>\n\n\n\n<p>Los que aman tu ley viven en completa paz, porque saben que no tropezar\u00e1n (Sal 119:165).<\/p>\n\n\n\n<h2 class=\"wp-block-heading\">Proverbios 3:17 <\/h2>\n\n\n\n<p>Sus caminos son un deleite, y en todas sus veredas hay paz (Pr 3:17).<\/p>\n\n\n\n<h2 class=\"wp-block-heading\">Isa\u00edas 9:6 <\/h2>\n\n\n\n<p>Porque un ni\u00f1o nos ha nacido, \u00a1un hijo nos ha sido concedido! Sobre sus hombros llevar\u00e1 el principado, y su nombre ser\u00e1 \u00abConsejero admirable\u00bb, \u00abDios fuerte\u00bb, \u00abPadre Eterno\u00bb y \u00abPr\u00edncipe de paz\u00bb (Is 9:6).<\/p>\n\n\n\n<h2 class=\"wp-block-heading\">Isa\u00edas 26:3 <\/h2>\n\n\n\n<p>T\u00fa guardas en completa paz a quien siempre piensa en ti y pone en ti su confianza (Is 26:3).<\/p>\n\n\n\n<h2 class=\"wp-block-heading\">Isa\u00edas 48:18 <\/h2>\n\n\n\n<p>Si hubieras prestado atenci\u00f3n a mis mandamientos, tu paz habr\u00eda fluido como un r\u00edo, y tu justicia ser\u00eda como las olas del mar (Is 48:18).<\/p>\n\n\n\n<h2 class=\"wp-block-heading\">Isa\u00edas 53:5 <\/h2>\n\n\n\n<p>Pero \u00e9l ser\u00e1 herido por nuestros pecados; \u00a1molido por nuestras rebeliones! Sobre \u00e9l vendr\u00e1 el castigo de nuestra paz, y por su llaga seremos sanados (Is 53:5).<\/p>\n\n\n\n<h2 class=\"wp-block-heading\">Ezequiel 34:25 <\/h2>\n\n\n\n<p>Har\u00e9 con mis ovejas un pacto de paz, y quitar\u00e9 de la tierra a las fieras salvajes; as\u00ed mis ovejas podr\u00e1n habitar seguras en el desierto y dormir en los bosques (Ez 34:25).<\/p>\n\n\n\n<h2 class=\"wp-block-heading\">Mateo 5:9 <\/h2>\n\n\n\n<p>Bienaventurados los pacificadores, porque ellos ser\u00e1n llamados hijos de Dios (Mt 5:9).<\/p>\n\n\n\n<h2 class=\"wp-block-heading\">Lucas 1:78-79 <\/h2>\n\n\n\n<p>Por la entra\u00f1able misericordia de nuestro Dios. La aurora nos visit\u00f3 desde lo alto, para alumbrar a los que viven en tinieblas y en medio de sombras de muerte; para encaminarnos por la senda de la paz (Lc 1:78-79).<\/p>\n\n\n\n<h2 class=\"wp-block-heading\">Lucas 2:13-14 <\/h2>\n\n\n\n<p>En ese momento apareci\u00f3, junto con el \u00e1ngel, una multitud de las huestes celestiales, que alababan a Dios y dec\u00edan: \u00a1Gloria a Dios en las alturas! \u00a1Paz en la tierra a todos los que gozan de su favor! (Lc 2:13-14).<\/p>\n\n\n\n<h2 class=\"wp-block-heading\">Juan 14:27 <\/h2>\n\n\n\n<p>La paz les dejo, mi paz les doy; yo no la doy como el mundo la da. No dejen que su coraz\u00f3n se turbe y tenga miedo (Jn 14:27).<\/p>\n\n\n\n<h2 class=\"wp-block-heading\">Juan 16:33 <\/h2>\n\n\n\n<p>Estas cosas les he hablado para que en m\u00ed tengan paz. En el mundo tendr\u00e1n aflicci\u00f3n; pero conf\u00eden, yo he vencido al mundo (Jn 16:33).<\/p>\n\n\n\n<h2 class=\"wp-block-heading\">Hechos 10:36 <\/h2>\n\n\n\n<p>Dios envi\u00f3 un mensaje a los hijos de Israel, y en \u00e9l les anunciaba las buenas noticias de la paz por medio de Jesucristo, que es el Se\u00f1or de todos (Hch 10:36).<\/p>\n\n\n\n<h2 class=\"wp-block-heading\">Romanos 5:1 <\/h2>\n\n\n\n<p>As\u00ed, pues, justificados por la fe tenemos paz con Dios por medio de nuestro Se\u00f1or Jesucristo (Ro 5:1).<\/p>\n\n\n\n<h2 class=\"wp-block-heading\">Romanos 8:6 <\/h2>\n\n\n\n<p>Porque el ocuparse de la carne es muerte, pero el ocuparse del Esp\u00edritu es vida y paz (Ro 8:6).<\/p>\n\n\n\n<h2 class=\"wp-block-heading\">Romanos 12:18 <\/h2>\n\n\n\n<p>Si es posible, y en cuanto dependa de nosotros, vivamos en paz con todos (Ro 12:18).<\/p>\n\n\n\n<h2 class=\"wp-block-heading\">Romanos 14:17 <\/h2>\n\n\n\n<p>Porque el reino de Dios no es cuesti\u00f3n de comida ni de bebida, sino de justicia, paz y gozo en el Esp\u00edritu Santo (Ro 14:17).<\/p>\n\n\n\n<h2 class=\"wp-block-heading\">Romanos 15:33 <\/h2>\n\n\n\n<p>Que el Dios de paz sea con todos ustedes. Am\u00e9n (Ro 15:33).<\/p>\n\n\n\n<h2 class=\"wp-block-heading\">Romanos 16:20 <\/h2>\n\n\n\n<p>Muy pronto el Dios de paz aplastar\u00e1 a Satan\u00e1s bajo los pies de ustedes. Que la gracia de nuestro Se\u00f1or Jesucristo sea con ustedes (Ro 16:20).<\/p>\n\n\n\n<h2 class=\"wp-block-heading\">1 Corintios 14:33 <\/h2>\n\n\n\n<p>Pues Dios no es Dios de confusi\u00f3n, sino de paz. Como en todas las iglesias de los santos (1 Co 14:33).<\/p>\n\n\n\n<h2 class=\"wp-block-heading\">2 Corintios 13:11 <\/h2>\n\n\n\n<p>Por lo dem\u00e1s, hermanos, regoc\u00edjense, perfecci\u00f3nense, consu\u00e9lense; sean de un mismo sentir, y vivan en paz. Y el Dios de la paz y del amor estar\u00e1 con ustedes (2 Co 13:11).<\/p>\n\n\n\n<h2 class=\"wp-block-heading\">G\u00e1latas 1:3 <\/h2>\n\n\n\n<p>Que tengan gracia y paz de Dios el Padre y de nuestro Se\u00f1or Jesucristo (Ga 1:3).<\/p>\n\n\n\n<h2 class=\"wp-block-heading\">G\u00e1latas 5:22-23 <\/h2>\n\n\n\n<p>Pero el fruto del Esp\u00edritu es amor, gozo, paz, paciencia, benignidad, bondad, fe, mansedumbre, templanza. Contra tales cosas no hay ley.<\/p>\n\n\n\n<h2 class=\"wp-block-heading\">Efesios 2:14 <\/h2>\n\n\n\n<p> Porque \u00e9l es nuestra paz. De dos pueblos hizo uno solo, al derribar la pared intermedia de separaci\u00f3n (Ef 2:14).<\/p>\n\n\n\n<h2 class=\"wp-block-heading\">Efesios 4:3 <\/h2>\n\n\n\n<p>Procuren mantener la unidad del Esp\u00edritu en el v\u00ednculo de la paz (Ef 4:3).<\/p>\n\n\n\n<h2 class=\"wp-block-heading\">Filipenses 4:7 <\/h2>\n\n\n\n<p>Y que la paz de Dios, que sobrepasa todo entendimiento, guarde sus corazones y sus pensamientos en Cristo Jes\u00fas (Filp 4:7).<\/p>\n\n\n\n<h2 class=\"wp-block-heading\">Colosenses 1:20 <\/h2>\n\n\n\n<p>Y por medio de \u00e9l reconciliar consigo todas las cosas, tanto las que est\u00e1n en la tierra como las que est\u00e1n en los cielos, haciendo la paz mediante la sangre de su cruz (Col 1:20).<\/p>\n\n\n\n<h2 class=\"wp-block-heading\">Colosenses 3:15 <\/h2>\n\n\n\n<p>Que en el coraz\u00f3n de ustedes gobierne la paz de Cristo, a la cual fueron llamados en un solo cuerpo. Y sean agradecidos (Col 3:15).<\/p>\n\n\n\n<h2 class=\"wp-block-heading\">1 Tesalonicenses 5:13 <\/h2>\n\n\n\n<p>T\u00e9nganlos en alta estima y \u00e1menlos por causa de su obra. Y ustedes, vivan en paz (1 Tes 5:13).<\/p>\n\n\n\n<h2 class=\"wp-block-heading\">2 Tesalonicenses 3:16 <\/h2>\n\n\n\n<p>Que el Se\u00f1or de paz mismo les d\u00e9 paz siempre y en toda circunstancia. Que el Se\u00f1or est\u00e9 con todos ustedes (1 Tes 3:16).<\/p>\n\n\n\n<h2 class=\"wp-block-heading\">2 Timoteo 2:22 <\/h2>\n\n\n\n<p>Huye tambi\u00e9n de las pasiones juveniles, y sigue la justicia, la fe, el amor y la paz, junto con aquellos que con un coraz\u00f3n limpio invocan al Se\u00f1or (2 Ti 2:22).<\/p>\n\n\n\n<h2 class=\"wp-block-heading\">Lee Tambi\u00e9n:<\/h2>\n\n\n\n<ul class=\"wp-block-list\"><li><a href=\"https:\/\/thebibleverses.org\/es\/\">Vers\u00edculos por Tema<\/a><\/li><li><a href=\"https:\/\/thebibleverses.org\/es\/amor\/\">Vers\u00edculos B\u00edblicos sobre el Amor<\/a><\/li><li><a href=\"https:\/\/thebibleverses.org\/es\/fortaleza\/\">Vers\u00edculos B\u00edblicos de Fortaleza<\/a><\/li><li><a href=\"https:\/\/thebibleverses.org\/es\/fe\/\">Vers\u00edculos B\u00edblicos sobre la Fe<\/a><\/li><li><a href=\"https:\/\/thebibleverses.org\/es\/jovenes\/\">Vers\u00edculos B\u00edblicos para J\u00f3venes<\/a><\/li><li><a href=\"https:\/\/thebibleverses.org\/es\/amistad\/\">Vers\u00edculos B\u00edblicos sobre la Amistad<\/a><\/li><li><a href=\"https:\/\/thebibleverses.org\/es\/sanidad\/\">Vers\u00edculos B\u00edblicos sobre Sanidad<\/a><\/li><\/ul>\n","protected":false},"excerpt":{"rendered":"<p>Job 25:2 El poder de Dios infunde temor; \u00e9l hace la paz en las alturas de los cielos (Job 25:2). Salmos 4:8 En paz me acostar\u00e9, y asimismo dormir\u00e9; Porque solo t\u00fa, Se\u00f1or, me haces vivir confiado (Sal 4:8). Salmos 29:11 El Se\u00f1or dar\u00e1 fortaleza a su pueblo; el Se\u00f1or bendecir\u00e1 a su pueblo con [&hellip;]<\/p>\n","protected":false},"author":1,"featured_media":793,"parent":0,"menu_order":0,"comment_status":"open","ping_status":"closed","template":"","meta":{"footnotes":""},"class_list":["post-88","page","type-page","status-publish","has-post-thumbnail","hentry","entry","fw-tab-6 fw-tabr-4"],"_links":{"self":[{"href":"https:\/\/thebibleverses.org\/es\/wp-json\/wp\/v2\/pages\/88","targetHints":{"allow":["GET"]}}],"collection":[{"href":"https:\/\/thebibleverses.org\/es\/wp-json\/wp\/v2\/pages"}],"about":[{"href":"https:\/\/thebibleverses.org\/es\/wp-json\/wp\/v2\/types\/page"}],"author":[{"embeddable":true,"href":"https:\/\/thebibleverses.org\/es\/wp-json\/wp\/v2\/users\/1"}],"replies":[{"embeddable":true,"href":"https:\/\/thebibleverses.org\/es\/wp-json\/wp\/v2\/comments?post=88"}],"version-history":[{"count":0,"href":"https:\/\/thebibleverses.org\/es\/wp-json\/wp\/v2\/pages\/88\/revisions"}],"wp:featuredmedia":[{"embeddable":true,"href":"https:\/\/thebibleverses.org\/es\/wp-json\/wp\/v2\/media\/793"}],"wp:attachment":[{"href":"https:\/\/thebibleverses.org\/es\/wp-json\/wp\/v2\/media?parent=88"}],"curies":[{"name":"wp","href":"https:\/\/api.w.org\/{rel}","templated":true}]}}