{"id":86,"date":"2019-01-19T05:01:25","date_gmt":"2019-01-19T05:01:25","guid":{"rendered":"https:\/\/thebibleverses.org\/es\/?page_id=86"},"modified":"2022-05-15T22:24:08","modified_gmt":"2022-05-15T22:24:08","slug":"paciencia","status":"publish","type":"page","link":"https:\/\/thebibleverses.org\/es\/paciencia\/","title":{"rendered":"25 Vers\u00edculos de la Biblia sobre la Paciencia"},"content":{"rendered":"\n<div class=\"wp-block-image\"><figure class=\"aligncenter size-large\"><img loading=\"lazy\" decoding=\"async\" width=\"1024\" height=\"631\" src=\"https:\/\/thebibleverses.org\/es\/wp-content\/uploads\/2022\/05\/Versiculos-Biblicos-sobre-la-Paciencia-1024x631.webp\" alt=\"Vers\u00edculos B\u00edblicos sobre la Paciencia\" class=\"wp-image-796\" srcset=\"https:\/\/thebibleverses.org\/es\/wp-content\/uploads\/2022\/05\/Versiculos-Biblicos-sobre-la-Paciencia-1024x631.webp 1024w, https:\/\/thebibleverses.org\/es\/wp-content\/uploads\/2022\/05\/Versiculos-Biblicos-sobre-la-Paciencia-300x185.webp 300w, https:\/\/thebibleverses.org\/es\/wp-content\/uploads\/2022\/05\/Versiculos-Biblicos-sobre-la-Paciencia-768x474.webp 768w, https:\/\/thebibleverses.org\/es\/wp-content\/uploads\/2022\/05\/Versiculos-Biblicos-sobre-la-Paciencia-320x197.webp 320w, https:\/\/thebibleverses.org\/es\/wp-content\/uploads\/2022\/05\/Versiculos-Biblicos-sobre-la-Paciencia-450x278.webp 450w, https:\/\/thebibleverses.org\/es\/wp-content\/uploads\/2022\/05\/Versiculos-Biblicos-sobre-la-Paciencia-720x444.webp 720w, https:\/\/thebibleverses.org\/es\/wp-content\/uploads\/2022\/05\/Versiculos-Biblicos-sobre-la-Paciencia-scaled.webp 644w\" sizes=\"auto, (max-width: 1024px) 100vw, 1024px\" \/><figcaption>Vers\u00edculos B\u00edblicos sobre la Paciencia &#8211; Reina Valera Contempor\u00e1nea (RVC).<\/figcaption><\/figure><\/div>\n\n\n\n<h2 class=\"wp-block-heading\">Lucas 21:19 <\/h2>\n\n\n\n<p>Tengan paciencia, que as\u00ed ganar\u00e1n sus almas (Lc 21:19).<\/p>\n\n\n\n<h2 class=\"wp-block-heading\">Salmos 37:7 <\/h2>\n\n\n\n<p>Guarda silencio ante el Se\u00f1or, y espera en \u00e9l; no te alteres por los que prosperan en su camino, ni por los que practican la maldad (Sal 37:7).<\/p>\n\n\n\n<h2 class=\"wp-block-heading\">Salmos 40:1 <\/h2>\n\n\n\n<p> <br>Pacientemente esper\u00e9 al SE\u00d1OR, y \u00e9l se inclin\u00f3 a m\u00ed y oy\u00f3 mi clamor (Sal 40:1).<\/p>\n\n\n\n<h2 class=\"wp-block-heading\">Proverbios 14:29 <\/h2>\n\n\n\n<p>El que tarda en airarse tiene mucho entendimiento, pero el de esp\u00edritu apresurado hace resaltar la insensatez (Pr 14:29).<\/p>\n\n\n\n<h2 class=\"wp-block-heading\">Proverbios 25:15 <\/h2>\n\n\n\n<p>La mucha paciencia aplaca al pr\u00edncipe; la lengua afable quiebra los huesos m\u00e1s duros (Pr 25:15).<\/p>\n\n\n\n<h2 class=\"wp-block-heading\">G\u00e1latas 5:22 <\/h2>\n\n\n\n<p>Pero el fruto del Esp\u00edritu es amor, gozo, paz, paciencia, benignidad, bondad, fe (Ga 5:22).<\/p>\n\n\n\n<h2 class=\"wp-block-heading\">Efesios 4:2 <\/h2>\n\n\n\n<p>Y que sean humildes y mansos, y tolerantes y pacientes unos con otros, en amor (Ef 4:2).<\/p>\n\n\n\n<h2 class=\"wp-block-heading\">Colosenses 1:11 <\/h2>\n\n\n\n<p>Todo esto, fortalecidos con todo poder, conforme al dominio de su gloria, para que puedan soportarlo todo con mucha paciencia. As\u00ed, con gran gozo (Col 1:11).<\/p>\n\n\n\n<h2 class=\"wp-block-heading\">Colosenses 3:12 <\/h2>\n\n\n\n<p>Por lo tanto, como escogidos de Dios, santos y amados, rev\u00edstanse de entra\u00f1able misericordia, de benignidad, de humildad, de mansedumbre y de paciencia (Col 3:12).<\/p>\n\n\n\n<h2 class=\"wp-block-heading\">Romanos 2:4 <\/h2>\n\n\n\n<p>\u00bfNo te das cuenta de que menosprecias la benignidad, la tolerancia y la paciencia de Dios, y que ignoras que su benignidad busca llevarte al arrepentimiento? (Ro 2:4).<\/p>\n\n\n\n<h2 class=\"wp-block-heading\">Romanos 3:25 <\/h2>\n\n\n\n<p>A quien Dios puso como sacrificio de expiaci\u00f3n por medio de la fe en su sangre. Esto lo hizo Dios para manifestar su justicia, pues en su paciencia ha pasado por alto los pecados pasados (Ro 3:25).<\/p>\n\n\n\n<h2 class=\"wp-block-heading\">Romanos 5:3-4 <\/h2>\n\n\n\n<p>Y no s\u00f3lo esto, sino que tambi\u00e9n nos regocijamos en los sufrimientos, porque sabemos que los sufrimientos producen paciencia, la paciencia produce un car\u00e1cter aprobado, y el car\u00e1cter aprobado produce esperanza (Ro 3:4).<\/p>\n\n\n\n<h2 class=\"wp-block-heading\">Romanos 15:4 <\/h2>\n\n\n\n<p>Las cosas que se escribieron antes, se escribieron para nuestra ense\u00f1anza, a fin de que tengamos esperanza por medio de la paciencia y la consolaci\u00f3n de las Escrituras (Ro 15:4).<\/p>\n\n\n\n<h2 class=\"wp-block-heading\">Romanos 15:5 <\/h2>\n\n\n\n<p>Que el Dios de la paciencia y de la consolaci\u00f3n les conceda a ustedes un mismo sentir, seg\u00fan Cristo Jes\u00fas (Ro 15:5).<\/p>\n\n\n\n<h2 class=\"wp-block-heading\">1 Corintios 13:4 <\/h2>\n\n\n\n<p>El amor es paciente y bondadoso; no es envidioso ni jactancioso, no se envanece (1 Co 13:4).<\/p>\n\n\n\n<h2 class=\"wp-block-heading\">2 Tesalonicenses 1:4 <\/h2>\n\n\n\n<p>Nosotros mismos nos sentimos muy orgullosos de ustedes en las iglesias de Dios, al ver la paciencia y la fe de ustedes para soportar las persecuciones y sufrimientos (2 Tes 1:4).<\/p>\n\n\n\n<h2 class=\"wp-block-heading\">2 Tesalonicenses 3:5 <\/h2>\n\n\n\n<p>Que el Se\u00f1or encamine el coraz\u00f3n de ustedes al amor de Dios y a la paciencia de Cristo (2 Tes 3:5).<\/p>\n\n\n\n<h2 class=\"wp-block-heading\">2 Timoteo 3:10 <\/h2>\n\n\n\n<p>Pero t\u00fa has seguido mi doctrina, conducta, prop\u00f3sito, fe, longanimidad, amor, paciencia (1 Ti 3:10).<\/p>\n\n\n\n<h2 class=\"wp-block-heading\">Tito 2:2 <\/h2>\n\n\n\n<p>Que los ancianos sean sobrios, serios, prudentes, sanos en la fe, en el amor y en la paciencia (Tit 2:2).<\/p>\n\n\n\n<h2 class=\"wp-block-heading\">Hebreos 10:36 <\/h2>\n\n\n\n<p>Lo que ustedes necesitan es tener paciencia; para que, una vez que hayan hecho la voluntad de Dios, reciban lo que \u00e9l ha prometido darnos (He 10:36).<\/p>\n\n\n\n<h2 class=\"wp-block-heading\">Santiago 1:3-4 <\/h2>\n\n\n\n<p>Bien saben que, cuando su fe es puesta a prueba, produce paciencia. Pero procuren que la paciencia complete su obra, para que sean perfectos y cabales, sin que les falta nada (Stg 1:3-4).<\/p>\n\n\n\n<h2 class=\"wp-block-heading\">Santiago 5:7 <\/h2>\n\n\n\n<p>Pero ustedes, hermanos, tengan paciencia hasta la venida del Se\u00f1or. F\u00edjense en el labrador, c\u00f3mo espera el preciado fruto de la tierra, y c\u00f3mo aguarda con paciencia a que lleguen las lluvias tempranas y tard\u00edas (Stg 5:7).<\/p>\n\n\n\n<h2 class=\"wp-block-heading\">Santiago 5:10 <\/h2>\n\n\n\n<p>Hermanos m\u00edos, tomen como ejemplo de sufrimiento y de paciencia a los profetas que hablaron en el nombre del Se\u00f1or (Stg 5:10).<\/p>\n\n\n\n<h2 class=\"wp-block-heading\">Santiago 5:11 <\/h2>\n\n\n\n<p>Recuerden que nosotros consideramos dichosos a los que pacientemente sufren. Ustedes ya han sabido de la paciencia de Job, y saben tambi\u00e9n c\u00f3mo lo trat\u00f3 el Se\u00f1or al final, porque \u00e9l es todo compasi\u00f3n y misericordia (Stg 5:11).<\/p>\n\n\n\n<h2 class=\"wp-block-heading\">\u00c9xodo 14:14 <\/h2>\n\n\n\n<p>Qu\u00e9dense tranquilos, que el Se\u00f1or pelear\u00e1 por ustedes (Ex 14:14).<\/p>\n\n\n\n<h2 class=\"wp-block-heading\">Lee Tambi\u00e9n:<\/h2>\n\n\n\n<ul class=\"wp-block-list\"><li><a href=\"https:\/\/thebibleverses.org\/es\/\">Vers\u00edculos por Tema<\/a><\/li><li><a href=\"https:\/\/thebibleverses.org\/es\/amor\/\">Vers\u00edculos B\u00edblicos sobre el Amor<\/a><\/li><li><a href=\"https:\/\/thebibleverses.org\/es\/fortaleza\/\">Vers\u00edculos B\u00edblicos de Fortaleza<\/a><\/li><li><a href=\"https:\/\/thebibleverses.org\/es\/fe\/\">Vers\u00edculos B\u00edblicos sobre la Fe<\/a><\/li><li><a href=\"https:\/\/thebibleverses.org\/es\/jovenes\/\">Vers\u00edculos B\u00edblicos para J\u00f3venes<\/a><\/li><li><a href=\"https:\/\/thebibleverses.org\/es\/amistad\/\">Vers\u00edculos B\u00edblicos sobre la Amistad<\/a><\/li><li><a href=\"https:\/\/thebibleverses.org\/es\/sanidad\/\">Vers\u00edculos B\u00edblicos sobre Sanidad<\/a><\/li><\/ul>\n","protected":false},"excerpt":{"rendered":"<p>Lucas 21:19 Tengan paciencia, que as\u00ed ganar\u00e1n sus almas (Lc 21:19). Salmos 37:7 Guarda silencio ante el Se\u00f1or, y espera en \u00e9l; no te alteres por los que prosperan en su camino, ni por los que practican la maldad (Sal 37:7). Salmos 40:1 Pacientemente esper\u00e9 al SE\u00d1OR, y \u00e9l se inclin\u00f3 a m\u00ed y oy\u00f3 [&hellip;]<\/p>\n","protected":false},"author":1,"featured_media":796,"parent":0,"menu_order":0,"comment_status":"open","ping_status":"closed","template":"","meta":{"footnotes":""},"class_list":["post-86","page","type-page","status-publish","has-post-thumbnail","hentry","entry","fw-tab-6 fw-tabr-4"],"_links":{"self":[{"href":"https:\/\/thebibleverses.org\/es\/wp-json\/wp\/v2\/pages\/86","targetHints":{"allow":["GET"]}}],"collection":[{"href":"https:\/\/thebibleverses.org\/es\/wp-json\/wp\/v2\/pages"}],"about":[{"href":"https:\/\/thebibleverses.org\/es\/wp-json\/wp\/v2\/types\/page"}],"author":[{"embeddable":true,"href":"https:\/\/thebibleverses.org\/es\/wp-json\/wp\/v2\/users\/1"}],"replies":[{"embeddable":true,"href":"https:\/\/thebibleverses.org\/es\/wp-json\/wp\/v2\/comments?post=86"}],"version-history":[{"count":0,"href":"https:\/\/thebibleverses.org\/es\/wp-json\/wp\/v2\/pages\/86\/revisions"}],"wp:featuredmedia":[{"embeddable":true,"href":"https:\/\/thebibleverses.org\/es\/wp-json\/wp\/v2\/media\/796"}],"wp:attachment":[{"href":"https:\/\/thebibleverses.org\/es\/wp-json\/wp\/v2\/media?parent=86"}],"curies":[{"name":"wp","href":"https:\/\/api.w.org\/{rel}","templated":true}]}}