{"id":84,"date":"2019-01-19T04:25:49","date_gmt":"2019-01-19T04:25:49","guid":{"rendered":"https:\/\/thebibleverses.org\/es\/?page_id=84"},"modified":"2022-05-13T21:34:45","modified_gmt":"2022-05-13T21:34:45","slug":"amor-de-jesus","status":"publish","type":"page","link":"https:\/\/thebibleverses.org\/es\/amor-de-jesus\/","title":{"rendered":"15 Vers\u00edculos de la Biblia sobre el Amor de Jes\u00fas"},"content":{"rendered":"\n<div class=\"wp-block-image\"><figure class=\"aligncenter size-large\"><img loading=\"lazy\" decoding=\"async\" width=\"1024\" height=\"631\" src=\"https:\/\/thebibleverses.org\/es\/wp-content\/uploads\/2022\/05\/Versiculos-Biblicos-de-Amor-de-Jesus-1024x631.webp\" alt=\"Vers\u00edculos B\u00edblicos sobre el Amor de Jes\u00fas\" class=\"wp-image-712\" srcset=\"https:\/\/thebibleverses.org\/es\/wp-content\/uploads\/2022\/05\/Versiculos-Biblicos-de-Amor-de-Jesus-1024x631.webp 1024w, https:\/\/thebibleverses.org\/es\/wp-content\/uploads\/2022\/05\/Versiculos-Biblicos-de-Amor-de-Jesus-300x185.webp 300w, https:\/\/thebibleverses.org\/es\/wp-content\/uploads\/2022\/05\/Versiculos-Biblicos-de-Amor-de-Jesus-768x474.webp 768w, https:\/\/thebibleverses.org\/es\/wp-content\/uploads\/2022\/05\/Versiculos-Biblicos-de-Amor-de-Jesus-320x197.webp 320w, https:\/\/thebibleverses.org\/es\/wp-content\/uploads\/2022\/05\/Versiculos-Biblicos-de-Amor-de-Jesus-450x278.webp 450w, https:\/\/thebibleverses.org\/es\/wp-content\/uploads\/2022\/05\/Versiculos-Biblicos-de-Amor-de-Jesus-720x444.webp 720w, https:\/\/thebibleverses.org\/es\/wp-content\/uploads\/2022\/05\/Versiculos-Biblicos-de-Amor-de-Jesus-scaled.webp 644w\" sizes=\"auto, (max-width: 1024px) 100vw, 1024px\" \/><figcaption>Vers\u00edculos B\u00edblicos sobre el Amor de Jes\u00fas &#8211; Reina Valera Contempor\u00e1nea (RVC).<\/figcaption><\/figure><\/div>\n\n\n\n<h2 class=\"wp-block-heading\">Juan 11:5 <\/h2>\n\n\n\n<p>Jes\u00fas amaba a Marta, a su hermana y a L\u00e1zaro (Jn 11:5).<\/p>\n\n\n\n<h2 class=\"wp-block-heading\">Juan 13:1 <\/h2>\n\n\n\n<p>Antes de la fiesta de la pascua, Jes\u00fas sab\u00eda que su hora hab\u00eda llegado para pasar de este mundo y volver al Padre. A los suyos que estaban en el mundo los hab\u00eda amado siempre, y los am\u00f3 hasta el fin (Jn 13:1).<\/p>\n\n\n\n<h2 class=\"wp-block-heading\">Juan 14:21<\/h2>\n\n\n\n<p>El que tiene mis mandamientos, y los obedece, \u00e9se es el que me ama; y el que me ama, ser\u00e1 amado por mi Padre, y yo lo amar\u00e9, y me manifestar\u00e9 a \u00e9l (Jn 14:21).<\/p>\n\n\n\n<h2 class=\"wp-block-heading\">Juan 15:9 <\/h2>\n\n\n\n<p>As\u00ed como el Padre me ha amado, as\u00ed tambi\u00e9n yo los he amado a ustedes; permanezcan en mi amor (Jn 15:9).<\/p>\n\n\n\n<h2 class=\"wp-block-heading\">Juan 15:13 <\/h2>\n\n\n\n<p>Nadie tiene mayor amor que \u00e9ste, que es el poner su vida por sus amigos (Jn 15:13).<\/p>\n\n\n\n<h2 class=\"wp-block-heading\">Romanos 8:35 <\/h2>\n\n\n\n<p>\u00bfQu\u00e9 podr\u00e1 separarnos del amor de Cristo? \u00bfTribulaci\u00f3n, angustia, persecuci\u00f3n, hambre, desnudez, peligro, espada? (Ro 8:35).<\/p>\n\n\n\n<h2 class=\"wp-block-heading\">Romanos 8:37 <\/h2>\n\n\n\n<p>Sin embargo, en todo esto somos m\u00e1s que vencedores por medio de aquel que nos am\u00f3 (Ro 8:37).<\/p>\n\n\n\n<h2 class=\"wp-block-heading\">2 Corintios 5:14-15 <\/h2>\n\n\n\n<p>El amor de Cristo nos lleva a actuar as\u00ed, al pensar que si uno muri\u00f3 por todos, entonces todos murieron; y \u00e9l muri\u00f3 por todos, para que los que viven ya no vivan para s\u00ed, sino para aquel que muri\u00f3 y resucit\u00f3 por ellos (2 Co 5:14-15).<\/p>\n\n\n\n<h2 class=\"wp-block-heading\">G\u00e1latas 2:20 <\/h2>\n\n\n\n<p>Pero con Cristo estoy juntamente crucificado, y ya no vivo yo, sino que Cristo vive en m\u00ed; y lo que ahora vivo en la carne, lo vivo en la fe del Hijo de Dios, el cual me am\u00f3 y se entreg\u00f3 a s\u00ed mismo por m\u00ed (Ga 2:20).<\/p>\n\n\n\n<h2 class=\"wp-block-heading\">Efesios 5:2 <\/h2>\n\n\n\n<p>Vivan en amor, como tambi\u00e9n Cristo nos am\u00f3 y se entreg\u00f3 a s\u00ed mismo por nosotros, como ofrenda y sacrificio a Dios, de aroma fragante (Ef 5:2).<\/p>\n\n\n\n<h2 class=\"wp-block-heading\">Efesios 5:25 <\/h2>\n\n\n\n<p>Esposos, amen a sus esposas, as\u00ed como Cristo am\u00f3 a la iglesia, y se entreg\u00f3 a s\u00ed mismo por ella (Ef 5:25).<\/p>\n\n\n\n<h2 class=\"wp-block-heading\">1 Timoteo 1:14 <\/h2>\n\n\n\n<p>Pero la gracia de nuestro Se\u00f1or fue m\u00e1s abundante con la fe y el amor que es en Cristo Jes\u00fas (1 Ti 1:14).<\/p>\n\n\n\n<h2 class=\"wp-block-heading\">2 Timoteo 1:13 <\/h2>\n\n\n\n<p>Ret\u00e9n la forma de las sanas palabras que o\u00edste de m\u00ed, en la fe y en el amor que es en Cristo Jes\u00fas (1  Ti 1:13).<\/p>\n\n\n\n<h2 class=\"wp-block-heading\">1 Juan 3:16 <\/h2>\n\n\n\n<p>En esto hemos conocido el amor: en que \u00e9l dio su vida por nosotros. As\u00ed tambi\u00e9n nosotros debemos dar nuestra vida por los hermanos (1 Jn 3:16).<\/p>\n\n\n\n<h2 class=\"wp-block-heading\">Apocalipsis 1:5 <\/h2>\n\n\n\n<p>Y de Jesucristo, el testigo fiel, primog\u00e9nito de entre los muertos y soberano de los reyes de la tierra. \u00c9l nos am\u00f3; con su sangre nos lav\u00f3 de nuestros pecados (Ap 1:5).<\/p>\n\n\n\n<h2 class=\"wp-block-heading\">Lee Tambi\u00e9n:<\/h2>\n\n\n\n<ul class=\"wp-block-list\"><li><a href=\"https:\/\/thebibleverses.org\/es\/\">Vers\u00edculos por Tema<\/a><\/li><li><a href=\"https:\/\/thebibleverses.org\/es\/amor\/\">Vers\u00edculos B\u00edblicos sobre el Amor<\/a><\/li><li><a href=\"https:\/\/thebibleverses.org\/es\/fortaleza\/\">Vers\u00edculos B\u00edblicos de Fortaleza<\/a><\/li><li><a href=\"https:\/\/thebibleverses.org\/es\/fe\/\">Vers\u00edculos B\u00edblicos sobre la Fe<\/a><\/li><li><a href=\"https:\/\/thebibleverses.org\/es\/jovenes\/\">Vers\u00edculos B\u00edblicos para J\u00f3venes<\/a><\/li><li><a href=\"https:\/\/thebibleverses.org\/es\/amistad\/\">Vers\u00edculos B\u00edblicos sobre la Amistad<\/a><\/li><li><a href=\"https:\/\/thebibleverses.org\/es\/sanidad\/\">Vers\u00edculos B\u00edblicos sobre Sanidad<\/a><\/li><\/ul>\n","protected":false},"excerpt":{"rendered":"<p>Juan 11:5 Jes\u00fas amaba a Marta, a su hermana y a L\u00e1zaro (Jn 11:5). Juan 13:1 Antes de la fiesta de la pascua, Jes\u00fas sab\u00eda que su hora hab\u00eda llegado para pasar de este mundo y volver al Padre. A los suyos que estaban en el mundo los hab\u00eda amado siempre, y los am\u00f3 hasta [&hellip;]<\/p>\n","protected":false},"author":1,"featured_media":712,"parent":0,"menu_order":0,"comment_status":"open","ping_status":"closed","template":"","meta":{"footnotes":""},"class_list":["post-84","page","type-page","status-publish","has-post-thumbnail","hentry","entry","fw-tab-6 fw-tabr-4"],"_links":{"self":[{"href":"https:\/\/thebibleverses.org\/es\/wp-json\/wp\/v2\/pages\/84","targetHints":{"allow":["GET"]}}],"collection":[{"href":"https:\/\/thebibleverses.org\/es\/wp-json\/wp\/v2\/pages"}],"about":[{"href":"https:\/\/thebibleverses.org\/es\/wp-json\/wp\/v2\/types\/page"}],"author":[{"embeddable":true,"href":"https:\/\/thebibleverses.org\/es\/wp-json\/wp\/v2\/users\/1"}],"replies":[{"embeddable":true,"href":"https:\/\/thebibleverses.org\/es\/wp-json\/wp\/v2\/comments?post=84"}],"version-history":[{"count":0,"href":"https:\/\/thebibleverses.org\/es\/wp-json\/wp\/v2\/pages\/84\/revisions"}],"wp:featuredmedia":[{"embeddable":true,"href":"https:\/\/thebibleverses.org\/es\/wp-json\/wp\/v2\/media\/712"}],"wp:attachment":[{"href":"https:\/\/thebibleverses.org\/es\/wp-json\/wp\/v2\/media?parent=84"}],"curies":[{"name":"wp","href":"https:\/\/api.w.org\/{rel}","templated":true}]}}