{"id":79,"date":"2019-01-19T04:47:20","date_gmt":"2019-01-19T04:47:20","guid":{"rendered":"https:\/\/thebibleverses.org\/es\/?page_id=79"},"modified":"2022-05-13T21:31:46","modified_gmt":"2022-05-13T21:31:46","slug":"amor","status":"publish","type":"page","link":"https:\/\/thebibleverses.org\/es\/amor\/","title":{"rendered":"70 Vers\u00edculos de la Biblia sobre el Amor"},"content":{"rendered":"\n<div class=\"wp-block-image\"><figure class=\"aligncenter size-large\"><img loading=\"lazy\" decoding=\"async\" width=\"1024\" height=\"631\" src=\"https:\/\/thebibleverses.org\/es\/wp-content\/uploads\/2022\/05\/Versiculos-Biblicos-de-Amor-1024x631.webp\" alt=\"Vers\u00edculos B\u00edblicos sobre el Amor\" class=\"wp-image-706\" srcset=\"https:\/\/thebibleverses.org\/es\/wp-content\/uploads\/2022\/05\/Versiculos-Biblicos-de-Amor-1024x631.webp 1024w, https:\/\/thebibleverses.org\/es\/wp-content\/uploads\/2022\/05\/Versiculos-Biblicos-de-Amor-300x185.webp 300w, https:\/\/thebibleverses.org\/es\/wp-content\/uploads\/2022\/05\/Versiculos-Biblicos-de-Amor-768x474.webp 768w, https:\/\/thebibleverses.org\/es\/wp-content\/uploads\/2022\/05\/Versiculos-Biblicos-de-Amor-320x197.webp 320w, https:\/\/thebibleverses.org\/es\/wp-content\/uploads\/2022\/05\/Versiculos-Biblicos-de-Amor-450x278.webp 450w, https:\/\/thebibleverses.org\/es\/wp-content\/uploads\/2022\/05\/Versiculos-Biblicos-de-Amor-720x444.webp 720w, https:\/\/thebibleverses.org\/es\/wp-content\/uploads\/2022\/05\/Versiculos-Biblicos-de-Amor-scaled.webp 644w\" sizes=\"auto, (max-width: 1024px) 100vw, 1024px\" \/><figcaption>Vers\u00edculos B\u00edblicos sobre el Amor &#8211; Reina Valera Contempor\u00e1nea (RVC).<\/figcaption><\/figure><\/div>\n\n\n\n<h2 class=\"wp-block-heading\">1 Juan 4:8 <\/h2>\n\n\n\n<p>El que no ama, no ha conocido a Dios, porque Dios es amor (1 Jn 4:8).<\/p>\n\n\n\n<h2 class=\"wp-block-heading\">Mateo 22:37-39 <\/h2>\n\n\n\n<p>Jes\u00fas le respondi\u00f3: \u201cAmar\u00e1s al Se\u00f1or tu Dios con todo tu coraz\u00f3n, y con toda tu alma, y con toda tu mente.\u201d \u00c9ste es el primero y m\u00e1s importante mandamiento. Y el segundo es semejante al primero: \u201cAmar\u00e1s a tu pr\u00f3jimo como a ti mismo\u201d Mt 22:37-39).<\/p>\n\n\n\n<h2 class=\"wp-block-heading\">Deuteronomio 6:5 <\/h2>\n\n\n\n<p>Y amar\u00e1s al Se\u00f1or tu Dios con todo tu coraz\u00f3n, y con toda tu alma, y con todas tus fuerzas (Dt 6:5).<\/p>\n\n\n\n<h2 class=\"wp-block-heading\">Lev\u00edtico 19:18 <\/h2>\n\n\n\n<p>No te vengues, ni guardes rencor contra los hijos de tu pueblo. Ama a tu pr\u00f3jimo como a ti mismo. Yo soy el Se\u00f1or (Lv 19:18).<\/p>\n\n\n\n<h2 class=\"wp-block-heading\">1 Juan 4:10 <\/h2>\n\n\n\n<p>En esto consiste el amor: no en que nosotros hayamos amado a Dios, sino en que \u00e9l nos am\u00f3 a nosotros, y envi\u00f3 a su Hijo en propiciaci\u00f3n por nuestros pecados (1 Jn 4:10).<\/p>\n\n\n\n<h2 class=\"wp-block-heading\">1 Juan 4:7 <\/h2>\n\n\n\n<p>Amados, am\u00e9monos unos a otros, porque el amor es de Dios. Todo aquel que ama, ha nacido de Dios y conoce a Dios (1 Jn 4:7).<\/p>\n\n\n\n<h2 class=\"wp-block-heading\">G\u00e1latas 5:22 <\/h2>\n\n\n\n<p>Pero el fruto del Esp\u00edritu es amor, gozo, paz, paciencia, benignidad, bondad, fe (Ga 5:22).<\/p>\n\n\n\n<h2 class=\"wp-block-heading\">1 Juan 4:16 <\/h2>\n\n\n\n<p>Y nosotros hemos conocido y cre\u00eddo el amor que Dios tiene para con nosotros. Dios es amor; y el que permanece en amor, permanece en Dios, y Dios en \u00e9l (1 Jn 4:16).<\/p>\n\n\n\n<h2 class=\"wp-block-heading\">1 Juan 4:19 <\/h2>\n\n\n\n<p>Nosotros lo amamos a \u00e9l, porque \u00e9l nos am\u00f3 primero (1 Jn 4:19).<\/p>\n\n\n\n<h2 class=\"wp-block-heading\">Juan 15:13 <\/h2>\n\n\n\n<p>Nadie tiene mayor amor que \u00e9ste, que es el poner su vida por sus amigos (Jn 15:13).<\/p>\n\n\n\n<h2 class=\"wp-block-heading\">G\u00e1latas 5:13 <\/h2>\n\n\n\n<p>Hermanos, ustedes han sido llamados a la libertad, s\u00f3lo que no usen la libertad como pretexto para pecar; m\u00e1s bien, s\u00edrvanse los unos a los otros por amor (Ga 5:13).<\/p>\n\n\n\n<h2 class=\"wp-block-heading\">Proverbios 17:17 <\/h2>\n\n\n\n<p>El amigo ama en todo momento; en tiempos de angustia es como un hermano (Pr 17:17).<\/p>\n\n\n\n<h2 class=\"wp-block-heading\">Cantares 8:6 <\/h2>\n\n\n\n<p>Ponme como un sello sobre tu coraz\u00f3n; ponme como una marca sobre tu brazo. Inquebrantable como la muerte es el amor; inflexibles como el sepulcro son los celos. \u00a1Candentes brasas son, candente fuego! (Cant 8:6).<\/p>\n\n\n\n<h2 class=\"wp-block-heading\">Cantares 8:7 <\/h2>\n\n\n\n<p>Las muchas aguas no pueden apagar el amor, ni pueden tampoco sofocarlo los r\u00edos. Si por el amor diera el hombre todos los bienes de su casa, ciertamente ser\u00eda despreciado (Cant 8:7).<\/p>\n\n\n\n<h2 class=\"wp-block-heading\">1 Juan 4:17 <\/h2>\n\n\n\n<p>En esto se perfecciona el amor en nosotros: para que tengamos confianza en el d\u00eda del juicio, pues como \u00e9l es, as\u00ed somos nosotros en este mundo (1 Jn 4:17).<\/p>\n\n\n\n<h2 class=\"wp-block-heading\">1 Juan 4:18 <\/h2>\n\n\n\n<p>En el amor no hay temor, sino que el perfecto amor echa fuera el temor, porque el temor lleva en s\u00ed castigo. Por lo tanto, el que teme, no ha sido perfeccionado en el amor (1 Jn 4:18).<\/p>\n\n\n\n<h2 class=\"wp-block-heading\">1 Corintios 13:1 <\/h2>\n\n\n\n<p>Si yo hablara lenguas humanas y ang\u00e9licas, y no tengo amor, vengo a ser como metal resonante, o c\u00edmbalo retumbante (1 Co 13:1).<\/p>\n\n\n\n<h2 class=\"wp-block-heading\">1 Corintios 13:2 <\/h2>\n\n\n\n<p>Y si tuviera el don de profec\u00eda, y entendiera todos los misterios, y tuviera todo el conocimiento, y si tuviera toda la fe, de tal manera que trasladara los montes, y no tengo amor, nada soy (1 Co 13:2).<\/p>\n\n\n\n<h2 class=\"wp-block-heading\">1 Corintios 13:4-5 <\/h2>\n\n\n\n<p>El amor es paciente y bondadoso; no es envidioso ni jactancioso, no se envanece; no hace nada impropio; no es ego\u00edsta ni se irrita; no es rencoroso (1 Co 13:4-5).<\/p>\n\n\n\n<h2 class=\"wp-block-heading\">1 Corintios 13:7 <\/h2>\n\n\n\n<p>Todo lo sufre, todo lo cree, todo lo espera, todo lo soporta (1 Co 13:7).<\/p>\n\n\n\n<h2 class=\"wp-block-heading\">Proverbios 10:12 <\/h2>\n\n\n\n<p>El odio despierta rencillas; pero el amor cubre todas las faltas (Pr 10:12).<\/p>\n\n\n\n<h2 class=\"wp-block-heading\">1 Pedro 4:8 <\/h2>\n\n\n\n<p>Por sobre todas las cosas, \u00e1mense intensamente los unos a los otros, porque el amor cubre infinidad de pecados (1 Pedro 4:8).<\/p>\n\n\n\n<h2 class=\"wp-block-heading\">Juan 14:15 <\/h2>\n\n\n\n<p>Si me aman, obedezcan mis mandamientos (Jn 14:15).<\/p>\n\n\n\n<h2 class=\"wp-block-heading\">Romanos 13:8 <\/h2>\n\n\n\n<p>No tengan deudas con nadie, aparte de la deuda de amarse unos a otros; porque el que ama al pr\u00f3jimo, ha cumplido la ley (Ro 13:8).<\/p>\n\n\n\n<h2 class=\"wp-block-heading\">1 Juan 2:4-5 <\/h2>\n\n\n\n<p>El que dice: \u00abYo lo conozco\u00bb, y no obedece sus mandamientos, es un mentiroso, y no hay verdad en \u00e9l. El amor de Dios se ha perfeccionado verdaderamente en el que obedece su palabra, y por esto sabemos que estamos en \u00e9l (1 Jn 2:4-5).<\/p>\n\n\n\n<h2 class=\"wp-block-heading\">1 Juan 5:3 <\/h2>\n\n\n\n<p>Pues \u00e9ste es el amor a Dios: que obedezcamos sus mandamientos. Y sus mandamientos no son dif\u00edciles de cumplir (1 JN 5:3).<\/p>\n\n\n\n<h2 class=\"wp-block-heading\">Romanos 13:10 <\/h2>\n\n\n\n<p>El amor no hace da\u00f1o a nadie. De modo que el amor es el cumplimiento de la ley (Ro 13:10).<\/p>\n\n\n\n<h2 class=\"wp-block-heading\">1 Pedro 1:22 <\/h2>\n\n\n\n<p>Y ahora, ya que se han purificado mediante su obediencia a la verdad, para amar sinceramente a sus hermanos, \u00e1mense los unos a los otros de todo coraz\u00f3n (1 Pe 1:22).<\/p>\n\n\n\n<h2 class=\"wp-block-heading\">G\u00e1latas 5:6 <\/h2>\n\n\n\n<p>Porque en Cristo Jes\u00fas nada valen la circuncisi\u00f3n ni la incircuncisi\u00f3n, sino la fe que obra por el amor (Ga 5:6).<\/p>\n\n\n\n<h2 class=\"wp-block-heading\">1 Tesalonicenses 1:3 <\/h2>\n\n\n\n<p>Constantemente los recordamos delante de nuestro Dios y Padre por sus actos de fe; por su trabajo, que es fruto de su amor, y por su sufrida esperanza en nuestro Se\u00f1or Jesucristo (1 Tes 1:3).<\/p>\n\n\n\n<h2 class=\"wp-block-heading\">Hebreos 6:10 <\/h2>\n\n\n\n<p>Porque Dios es justo, y no olvidar\u00e1 el trabajo de ustedes y el amor que han mostrado hacia \u00e9l mediante el servicio a los santos, como hasta ahora lo hacen (He 6:10).<\/p>\n\n\n\n<h2 class=\"wp-block-heading\">1 Juan 3:16 <\/h2>\n\n\n\n<p>En esto hemos conocido el amor: en que \u00e9l dio su vida por nosotros. As\u00ed tambi\u00e9n nosotros debemos dar nuestra vida por los hermanos (1 Jn 3:16).<\/p>\n\n\n\n<h2 class=\"wp-block-heading\">1 Corintios 8:1 <\/h2>\n\n\n\n<p>En cuanto a lo que se ofrece a los \u00eddolos, es cierto que todos sabemos algo de eso. El conocimiento envanece, pero el amor edifica (1 Co 8:1).<\/p>\n\n\n\n<h2 class=\"wp-block-heading\">Colosenses 3:14 <\/h2>\n\n\n\n<p>Y sobre todo, rev\u00edstanse de amor, que es el v\u00ednculo perfecto (Col 3:14).<\/p>\n\n\n\n<h2 class=\"wp-block-heading\">1 Juan 3:17 <\/h2>\n\n\n\n<p>Pero \u00bfc\u00f3mo puede habitar el amor de Dios en aquel que tiene bienes de este mundo y ve a su hermano pasar necesidad, y le cierra su coraz\u00f3n? (1 Jn 3:17).<\/p>\n\n\n\n<h2 class=\"wp-block-heading\">Romanos 5:8 <\/h2>\n\n\n\n<p>Pero Dios muestra su amor por nosotros en que, cuando a\u00fan \u00e9ramos pecadores, Cristo muri\u00f3 por nosotros (Ro 5:8).<\/p>\n\n\n\n<h2 class=\"wp-block-heading\">Lev\u00edtico 19:34 <\/h2>\n\n\n\n<p>Como a un natural de ustedes considerar\u00e1n al extranjero que resida entre ustedes. Lo amar\u00e1s como a ti mismo, porque extranjeros fueron ustedes en la tierra de Egipto. Yo, el Se\u00f1or, su Dios (Lev 19:34).<\/p>\n\n\n\n<h2 class=\"wp-block-heading\">Deuteronomio 10:12 <\/h2>\n\n\n\n<p>Y ahora, Israel, \u00bfqu\u00e9 es lo que el Se\u00f1or tu Dios pide de ti? Solamente que temas al Se\u00f1or tu Dios, que vayas por todos sus caminos, y que ames y sirvas al Se\u00f1or tu Dios con todo tu coraz\u00f3n y con toda tu alma (Dt 10:12).<\/p>\n\n\n\n<h2 class=\"wp-block-heading\">Salmos 25:11 <\/h2>\n\n\n\n<p>Por amor de tu nombre, oh Se\u00f1or, perdona tambi\u00e9n mi iniquidad porque es grande (Sal 25:11).<\/p>\n\n\n\n<h2 class=\"wp-block-heading\">1 Juan 3:18 <\/h2>\n\n\n\n<p>Hijitos m\u00edos, no amemos de palabra ni de lengua, sino de hecho y en verdad (1 Jn 3:18).<\/p>\n\n\n\n<h2 class=\"wp-block-heading\">Proverbios 3:12 <\/h2>\n\n\n\n<p>El Se\u00f1or corrige al que ama como lo hace el padre con su hijo amado (Pr 3:12).<\/p>\n\n\n\n<h2 class=\"wp-block-heading\">Salmos 145:20 <\/h2>\n\n\n\n<p>T\u00fa, Se\u00f1or, proteges a los que te aman, pero destruyes a los malvados (Sal 145:20).<\/p>\n\n\n\n<h2 class=\"wp-block-heading\">Deuteronomio 30:6 <\/h2>\n\n\n\n<p>El Se\u00f1or tu Dios circuncidar\u00e1 tu coraz\u00f3n, y el coraz\u00f3n de tu descendencia, para que lo ames con todo tu coraz\u00f3n y con toda tu alma, y tengas vida (Dt 30:6).<\/p>\n\n\n\n<h2 class=\"wp-block-heading\">Daniel 9:4 <\/h2>\n\n\n\n<p>Y \u00e9sta fue mi oraci\u00f3n al Se\u00f1or mi Dios; \u00e9sta fue mi confesi\u00f3n: Se\u00f1or, Dios grande y digno de ser temido, que cumples tu pacto y tu misericordia con los que te aman y cumplen tus mandamientos (Da 9:4).<\/p>\n\n\n\n<h2 class=\"wp-block-heading\">Lucas 6:27 <\/h2>\n\n\n\n<p>A ustedes, los que me escuchan, les digo: Amen a sus enemigos, hagan bien a quienes los odian (Lc 6:27).<\/p>\n\n\n\n<h2 class=\"wp-block-heading\">1 Corintios 2:9 <\/h2>\n\n\n\n<p>Las cosas que ning\u00fan ojo vio, ni ning\u00fan o\u00eddo escuch\u00f3, Ni han penetrado en el coraz\u00f3n del hombre, Son las que Dios ha preparado para los que lo aman (1 Co 2:9).<\/p>\n\n\n\n<h2 class=\"wp-block-heading\">1 Juan 4:20 <\/h2>\n\n\n\n<p>Si alguno dice: \u00abYo amo a Dios\u00bb, pero odia a su hermano, es un mentiroso. Pues el que no ama a su hermano a quien ha visto, \u00bfc\u00f3mo puede amar a Dios, a quien no ha visto? (1 Jn 4:20).<\/p>\n\n\n\n<h2 class=\"wp-block-heading\">Filipenses 2:2 <\/h2>\n\n\n\n<p>Completen mi gozo sintiendo lo mismo, teniendo el mismo amor, un\u00e1nimes, sintiendo una misma cosa (Filip 2:2).<\/p>\n\n\n\n<h2 class=\"wp-block-heading\">Colosenses 2:2 <\/h2>\n\n\n\n<p>Para que su coraz\u00f3n se anime y para que permanezcan unidos en amor, hasta que alcancen todas las riquezas que provienen de la convicci\u00f3n y el entendimiento, para que conozcan el misterio de Dios el Padre y de Cristo (Col 2:2).<\/p>\n\n\n\n<h2 class=\"wp-block-heading\">1 Corintios 13:13 <\/h2>\n\n\n\n<p>Y ahora permanecen la fe, la esperanza y el amor. Pero el m\u00e1s importante de todos es el amor (1 Co 13:13).<\/p>\n\n\n\n<h2 class=\"wp-block-heading\">1 Corintios 16:14 <\/h2>\n\n\n\n<p>H\u00e1ganlo todo con amor (1 Co 16:14).<\/p>\n\n\n\n<h2 class=\"wp-block-heading\">1 Juan 3:23 <\/h2>\n\n\n\n<p>\u00c9ste es su mandamiento: Que creamos en el nombre de su Hijo Jesucristo, y nos amemos unos a otros como Dios nos lo ha mandado (1  Jn 3:23).<\/p>\n\n\n\n<h2 class=\"wp-block-heading\">Efesios 3:17 <\/h2>\n\n\n\n<p>Para que por la fe Cristo habite en sus corazones, y para que, arraigados y cimentados en amor (Ef 3:17).<\/p>\n\n\n\n<h2 class=\"wp-block-heading\">1 Tesalonicenses 3:12 <\/h2>\n\n\n\n<p>Y que el Se\u00f1or los haga crecer y aumente el amor entre ustedes y hacia los dem\u00e1s, as\u00ed como tambi\u00e9n nosotros los amamos a ustedes (1 Tes 3:12).<\/p>\n\n\n\n<h2 class=\"wp-block-heading\">1 Tesalonicenses 4:9 <\/h2>\n\n\n\n<p>En cuanto al amor fraternal, no es necesario que les escriba, porque Dios mismo les ha ense\u00f1ado que ustedes deben amarse los unos a los otros (1 Tes 4:9).<\/p>\n\n\n\n<h2 class=\"wp-block-heading\">1 Juan 3:11 <\/h2>\n\n\n\n<p>\u00c9ste es el mensaje que ustedes han o\u00eddo desde el principio: Que nos amemos unos a otros (1 Jn 3:11).<\/p>\n\n\n\n<h2 class=\"wp-block-heading\">Efesios 4:2 <\/h2>\n\n\n\n<p>Y que sean humildes y mansos, y tolerantes y pacientes unos con otros, en amor (Ef 4:2).<\/p>\n\n\n\n<h2 class=\"wp-block-heading\">Efesios 5:2 <\/h2>\n\n\n\n<p>Vivan en amor, como tambi\u00e9n Cristo nos am\u00f3 y se entreg\u00f3 a s\u00ed mismo por nosotros, como ofrenda y sacrificio a Dios, de aroma fragante (Ef 5:2).<\/p>\n\n\n\n<h2 class=\"wp-block-heading\">Efesios 5:33 <\/h2>\n\n\n\n<p>Por lo dem\u00e1s, cada uno de ustedes ame tambi\u00e9n a su esposa como a s\u00ed mismo; y ustedes, las esposas, honren a sus esposos (Ef 5:33).<\/p>\n\n\n\n<h2 class=\"wp-block-heading\">1 Juan 4:11 <\/h2>\n\n\n\n<p>Amados, si Dios nos ha amado as\u00ed, nosotros tambi\u00e9n debemos amarnos unos a otros (1 Jn 4:11).<\/p>\n\n\n\n<h2 class=\"wp-block-heading\">1 Timoteo 1:5 <\/h2>\n\n\n\n<p>Pues el prop\u00f3sito de este mandamiento es el amor que nace de un coraz\u00f3n limpio, de una buena conciencia y de una fe sincera (1 Ti 1:5).<\/p>\n\n\n\n<h2 class=\"wp-block-heading\">1 Timoteo 4:12 <\/h2>\n\n\n\n<p>Ninguno tenga en poco tu juventud, sino s\u00e9 ejemplo de los creyentes en palabra, conducta, amor, esp\u00edritu, fe y pureza (1 Ti 4:12).<\/p>\n\n\n\n<h2 class=\"wp-block-heading\">2 Timoteo 2:22 <\/h2>\n\n\n\n<p>Huye tambi\u00e9n de las pasiones juveniles, y sigue la justicia, la fe, el amor y la paz, junto con aquellos que con un coraz\u00f3n limpio invocan al Se\u00f1or (2 Ti 2:22).<\/p>\n\n\n\n<h2 class=\"wp-block-heading\">Hebreos 10:24 <\/h2>\n\n\n\n<p>Teng\u00e1monos en cuenta unos a otros, a fin de estimularnos al amor y a las buenas obras (He 10:24).<\/p>\n\n\n\n<h2 class=\"wp-block-heading\">Hebreos 12:6 <\/h2>\n\n\n\n<p>Porque el Se\u00f1or disciplina al que ama, y azota a todo el que recibe como hijo (He 12:6).<\/p>\n\n\n\n<h2 class=\"wp-block-heading\">Santiago 2:8 <\/h2>\n\n\n\n<p>Bien har\u00e1n ustedes en cumplir la ley suprema de la Escritura: \u00abAmar\u00e1s a tu pr\u00f3jimo como a ti mismo\u00bb (Stg 2:8).<\/p>\n\n\n\n<h2 class=\"wp-block-heading\">1 Pedro 2:17 <\/h2>\n\n\n\n<p>Respeten a todos. Amen a los hermanos. Teman a Dios y respeten al rey (1 Pe 2:17).<\/p>\n\n\n\n<h2 class=\"wp-block-heading\">1 Pedro 3:8 <\/h2>\n\n\n\n<p>En fin, \u00fananse todos en un mismo sentir; sean compasivos, misericordiosos y amigables; \u00e1mense fraternalmente (1 Pe 3:8).<\/p>\n\n\n\n<h2 class=\"wp-block-heading\">Apocalipsis 3:19 <\/h2>\n\n\n\n<p>A todos los que amo, yo los reprendo y los castigo; as\u00ed que muestra tu fervor y arrepi\u00e9ntete (Ap 3:19).<\/p>\n\n\n\n<h2 class=\"wp-block-heading\">Lee Tambi\u00e9n:<\/h2>\n\n\n\n<ul class=\"wp-block-list\"><li><a href=\"https:\/\/thebibleverses.org\/es\/\">Vers\u00edculos por Tema<\/a><\/li><li><a href=\"https:\/\/thebibleverses.org\/es\/agradecimiento\/\">Vers\u00edculos B\u00edblicos de Agradecimiento<\/a><\/li><li><a href=\"https:\/\/thebibleverses.org\/es\/fortaleza\/\">Vers\u00edculos B\u00edblicos de Fortaleza<\/a><\/li><li><a href=\"https:\/\/thebibleverses.org\/es\/fe\/\">Vers\u00edculos B\u00edblicos sobre la Fe<\/a><\/li><li><a href=\"https:\/\/thebibleverses.org\/es\/jovenes\/\">Vers\u00edculos B\u00edblicos para J\u00f3venes<\/a><\/li><li><a href=\"https:\/\/thebibleverses.org\/es\/amistad\/\">Vers\u00edculos B\u00edblicos sobre la Amistad<\/a><\/li><li><a href=\"https:\/\/thebibleverses.org\/es\/sanidad\/\">Vers\u00edculos B\u00edblicos sobre Sanidad<\/a><\/li><\/ul>\n","protected":false},"excerpt":{"rendered":"<p>1 Juan 4:8 El que no ama, no ha conocido a Dios, porque Dios es amor (1 Jn 4:8). Mateo 22:37-39 Jes\u00fas le respondi\u00f3: \u201cAmar\u00e1s al Se\u00f1or tu Dios con todo tu coraz\u00f3n, y con toda tu alma, y con toda tu mente.\u201d \u00c9ste es el primero y m\u00e1s importante mandamiento. Y el segundo es [&hellip;]<\/p>\n","protected":false},"author":1,"featured_media":706,"parent":0,"menu_order":0,"comment_status":"open","ping_status":"closed","template":"","meta":{"footnotes":""},"class_list":["post-79","page","type-page","status-publish","has-post-thumbnail","hentry","entry","fw-tab-6 fw-tabr-4"],"_links":{"self":[{"href":"https:\/\/thebibleverses.org\/es\/wp-json\/wp\/v2\/pages\/79","targetHints":{"allow":["GET"]}}],"collection":[{"href":"https:\/\/thebibleverses.org\/es\/wp-json\/wp\/v2\/pages"}],"about":[{"href":"https:\/\/thebibleverses.org\/es\/wp-json\/wp\/v2\/types\/page"}],"author":[{"embeddable":true,"href":"https:\/\/thebibleverses.org\/es\/wp-json\/wp\/v2\/users\/1"}],"replies":[{"embeddable":true,"href":"https:\/\/thebibleverses.org\/es\/wp-json\/wp\/v2\/comments?post=79"}],"version-history":[{"count":0,"href":"https:\/\/thebibleverses.org\/es\/wp-json\/wp\/v2\/pages\/79\/revisions"}],"wp:featuredmedia":[{"embeddable":true,"href":"https:\/\/thebibleverses.org\/es\/wp-json\/wp\/v2\/media\/706"}],"wp:attachment":[{"href":"https:\/\/thebibleverses.org\/es\/wp-json\/wp\/v2\/media?parent=79"}],"curies":[{"name":"wp","href":"https:\/\/api.w.org\/{rel}","templated":true}]}}